{"id":486,"date":"2020-12-07T23:32:18","date_gmt":"2020-12-07T22:32:18","guid":{"rendered":"https:\/\/cgh.com.pl\/fr\/?page_id=486"},"modified":"2023-12-25T01:08:30","modified_gmt":"2023-12-25T00:08:30","slug":"ocio-systeme-de-controle-des-quantites-de-carburant","status":"publish","type":"page","link":"https:\/\/cgh.com.pl\/fr\/accessoires\/systemes-de-surveillance\/ocio-systeme-de-controle-des-quantites-de-carburant","title":{"rendered":"OCIO-syst\u00e8me de contr\u00f4le des quantit\u00e9s de carburant"},"content":{"rendered":"\n<div class=\"wp-block-columns has-2-columns is-layout-flex wp-container-core-columns-is-layout-9d6595d7 wp-block-columns-is-layout-flex\">\n<div class=\"wp-block-column is-layout-flow wp-block-column-is-layout-flow\"><div class=\"wp-block-image\">\n<figure class=\"aligncenter size-full\"><img decoding=\"async\" width=\"360\" height=\"240\" data-src=\"https:\/\/cgh.com.pl\/fr\/wp-content\/uploads\/2021\/06\/ocio-fuel-quantity-monitoring-system-2.jpg\" alt=\"OCIO-syst\u00e8me de contr\u00f4le des quantit\u00e9s de carburant\" class=\"wp-image-1742 img-fluid lazyload\" data-srcset=\"https:\/\/cgh.com.pl\/fr\/wp-content\/uploads\/2021\/06\/ocio-fuel-quantity-monitoring-system-2.jpg 360w, https:\/\/cgh.com.pl\/fr\/wp-content\/uploads\/2021\/06\/ocio-fuel-quantity-monitoring-system-2-300x200.jpg 300w\" data-sizes=\"(max-width: 360px) 100vw, 360px\" src=\"data:image\/svg+xml;base64,PHN2ZyB3aWR0aD0iMSIgaGVpZ2h0PSIxIiB4bWxucz0iaHR0cDovL3d3dy53My5vcmcvMjAwMC9zdmciPjwvc3ZnPg==\" style=\"--smush-placeholder-width: 360px; --smush-placeholder-aspect-ratio: 360\/240;\" \/><\/figure><\/div>\n\n<div class=\"wp-block-image\">\n<figure class=\"aligncenter\"><img decoding=\"async\" width=\"500\" height=\"418\" data-src=\"https:\/\/cgh.com.pl\/fr\/wp-content\/uploads\/2021\/06\/OCIO.jpg\" alt=\"OCIO\" class=\"wp-image-1811 img-fluid lazyload\" data-srcset=\"https:\/\/cgh.com.pl\/fr\/wp-content\/uploads\/2021\/06\/OCIO.jpg 500w, https:\/\/cgh.com.pl\/fr\/wp-content\/uploads\/2021\/06\/OCIO-300x251.jpg 300w\" data-sizes=\"(max-width: 500px) 100vw, 500px\" src=\"data:image\/svg+xml;base64,PHN2ZyB3aWR0aD0iMSIgaGVpZ2h0PSIxIiB4bWxucz0iaHR0cDovL3d3dy53My5vcmcvMjAwMC9zdmciPjwvc3ZnPg==\" style=\"--smush-placeholder-width: 500px; --smush-placeholder-aspect-ratio: 500\/418;\" \/><\/figure><\/div><\/div>\n\n\n\n<div class=\"wp-block-column is-layout-flow wp-block-column-is-layout-flow\">\n<p><strong><strong><strong>Informations sur le produit<\/strong><\/strong><\/strong><\/p>\n\n\n\n<p>Le dispositif OCIO est utilis\u00e9 pour surveiller en permanence le niveau de liquide dans le r\u00e9servoir,<br>L&rsquo;OCIO est un indicateur de niveau qui d\u00e9tecte la pression statique g\u00e9n\u00e9r\u00e9e par la hauteur du fluide \u00e0 l&rsquo;aide d&rsquo;un tube sonde ins\u00e9r\u00e9 dans le r\u00e9servoir et affiche le niveau ou le volume du fluide.<br>Peut \u00eatre utilis\u00e9 pour mesurer les niveaux de carburant, d&rsquo;huile, de liquide de pare-brise et d&rsquo;eau.<br>La nouvelle conception et les solutions correspondantes garantissent une indication de niveau fiable et reproductible.<br>L&rsquo;appareil de mesure le moins cher et le plus simple du march\u00e9<\/p>\n\n\n\n<p>Le syst\u00e8me de mesure de l&rsquo;OCIO est utilis\u00e9 dans les:<\/p>\n\n\n\n<ul class=\"wp-block-list\">\n<li>stations-service,<\/li>\n\n\n\n<li>chaudi\u00e8res,<\/li>\n\n\n\n<li>petites installations de stockage de produits p\u00e9troliers<\/li>\n\n\n\n<li>et lorsqu&rsquo;il est n\u00e9cessaire de surveiller le niveau de liquide dans le r\u00e9servoir<\/li>\n<\/ul>\n\n\n<div class=\"wp-block-image\">\n<figure class=\"alignleft size-full\"><img decoding=\"async\" width=\"22\" height=\"21\" data-src=\"https:\/\/cgh.com.pl\/fr\/wp-content\/uploads\/2020\/12\/good.png\" alt=\"\" class=\"wp-image-558 img-fluid lazyload\" src=\"data:image\/svg+xml;base64,PHN2ZyB3aWR0aD0iMSIgaGVpZ2h0PSIxIiB4bWxucz0iaHR0cDovL3d3dy53My5vcmcvMjAwMC9zdmciPjwvc3ZnPg==\" style=\"--smush-placeholder-width: 22px; --smush-placeholder-aspect-ratio: 22\/21;\" \/><\/figure><\/div>\n\n\n<p><strong><strong><strong>Avantages du dispositif<\/strong><\/strong><\/strong><\/p>\n\n\n\n<ul class=\"wp-block-list\">\n<li>Installation et fonctionnement faciles<\/li>\n\n\n\n<li>\u00c9cran LCD et interface intuitive bas\u00e9e sur des caract\u00e8res graphiques<\/li>\n\n\n\n<li>un prix nettement inf\u00e9rieur \u00e0 celui de solutions similaires<\/li>\n\n\n\n<li>fonctionnement sans entretien<\/li>\n\n\n\n<li>simple analyse des donn\u00e9es<\/li>\n\n\n\n<li>l&rsquo;unit\u00e9 de mesure peut \u00eatre install\u00e9e en dehors de la zone EX dans un local accessible \u00e0 l&rsquo;op\u00e9rateur<\/li>\n\n\n\n<li>fonctionnement fiable<\/li>\n\n\n\n<li>mesure continue<\/li>\n\n\n\n<li>Indication de la hauteur, du volume et du pourcentage de remplissage<\/li>\n\n\n\n<li>Alarmes de niveau maximum et minimum<\/li>\n\n\n\n<li>Haute pr\u00e9cision<\/li>\n\n\n\n<li>Proc\u00e9dure intuitive de gestion des logiciels<\/li>\n\n\n\n<li>Connexion \u00e0 un ordinateur en option<\/li>\n<\/ul>\n\n\n<div class=\"wp-block-image\">\n<figure class=\"alignleft size-full\"><img decoding=\"async\" width=\"22\" height=\"22\" data-src=\"https:\/\/cgh.com.pl\/fr\/wp-content\/uploads\/2020\/12\/advantage.png\" alt=\"\" class=\"wp-image-559 img-fluid lazyload\" src=\"data:image\/svg+xml;base64,PHN2ZyB3aWR0aD0iMSIgaGVpZ2h0PSIxIiB4bWxucz0iaHR0cDovL3d3dy53My5vcmcvMjAwMC9zdmciPjwvc3ZnPg==\" style=\"--smush-placeholder-width: 22px; --smush-placeholder-aspect-ratio: 22\/22;\" \/><\/figure><\/div>\n\n\n<p><strong><strong><strong>Informations techniques<\/strong><\/strong><\/strong><\/p>\n\n\n\n<p>Le syst\u00e8me comprend:<\/p>\n\n\n\n<ul class=\"wp-block-list\">\n<li>Unit\u00e9 de contr\u00f4le pour l&rsquo;affichage du niveau et la gestion du syst\u00e8me. L&rsquo;unit\u00e9 est \u00e9quip\u00e9e d&rsquo;un logiciel complet et intuitif et permet de connecter deux dispositifs d&rsquo;alarme ou de verrouillage.<\/li>\n\n\n\n<li>Tube de d\u00e9tection de la pression statique : l&rsquo;extr\u00e9mit\u00e9 du tube est ins\u00e9r\u00e9e par le haut du r\u00e9servoir et descend dans le liquide jusqu&rsquo;\u00e0 ce qu&rsquo;elle touche le fond. Ce tube est \u00e9quip\u00e9 \u00e0 son extr\u00e9mit\u00e9 d&rsquo;une sonde en laiton qui transmet un signal \u00e0 l&rsquo;unit\u00e9 de contr\u00f4le, le niveau de liquide \u00e9tant visible sur l&rsquo;\u00e9cran de l&rsquo;unit\u00e9.<\/li>\n<\/ul>\n\n\n\n<p>Le logiciel sert \u00e0:<\/p>\n\n\n\n<ul class=\"wp-block-list\">\n<li>R\u00e9glage de la taille et du type du r\u00e9servoir<\/li>\n\n\n\n<li>D\u00e9termination du niveau d&rsquo;indication<\/li>\n\n\n\n<li>Niveau d&rsquo;alarme d\u00e9fini<\/li>\n\n\n\n<li>\u00c9talonnage de l&rsquo;instrument de s\u00e9lection de l&rsquo;unit\u00e9 de mesure<\/li>\n<\/ul>\n\n\n\n<p>En fonction des niveaux d&rsquo;alarme d\u00e9finis, l&rsquo;unit\u00e9 de contr\u00f4le d\u00e9sactive ou active le contact, agissant comme un interrupteur \u00e0 distance pour d\u00e9clencher des alarmes ou couper l&rsquo;alimentation de l&rsquo;\u00e9quipement connect\u00e9.<\/p>\n\n\n\n<p>Longueur du tube de la sonde: 10 m.<\/p>\n\n\n\n<p>Hauteur maximale mesurable: 4 m.<\/p>\n\n\n\n<p>Tension d&rsquo;alimentation 230 V \/ 50 Hz (110 V \/ 60 Hz) Classe de protection IP 55, Pleine \u00e9chelle 4 m (12 ft) Pr\u00e9cision \u00b1 1% de la pleine \u00e9chelle, Contact pour niveau maximum et minimum, Tension maximum 250 V AC \u00e0 5 A (ou 30 V DC \u00e0 5 A) Longueur du tube de la sonde 10 m (extensible \u00e0 50 m). Indication du niveau &#8211; Hauteur (mm, pouces) &#8211; Volume (litres, gallons) &#8211; Pourcentage de remplissage (%) &#8211; Sortie RS disponible pour connexion \u00e0 un ordinateur<\/p>\n<\/div>\n<\/div>\n","protected":false},"excerpt":{"rendered":"<p>Informations sur le produit Le dispositif OCIO est utilis\u00e9 pour surveiller en permanence le niveau de liquide dans le r\u00e9servoir,L&rsquo;OCIO est un indicateur de niveau qui d\u00e9tecte la pression statique g\u00e9n\u00e9r\u00e9e par la hauteur du fluide \u00e0 l&rsquo;aide d&rsquo;un tube sonde ins\u00e9r\u00e9 dans le r\u00e9servoir et affiche le niveau ou le volume du fluide.Peut \u00eatre [&hellip;]?<\/p>\n","protected":false},"author":1,"featured_media":0,"parent":464,"menu_order":0,"comment_status":"closed","ping_status":"closed","template":"page-products-with-second-menu.php","meta":{"_acf_changed":false,"footnotes":""},"class_list":["post-486","page","type-page","status-publish","hentry"],"acf":[],"yoast_head":"<!-- This site is optimized with the Yoast SEO plugin v26.1.1 - https:\/\/yoast.com\/wordpress\/plugins\/seo\/ -->\n<title>OCIO-syst\u00e8me de contr\u00f4le des quantit\u00e9s de carburant - CGH Group Sp. z o.o.<\/title>\n<meta name=\"robots\" content=\"index, follow, max-snippet:-1, max-image-preview:large, max-video-preview:-1\" \/>\n<link rel=\"canonical\" href=\"https:\/\/cgh.com.pl\/fr\/accessoires\/systemes-de-surveillance\/ocio-systeme-de-controle-des-quantites-de-carburant\" \/>\n<meta property=\"og:locale\" content=\"fr_FR\" \/>\n<meta property=\"og:type\" content=\"article\" \/>\n<meta property=\"og:title\" content=\"OCIO-syst\u00e8me de contr\u00f4le des quantit\u00e9s de carburant - CGH Group Sp. z o.o.\" \/>\n<meta property=\"og:description\" content=\"Informations sur le produit Le dispositif OCIO est utilis\u00e9 pour surveiller en permanence le niveau de liquide dans le r\u00e9servoir,L&rsquo;OCIO est un indicateur de niveau qui d\u00e9tecte la pression statique g\u00e9n\u00e9r\u00e9e par la hauteur du fluide \u00e0 l&rsquo;aide d&rsquo;un tube sonde ins\u00e9r\u00e9 dans le r\u00e9servoir et affiche le niveau ou le volume du fluide.Peut \u00eatre [&hellip;]?\" \/>\n<meta property=\"og:url\" content=\"https:\/\/cgh.com.pl\/fr\/accessoires\/systemes-de-surveillance\/ocio-systeme-de-controle-des-quantites-de-carburant\" \/>\n<meta property=\"og:site_name\" content=\"CGH Group Sp. z o.o.\" \/>\n<meta property=\"article:modified_time\" content=\"2023-12-25T00:08:30+00:00\" \/>\n<meta property=\"og:image\" content=\"https:\/\/cgh.com.pl\/fr\/wp-content\/uploads\/2021\/06\/ocio-fuel-quantity-monitoring-system-2.jpg\" \/>\n<meta name=\"twitter:card\" content=\"summary_large_image\" \/>\n<meta name=\"twitter:label1\" content=\"Dur\u00e9e de lecture estim\u00e9e\" \/>\n\t<meta name=\"twitter:data1\" content=\"4 minutes\" \/>\n<script type=\"application\/ld+json\" class=\"yoast-schema-graph\">{\"@context\":\"https:\/\/schema.org\",\"@graph\":[{\"@type\":\"WebPage\",\"@id\":\"https:\/\/cgh.com.pl\/fr\/accessoires\/systemes-de-surveillance\/ocio-systeme-de-controle-des-quantites-de-carburant\",\"url\":\"https:\/\/cgh.com.pl\/fr\/accessoires\/systemes-de-surveillance\/ocio-systeme-de-controle-des-quantites-de-carburant\",\"name\":\"OCIO-syst\u00e8me de contr\u00f4le des quantit\u00e9s de carburant - CGH Group Sp. z o.o.\",\"isPartOf\":{\"@id\":\"https:\/\/cgh.com.pl\/fr\/#website\"},\"primaryImageOfPage\":{\"@id\":\"https:\/\/cgh.com.pl\/fr\/accessoires\/systemes-de-surveillance\/ocio-systeme-de-controle-des-quantites-de-carburant#primaryimage\"},\"image\":{\"@id\":\"https:\/\/cgh.com.pl\/fr\/accessoires\/systemes-de-surveillance\/ocio-systeme-de-controle-des-quantites-de-carburant#primaryimage\"},\"thumbnailUrl\":\"https:\/\/cgh.com.pl\/fr\/wp-content\/uploads\/2021\/06\/ocio-fuel-quantity-monitoring-system-2.jpg\",\"datePublished\":\"2020-12-07T22:32:18+00:00\",\"dateModified\":\"2023-12-25T00:08:30+00:00\",\"breadcrumb\":{\"@id\":\"https:\/\/cgh.com.pl\/fr\/accessoires\/systemes-de-surveillance\/ocio-systeme-de-controle-des-quantites-de-carburant#breadcrumb\"},\"inLanguage\":\"fr-FR\",\"potentialAction\":[{\"@type\":\"ReadAction\",\"target\":[\"https:\/\/cgh.com.pl\/fr\/accessoires\/systemes-de-surveillance\/ocio-systeme-de-controle-des-quantites-de-carburant\"]}]},{\"@type\":\"ImageObject\",\"inLanguage\":\"fr-FR\",\"@id\":\"https:\/\/cgh.com.pl\/fr\/accessoires\/systemes-de-surveillance\/ocio-systeme-de-controle-des-quantites-de-carburant#primaryimage\",\"url\":\"https:\/\/cgh.com.pl\/fr\/wp-content\/uploads\/2021\/06\/ocio-fuel-quantity-monitoring-system-2.jpg\",\"contentUrl\":\"https:\/\/cgh.com.pl\/fr\/wp-content\/uploads\/2021\/06\/ocio-fuel-quantity-monitoring-system-2.jpg\",\"width\":360,\"height\":240,\"caption\":\"OCIO fuel quantity monitoring system\"},{\"@type\":\"BreadcrumbList\",\"@id\":\"https:\/\/cgh.com.pl\/fr\/accessoires\/systemes-de-surveillance\/ocio-systeme-de-controle-des-quantites-de-carburant#breadcrumb\",\"itemListElement\":[{\"@type\":\"ListItem\",\"position\":1,\"name\":\"Strona g\u0142\u00f3wna\",\"item\":\"https:\/\/cgh.com.pl\/fr\/\"},{\"@type\":\"ListItem\",\"position\":2,\"name\":\"Accessoires\",\"item\":\"https:\/\/cgh.com.pl\/fr\/accessoires\"},{\"@type\":\"ListItem\",\"position\":3,\"name\":\"Syst\u00e8mes de surveillance\",\"item\":\"https:\/\/cgh.com.pl\/fr\/accessoires\/systemes-de-surveillance\"},{\"@type\":\"ListItem\",\"position\":4,\"name\":\"OCIO-syst\u00e8me de contr\u00f4le des quantit\u00e9s de carburant\"}]},{\"@type\":\"WebSite\",\"@id\":\"https:\/\/cgh.com.pl\/fr\/#website\",\"url\":\"https:\/\/cgh.com.pl\/fr\/\",\"name\":\"CGH Group Sp. z o.o.\",\"description\":\"\",\"publisher\":{\"@id\":\"https:\/\/cgh.com.pl\/fr\/#organization\"},\"potentialAction\":[{\"@type\":\"SearchAction\",\"target\":{\"@type\":\"EntryPoint\",\"urlTemplate\":\"https:\/\/cgh.com.pl\/fr\/?s={search_term_string}\"},\"query-input\":{\"@type\":\"PropertyValueSpecification\",\"valueRequired\":true,\"valueName\":\"search_term_string\"}}],\"inLanguage\":\"fr-FR\"},{\"@type\":\"Organization\",\"@id\":\"https:\/\/cgh.com.pl\/fr\/#organization\",\"name\":\"CGH Group Sp. z o.o.\",\"url\":\"https:\/\/cgh.com.pl\/fr\/\",\"logo\":{\"@type\":\"ImageObject\",\"inLanguage\":\"fr-FR\",\"@id\":\"https:\/\/cgh.com.pl\/fr\/#\/schema\/logo\/image\/\",\"url\":\"https:\/\/cgh.com.pl\/fr\/wp-content\/uploads\/2023\/05\/logoCGH.png\",\"contentUrl\":\"https:\/\/cgh.com.pl\/fr\/wp-content\/uploads\/2023\/05\/logoCGH.png\",\"width\":449,\"height\":162,\"caption\":\"CGH Group Sp. z o.o.\"},\"image\":{\"@id\":\"https:\/\/cgh.com.pl\/fr\/#\/schema\/logo\/image\/\"}}]}<\/script>\n<!-- \/ Yoast SEO plugin. -->","yoast_head_json":{"title":"OCIO-syst\u00e8me de contr\u00f4le des quantit\u00e9s de carburant - CGH Group Sp. z o.o.","robots":{"index":"index","follow":"follow","max-snippet":"max-snippet:-1","max-image-preview":"max-image-preview:large","max-video-preview":"max-video-preview:-1"},"canonical":"https:\/\/cgh.com.pl\/fr\/accessoires\/systemes-de-surveillance\/ocio-systeme-de-controle-des-quantites-de-carburant","og_locale":"fr_FR","og_type":"article","og_title":"OCIO-syst\u00e8me de contr\u00f4le des quantit\u00e9s de carburant - CGH Group Sp. z o.o.","og_description":"Informations sur le produit Le dispositif OCIO est utilis\u00e9 pour surveiller en permanence le niveau de liquide dans le r\u00e9servoir,L&rsquo;OCIO est un indicateur de niveau qui d\u00e9tecte la pression statique g\u00e9n\u00e9r\u00e9e par la hauteur du fluide \u00e0 l&rsquo;aide d&rsquo;un tube sonde ins\u00e9r\u00e9 dans le r\u00e9servoir et affiche le niveau ou le volume du fluide.Peut \u00eatre [&hellip;]?","og_url":"https:\/\/cgh.com.pl\/fr\/accessoires\/systemes-de-surveillance\/ocio-systeme-de-controle-des-quantites-de-carburant","og_site_name":"CGH Group Sp. z o.o.","article_modified_time":"2023-12-25T00:08:30+00:00","og_image":[{"url":"https:\/\/cgh.com.pl\/fr\/wp-content\/uploads\/2021\/06\/ocio-fuel-quantity-monitoring-system-2.jpg","type":"","width":"","height":""}],"twitter_card":"summary_large_image","twitter_misc":{"Dur\u00e9e de lecture estim\u00e9e":"4 minutes"},"schema":{"@context":"https:\/\/schema.org","@graph":[{"@type":"WebPage","@id":"https:\/\/cgh.com.pl\/fr\/accessoires\/systemes-de-surveillance\/ocio-systeme-de-controle-des-quantites-de-carburant","url":"https:\/\/cgh.com.pl\/fr\/accessoires\/systemes-de-surveillance\/ocio-systeme-de-controle-des-quantites-de-carburant","name":"OCIO-syst\u00e8me de contr\u00f4le des quantit\u00e9s de carburant - CGH Group Sp. z o.o.","isPartOf":{"@id":"https:\/\/cgh.com.pl\/fr\/#website"},"primaryImageOfPage":{"@id":"https:\/\/cgh.com.pl\/fr\/accessoires\/systemes-de-surveillance\/ocio-systeme-de-controle-des-quantites-de-carburant#primaryimage"},"image":{"@id":"https:\/\/cgh.com.pl\/fr\/accessoires\/systemes-de-surveillance\/ocio-systeme-de-controle-des-quantites-de-carburant#primaryimage"},"thumbnailUrl":"https:\/\/cgh.com.pl\/fr\/wp-content\/uploads\/2021\/06\/ocio-fuel-quantity-monitoring-system-2.jpg","datePublished":"2020-12-07T22:32:18+00:00","dateModified":"2023-12-25T00:08:30+00:00","breadcrumb":{"@id":"https:\/\/cgh.com.pl\/fr\/accessoires\/systemes-de-surveillance\/ocio-systeme-de-controle-des-quantites-de-carburant#breadcrumb"},"inLanguage":"fr-FR","potentialAction":[{"@type":"ReadAction","target":["https:\/\/cgh.com.pl\/fr\/accessoires\/systemes-de-surveillance\/ocio-systeme-de-controle-des-quantites-de-carburant"]}]},{"@type":"ImageObject","inLanguage":"fr-FR","@id":"https:\/\/cgh.com.pl\/fr\/accessoires\/systemes-de-surveillance\/ocio-systeme-de-controle-des-quantites-de-carburant#primaryimage","url":"https:\/\/cgh.com.pl\/fr\/wp-content\/uploads\/2021\/06\/ocio-fuel-quantity-monitoring-system-2.jpg","contentUrl":"https:\/\/cgh.com.pl\/fr\/wp-content\/uploads\/2021\/06\/ocio-fuel-quantity-monitoring-system-2.jpg","width":360,"height":240,"caption":"OCIO fuel quantity monitoring system"},{"@type":"BreadcrumbList","@id":"https:\/\/cgh.com.pl\/fr\/accessoires\/systemes-de-surveillance\/ocio-systeme-de-controle-des-quantites-de-carburant#breadcrumb","itemListElement":[{"@type":"ListItem","position":1,"name":"Strona g\u0142\u00f3wna","item":"https:\/\/cgh.com.pl\/fr\/"},{"@type":"ListItem","position":2,"name":"Accessoires","item":"https:\/\/cgh.com.pl\/fr\/accessoires"},{"@type":"ListItem","position":3,"name":"Syst\u00e8mes de surveillance","item":"https:\/\/cgh.com.pl\/fr\/accessoires\/systemes-de-surveillance"},{"@type":"ListItem","position":4,"name":"OCIO-syst\u00e8me de contr\u00f4le des quantit\u00e9s de carburant"}]},{"@type":"WebSite","@id":"https:\/\/cgh.com.pl\/fr\/#website","url":"https:\/\/cgh.com.pl\/fr\/","name":"CGH Group Sp. z o.o.","description":"","publisher":{"@id":"https:\/\/cgh.com.pl\/fr\/#organization"},"potentialAction":[{"@type":"SearchAction","target":{"@type":"EntryPoint","urlTemplate":"https:\/\/cgh.com.pl\/fr\/?s={search_term_string}"},"query-input":{"@type":"PropertyValueSpecification","valueRequired":true,"valueName":"search_term_string"}}],"inLanguage":"fr-FR"},{"@type":"Organization","@id":"https:\/\/cgh.com.pl\/fr\/#organization","name":"CGH Group Sp. z o.o.","url":"https:\/\/cgh.com.pl\/fr\/","logo":{"@type":"ImageObject","inLanguage":"fr-FR","@id":"https:\/\/cgh.com.pl\/fr\/#\/schema\/logo\/image\/","url":"https:\/\/cgh.com.pl\/fr\/wp-content\/uploads\/2023\/05\/logoCGH.png","contentUrl":"https:\/\/cgh.com.pl\/fr\/wp-content\/uploads\/2023\/05\/logoCGH.png","width":449,"height":162,"caption":"CGH Group Sp. z o.o."},"image":{"@id":"https:\/\/cgh.com.pl\/fr\/#\/schema\/logo\/image\/"}}]}},"_links":{"self":[{"href":"https:\/\/cgh.com.pl\/fr\/wp-json\/wp\/v2\/pages\/486","targetHints":{"allow":["GET"]}}],"collection":[{"href":"https:\/\/cgh.com.pl\/fr\/wp-json\/wp\/v2\/pages"}],"about":[{"href":"https:\/\/cgh.com.pl\/fr\/wp-json\/wp\/v2\/types\/page"}],"author":[{"embeddable":true,"href":"https:\/\/cgh.com.pl\/fr\/wp-json\/wp\/v2\/users\/1"}],"replies":[{"embeddable":true,"href":"https:\/\/cgh.com.pl\/fr\/wp-json\/wp\/v2\/comments?post=486"}],"version-history":[{"count":7,"href":"https:\/\/cgh.com.pl\/fr\/wp-json\/wp\/v2\/pages\/486\/revisions"}],"predecessor-version":[{"id":5195,"href":"https:\/\/cgh.com.pl\/fr\/wp-json\/wp\/v2\/pages\/486\/revisions\/5195"}],"up":[{"embeddable":true,"href":"https:\/\/cgh.com.pl\/fr\/wp-json\/wp\/v2\/pages\/464"}],"wp:attachment":[{"href":"https:\/\/cgh.com.pl\/fr\/wp-json\/wp\/v2\/media?parent=486"}],"curies":[{"name":"wp","href":"https:\/\/api.w.org\/{rel}","templated":true}]}}