{"id":490,"date":"2020-12-07T23:35:54","date_gmt":"2020-12-07T22:35:54","guid":{"rendered":"https:\/\/cgh.com.pl\/fr\/?page_id=490"},"modified":"2023-12-25T01:13:54","modified_gmt":"2023-12-25T00:13:54","slug":"fiche-de-produit","status":"publish","type":"page","link":"https:\/\/cgh.com.pl\/fr\/accessoires\/systemes-de-surveillance\/fiche-de-produit","title":{"rendered":"Fiche de produit"},"content":{"rendered":"\n<div class=\"wp-block-columns has-2-columns is-layout-flex wp-container-core-columns-is-layout-9d6595d7 wp-block-columns-is-layout-flex\">\n<div class=\"wp-block-column is-layout-flow wp-block-column-is-layout-flow\"><div class=\"wp-block-image\">\n<figure class=\"aligncenter\"><img decoding=\"async\" width=\"360\" height=\"240\" data-src=\"https:\/\/cgh.com.pl\/fr\/wp-content\/uploads\/2021\/06\/mini-maximelder-Filling-level-detector-2.png\" alt=\"FICHE DE PRODUIT\" class=\"wp-image-1813 img-fluid lazyload\" data-srcset=\"https:\/\/cgh.com.pl\/fr\/wp-content\/uploads\/2021\/06\/mini-maximelder-Filling-level-detector-2.png 360w, https:\/\/cgh.com.pl\/fr\/wp-content\/uploads\/2021\/06\/mini-maximelder-Filling-level-detector-2-300x200.png 300w\" data-sizes=\"(max-width: 360px) 100vw, 360px\" src=\"data:image\/svg+xml;base64,PHN2ZyB3aWR0aD0iMSIgaGVpZ2h0PSIxIiB4bWxucz0iaHR0cDovL3d3dy53My5vcmcvMjAwMC9zdmciPjwvc3ZnPg==\" style=\"--smush-placeholder-width: 360px; --smush-placeholder-aspect-ratio: 360\/240;\" \/><\/figure><\/div>\n\n\n<div class=\"photos\">\n<div class=\"first-zoom-photo\"><img decoding=\"async\" data-src=\"https:\/\/cgh.com.pl\/fr\/wp-content\/uploads\/2021\/06\/Filling-level-detector.png\" alt=\"Fiche de produit\" src=\"data:image\/svg+xml;base64,PHN2ZyB3aWR0aD0iMSIgaGVpZ2h0PSIxIiB4bWxucz0iaHR0cDovL3d3dy53My5vcmcvMjAwMC9zdmciPjwvc3ZnPg==\" class=\"lazyload\" style=\"--smush-placeholder-width: 900px; --smush-placeholder-aspect-ratio: 900\/1200;\"><div><\/div>\n<\/div>\n<div class=\"pair\"><img decoding=\"async\" data-src=\"https:\/\/cgh.com.pl\/fr\/wp-content\/uploads\/2021\/06\/Filling-level-detector-2.png\" alt=\"Fiche de produit\" src=\"data:image\/svg+xml;base64,PHN2ZyB3aWR0aD0iMSIgaGVpZ2h0PSIxIiB4bWxucz0iaHR0cDovL3d3dy53My5vcmcvMjAwMC9zdmciPjwvc3ZnPg==\" class=\"lazyload\" style=\"--smush-placeholder-width: 663px; --smush-placeholder-aspect-ratio: 663\/1200;\"><div><\/div>\n<div><\/div>\n<\/div>\n<\/div>\n<\/div>\n\n\n\n<div class=\"wp-block-column is-layout-flow wp-block-column-is-layout-flow\">\n<p><strong><strong><strong>Informations sur le produit<\/strong><\/strong><\/strong><\/p>\n\n\n\n<p>MINIMELDER &#8211; R<\/p>\n\n\n\n<p>Indicateur de niveau minimum. Il est con\u00e7u pour signaler de mani\u00e8re sonore et visuelle le niveau minimum dans le r\u00e9servoir.<br>Le Minimelder est \u00e9quip\u00e9 d&rsquo;une sortie libre de potentiel pour l&rsquo;\u00e9mission suppl\u00e9mentaire d&rsquo;un signal d&rsquo;alarme vers un dispositif externe.<br>Il surveille une baisse du niveau de liquide. Lorsque le point d&rsquo;activation de l&rsquo;alarme est atteint, la LED rouge s&rsquo;allume en continu et une alarme sonore retentit.<\/p>\n\n\n\n<p>MAXIMELDER &#8211; R<\/p>\n\n\n\n<p>Dispositif de signalisation du niveau maximum. Il est con\u00e7u pour la signalisation sonore et visuelle du niveau maximum dans le r\u00e9servoir.<br>Le Maximelder est \u00e9quip\u00e9 d&rsquo;une sortie libre de potentiel pour l&rsquo;\u00e9mission suppl\u00e9mentaire d&rsquo;un signal d&rsquo;alarme vers un dispositif externe.<br>Maximelder-R surveille l&rsquo;augmentation du niveau de liquide. Lorsque le point d&rsquo;activation de l&rsquo;alarme est atteint, la LED rouge s&rsquo;allume en continu et une alarme sonore retentit.<br>L&rsquo;appareil de mesure le moins cher et le plus simple du march\u00e9.<\/p>\n\n\n\n<p>Il est utilis\u00e9 sur les installations suivantes:<\/p>\n\n\n\n<ul class=\"wp-block-list\">\n<li>stations-service,<\/li>\n\n\n\n<li>chaudi\u00e8res,<\/li>\n\n\n\n<li>petites installations de stockage de produits p\u00e9troliers<\/li>\n\n\n\n<li>et lorsqu&rsquo;il est n\u00e9cessaire de contr\u00f4ler le niveau de liquide dans le r\u00e9servoir:\n<ul class=\"wp-block-list\">\n<li>l\u2019eau,<\/li>\n\n\n\n<li>du mazout de chauffage de qualit\u00e9 EL, L ou M,<\/li>\n\n\n\n<li>les m\u00e9langes d&rsquo;huile dans l&rsquo;eau,<\/li>\n\n\n\n<li>des liquides comparables de viscosit\u00e9 \u00e9quivalente.<\/li>\n<\/ul>\n<\/li>\n\n\n\n<li>Le produit est con\u00e7u pour les liquides auxquels les parties en contact avec l&rsquo;agent sont r\u00e9sistantes:<\/li>\n<\/ul>\n\n\n<div class=\"wp-block-image\">\n<figure class=\"alignleft size-full\"><img decoding=\"async\" width=\"22\" height=\"21\" data-src=\"https:\/\/cgh.com.pl\/fr\/wp-content\/uploads\/2020\/12\/good.png\" alt=\"\" class=\"wp-image-558 img-fluid lazyload\" src=\"data:image\/svg+xml;base64,PHN2ZyB3aWR0aD0iMSIgaGVpZ2h0PSIxIiB4bWxucz0iaHR0cDovL3d3dy53My5vcmcvMjAwMC9zdmciPjwvc3ZnPg==\" style=\"--smush-placeholder-width: 22px; --smush-placeholder-aspect-ratio: 22\/21;\" \/><\/figure><\/div>\n\n\n<p><strong><strong><strong>Avantages du dispositif<\/strong><\/strong><\/strong><\/p>\n\n\n\n<ul class=\"wp-block-list\">\n<li>Installation et fonctionnement faciles<\/li>\n\n\n\n<li>interface graphique intuitive<\/li>\n\n\n\n<li>prix nettement inf\u00e9rieur \u00e0 celui de solutions similaires<\/li>\n\n\n\n<li>fonctionnement sans entretien<\/li>\n\n\n\n<li>simple analyse des donn\u00e9es<\/li>\n\n\n\n<li>l&rsquo;unit\u00e9 de mesure peut \u00eatre install\u00e9e en dehors de la zone EX dans un local accessible \u00e0 l&rsquo;op\u00e9rateur<\/li>\n\n\n\n<li>fonctionnement fiable<\/li>\n\n\n\n<li>mesure continue<\/li>\n\n\n\n<li>Alarmes de niveau maximum ou minimum<\/li>\n\n\n\n<li>Haute pr\u00e9cision<\/li>\n\n\n\n<li>Proc\u00e9dure intuitive de gestion des logiciels<\/li>\n\n\n\n<li>Connexion sans fil optionnelle du dispositif de signalisation<\/li>\n<\/ul>\n\n\n<div class=\"wp-block-image\">\n<figure class=\"alignleft size-full\"><img decoding=\"async\" width=\"22\" height=\"22\" data-src=\"https:\/\/cgh.com.pl\/fr\/wp-content\/uploads\/2020\/12\/advantage.png\" alt=\"\" class=\"wp-image-559 img-fluid lazyload\" src=\"data:image\/svg+xml;base64,PHN2ZyB3aWR0aD0iMSIgaGVpZ2h0PSIxIiB4bWxucz0iaHR0cDovL3d3dy53My5vcmcvMjAwMC9zdmciPjwvc3ZnPg==\" style=\"--smush-placeholder-width: 22px; --smush-placeholder-aspect-ratio: 22\/22;\" \/><\/figure><\/div>\n\n\n<p><strong><strong><strong>Informations techniques<\/strong><\/strong><\/strong><\/p>\n\n\n\n<p>Le produit se compose d&rsquo;un dispositif d&rsquo;alarme et d&rsquo;une sonde \u00e0 flotteur. La d\u00e9signation du type sur la face avant du dispositif d&rsquo;alarme permet de savoir si le produit surveille le niveau de remplissage minimum ou maximum.<\/p>\n\n\n\n<ul class=\"wp-block-list\">\n<li>Le produit Minimelder-R surveille le niveau minimum de remplissage des r\u00e9servoirs.<\/li>\n\n\n\n<li>Le produit Maximelder-R surveille le niveau de remplissage maximum des r\u00e9servoirs.<\/li>\n<\/ul>\n\n\n\n<p>Lorsque le niveau de remplissage est atteint, le produit d\u00e9clenche une alarme optique et acoustique. Un relais de sortie permet d&rsquo;acheminer le signal d&rsquo;alarme vers d&rsquo;autres dispositifs.<\/p>\n\n\n\n<p><strong>Signaleur<\/strong><\/p>\n\n\n\n<p>Fabriqu\u00e9 en plastique et r\u00e9sistant aux chocs, le bo\u00eetier du sondeur contient des indicateurs et des commandes, ainsi que toute l&rsquo;\u00e9lectronique permettant d&rsquo;analyser et de convertir le signal de la sonde en un signal de sortie num\u00e9rique. Le signal de sortie est disponible sous la forme d&rsquo;un contact de relais libre de potentiel (contact inverseur).<\/p>\n\n\n\n<p><strong>Sonde \u00e0 flotteur<\/strong><\/p>\n\n\n\n<p>La sonde \u00e0 flotteur d\u00e9termine le niveau de remplissage minimum ou maximum du r\u00e9servoir.<\/p>\n\n\n\n<p>Un aimant situ\u00e9 dans le flotteur de la sonde est utilis\u00e9 pour commuter le contact. Une augmentation ou une diminution du niveau de liquide entra\u00eene un mouvement correspondant de l&rsquo;interrupteur \u00e0 flotteur ce qui d\u00e9clenche l&rsquo;action de commutation.<\/p>\n\n\n\n<p>L&rsquo;interrupteur \u00e0 flotteur doit \u00eatre fix\u00e9 \u00e0 la hauteur du niveau de commutation souhait\u00e9 en position suspendue. La sonde du flotteur est reli\u00e9e \u00e0 l&rsquo;interrupteur au moyen d&rsquo;un c\u00e2ble de sonde \u00e0 deux fils.<\/p>\n<\/div>\n<\/div>\n","protected":false},"excerpt":{"rendered":"<p>Informations sur le produit MINIMELDER &#8211; R Indicateur de niveau minimum. Il est con\u00e7u pour signaler de mani\u00e8re sonore et visuelle le niveau minimum dans le r\u00e9servoir.Le Minimelder est \u00e9quip\u00e9 d&rsquo;une sortie libre de potentiel pour l&rsquo;\u00e9mission suppl\u00e9mentaire d&rsquo;un signal d&rsquo;alarme vers un dispositif externe.Il surveille une baisse du niveau de liquide. Lorsque le point [&hellip;]?<\/p>\n","protected":false},"author":1,"featured_media":0,"parent":464,"menu_order":0,"comment_status":"closed","ping_status":"closed","template":"page-products-with-second-menu.php","meta":{"_acf_changed":false,"footnotes":""},"class_list":["post-490","page","type-page","status-publish","hentry"],"acf":[],"yoast_head":"<!-- This site is optimized with the Yoast SEO plugin v26.1.1 - https:\/\/yoast.com\/wordpress\/plugins\/seo\/ -->\n<title>Fiche de produit - CGH Group Sp. z o.o.<\/title>\n<meta name=\"robots\" content=\"index, follow, max-snippet:-1, max-image-preview:large, max-video-preview:-1\" \/>\n<link rel=\"canonical\" href=\"https:\/\/cgh.com.pl\/fr\/accessoires\/systemes-de-surveillance\/fiche-de-produit\" \/>\n<meta property=\"og:locale\" content=\"fr_FR\" \/>\n<meta property=\"og:type\" content=\"article\" \/>\n<meta property=\"og:title\" content=\"Fiche de produit - CGH Group Sp. z o.o.\" \/>\n<meta property=\"og:description\" content=\"Informations sur le produit MINIMELDER &#8211; R Indicateur de niveau minimum. Il est con\u00e7u pour signaler de mani\u00e8re sonore et visuelle le niveau minimum dans le r\u00e9servoir.Le Minimelder est \u00e9quip\u00e9 d&rsquo;une sortie libre de potentiel pour l&rsquo;\u00e9mission suppl\u00e9mentaire d&rsquo;un signal d&rsquo;alarme vers un dispositif externe.Il surveille une baisse du niveau de liquide. Lorsque le point [&hellip;]?\" \/>\n<meta property=\"og:url\" content=\"https:\/\/cgh.com.pl\/fr\/accessoires\/systemes-de-surveillance\/fiche-de-produit\" \/>\n<meta property=\"og:site_name\" content=\"CGH Group Sp. z o.o.\" \/>\n<meta property=\"article:modified_time\" content=\"2023-12-25T00:13:54+00:00\" \/>\n<meta property=\"og:image\" content=\"https:\/\/cgh.com.pl\/fr\/wp-content\/uploads\/2021\/06\/mini-maximelder-Filling-level-detector-2.png\" \/>\n<meta name=\"twitter:card\" content=\"summary_large_image\" \/>\n<meta name=\"twitter:label1\" content=\"Dur\u00e9e de lecture estim\u00e9e\" \/>\n\t<meta name=\"twitter:data1\" content=\"5 minutes\" \/>\n<script type=\"application\/ld+json\" class=\"yoast-schema-graph\">{\"@context\":\"https:\/\/schema.org\",\"@graph\":[{\"@type\":\"WebPage\",\"@id\":\"https:\/\/cgh.com.pl\/fr\/accessoires\/systemes-de-surveillance\/fiche-de-produit\",\"url\":\"https:\/\/cgh.com.pl\/fr\/accessoires\/systemes-de-surveillance\/fiche-de-produit\",\"name\":\"Fiche de produit - CGH Group Sp. z o.o.\",\"isPartOf\":{\"@id\":\"https:\/\/cgh.com.pl\/fr\/#website\"},\"primaryImageOfPage\":{\"@id\":\"https:\/\/cgh.com.pl\/fr\/accessoires\/systemes-de-surveillance\/fiche-de-produit#primaryimage\"},\"image\":{\"@id\":\"https:\/\/cgh.com.pl\/fr\/accessoires\/systemes-de-surveillance\/fiche-de-produit#primaryimage\"},\"thumbnailUrl\":\"https:\/\/cgh.com.pl\/fr\/wp-content\/uploads\/2021\/06\/mini-maximelder-Filling-level-detector-2.png\",\"datePublished\":\"2020-12-07T22:35:54+00:00\",\"dateModified\":\"2023-12-25T00:13:54+00:00\",\"breadcrumb\":{\"@id\":\"https:\/\/cgh.com.pl\/fr\/accessoires\/systemes-de-surveillance\/fiche-de-produit#breadcrumb\"},\"inLanguage\":\"fr-FR\",\"potentialAction\":[{\"@type\":\"ReadAction\",\"target\":[\"https:\/\/cgh.com.pl\/fr\/accessoires\/systemes-de-surveillance\/fiche-de-produit\"]}]},{\"@type\":\"ImageObject\",\"inLanguage\":\"fr-FR\",\"@id\":\"https:\/\/cgh.com.pl\/fr\/accessoires\/systemes-de-surveillance\/fiche-de-produit#primaryimage\",\"url\":\"https:\/\/cgh.com.pl\/fr\/wp-content\/uploads\/2021\/06\/mini-maximelder-Filling-level-detector-2.png\",\"contentUrl\":\"https:\/\/cgh.com.pl\/fr\/wp-content\/uploads\/2021\/06\/mini-maximelder-Filling-level-detector-2.png\",\"width\":360,\"height\":240,\"caption\":\"MINI, MAXIMELDER, Filling level detector\"},{\"@type\":\"BreadcrumbList\",\"@id\":\"https:\/\/cgh.com.pl\/fr\/accessoires\/systemes-de-surveillance\/fiche-de-produit#breadcrumb\",\"itemListElement\":[{\"@type\":\"ListItem\",\"position\":1,\"name\":\"Strona g\u0142\u00f3wna\",\"item\":\"https:\/\/cgh.com.pl\/fr\/\"},{\"@type\":\"ListItem\",\"position\":2,\"name\":\"Accessoires\",\"item\":\"https:\/\/cgh.com.pl\/fr\/accessoires\"},{\"@type\":\"ListItem\",\"position\":3,\"name\":\"Syst\u00e8mes de surveillance\",\"item\":\"https:\/\/cgh.com.pl\/fr\/accessoires\/systemes-de-surveillance\"},{\"@type\":\"ListItem\",\"position\":4,\"name\":\"Fiche de produit\"}]},{\"@type\":\"WebSite\",\"@id\":\"https:\/\/cgh.com.pl\/fr\/#website\",\"url\":\"https:\/\/cgh.com.pl\/fr\/\",\"name\":\"CGH Group Sp. z o.o.\",\"description\":\"\",\"publisher\":{\"@id\":\"https:\/\/cgh.com.pl\/fr\/#organization\"},\"potentialAction\":[{\"@type\":\"SearchAction\",\"target\":{\"@type\":\"EntryPoint\",\"urlTemplate\":\"https:\/\/cgh.com.pl\/fr\/?s={search_term_string}\"},\"query-input\":{\"@type\":\"PropertyValueSpecification\",\"valueRequired\":true,\"valueName\":\"search_term_string\"}}],\"inLanguage\":\"fr-FR\"},{\"@type\":\"Organization\",\"@id\":\"https:\/\/cgh.com.pl\/fr\/#organization\",\"name\":\"CGH Group Sp. z o.o.\",\"url\":\"https:\/\/cgh.com.pl\/fr\/\",\"logo\":{\"@type\":\"ImageObject\",\"inLanguage\":\"fr-FR\",\"@id\":\"https:\/\/cgh.com.pl\/fr\/#\/schema\/logo\/image\/\",\"url\":\"https:\/\/cgh.com.pl\/fr\/wp-content\/uploads\/2023\/05\/logoCGH.png\",\"contentUrl\":\"https:\/\/cgh.com.pl\/fr\/wp-content\/uploads\/2023\/05\/logoCGH.png\",\"width\":449,\"height\":162,\"caption\":\"CGH Group Sp. z o.o.\"},\"image\":{\"@id\":\"https:\/\/cgh.com.pl\/fr\/#\/schema\/logo\/image\/\"}}]}<\/script>\n<!-- \/ Yoast SEO plugin. -->","yoast_head_json":{"title":"Fiche de produit - CGH Group Sp. z o.o.","robots":{"index":"index","follow":"follow","max-snippet":"max-snippet:-1","max-image-preview":"max-image-preview:large","max-video-preview":"max-video-preview:-1"},"canonical":"https:\/\/cgh.com.pl\/fr\/accessoires\/systemes-de-surveillance\/fiche-de-produit","og_locale":"fr_FR","og_type":"article","og_title":"Fiche de produit - CGH Group Sp. z o.o.","og_description":"Informations sur le produit MINIMELDER &#8211; R Indicateur de niveau minimum. Il est con\u00e7u pour signaler de mani\u00e8re sonore et visuelle le niveau minimum dans le r\u00e9servoir.Le Minimelder est \u00e9quip\u00e9 d&rsquo;une sortie libre de potentiel pour l&rsquo;\u00e9mission suppl\u00e9mentaire d&rsquo;un signal d&rsquo;alarme vers un dispositif externe.Il surveille une baisse du niveau de liquide. Lorsque le point [&hellip;]?","og_url":"https:\/\/cgh.com.pl\/fr\/accessoires\/systemes-de-surveillance\/fiche-de-produit","og_site_name":"CGH Group Sp. z o.o.","article_modified_time":"2023-12-25T00:13:54+00:00","og_image":[{"url":"https:\/\/cgh.com.pl\/fr\/wp-content\/uploads\/2021\/06\/mini-maximelder-Filling-level-detector-2.png","type":"","width":"","height":""}],"twitter_card":"summary_large_image","twitter_misc":{"Dur\u00e9e de lecture estim\u00e9e":"5 minutes"},"schema":{"@context":"https:\/\/schema.org","@graph":[{"@type":"WebPage","@id":"https:\/\/cgh.com.pl\/fr\/accessoires\/systemes-de-surveillance\/fiche-de-produit","url":"https:\/\/cgh.com.pl\/fr\/accessoires\/systemes-de-surveillance\/fiche-de-produit","name":"Fiche de produit - CGH Group Sp. z o.o.","isPartOf":{"@id":"https:\/\/cgh.com.pl\/fr\/#website"},"primaryImageOfPage":{"@id":"https:\/\/cgh.com.pl\/fr\/accessoires\/systemes-de-surveillance\/fiche-de-produit#primaryimage"},"image":{"@id":"https:\/\/cgh.com.pl\/fr\/accessoires\/systemes-de-surveillance\/fiche-de-produit#primaryimage"},"thumbnailUrl":"https:\/\/cgh.com.pl\/fr\/wp-content\/uploads\/2021\/06\/mini-maximelder-Filling-level-detector-2.png","datePublished":"2020-12-07T22:35:54+00:00","dateModified":"2023-12-25T00:13:54+00:00","breadcrumb":{"@id":"https:\/\/cgh.com.pl\/fr\/accessoires\/systemes-de-surveillance\/fiche-de-produit#breadcrumb"},"inLanguage":"fr-FR","potentialAction":[{"@type":"ReadAction","target":["https:\/\/cgh.com.pl\/fr\/accessoires\/systemes-de-surveillance\/fiche-de-produit"]}]},{"@type":"ImageObject","inLanguage":"fr-FR","@id":"https:\/\/cgh.com.pl\/fr\/accessoires\/systemes-de-surveillance\/fiche-de-produit#primaryimage","url":"https:\/\/cgh.com.pl\/fr\/wp-content\/uploads\/2021\/06\/mini-maximelder-Filling-level-detector-2.png","contentUrl":"https:\/\/cgh.com.pl\/fr\/wp-content\/uploads\/2021\/06\/mini-maximelder-Filling-level-detector-2.png","width":360,"height":240,"caption":"MINI, MAXIMELDER, Filling level detector"},{"@type":"BreadcrumbList","@id":"https:\/\/cgh.com.pl\/fr\/accessoires\/systemes-de-surveillance\/fiche-de-produit#breadcrumb","itemListElement":[{"@type":"ListItem","position":1,"name":"Strona g\u0142\u00f3wna","item":"https:\/\/cgh.com.pl\/fr\/"},{"@type":"ListItem","position":2,"name":"Accessoires","item":"https:\/\/cgh.com.pl\/fr\/accessoires"},{"@type":"ListItem","position":3,"name":"Syst\u00e8mes de surveillance","item":"https:\/\/cgh.com.pl\/fr\/accessoires\/systemes-de-surveillance"},{"@type":"ListItem","position":4,"name":"Fiche de produit"}]},{"@type":"WebSite","@id":"https:\/\/cgh.com.pl\/fr\/#website","url":"https:\/\/cgh.com.pl\/fr\/","name":"CGH Group Sp. z o.o.","description":"","publisher":{"@id":"https:\/\/cgh.com.pl\/fr\/#organization"},"potentialAction":[{"@type":"SearchAction","target":{"@type":"EntryPoint","urlTemplate":"https:\/\/cgh.com.pl\/fr\/?s={search_term_string}"},"query-input":{"@type":"PropertyValueSpecification","valueRequired":true,"valueName":"search_term_string"}}],"inLanguage":"fr-FR"},{"@type":"Organization","@id":"https:\/\/cgh.com.pl\/fr\/#organization","name":"CGH Group Sp. z o.o.","url":"https:\/\/cgh.com.pl\/fr\/","logo":{"@type":"ImageObject","inLanguage":"fr-FR","@id":"https:\/\/cgh.com.pl\/fr\/#\/schema\/logo\/image\/","url":"https:\/\/cgh.com.pl\/fr\/wp-content\/uploads\/2023\/05\/logoCGH.png","contentUrl":"https:\/\/cgh.com.pl\/fr\/wp-content\/uploads\/2023\/05\/logoCGH.png","width":449,"height":162,"caption":"CGH Group Sp. z o.o."},"image":{"@id":"https:\/\/cgh.com.pl\/fr\/#\/schema\/logo\/image\/"}}]}},"_links":{"self":[{"href":"https:\/\/cgh.com.pl\/fr\/wp-json\/wp\/v2\/pages\/490","targetHints":{"allow":["GET"]}}],"collection":[{"href":"https:\/\/cgh.com.pl\/fr\/wp-json\/wp\/v2\/pages"}],"about":[{"href":"https:\/\/cgh.com.pl\/fr\/wp-json\/wp\/v2\/types\/page"}],"author":[{"embeddable":true,"href":"https:\/\/cgh.com.pl\/fr\/wp-json\/wp\/v2\/users\/1"}],"replies":[{"embeddable":true,"href":"https:\/\/cgh.com.pl\/fr\/wp-json\/wp\/v2\/comments?post=490"}],"version-history":[{"count":10,"href":"https:\/\/cgh.com.pl\/fr\/wp-json\/wp\/v2\/pages\/490\/revisions"}],"predecessor-version":[{"id":5198,"href":"https:\/\/cgh.com.pl\/fr\/wp-json\/wp\/v2\/pages\/490\/revisions\/5198"}],"up":[{"embeddable":true,"href":"https:\/\/cgh.com.pl\/fr\/wp-json\/wp\/v2\/pages\/464"}],"wp:attachment":[{"href":"https:\/\/cgh.com.pl\/fr\/wp-json\/wp\/v2\/media?parent=490"}],"curies":[{"name":"wp","href":"https:\/\/api.w.org\/{rel}","templated":true}]}}