{"id":4909,"date":"2023-12-11T23:52:40","date_gmt":"2023-12-11T22:52:40","guid":{"rendered":"https:\/\/cgh.com.pl\/fr\/?page_id=4909"},"modified":"2023-12-11T23:53:44","modified_gmt":"2023-12-11T22:53:44","slug":"conteneur-du-reservoir-de-stockage-de-carburant-diesel","status":"publish","type":"page","link":"https:\/\/cgh.com.pl\/fr\/reservoirs-de-carburant-reservoirs-de-liquides-inflammables\/conteneur-du-reservoir-de-stockage-de-carburant-diesel","title":{"rendered":"Conteneur du r\u00e9servoir de stockage de carburant diesel"},"content":{"rendered":"\n<p>Exemple de mise en \u0153uvre<\/p>\n\n\n\n<ul class=\"wp-block-list\">\n<li>R\u00e9servoir hors sol, horizontal, \u00e0 double paroi en acier S235JR<\/li>\n\n\n\n<li>Capacit\u00e9: 40 m<sup>3<\/sup>, diam\u00e8tre: 2200 mm<\/li>\n\n\n\n<li>Milieu: liquides inflammables<\/li>\n\n\n\n<li>Norme de performance: EN12285-2<\/li>\n\n\n\n<li>Pression de service: sans pression<\/li>\n\n\n\n<li>Temp\u00e9rature de service: -20\u00b0C\/+50\u00b0C<\/li>\n\n\n\n<li>Le r\u00e9servoir est log\u00e9 dans un conteneur maritime sp\u00e9cialement con\u00e7u 40&rsquo;HC qui est dot\u00e9 d&rsquo;un syst\u00e8me de chauffage pour le fluide contenu dans le r\u00e9servoir gr\u00e2ce \u00e0 l&rsquo;utilisation d&rsquo;un thermoplongeur EX. La tuyauterie et le conteneur limitent l&rsquo;acc\u00e8s non autoris\u00e9 au r\u00e9servoir.<\/li>\n<\/ul>\n\n\n\n<div class=\"photos large\">\n<div class=\"first-zoom-photo\">\n<p style=\"text-align: center; font-size: 10px; margin-bottom:0;\"><img decoding=\"async\" data-src=\"https:\/\/cgh.com.pl\/wp-content\/uploads\/2023\/04\/20230329_Zbiornik-40m4-na-paliwa-w-kontenerze.jpg\" alt=\"Conteneur du r\u00e9servoir de stockage de carburant diesel\" src=\"data:image\/svg+xml;base64,PHN2ZyB3aWR0aD0iMSIgaGVpZ2h0PSIxIiB4bWxucz0iaHR0cDovL3d3dy53My5vcmcvMjAwMC9zdmciPjwvc3ZnPg==\" class=\"lazyload\"><\/p>\n\n<div><\/div>\n<\/div>\n<div>\n<p style=\"text-align: center; font-size: 10px; margin-bottom:0;\"><img decoding=\"async\" data-src=\"https:\/\/cgh.com.pl\/wp-content\/uploads\/2023\/04\/20230329_Zbiornik-40m4-na-paliwa-w-kontenerze-2.jpg\" alt=\"Conteneur du r\u00e9servoir de stockage de carburant diesel\" src=\"data:image\/svg+xml;base64,PHN2ZyB3aWR0aD0iMSIgaGVpZ2h0PSIxIiB4bWxucz0iaHR0cDovL3d3dy53My5vcmcvMjAwMC9zdmciPjwvc3ZnPg==\" class=\"lazyload\"><\/p>\n\n<div><\/div>\n<\/div>\n\n<div class=\"pair\">\n<p style=\"text-align: center; font-size: 10px; margin-bottom:0;\"><img decoding=\"async\" data-src=\"https:\/\/cgh.com.pl\/wp-content\/uploads\/2023\/04\/20230329_Zbiornik-40m4-na-paliwa-w-kontenerze-3.jpg\" alt=\"Conteneur du r\u00e9servoir de stockage de carburant diesel\" src=\"data:image\/svg+xml;base64,PHN2ZyB3aWR0aD0iMSIgaGVpZ2h0PSIxIiB4bWxucz0iaHR0cDovL3d3dy53My5vcmcvMjAwMC9zdmciPjwvc3ZnPg==\" class=\"lazyload\"><\/p>\n\n<div><\/div>\n<div><\/div>\n<\/div>\n<\/div>\n","protected":false},"excerpt":{"rendered":"<p>Exemple de mise en \u0153uvre<\/p>\n","protected":false},"author":1,"featured_media":0,"parent":13,"menu_order":0,"comment_status":"closed","ping_status":"closed","template":"page-products-with-second-menu.php","meta":{"_acf_changed":false,"footnotes":""},"class_list":["post-4909","page","type-page","status-publish","hentry"],"acf":[],"yoast_head":"<!-- This site is optimized with the Yoast SEO plugin v26.1.1 - https:\/\/yoast.com\/wordpress\/plugins\/seo\/ -->\n<title>Conteneur du r\u00e9servoir de stockage de carburant diesel - CGH Group Sp. z o.o.<\/title>\n<meta name=\"robots\" content=\"index, follow, max-snippet:-1, max-image-preview:large, max-video-preview:-1\" \/>\n<link rel=\"canonical\" href=\"https:\/\/cgh.com.pl\/fr\/reservoirs-de-carburant-reservoirs-de-liquides-inflammables\/conteneur-du-reservoir-de-stockage-de-carburant-diesel\" \/>\n<meta property=\"og:locale\" content=\"fr_FR\" \/>\n<meta property=\"og:type\" content=\"article\" \/>\n<meta property=\"og:title\" content=\"Conteneur du r\u00e9servoir de stockage de carburant diesel - CGH Group Sp. z o.o.\" \/>\n<meta property=\"og:description\" content=\"Exemple de mise en \u0153uvre\" \/>\n<meta property=\"og:url\" content=\"https:\/\/cgh.com.pl\/fr\/reservoirs-de-carburant-reservoirs-de-liquides-inflammables\/conteneur-du-reservoir-de-stockage-de-carburant-diesel\" \/>\n<meta property=\"og:site_name\" content=\"CGH Group Sp. z o.o.\" \/>\n<meta property=\"article:modified_time\" content=\"2023-12-11T22:53:44+00:00\" \/>\n<meta property=\"og:image\" content=\"https:\/\/cgh.com.pl\/wp-content\/uploads\/2023\/04\/20230329_Zbiornik-40m4-na-paliwa-w-kontenerze.jpg\" \/>\n<meta name=\"twitter:card\" content=\"summary_large_image\" \/>\n<meta name=\"twitter:label1\" content=\"Dur\u00e9e de lecture estim\u00e9e\" \/>\n\t<meta name=\"twitter:data1\" content=\"2 minutes\" \/>\n<script type=\"application\/ld+json\" class=\"yoast-schema-graph\">{\"@context\":\"https:\/\/schema.org\",\"@graph\":[{\"@type\":\"WebPage\",\"@id\":\"https:\/\/cgh.com.pl\/fr\/reservoirs-de-carburant-reservoirs-de-liquides-inflammables\/conteneur-du-reservoir-de-stockage-de-carburant-diesel\",\"url\":\"https:\/\/cgh.com.pl\/fr\/reservoirs-de-carburant-reservoirs-de-liquides-inflammables\/conteneur-du-reservoir-de-stockage-de-carburant-diesel\",\"name\":\"Conteneur du r\u00e9servoir de stockage de carburant diesel - CGH Group Sp. z o.o.\",\"isPartOf\":{\"@id\":\"https:\/\/cgh.com.pl\/fr\/#website\"},\"primaryImageOfPage\":{\"@id\":\"https:\/\/cgh.com.pl\/fr\/reservoirs-de-carburant-reservoirs-de-liquides-inflammables\/conteneur-du-reservoir-de-stockage-de-carburant-diesel#primaryimage\"},\"image\":{\"@id\":\"https:\/\/cgh.com.pl\/fr\/reservoirs-de-carburant-reservoirs-de-liquides-inflammables\/conteneur-du-reservoir-de-stockage-de-carburant-diesel#primaryimage\"},\"thumbnailUrl\":\"https:\/\/cgh.com.pl\/wp-content\/uploads\/2023\/04\/20230329_Zbiornik-40m4-na-paliwa-w-kontenerze.jpg\",\"datePublished\":\"2023-12-11T22:52:40+00:00\",\"dateModified\":\"2023-12-11T22:53:44+00:00\",\"breadcrumb\":{\"@id\":\"https:\/\/cgh.com.pl\/fr\/reservoirs-de-carburant-reservoirs-de-liquides-inflammables\/conteneur-du-reservoir-de-stockage-de-carburant-diesel#breadcrumb\"},\"inLanguage\":\"fr-FR\",\"potentialAction\":[{\"@type\":\"ReadAction\",\"target\":[\"https:\/\/cgh.com.pl\/fr\/reservoirs-de-carburant-reservoirs-de-liquides-inflammables\/conteneur-du-reservoir-de-stockage-de-carburant-diesel\"]}]},{\"@type\":\"ImageObject\",\"inLanguage\":\"fr-FR\",\"@id\":\"https:\/\/cgh.com.pl\/fr\/reservoirs-de-carburant-reservoirs-de-liquides-inflammables\/conteneur-du-reservoir-de-stockage-de-carburant-diesel#primaryimage\",\"url\":\"https:\/\/cgh.com.pl\/wp-content\/uploads\/2023\/04\/20230329_Zbiornik-40m4-na-paliwa-w-kontenerze.jpg\",\"contentUrl\":\"https:\/\/cgh.com.pl\/wp-content\/uploads\/2023\/04\/20230329_Zbiornik-40m4-na-paliwa-w-kontenerze.jpg\"},{\"@type\":\"BreadcrumbList\",\"@id\":\"https:\/\/cgh.com.pl\/fr\/reservoirs-de-carburant-reservoirs-de-liquides-inflammables\/conteneur-du-reservoir-de-stockage-de-carburant-diesel#breadcrumb\",\"itemListElement\":[{\"@type\":\"ListItem\",\"position\":1,\"name\":\"Strona g\u0142\u00f3wna\",\"item\":\"https:\/\/cgh.com.pl\/fr\/\"},{\"@type\":\"ListItem\",\"position\":2,\"name\":\"R\u00e9servoirs de carburant, r\u00e9servoirs de liquides inflammables\",\"item\":\"https:\/\/cgh.com.pl\/fr\/reservoirs-de-carburant-reservoirs-de-liquides-inflammables\"},{\"@type\":\"ListItem\",\"position\":3,\"name\":\"Conteneur du r\u00e9servoir de stockage de carburant diesel\"}]},{\"@type\":\"WebSite\",\"@id\":\"https:\/\/cgh.com.pl\/fr\/#website\",\"url\":\"https:\/\/cgh.com.pl\/fr\/\",\"name\":\"CGH Group Sp. z o.o.\",\"description\":\"\",\"publisher\":{\"@id\":\"https:\/\/cgh.com.pl\/fr\/#organization\"},\"potentialAction\":[{\"@type\":\"SearchAction\",\"target\":{\"@type\":\"EntryPoint\",\"urlTemplate\":\"https:\/\/cgh.com.pl\/fr\/?s={search_term_string}\"},\"query-input\":{\"@type\":\"PropertyValueSpecification\",\"valueRequired\":true,\"valueName\":\"search_term_string\"}}],\"inLanguage\":\"fr-FR\"},{\"@type\":\"Organization\",\"@id\":\"https:\/\/cgh.com.pl\/fr\/#organization\",\"name\":\"CGH Group Sp. z o.o.\",\"url\":\"https:\/\/cgh.com.pl\/fr\/\",\"logo\":{\"@type\":\"ImageObject\",\"inLanguage\":\"fr-FR\",\"@id\":\"https:\/\/cgh.com.pl\/fr\/#\/schema\/logo\/image\/\",\"url\":\"https:\/\/cgh.com.pl\/fr\/wp-content\/uploads\/2023\/05\/logoCGH.png\",\"contentUrl\":\"https:\/\/cgh.com.pl\/fr\/wp-content\/uploads\/2023\/05\/logoCGH.png\",\"width\":449,\"height\":162,\"caption\":\"CGH Group Sp. z o.o.\"},\"image\":{\"@id\":\"https:\/\/cgh.com.pl\/fr\/#\/schema\/logo\/image\/\"}}]}<\/script>\n<!-- \/ Yoast SEO plugin. -->","yoast_head_json":{"title":"Conteneur du r\u00e9servoir de stockage de carburant diesel - CGH Group Sp. z o.o.","robots":{"index":"index","follow":"follow","max-snippet":"max-snippet:-1","max-image-preview":"max-image-preview:large","max-video-preview":"max-video-preview:-1"},"canonical":"https:\/\/cgh.com.pl\/fr\/reservoirs-de-carburant-reservoirs-de-liquides-inflammables\/conteneur-du-reservoir-de-stockage-de-carburant-diesel","og_locale":"fr_FR","og_type":"article","og_title":"Conteneur du r\u00e9servoir de stockage de carburant diesel - CGH Group Sp. z o.o.","og_description":"Exemple de mise en \u0153uvre","og_url":"https:\/\/cgh.com.pl\/fr\/reservoirs-de-carburant-reservoirs-de-liquides-inflammables\/conteneur-du-reservoir-de-stockage-de-carburant-diesel","og_site_name":"CGH Group Sp. z o.o.","article_modified_time":"2023-12-11T22:53:44+00:00","og_image":[{"url":"https:\/\/cgh.com.pl\/wp-content\/uploads\/2023\/04\/20230329_Zbiornik-40m4-na-paliwa-w-kontenerze.jpg","type":"","width":"","height":""}],"twitter_card":"summary_large_image","twitter_misc":{"Dur\u00e9e de lecture estim\u00e9e":"2 minutes"},"schema":{"@context":"https:\/\/schema.org","@graph":[{"@type":"WebPage","@id":"https:\/\/cgh.com.pl\/fr\/reservoirs-de-carburant-reservoirs-de-liquides-inflammables\/conteneur-du-reservoir-de-stockage-de-carburant-diesel","url":"https:\/\/cgh.com.pl\/fr\/reservoirs-de-carburant-reservoirs-de-liquides-inflammables\/conteneur-du-reservoir-de-stockage-de-carburant-diesel","name":"Conteneur du r\u00e9servoir de stockage de carburant diesel - CGH Group Sp. z o.o.","isPartOf":{"@id":"https:\/\/cgh.com.pl\/fr\/#website"},"primaryImageOfPage":{"@id":"https:\/\/cgh.com.pl\/fr\/reservoirs-de-carburant-reservoirs-de-liquides-inflammables\/conteneur-du-reservoir-de-stockage-de-carburant-diesel#primaryimage"},"image":{"@id":"https:\/\/cgh.com.pl\/fr\/reservoirs-de-carburant-reservoirs-de-liquides-inflammables\/conteneur-du-reservoir-de-stockage-de-carburant-diesel#primaryimage"},"thumbnailUrl":"https:\/\/cgh.com.pl\/wp-content\/uploads\/2023\/04\/20230329_Zbiornik-40m4-na-paliwa-w-kontenerze.jpg","datePublished":"2023-12-11T22:52:40+00:00","dateModified":"2023-12-11T22:53:44+00:00","breadcrumb":{"@id":"https:\/\/cgh.com.pl\/fr\/reservoirs-de-carburant-reservoirs-de-liquides-inflammables\/conteneur-du-reservoir-de-stockage-de-carburant-diesel#breadcrumb"},"inLanguage":"fr-FR","potentialAction":[{"@type":"ReadAction","target":["https:\/\/cgh.com.pl\/fr\/reservoirs-de-carburant-reservoirs-de-liquides-inflammables\/conteneur-du-reservoir-de-stockage-de-carburant-diesel"]}]},{"@type":"ImageObject","inLanguage":"fr-FR","@id":"https:\/\/cgh.com.pl\/fr\/reservoirs-de-carburant-reservoirs-de-liquides-inflammables\/conteneur-du-reservoir-de-stockage-de-carburant-diesel#primaryimage","url":"https:\/\/cgh.com.pl\/wp-content\/uploads\/2023\/04\/20230329_Zbiornik-40m4-na-paliwa-w-kontenerze.jpg","contentUrl":"https:\/\/cgh.com.pl\/wp-content\/uploads\/2023\/04\/20230329_Zbiornik-40m4-na-paliwa-w-kontenerze.jpg"},{"@type":"BreadcrumbList","@id":"https:\/\/cgh.com.pl\/fr\/reservoirs-de-carburant-reservoirs-de-liquides-inflammables\/conteneur-du-reservoir-de-stockage-de-carburant-diesel#breadcrumb","itemListElement":[{"@type":"ListItem","position":1,"name":"Strona g\u0142\u00f3wna","item":"https:\/\/cgh.com.pl\/fr\/"},{"@type":"ListItem","position":2,"name":"R\u00e9servoirs de carburant, r\u00e9servoirs de liquides inflammables","item":"https:\/\/cgh.com.pl\/fr\/reservoirs-de-carburant-reservoirs-de-liquides-inflammables"},{"@type":"ListItem","position":3,"name":"Conteneur du r\u00e9servoir de stockage de carburant diesel"}]},{"@type":"WebSite","@id":"https:\/\/cgh.com.pl\/fr\/#website","url":"https:\/\/cgh.com.pl\/fr\/","name":"CGH Group Sp. z o.o.","description":"","publisher":{"@id":"https:\/\/cgh.com.pl\/fr\/#organization"},"potentialAction":[{"@type":"SearchAction","target":{"@type":"EntryPoint","urlTemplate":"https:\/\/cgh.com.pl\/fr\/?s={search_term_string}"},"query-input":{"@type":"PropertyValueSpecification","valueRequired":true,"valueName":"search_term_string"}}],"inLanguage":"fr-FR"},{"@type":"Organization","@id":"https:\/\/cgh.com.pl\/fr\/#organization","name":"CGH Group Sp. z o.o.","url":"https:\/\/cgh.com.pl\/fr\/","logo":{"@type":"ImageObject","inLanguage":"fr-FR","@id":"https:\/\/cgh.com.pl\/fr\/#\/schema\/logo\/image\/","url":"https:\/\/cgh.com.pl\/fr\/wp-content\/uploads\/2023\/05\/logoCGH.png","contentUrl":"https:\/\/cgh.com.pl\/fr\/wp-content\/uploads\/2023\/05\/logoCGH.png","width":449,"height":162,"caption":"CGH Group Sp. z o.o."},"image":{"@id":"https:\/\/cgh.com.pl\/fr\/#\/schema\/logo\/image\/"}}]}},"_links":{"self":[{"href":"https:\/\/cgh.com.pl\/fr\/wp-json\/wp\/v2\/pages\/4909","targetHints":{"allow":["GET"]}}],"collection":[{"href":"https:\/\/cgh.com.pl\/fr\/wp-json\/wp\/v2\/pages"}],"about":[{"href":"https:\/\/cgh.com.pl\/fr\/wp-json\/wp\/v2\/types\/page"}],"author":[{"embeddable":true,"href":"https:\/\/cgh.com.pl\/fr\/wp-json\/wp\/v2\/users\/1"}],"replies":[{"embeddable":true,"href":"https:\/\/cgh.com.pl\/fr\/wp-json\/wp\/v2\/comments?post=4909"}],"version-history":[{"count":2,"href":"https:\/\/cgh.com.pl\/fr\/wp-json\/wp\/v2\/pages\/4909\/revisions"}],"predecessor-version":[{"id":4912,"href":"https:\/\/cgh.com.pl\/fr\/wp-json\/wp\/v2\/pages\/4909\/revisions\/4912"}],"up":[{"embeddable":true,"href":"https:\/\/cgh.com.pl\/fr\/wp-json\/wp\/v2\/pages\/13"}],"wp:attachment":[{"href":"https:\/\/cgh.com.pl\/fr\/wp-json\/wp\/v2\/media?parent=4909"}],"curies":[{"name":"wp","href":"https:\/\/api.w.org\/{rel}","templated":true}]}}