{"id":4913,"date":"2023-12-12T12:54:52","date_gmt":"2023-12-12T11:54:52","guid":{"rendered":"https:\/\/cgh.com.pl\/fr\/?page_id=4913"},"modified":"2023-12-12T22:58:01","modified_gmt":"2023-12-12T21:58:01","slug":"reservoirs-verticaux-de-gpl","status":"publish","type":"page","link":"https:\/\/cgh.com.pl\/fr\/reservoirs-de-gpl\/reservoirs-verticaux-de-gpl","title":{"rendered":"R\u00e9servoirs verticaux de GPL"},"content":{"rendered":"\n<div class=\"wp-block-columns is-layout-flex wp-container-core-columns-is-layout-9d6595d7 wp-block-columns-is-layout-flex\">\n<div class=\"wp-block-column is-layout-flow wp-block-column-is-layout-flow\">\n<p><strong>Utilisation pr\u00e9vue:<\/strong><br>CGH Poland propose des r\u00e9servoirs GPL hors sol destin\u00e9s aux stations-service, \u00e0 l&rsquo;industrie et au chauffage.<\/p>\n\n\n\n<p><strong>S\u00e9curit\u00e9:<\/strong><br>Les r\u00e9servoirs GPL, fabriqu\u00e9s en acier au carbone, r\u00e9pondent aux exigences de s\u00e9curit\u00e9 pour le stockage du gaz propane-butane. Ils disposent d&rsquo;un agr\u00e9ment en cours de validit\u00e9 d\u00e9livr\u00e9 par un organisme notifi\u00e9.<br>Les r\u00e9servoirs souterrains sont \u00e9quip\u00e9s d\u2019un trou d\u2019homme avec couvercle, sur laquelle sont mont\u00e9s des raccords \u0301provenant de fournisseurs fiables.<\/p>\n\n\n\n<p><br><strong>Donn\u00e9es techniques:<\/strong><\/p>\n\n\n\n<ul class=\"wp-block-list\">\n<li>Conception conforme \u00e0 la directive PED\/2014\/68\/EU selon les normes AD 2000 ou EN 13445<\/li>\n\n\n\n<li>Pression 15,6 bar &#8211; standard, option 17,6 bar<\/li>\n\n\n\n<li>Protection contre la corrosion avec un rev\u00eatement C3 classe M<\/li>\n\n\n\n<li>Temp\u00e9rature de service -20\/+40\u00b0C<\/li>\n\n\n\n<li>Autres exigences requises<\/li>\n\n\n\n<li><strong>Donn<\/strong><strong>\u00e9es techniques de base<\/strong><\/li>\n<\/ul>\n<\/div>\n\n\n\n<div class=\"wp-block-column is-layout-flow wp-block-column-is-layout-flow\">\n<p><strong>Podstawowe dane techniczne<\/strong><\/p>\n\n\n\n<table>\n<tbody>\n<tr>\n<td class=\"gray\" style=\"text-align: center;\">Capacit\u00e9 du \nr\u00e9servoir<\/td>\n<td class=\"gray\" style=\"text-align: center;\">Diam\u00e8tre du \nr\u00e9servoir<\/td>\n<\/tr>\n<tr>\n<td class=\"gray\" style=\"text-align: center;\">[m<sup>3<\/sup>]<\/td>\n<td class=\"gray\" style=\"text-align: center;\">[mm]<\/td>\n<\/tr>\n<tr>\n<td class=\"white\" style=\"text-align: right;\">10<\/td>\n<td class=\"white\" style=\"text-align: right;\" rowspan=\"2\">1600<\/td>\n<\/tr>\n<tr>\n<td class=\"white\" style=\"text-align: right;\">15<\/td>\n<\/tr>\n<tr>\n<td class=\"white\" style=\"text-align: right;\">20<\/td>\n<td class=\"white\" style=\"text-align: right;\" rowspan=\"3\">2000<\/td>\n<\/tr>\n<tr>\n<td class=\"white\" style=\"text-align: right;\">25<\/td>\n<\/tr>\n<tr>\n<td class=\"white\" style=\"text-align: right;\">30<\/td>\n<\/tr>\n<tr>\n<td class=\"white\" style=\"text-align: right;\">50<\/td>\n<td class=\"white\" style=\"text-align: right;\">2500<\/td>\n<tr>\n<td class=\"white\" style=\"text-align: right;\">40<\/td>\n<td class=\"white\" style=\"text-align: right;\" rowspan=\"4\">2900<\/td>\n<\/tr>\n<tr>\n<td class=\"white\" style=\"text-align: right;\">50<\/td>\n<\/tr>\n<tr>\n<td class=\"white\" style=\"text-align: right;\">61,1<\/td>\n<\/tr>\n<tr>\n<td class=\"white\" style=\"text-align: right;\">84<\/td>\n<\/tr>\n<\/tbody>\n<\/table>\n<\/div>\n<\/div>\n\n\n\n<div class=\"photos large\">\n<div class=\"first-zoom-photo\">\n<p style=\"text-align: center; font-size: 10px; margin-bottom:0;\"><img decoding=\"async\" data-src=\"https:\/\/cgh.com.pl\/wp-content\/uploads\/2023\/10\/IMG-20230502-WA0005.jpg\" alt=\"R\u00e9servoirs verticaux de GPL\" src=\"data:image\/svg+xml;base64,PHN2ZyB3aWR0aD0iMSIgaGVpZ2h0PSIxIiB4bWxucz0iaHR0cDovL3d3dy53My5vcmcvMjAwMC9zdmciPjwvc3ZnPg==\" class=\"lazyload\" \/><\/p>\n\n<div><\/div>\n<\/div>\n<div>\n<p style=\"text-align: center; font-size: 10px; margin-bottom:0;\"><img decoding=\"async\" data-src=\"https:\/\/cgh.com.pl\/wp-content\/uploads\/2023\/10\/pionowe_1.jpg\" alt=\"R\u00e9servoirs verticaux de GPL\" src=\"data:image\/svg+xml;base64,PHN2ZyB3aWR0aD0iMSIgaGVpZ2h0PSIxIiB4bWxucz0iaHR0cDovL3d3dy53My5vcmcvMjAwMC9zdmciPjwvc3ZnPg==\" class=\"lazyload\" \/><\/p>\n\n<div><\/div>\n<\/div>\n\n<div class=\"pair\">\n<p style=\"text-align: center; font-size: 10px; margin-bottom:0;\"><img decoding=\"async\" data-src=\"https:\/\/cgh.com.pl\/wp-content\/uploads\/2023\/10\/pionowe_3.jpg\" alt=\"R\u00e9servoirs verticaux de GPL\" src=\"data:image\/svg+xml;base64,PHN2ZyB3aWR0aD0iMSIgaGVpZ2h0PSIxIiB4bWxucz0iaHR0cDovL3d3dy53My5vcmcvMjAwMC9zdmciPjwvc3ZnPg==\" class=\"lazyload\" \/>\n\n<div><\/div>\n<div><\/div>\n<\/p><\/div>\n<\/div>\n","protected":false},"excerpt":{"rendered":"<p>Utilisation pr\u00e9vue:CGH Poland propose des r\u00e9servoirs GPL hors sol destin\u00e9s aux stations-service, \u00e0 l&rsquo;industrie et au chauffage. S\u00e9curit\u00e9:Les r\u00e9servoirs GPL, fabriqu\u00e9s en acier au carbone, r\u00e9pondent aux exigences de s\u00e9curit\u00e9 pour le stockage du gaz propane-butane. Ils disposent d&rsquo;un agr\u00e9ment en cours de validit\u00e9 d\u00e9livr\u00e9 par un organisme notifi\u00e9.Les r\u00e9servoirs souterrains sont \u00e9quip\u00e9s d\u2019un trou [&hellip;]?<\/p>\n","protected":false},"author":1,"featured_media":0,"parent":15,"menu_order":0,"comment_status":"closed","ping_status":"closed","template":"page-products-with-second-menu.php","meta":{"_acf_changed":false,"footnotes":""},"class_list":["post-4913","page","type-page","status-publish","hentry"],"acf":[],"yoast_head":"<!-- This site is optimized with the Yoast SEO plugin v26.1.1 - https:\/\/yoast.com\/wordpress\/plugins\/seo\/ -->\n<title>R\u00e9servoirs verticaux de GPL - CGH Group Sp. z o.o.<\/title>\n<meta name=\"robots\" content=\"index, follow, max-snippet:-1, max-image-preview:large, max-video-preview:-1\" \/>\n<link rel=\"canonical\" href=\"https:\/\/cgh.com.pl\/fr\/reservoirs-de-gpl\/reservoirs-verticaux-de-gpl\" \/>\n<meta property=\"og:locale\" content=\"fr_FR\" \/>\n<meta property=\"og:type\" content=\"article\" \/>\n<meta property=\"og:title\" content=\"R\u00e9servoirs verticaux de GPL - CGH Group Sp. z o.o.\" \/>\n<meta property=\"og:description\" content=\"Utilisation pr\u00e9vue:CGH Poland propose des r\u00e9servoirs GPL hors sol destin\u00e9s aux stations-service, \u00e0 l&rsquo;industrie et au chauffage. S\u00e9curit\u00e9:Les r\u00e9servoirs GPL, fabriqu\u00e9s en acier au carbone, r\u00e9pondent aux exigences de s\u00e9curit\u00e9 pour le stockage du gaz propane-butane. Ils disposent d&rsquo;un agr\u00e9ment en cours de validit\u00e9 d\u00e9livr\u00e9 par un organisme notifi\u00e9.Les r\u00e9servoirs souterrains sont \u00e9quip\u00e9s d\u2019un trou [&hellip;]?\" \/>\n<meta property=\"og:url\" content=\"https:\/\/cgh.com.pl\/fr\/reservoirs-de-gpl\/reservoirs-verticaux-de-gpl\" \/>\n<meta property=\"og:site_name\" content=\"CGH Group Sp. z o.o.\" \/>\n<meta property=\"article:modified_time\" content=\"2023-12-12T21:58:01+00:00\" \/>\n<meta property=\"og:image\" content=\"https:\/\/cgh.com.pl\/wp-content\/uploads\/2023\/10\/IMG-20230502-WA0005.jpg\" \/>\n<meta name=\"twitter:card\" content=\"summary_large_image\" \/>\n<meta name=\"twitter:label1\" content=\"Dur\u00e9e de lecture estim\u00e9e\" \/>\n\t<meta name=\"twitter:data1\" content=\"2 minutes\" \/>\n<script type=\"application\/ld+json\" class=\"yoast-schema-graph\">{\"@context\":\"https:\/\/schema.org\",\"@graph\":[{\"@type\":\"WebPage\",\"@id\":\"https:\/\/cgh.com.pl\/fr\/reservoirs-de-gpl\/reservoirs-verticaux-de-gpl\",\"url\":\"https:\/\/cgh.com.pl\/fr\/reservoirs-de-gpl\/reservoirs-verticaux-de-gpl\",\"name\":\"R\u00e9servoirs verticaux de GPL - CGH Group Sp. z o.o.\",\"isPartOf\":{\"@id\":\"https:\/\/cgh.com.pl\/fr\/#website\"},\"primaryImageOfPage\":{\"@id\":\"https:\/\/cgh.com.pl\/fr\/reservoirs-de-gpl\/reservoirs-verticaux-de-gpl#primaryimage\"},\"image\":{\"@id\":\"https:\/\/cgh.com.pl\/fr\/reservoirs-de-gpl\/reservoirs-verticaux-de-gpl#primaryimage\"},\"thumbnailUrl\":\"https:\/\/cgh.com.pl\/wp-content\/uploads\/2023\/10\/IMG-20230502-WA0005.jpg\",\"datePublished\":\"2023-12-12T11:54:52+00:00\",\"dateModified\":\"2023-12-12T21:58:01+00:00\",\"breadcrumb\":{\"@id\":\"https:\/\/cgh.com.pl\/fr\/reservoirs-de-gpl\/reservoirs-verticaux-de-gpl#breadcrumb\"},\"inLanguage\":\"fr-FR\",\"potentialAction\":[{\"@type\":\"ReadAction\",\"target\":[\"https:\/\/cgh.com.pl\/fr\/reservoirs-de-gpl\/reservoirs-verticaux-de-gpl\"]}]},{\"@type\":\"ImageObject\",\"inLanguage\":\"fr-FR\",\"@id\":\"https:\/\/cgh.com.pl\/fr\/reservoirs-de-gpl\/reservoirs-verticaux-de-gpl#primaryimage\",\"url\":\"https:\/\/cgh.com.pl\/wp-content\/uploads\/2023\/10\/IMG-20230502-WA0005.jpg\",\"contentUrl\":\"https:\/\/cgh.com.pl\/wp-content\/uploads\/2023\/10\/IMG-20230502-WA0005.jpg\"},{\"@type\":\"BreadcrumbList\",\"@id\":\"https:\/\/cgh.com.pl\/fr\/reservoirs-de-gpl\/reservoirs-verticaux-de-gpl#breadcrumb\",\"itemListElement\":[{\"@type\":\"ListItem\",\"position\":1,\"name\":\"Strona g\u0142\u00f3wna\",\"item\":\"https:\/\/cgh.com.pl\/fr\/\"},{\"@type\":\"ListItem\",\"position\":2,\"name\":\"R\u00e9servoirs de GPL\",\"item\":\"https:\/\/cgh.com.pl\/fr\/reservoirs-de-gpl\"},{\"@type\":\"ListItem\",\"position\":3,\"name\":\"R\u00e9servoirs verticaux de GPL\"}]},{\"@type\":\"WebSite\",\"@id\":\"https:\/\/cgh.com.pl\/fr\/#website\",\"url\":\"https:\/\/cgh.com.pl\/fr\/\",\"name\":\"CGH Group Sp. z o.o.\",\"description\":\"\",\"publisher\":{\"@id\":\"https:\/\/cgh.com.pl\/fr\/#organization\"},\"potentialAction\":[{\"@type\":\"SearchAction\",\"target\":{\"@type\":\"EntryPoint\",\"urlTemplate\":\"https:\/\/cgh.com.pl\/fr\/?s={search_term_string}\"},\"query-input\":{\"@type\":\"PropertyValueSpecification\",\"valueRequired\":true,\"valueName\":\"search_term_string\"}}],\"inLanguage\":\"fr-FR\"},{\"@type\":\"Organization\",\"@id\":\"https:\/\/cgh.com.pl\/fr\/#organization\",\"name\":\"CGH Group Sp. z o.o.\",\"url\":\"https:\/\/cgh.com.pl\/fr\/\",\"logo\":{\"@type\":\"ImageObject\",\"inLanguage\":\"fr-FR\",\"@id\":\"https:\/\/cgh.com.pl\/fr\/#\/schema\/logo\/image\/\",\"url\":\"https:\/\/cgh.com.pl\/fr\/wp-content\/uploads\/2023\/05\/logoCGH.png\",\"contentUrl\":\"https:\/\/cgh.com.pl\/fr\/wp-content\/uploads\/2023\/05\/logoCGH.png\",\"width\":449,\"height\":162,\"caption\":\"CGH Group Sp. z o.o.\"},\"image\":{\"@id\":\"https:\/\/cgh.com.pl\/fr\/#\/schema\/logo\/image\/\"}}]}<\/script>\n<!-- \/ Yoast SEO plugin. -->","yoast_head_json":{"title":"R\u00e9servoirs verticaux de GPL - CGH Group Sp. z o.o.","robots":{"index":"index","follow":"follow","max-snippet":"max-snippet:-1","max-image-preview":"max-image-preview:large","max-video-preview":"max-video-preview:-1"},"canonical":"https:\/\/cgh.com.pl\/fr\/reservoirs-de-gpl\/reservoirs-verticaux-de-gpl","og_locale":"fr_FR","og_type":"article","og_title":"R\u00e9servoirs verticaux de GPL - CGH Group Sp. z o.o.","og_description":"Utilisation pr\u00e9vue:CGH Poland propose des r\u00e9servoirs GPL hors sol destin\u00e9s aux stations-service, \u00e0 l&rsquo;industrie et au chauffage. S\u00e9curit\u00e9:Les r\u00e9servoirs GPL, fabriqu\u00e9s en acier au carbone, r\u00e9pondent aux exigences de s\u00e9curit\u00e9 pour le stockage du gaz propane-butane. Ils disposent d&rsquo;un agr\u00e9ment en cours de validit\u00e9 d\u00e9livr\u00e9 par un organisme notifi\u00e9.Les r\u00e9servoirs souterrains sont \u00e9quip\u00e9s d\u2019un trou [&hellip;]?","og_url":"https:\/\/cgh.com.pl\/fr\/reservoirs-de-gpl\/reservoirs-verticaux-de-gpl","og_site_name":"CGH Group Sp. z o.o.","article_modified_time":"2023-12-12T21:58:01+00:00","og_image":[{"url":"https:\/\/cgh.com.pl\/wp-content\/uploads\/2023\/10\/IMG-20230502-WA0005.jpg","type":"","width":"","height":""}],"twitter_card":"summary_large_image","twitter_misc":{"Dur\u00e9e de lecture estim\u00e9e":"2 minutes"},"schema":{"@context":"https:\/\/schema.org","@graph":[{"@type":"WebPage","@id":"https:\/\/cgh.com.pl\/fr\/reservoirs-de-gpl\/reservoirs-verticaux-de-gpl","url":"https:\/\/cgh.com.pl\/fr\/reservoirs-de-gpl\/reservoirs-verticaux-de-gpl","name":"R\u00e9servoirs verticaux de GPL - CGH Group Sp. z o.o.","isPartOf":{"@id":"https:\/\/cgh.com.pl\/fr\/#website"},"primaryImageOfPage":{"@id":"https:\/\/cgh.com.pl\/fr\/reservoirs-de-gpl\/reservoirs-verticaux-de-gpl#primaryimage"},"image":{"@id":"https:\/\/cgh.com.pl\/fr\/reservoirs-de-gpl\/reservoirs-verticaux-de-gpl#primaryimage"},"thumbnailUrl":"https:\/\/cgh.com.pl\/wp-content\/uploads\/2023\/10\/IMG-20230502-WA0005.jpg","datePublished":"2023-12-12T11:54:52+00:00","dateModified":"2023-12-12T21:58:01+00:00","breadcrumb":{"@id":"https:\/\/cgh.com.pl\/fr\/reservoirs-de-gpl\/reservoirs-verticaux-de-gpl#breadcrumb"},"inLanguage":"fr-FR","potentialAction":[{"@type":"ReadAction","target":["https:\/\/cgh.com.pl\/fr\/reservoirs-de-gpl\/reservoirs-verticaux-de-gpl"]}]},{"@type":"ImageObject","inLanguage":"fr-FR","@id":"https:\/\/cgh.com.pl\/fr\/reservoirs-de-gpl\/reservoirs-verticaux-de-gpl#primaryimage","url":"https:\/\/cgh.com.pl\/wp-content\/uploads\/2023\/10\/IMG-20230502-WA0005.jpg","contentUrl":"https:\/\/cgh.com.pl\/wp-content\/uploads\/2023\/10\/IMG-20230502-WA0005.jpg"},{"@type":"BreadcrumbList","@id":"https:\/\/cgh.com.pl\/fr\/reservoirs-de-gpl\/reservoirs-verticaux-de-gpl#breadcrumb","itemListElement":[{"@type":"ListItem","position":1,"name":"Strona g\u0142\u00f3wna","item":"https:\/\/cgh.com.pl\/fr\/"},{"@type":"ListItem","position":2,"name":"R\u00e9servoirs de GPL","item":"https:\/\/cgh.com.pl\/fr\/reservoirs-de-gpl"},{"@type":"ListItem","position":3,"name":"R\u00e9servoirs verticaux de GPL"}]},{"@type":"WebSite","@id":"https:\/\/cgh.com.pl\/fr\/#website","url":"https:\/\/cgh.com.pl\/fr\/","name":"CGH Group Sp. z o.o.","description":"","publisher":{"@id":"https:\/\/cgh.com.pl\/fr\/#organization"},"potentialAction":[{"@type":"SearchAction","target":{"@type":"EntryPoint","urlTemplate":"https:\/\/cgh.com.pl\/fr\/?s={search_term_string}"},"query-input":{"@type":"PropertyValueSpecification","valueRequired":true,"valueName":"search_term_string"}}],"inLanguage":"fr-FR"},{"@type":"Organization","@id":"https:\/\/cgh.com.pl\/fr\/#organization","name":"CGH Group Sp. z o.o.","url":"https:\/\/cgh.com.pl\/fr\/","logo":{"@type":"ImageObject","inLanguage":"fr-FR","@id":"https:\/\/cgh.com.pl\/fr\/#\/schema\/logo\/image\/","url":"https:\/\/cgh.com.pl\/fr\/wp-content\/uploads\/2023\/05\/logoCGH.png","contentUrl":"https:\/\/cgh.com.pl\/fr\/wp-content\/uploads\/2023\/05\/logoCGH.png","width":449,"height":162,"caption":"CGH Group Sp. z o.o."},"image":{"@id":"https:\/\/cgh.com.pl\/fr\/#\/schema\/logo\/image\/"}}]}},"_links":{"self":[{"href":"https:\/\/cgh.com.pl\/fr\/wp-json\/wp\/v2\/pages\/4913","targetHints":{"allow":["GET"]}}],"collection":[{"href":"https:\/\/cgh.com.pl\/fr\/wp-json\/wp\/v2\/pages"}],"about":[{"href":"https:\/\/cgh.com.pl\/fr\/wp-json\/wp\/v2\/types\/page"}],"author":[{"embeddable":true,"href":"https:\/\/cgh.com.pl\/fr\/wp-json\/wp\/v2\/users\/1"}],"replies":[{"embeddable":true,"href":"https:\/\/cgh.com.pl\/fr\/wp-json\/wp\/v2\/comments?post=4913"}],"version-history":[{"count":5,"href":"https:\/\/cgh.com.pl\/fr\/wp-json\/wp\/v2\/pages\/4913\/revisions"}],"predecessor-version":[{"id":4920,"href":"https:\/\/cgh.com.pl\/fr\/wp-json\/wp\/v2\/pages\/4913\/revisions\/4920"}],"up":[{"embeddable":true,"href":"https:\/\/cgh.com.pl\/fr\/wp-json\/wp\/v2\/pages\/15"}],"wp:attachment":[{"href":"https:\/\/cgh.com.pl\/fr\/wp-json\/wp\/v2\/media?parent=4913"}],"curies":[{"name":"wp","href":"https:\/\/api.w.org\/{rel}","templated":true}]}}