{"id":4930,"date":"2023-12-12T23:06:49","date_gmt":"2023-12-12T22:06:49","guid":{"rendered":"https:\/\/cgh.com.pl\/fr\/?page_id=4930"},"modified":"2023-12-12T23:06:49","modified_gmt":"2023-12-12T22:06:49","slug":"reservoirs-dhuile-de-pyrolyse","status":"publish","type":"page","link":"https:\/\/cgh.com.pl\/fr\/cuves-pour-lindustrie\/reservoirs-dhuile-de-pyrolyse","title":{"rendered":"R\u00e9servoirs d&rsquo;huile de pyrolyse"},"content":{"rendered":"\n<p>Exemple de mise en \u0153uvre<\/p>\n\n\n\n<ul class=\"wp-block-list\">\n<li>R\u00e9servoir souterrain, horizontal, \u00e0 double paroi en acier S235.<\/li>\n\n\n\n<li>Milieu : huile de pyrolyse<\/li>\n\n\n\n<li>Norme de performance : EN12285-1<\/li>\n\n\n\n<li>Pression de service : atmosph\u00e9rique<\/li>\n\n\n\n<li>Temp\u00e9rature de service: -20\u00b0C\/+50\u00b0C<\/li>\n\n\n\n<li>Adaptation du r\u00e9servoir \u00e0 un syst\u00e8me de d\u00e9tection de fuites \u00e0 sec. Le r\u00e9servoir prot\u00e9g\u00e9 ext\u00e9rieurement contre la corrosion par du polyur\u00e9thane.<\/li>\n<\/ul>\n\n\n\n<p>Une bande de 90 pieds de large au fond du r\u00e9servoir sert de protection suppl\u00e9mentaire contre la corrosion interne du fond du r\u00e9servoir et pour en faciliter le nettoyage.<br>La peinture est recommand\u00e9e en raison de la contamination accrue par les compos\u00e9s sulfur\u00e9s.<\/p>\n\n\n\n<div class=\"photos large\">\n<div class=\"first-zoom-photo\">\n<p style=\"text-align: center; font-size: 10px; margin-bottom:0;\"><img decoding=\"async\" data-src=\"https:\/\/cgh.com.pl\/wp-content\/uploads\/2021\/05\/zbiorniki-na-olej-pirolityczny.jpg\" alt=\"R\u00e9servoirs d'huile de pyrolyse\" src=\"data:image\/svg+xml;base64,PHN2ZyB3aWR0aD0iMSIgaGVpZ2h0PSIxIiB4bWxucz0iaHR0cDovL3d3dy53My5vcmcvMjAwMC9zdmciPjwvc3ZnPg==\" class=\"lazyload\"><\/p>\n\n<div><\/div>\n<\/div>\n<div>\n<p style=\"text-align: center; font-size: 10px; margin-bottom:0;\"><img decoding=\"async\" data-src=\"https:\/\/cgh.com.pl\/wp-content\/uploads\/2021\/05\/Zbiorniki-na-olej-pirolityczny-2.jpg\" alt=\"R\u00e9servoirs d'huile de pyrolyse\" src=\"data:image\/svg+xml;base64,PHN2ZyB3aWR0aD0iMSIgaGVpZ2h0PSIxIiB4bWxucz0iaHR0cDovL3d3dy53My5vcmcvMjAwMC9zdmciPjwvc3ZnPg==\" class=\"lazyload\"><\/p>\n\n<div><\/div>\n<\/div>\n\n<div class=\"pair\">\n\n\n<div><\/div>\n<div><\/div>\n<\/div>\n<\/div>\n\n\n\n<p><\/p>\n","protected":false},"excerpt":{"rendered":"<p>Exemple de mise en \u0153uvre Une bande de 90 pieds de large au fond du r\u00e9servoir sert de protection suppl\u00e9mentaire contre la corrosion interne du fond du r\u00e9servoir et pour en faciliter le nettoyage.La peinture est recommand\u00e9e en raison de la contamination accrue par les compos\u00e9s sulfur\u00e9s.<\/p>\n","protected":false},"author":1,"featured_media":0,"parent":17,"menu_order":0,"comment_status":"closed","ping_status":"closed","template":"page-products-with-second-menu.php","meta":{"_acf_changed":false,"footnotes":""},"class_list":["post-4930","page","type-page","status-publish","hentry"],"acf":[],"yoast_head":"<!-- This site is optimized with the Yoast SEO plugin v26.1.1 - https:\/\/yoast.com\/wordpress\/plugins\/seo\/ -->\n<title>R\u00e9servoirs d&#039;huile de pyrolyse - CGH Group Sp. z o.o.<\/title>\n<meta name=\"robots\" content=\"index, follow, max-snippet:-1, max-image-preview:large, max-video-preview:-1\" \/>\n<link rel=\"canonical\" href=\"https:\/\/cgh.com.pl\/fr\/cuves-pour-lindustrie\/reservoirs-dhuile-de-pyrolyse\" \/>\n<meta property=\"og:locale\" content=\"fr_FR\" \/>\n<meta property=\"og:type\" content=\"article\" \/>\n<meta property=\"og:title\" content=\"R\u00e9servoirs d&#039;huile de pyrolyse - CGH Group Sp. z o.o.\" \/>\n<meta property=\"og:description\" content=\"Exemple de mise en \u0153uvre Une bande de 90 pieds de large au fond du r\u00e9servoir sert de protection suppl\u00e9mentaire contre la corrosion interne du fond du r\u00e9servoir et pour en faciliter le nettoyage.La peinture est recommand\u00e9e en raison de la contamination accrue par les compos\u00e9s sulfur\u00e9s.\" \/>\n<meta property=\"og:url\" content=\"https:\/\/cgh.com.pl\/fr\/cuves-pour-lindustrie\/reservoirs-dhuile-de-pyrolyse\" \/>\n<meta property=\"og:site_name\" content=\"CGH Group Sp. z o.o.\" \/>\n<meta property=\"og:image\" content=\"https:\/\/cgh.com.pl\/wp-content\/uploads\/2021\/05\/zbiorniki-na-olej-pirolityczny.jpg\" \/>\n<meta name=\"twitter:card\" content=\"summary_large_image\" \/>\n<meta name=\"twitter:label1\" content=\"Dur\u00e9e de lecture estim\u00e9e\" \/>\n\t<meta name=\"twitter:data1\" content=\"1 minute\" \/>\n<script type=\"application\/ld+json\" class=\"yoast-schema-graph\">{\"@context\":\"https:\/\/schema.org\",\"@graph\":[{\"@type\":\"WebPage\",\"@id\":\"https:\/\/cgh.com.pl\/fr\/cuves-pour-lindustrie\/reservoirs-dhuile-de-pyrolyse\",\"url\":\"https:\/\/cgh.com.pl\/fr\/cuves-pour-lindustrie\/reservoirs-dhuile-de-pyrolyse\",\"name\":\"R\u00e9servoirs d'huile de pyrolyse - CGH Group Sp. z o.o.\",\"isPartOf\":{\"@id\":\"https:\/\/cgh.com.pl\/fr\/#website\"},\"primaryImageOfPage\":{\"@id\":\"https:\/\/cgh.com.pl\/fr\/cuves-pour-lindustrie\/reservoirs-dhuile-de-pyrolyse#primaryimage\"},\"image\":{\"@id\":\"https:\/\/cgh.com.pl\/fr\/cuves-pour-lindustrie\/reservoirs-dhuile-de-pyrolyse#primaryimage\"},\"thumbnailUrl\":\"https:\/\/cgh.com.pl\/wp-content\/uploads\/2021\/05\/zbiorniki-na-olej-pirolityczny.jpg\",\"datePublished\":\"2023-12-12T22:06:49+00:00\",\"breadcrumb\":{\"@id\":\"https:\/\/cgh.com.pl\/fr\/cuves-pour-lindustrie\/reservoirs-dhuile-de-pyrolyse#breadcrumb\"},\"inLanguage\":\"fr-FR\",\"potentialAction\":[{\"@type\":\"ReadAction\",\"target\":[\"https:\/\/cgh.com.pl\/fr\/cuves-pour-lindustrie\/reservoirs-dhuile-de-pyrolyse\"]}]},{\"@type\":\"ImageObject\",\"inLanguage\":\"fr-FR\",\"@id\":\"https:\/\/cgh.com.pl\/fr\/cuves-pour-lindustrie\/reservoirs-dhuile-de-pyrolyse#primaryimage\",\"url\":\"https:\/\/cgh.com.pl\/wp-content\/uploads\/2021\/05\/zbiorniki-na-olej-pirolityczny.jpg\",\"contentUrl\":\"https:\/\/cgh.com.pl\/wp-content\/uploads\/2021\/05\/zbiorniki-na-olej-pirolityczny.jpg\"},{\"@type\":\"BreadcrumbList\",\"@id\":\"https:\/\/cgh.com.pl\/fr\/cuves-pour-lindustrie\/reservoirs-dhuile-de-pyrolyse#breadcrumb\",\"itemListElement\":[{\"@type\":\"ListItem\",\"position\":1,\"name\":\"Strona g\u0142\u00f3wna\",\"item\":\"https:\/\/cgh.com.pl\/fr\/\"},{\"@type\":\"ListItem\",\"position\":2,\"name\":\"Cuves pour l\u2019industrie\",\"item\":\"https:\/\/cgh.com.pl\/fr\/cuves-pour-lindustrie\"},{\"@type\":\"ListItem\",\"position\":3,\"name\":\"R\u00e9servoirs d&#8217;huile de pyrolyse\"}]},{\"@type\":\"WebSite\",\"@id\":\"https:\/\/cgh.com.pl\/fr\/#website\",\"url\":\"https:\/\/cgh.com.pl\/fr\/\",\"name\":\"CGH Group Sp. z o.o.\",\"description\":\"\",\"publisher\":{\"@id\":\"https:\/\/cgh.com.pl\/fr\/#organization\"},\"potentialAction\":[{\"@type\":\"SearchAction\",\"target\":{\"@type\":\"EntryPoint\",\"urlTemplate\":\"https:\/\/cgh.com.pl\/fr\/?s={search_term_string}\"},\"query-input\":{\"@type\":\"PropertyValueSpecification\",\"valueRequired\":true,\"valueName\":\"search_term_string\"}}],\"inLanguage\":\"fr-FR\"},{\"@type\":\"Organization\",\"@id\":\"https:\/\/cgh.com.pl\/fr\/#organization\",\"name\":\"CGH Group Sp. z o.o.\",\"url\":\"https:\/\/cgh.com.pl\/fr\/\",\"logo\":{\"@type\":\"ImageObject\",\"inLanguage\":\"fr-FR\",\"@id\":\"https:\/\/cgh.com.pl\/fr\/#\/schema\/logo\/image\/\",\"url\":\"https:\/\/cgh.com.pl\/fr\/wp-content\/uploads\/2023\/05\/logoCGH.png\",\"contentUrl\":\"https:\/\/cgh.com.pl\/fr\/wp-content\/uploads\/2023\/05\/logoCGH.png\",\"width\":449,\"height\":162,\"caption\":\"CGH Group Sp. z o.o.\"},\"image\":{\"@id\":\"https:\/\/cgh.com.pl\/fr\/#\/schema\/logo\/image\/\"}}]}<\/script>\n<!-- \/ Yoast SEO plugin. -->","yoast_head_json":{"title":"R\u00e9servoirs d'huile de pyrolyse - CGH Group Sp. z o.o.","robots":{"index":"index","follow":"follow","max-snippet":"max-snippet:-1","max-image-preview":"max-image-preview:large","max-video-preview":"max-video-preview:-1"},"canonical":"https:\/\/cgh.com.pl\/fr\/cuves-pour-lindustrie\/reservoirs-dhuile-de-pyrolyse","og_locale":"fr_FR","og_type":"article","og_title":"R\u00e9servoirs d'huile de pyrolyse - CGH Group Sp. z o.o.","og_description":"Exemple de mise en \u0153uvre Une bande de 90 pieds de large au fond du r\u00e9servoir sert de protection suppl\u00e9mentaire contre la corrosion interne du fond du r\u00e9servoir et pour en faciliter le nettoyage.La peinture est recommand\u00e9e en raison de la contamination accrue par les compos\u00e9s sulfur\u00e9s.","og_url":"https:\/\/cgh.com.pl\/fr\/cuves-pour-lindustrie\/reservoirs-dhuile-de-pyrolyse","og_site_name":"CGH Group Sp. z o.o.","og_image":[{"url":"https:\/\/cgh.com.pl\/wp-content\/uploads\/2021\/05\/zbiorniki-na-olej-pirolityczny.jpg","type":"","width":"","height":""}],"twitter_card":"summary_large_image","twitter_misc":{"Dur\u00e9e de lecture estim\u00e9e":"1 minute"},"schema":{"@context":"https:\/\/schema.org","@graph":[{"@type":"WebPage","@id":"https:\/\/cgh.com.pl\/fr\/cuves-pour-lindustrie\/reservoirs-dhuile-de-pyrolyse","url":"https:\/\/cgh.com.pl\/fr\/cuves-pour-lindustrie\/reservoirs-dhuile-de-pyrolyse","name":"R\u00e9servoirs d'huile de pyrolyse - CGH Group Sp. z o.o.","isPartOf":{"@id":"https:\/\/cgh.com.pl\/fr\/#website"},"primaryImageOfPage":{"@id":"https:\/\/cgh.com.pl\/fr\/cuves-pour-lindustrie\/reservoirs-dhuile-de-pyrolyse#primaryimage"},"image":{"@id":"https:\/\/cgh.com.pl\/fr\/cuves-pour-lindustrie\/reservoirs-dhuile-de-pyrolyse#primaryimage"},"thumbnailUrl":"https:\/\/cgh.com.pl\/wp-content\/uploads\/2021\/05\/zbiorniki-na-olej-pirolityczny.jpg","datePublished":"2023-12-12T22:06:49+00:00","breadcrumb":{"@id":"https:\/\/cgh.com.pl\/fr\/cuves-pour-lindustrie\/reservoirs-dhuile-de-pyrolyse#breadcrumb"},"inLanguage":"fr-FR","potentialAction":[{"@type":"ReadAction","target":["https:\/\/cgh.com.pl\/fr\/cuves-pour-lindustrie\/reservoirs-dhuile-de-pyrolyse"]}]},{"@type":"ImageObject","inLanguage":"fr-FR","@id":"https:\/\/cgh.com.pl\/fr\/cuves-pour-lindustrie\/reservoirs-dhuile-de-pyrolyse#primaryimage","url":"https:\/\/cgh.com.pl\/wp-content\/uploads\/2021\/05\/zbiorniki-na-olej-pirolityczny.jpg","contentUrl":"https:\/\/cgh.com.pl\/wp-content\/uploads\/2021\/05\/zbiorniki-na-olej-pirolityczny.jpg"},{"@type":"BreadcrumbList","@id":"https:\/\/cgh.com.pl\/fr\/cuves-pour-lindustrie\/reservoirs-dhuile-de-pyrolyse#breadcrumb","itemListElement":[{"@type":"ListItem","position":1,"name":"Strona g\u0142\u00f3wna","item":"https:\/\/cgh.com.pl\/fr\/"},{"@type":"ListItem","position":2,"name":"Cuves pour l\u2019industrie","item":"https:\/\/cgh.com.pl\/fr\/cuves-pour-lindustrie"},{"@type":"ListItem","position":3,"name":"R\u00e9servoirs d&#8217;huile de pyrolyse"}]},{"@type":"WebSite","@id":"https:\/\/cgh.com.pl\/fr\/#website","url":"https:\/\/cgh.com.pl\/fr\/","name":"CGH Group Sp. z o.o.","description":"","publisher":{"@id":"https:\/\/cgh.com.pl\/fr\/#organization"},"potentialAction":[{"@type":"SearchAction","target":{"@type":"EntryPoint","urlTemplate":"https:\/\/cgh.com.pl\/fr\/?s={search_term_string}"},"query-input":{"@type":"PropertyValueSpecification","valueRequired":true,"valueName":"search_term_string"}}],"inLanguage":"fr-FR"},{"@type":"Organization","@id":"https:\/\/cgh.com.pl\/fr\/#organization","name":"CGH Group Sp. z o.o.","url":"https:\/\/cgh.com.pl\/fr\/","logo":{"@type":"ImageObject","inLanguage":"fr-FR","@id":"https:\/\/cgh.com.pl\/fr\/#\/schema\/logo\/image\/","url":"https:\/\/cgh.com.pl\/fr\/wp-content\/uploads\/2023\/05\/logoCGH.png","contentUrl":"https:\/\/cgh.com.pl\/fr\/wp-content\/uploads\/2023\/05\/logoCGH.png","width":449,"height":162,"caption":"CGH Group Sp. z o.o."},"image":{"@id":"https:\/\/cgh.com.pl\/fr\/#\/schema\/logo\/image\/"}}]}},"_links":{"self":[{"href":"https:\/\/cgh.com.pl\/fr\/wp-json\/wp\/v2\/pages\/4930","targetHints":{"allow":["GET"]}}],"collection":[{"href":"https:\/\/cgh.com.pl\/fr\/wp-json\/wp\/v2\/pages"}],"about":[{"href":"https:\/\/cgh.com.pl\/fr\/wp-json\/wp\/v2\/types\/page"}],"author":[{"embeddable":true,"href":"https:\/\/cgh.com.pl\/fr\/wp-json\/wp\/v2\/users\/1"}],"replies":[{"embeddable":true,"href":"https:\/\/cgh.com.pl\/fr\/wp-json\/wp\/v2\/comments?post=4930"}],"version-history":[{"count":1,"href":"https:\/\/cgh.com.pl\/fr\/wp-json\/wp\/v2\/pages\/4930\/revisions"}],"predecessor-version":[{"id":4931,"href":"https:\/\/cgh.com.pl\/fr\/wp-json\/wp\/v2\/pages\/4930\/revisions\/4931"}],"up":[{"embeddable":true,"href":"https:\/\/cgh.com.pl\/fr\/wp-json\/wp\/v2\/pages\/17"}],"wp:attachment":[{"href":"https:\/\/cgh.com.pl\/fr\/wp-json\/wp\/v2\/media?parent=4930"}],"curies":[{"name":"wp","href":"https:\/\/api.w.org\/{rel}","templated":true}]}}