{"id":500,"date":"2020-12-08T00:02:06","date_gmt":"2020-12-07T23:02:06","guid":{"rendered":"https:\/\/cgh.com.pl\/fr\/?page_id=500"},"modified":"2023-12-25T01:14:28","modified_gmt":"2023-12-25T00:14:28","slug":"speed-chassis-fondation-rapide","status":"publish","type":"page","link":"https:\/\/cgh.com.pl\/fr\/accessoires\/systemes-dancrage\/speed-chassis-fondation-rapide","title":{"rendered":"Speed chassis \u2013 fondation rapide"},"content":{"rendered":"\n<div class=\"wp-block-columns has-2-columns is-layout-flex wp-container-core-columns-is-layout-9d6595d7 wp-block-columns-is-layout-flex\">\n<div class=\"wp-block-column is-layout-flow wp-block-column-is-layout-flow\"><div class=\"wp-block-image\">\n<figure class=\"aligncenter\"><img decoding=\"async\" width=\"450\" height=\"338\" data-src=\"https:\/\/cgh.com.pl\/fr\/wp-content\/uploads\/2021\/06\/Speed-chassis-fast_foundation-1.jpg\" alt=\"Speed chassis\" class=\"wp-image-1818 img-fluid lazyload\" data-srcset=\"https:\/\/cgh.com.pl\/fr\/wp-content\/uploads\/2021\/06\/Speed-chassis-fast_foundation-1.jpg 450w, https:\/\/cgh.com.pl\/fr\/wp-content\/uploads\/2021\/06\/Speed-chassis-fast_foundation-1-300x225.jpg 300w\" data-sizes=\"(max-width: 450px) 100vw, 450px\" src=\"data:image\/svg+xml;base64,PHN2ZyB3aWR0aD0iMSIgaGVpZ2h0PSIxIiB4bWxucz0iaHR0cDovL3d3dy53My5vcmcvMjAwMC9zdmciPjwvc3ZnPg==\" style=\"--smush-placeholder-width: 450px; --smush-placeholder-aspect-ratio: 450\/338;\" \/><\/figure><\/div>\n\n\n<div class=\"wp-block-columns has-2-columns is-layout-flex wp-container-core-columns-is-layout-9d6595d7 wp-block-columns-is-layout-flex\">\n<div class=\"wp-block-column is-layout-flow wp-block-column-is-layout-flow\">\n<iframe data-src=\"https:\/\/www.youtube.com\/embed\/iUMmGpA4NXY\" frameborder=\"0\" allow=\"accelerometer; autoplay; clipboard-write; encrypted-media; gyroscope; picture-in-picture\" allowfullscreen=\"\" src=\"data:image\/svg+xml;base64,PHN2ZyB3aWR0aD0iMSIgaGVpZ2h0PSIxIiB4bWxucz0iaHR0cDovL3d3dy53My5vcmcvMjAwMC9zdmciPjwvc3ZnPg==\" class=\"lazyload\" data-load-mode=\"1\"><\/iframe>\n\n\n\n<p><\/p>\n<\/div>\n\n\n\n<div class=\"wp-block-column is-layout-flow wp-block-column-is-layout-flow\"><\/div>\n<\/div>\n<\/div>\n\n\n\n<div class=\"wp-block-column is-layout-flow wp-block-column-is-layout-flow\">\n<p><strong><strong>Informations sur le produit<\/strong><\/strong><\/p>\n\n\n\n<p>Speed chassis &#8211; Le fondement rapide est une solution unique utilis\u00e9e pour ancrer et installer de nouveaux r\u00e9servoirs souterrains dans une excavation. Le cadre de fondation, dont l&rsquo;armature est fabriqu\u00e9e en interne, est fix\u00e9 \u00e0 la citerne \u00e0 l&rsquo;aide d&rsquo;attaches standard. Cela permet de fonder la citerne directement du camion dans l&rsquo;excavation sur du b\u00e9ton B10 pr\u00e9par\u00e9 \u00e0 l&rsquo;avance ou sur un sol compact\u00e9, sans devoir travailler dans l&rsquo;excavation pendant le d\u00e9chargement. La cuve est contr\u00f4l\u00e9e par des c\u00e2bles depuis le sol. Ce n&rsquo;est qu&rsquo;apr\u00e8s la mise en place de l&rsquo;unit\u00e9 que le b\u00e9ton peut \u00eatre coul\u00e9 et compact\u00e9. Ce syst\u00e8me permet de gagner du temps et de travailler en toute s\u00e9curit\u00e9 ce qui contribue \u00e0 la r\u00e9duction des co\u00fbts.<\/p>\n\n\n<div class=\"wp-block-image\">\n<figure class=\"alignleft size-full\"><img decoding=\"async\" width=\"22\" height=\"21\" data-src=\"https:\/\/cgh.com.pl\/fr\/wp-content\/uploads\/2020\/12\/good.png\" alt=\"\" class=\"wp-image-558 img-fluid lazyload\" src=\"data:image\/svg+xml;base64,PHN2ZyB3aWR0aD0iMSIgaGVpZ2h0PSIxIiB4bWxucz0iaHR0cDovL3d3dy53My5vcmcvMjAwMC9zdmciPjwvc3ZnPg==\" style=\"--smush-placeholder-width: 22px; --smush-placeholder-aspect-ratio: 22\/21;\" \/><\/figure><\/div>\n\n\n<p><strong><strong>Avantages du dispositif<\/strong><\/strong><\/p>\n\n\n\n<ul class=\"wp-block-list\">\n<li>construction simple, tout assembl\u00e9 chez CGH Polska<\/li>\n\n\n\n<li>temps de travail court pour le remplissage des r\u00e9servoirs et le coulage du b\u00e9ton<\/li>\n\n\n\n<li>s\u00e9curit\u00e9 sur le site &#8211; l&rsquo;installateur n&rsquo;a pas besoin de travailler dans l&rsquo;excavation pendant la fondation de la citerne<\/li>\n<\/ul>\n\n\n\n<p>\u00e9conomies de co\u00fbts<\/p>\n\n\n<div class=\"wp-block-image\">\n<figure class=\"alignleft size-full\"><img decoding=\"async\" width=\"22\" height=\"22\" data-src=\"https:\/\/cgh.com.pl\/fr\/wp-content\/uploads\/2020\/12\/advantage.png\" alt=\"\" class=\"wp-image-559 img-fluid lazyload\" src=\"data:image\/svg+xml;base64,PHN2ZyB3aWR0aD0iMSIgaGVpZ2h0PSIxIiB4bWxucz0iaHR0cDovL3d3dy53My5vcmcvMjAwMC9zdmciPjwvc3ZnPg==\" style=\"--smush-placeholder-width: 22px; --smush-placeholder-aspect-ratio: 22\/22;\" \/><\/figure><\/div>\n\n\n<p><strong><strong>Informations techniques<\/strong><\/strong><\/p>\n\n\n\n<p>Le Speed chassis est un cadre compos\u00e9 de profil\u00e9s en I soud\u00e9s les uns aux autres dans une structure qui couvre tout le contour de la citerne. En outre, des barres nervur\u00e9es sont soud\u00e9es entre les profil\u00e9s qui forment avec le cadre l&rsquo;armature de la dalle en b\u00e9ton arm\u00e9. Des blocs sont \u00e9galement soud\u00e9s au cadre de fondation pour les boulons de fixation des bandes. Dans l&rsquo;usine de production, le r\u00e9servoir fini est plac\u00e9 sur le cadre et fix\u00e9 avec des attaches standard. Entre le r\u00e9servoir et le cadre, ainsi que sous les bandes, il y a des sous-couches en caoutchouc pour \u00e9viter d&rsquo;endommager l&rsquo;isolation du r\u00e9servoir.<\/p>\n\n\n\n<p>Notes et recommandations pour les travaux de terrassement<\/p>\n\n\n\n<p>Une \u00e9tude de sol est n\u00e9cessaire lors de la r\u00e9alisation d&rsquo;un projet de construction sp\u00e9cifique \u00e0 un site.<\/p>\n\n\n\n<p>Lors du remblayage des fondations, il convient d&rsquo;utiliser, dans la mesure du possible, la terre provenant de l&rsquo;excavation et de la r\u00e9partir en couches d&rsquo;une \u00e9paisseur d&rsquo;environ 0,3 m en la compactant soigneusement.<\/p>\n\n\n\n<p>Notes sur le travail du b\u00e9ton<\/p>\n\n\n\n<p>En raison de la formation de contraintes de retrait dans le b\u00e9ton, il est tr\u00e8s important d&rsquo;entretenir correctement le b\u00e9ton sur le chantier. La m\u00e9thode d&rsquo;entretien du b\u00e9ton doit \u00eatre \u00e9tablie avant le d\u00e9but du b\u00e9tonnage.<\/p>\n\n\n\n<p>Le m\u00e9lange de b\u00e9ton doit \u00eatre mis en place et compact\u00e9 de mani\u00e8re \u00e0 ne pas provoquer de s\u00e9gr\u00e9gation. Le compactage doit \u00eatre continu lors de la mise en place de chaque lot de b\u00e9ton.<\/p>\n\n\n\n<p>Hypoth\u00e8ses de calcul<\/p>\n\n\n\n<p>Il y a un sol porteur sous la fondation.<\/p>\n\n\n\n<p>Le remblayage du r\u00e9servoir sera effectu\u00e9 avec un sol non coh\u00e9sif, plac\u00e9 et compact\u00e9 en couches, d\u00e9finie comme \u03b3 =18 kN\/m3.<\/p>\n\n\n\n<p>La densit\u00e9 du b\u00e9ton dans la dalle de fondation a \u00e9t\u00e9 d\u00e9finie comme \u03b3 =22 kN\/m3 pour le calcul du d\u00e9placement du r\u00e9servoir.<\/p>\n\n\n\n<p>Les poids des r\u00e9servoirs ont \u00e9t\u00e9 adopt\u00e9s pour les calculs conform\u00e9ment aux fiches techniques de CGH Polska.<\/p>\n\n\n\n<p>Profondeur du vide sanitaire du r\u00e9servoir &#8211; 0,8 m (couche de sol au-dessus du r\u00e9servoir).<\/p>\n\n\n\n<p>La classe d&rsquo;exposition de la dalle de fondation a \u00e9t\u00e9 estim\u00e9 \u00e0 XC2, et le b\u00e9ton C16\/20 (B20) a \u00e9t\u00e9 adopt\u00e9 pour cette cat\u00e9gorie d&rsquo;exposition. Si les eaux souterraines sont plus agressives pour le b\u00e9ton que pour la cat\u00e9gorie XC2, la composition et la marque du m\u00e9lange de b\u00e9ton doivent \u00eatre modifi\u00e9es en cons\u00e9quence.<\/p>\n\n\n\n<p>hw &#8211; niveau de l&rsquo;eau sous le niveau du sol.<\/p>\n\n\n\n<p>Esquisse de fondation<\/p>\n<\/div>\n<\/div>\n","protected":false},"excerpt":{"rendered":"<p>Informations sur le produit Speed chassis &#8211; Le fondement rapide est une solution unique utilis\u00e9e pour ancrer et installer de nouveaux r\u00e9servoirs souterrains dans une excavation. Le cadre de fondation, dont l&rsquo;armature est fabriqu\u00e9e en interne, est fix\u00e9 \u00e0 la citerne \u00e0 l&rsquo;aide d&rsquo;attaches standard. Cela permet de fonder la citerne directement du camion dans [&hellip;]?<\/p>\n","protected":false},"author":1,"featured_media":0,"parent":498,"menu_order":0,"comment_status":"closed","ping_status":"closed","template":"page-products-with-second-menu.php","meta":{"_acf_changed":false,"footnotes":""},"class_list":["post-500","page","type-page","status-publish","hentry"],"acf":[],"yoast_head":"<!-- This site is optimized with the Yoast SEO plugin v26.1.1 - https:\/\/yoast.com\/wordpress\/plugins\/seo\/ -->\n<title>Speed chassis \u2013 fondation rapide - CGH Group Sp. z o.o.<\/title>\n<meta name=\"robots\" content=\"index, follow, max-snippet:-1, max-image-preview:large, max-video-preview:-1\" \/>\n<link rel=\"canonical\" href=\"https:\/\/cgh.com.pl\/fr\/accessoires\/systemes-dancrage\/speed-chassis-fondation-rapide\" \/>\n<meta property=\"og:locale\" content=\"fr_FR\" \/>\n<meta property=\"og:type\" content=\"article\" \/>\n<meta property=\"og:title\" content=\"Speed chassis \u2013 fondation rapide - CGH Group Sp. z o.o.\" \/>\n<meta property=\"og:description\" content=\"Informations sur le produit Speed chassis &#8211; Le fondement rapide est une solution unique utilis\u00e9e pour ancrer et installer de nouveaux r\u00e9servoirs souterrains dans une excavation. Le cadre de fondation, dont l&rsquo;armature est fabriqu\u00e9e en interne, est fix\u00e9 \u00e0 la citerne \u00e0 l&rsquo;aide d&rsquo;attaches standard. Cela permet de fonder la citerne directement du camion dans [&hellip;]?\" \/>\n<meta property=\"og:url\" content=\"https:\/\/cgh.com.pl\/fr\/accessoires\/systemes-dancrage\/speed-chassis-fondation-rapide\" \/>\n<meta property=\"og:site_name\" content=\"CGH Group Sp. z o.o.\" \/>\n<meta property=\"article:modified_time\" content=\"2023-12-25T00:14:28+00:00\" \/>\n<meta property=\"og:image\" content=\"https:\/\/cgh.com.pl\/fr\/wp-content\/uploads\/2021\/06\/Speed-chassis-fast_foundation-1.jpg\" \/>\n<meta name=\"twitter:card\" content=\"summary_large_image\" \/>\n<meta name=\"twitter:label1\" content=\"Dur\u00e9e de lecture estim\u00e9e\" \/>\n\t<meta name=\"twitter:data1\" content=\"5 minutes\" \/>\n<script type=\"application\/ld+json\" class=\"yoast-schema-graph\">{\"@context\":\"https:\/\/schema.org\",\"@graph\":[{\"@type\":\"WebPage\",\"@id\":\"https:\/\/cgh.com.pl\/fr\/accessoires\/systemes-dancrage\/speed-chassis-fondation-rapide\",\"url\":\"https:\/\/cgh.com.pl\/fr\/accessoires\/systemes-dancrage\/speed-chassis-fondation-rapide\",\"name\":\"Speed chassis \u2013 fondation rapide - CGH Group Sp. z o.o.\",\"isPartOf\":{\"@id\":\"https:\/\/cgh.com.pl\/fr\/#website\"},\"primaryImageOfPage\":{\"@id\":\"https:\/\/cgh.com.pl\/fr\/accessoires\/systemes-dancrage\/speed-chassis-fondation-rapide#primaryimage\"},\"image\":{\"@id\":\"https:\/\/cgh.com.pl\/fr\/accessoires\/systemes-dancrage\/speed-chassis-fondation-rapide#primaryimage\"},\"thumbnailUrl\":\"https:\/\/cgh.com.pl\/fr\/wp-content\/uploads\/2021\/06\/Speed-chassis-fast_foundation-1.jpg\",\"datePublished\":\"2020-12-07T23:02:06+00:00\",\"dateModified\":\"2023-12-25T00:14:28+00:00\",\"breadcrumb\":{\"@id\":\"https:\/\/cgh.com.pl\/fr\/accessoires\/systemes-dancrage\/speed-chassis-fondation-rapide#breadcrumb\"},\"inLanguage\":\"fr-FR\",\"potentialAction\":[{\"@type\":\"ReadAction\",\"target\":[\"https:\/\/cgh.com.pl\/fr\/accessoires\/systemes-dancrage\/speed-chassis-fondation-rapide\"]}]},{\"@type\":\"ImageObject\",\"inLanguage\":\"fr-FR\",\"@id\":\"https:\/\/cgh.com.pl\/fr\/accessoires\/systemes-dancrage\/speed-chassis-fondation-rapide#primaryimage\",\"url\":\"https:\/\/cgh.com.pl\/fr\/wp-content\/uploads\/2021\/06\/Speed-chassis-fast_foundation-1.jpg\",\"contentUrl\":\"https:\/\/cgh.com.pl\/fr\/wp-content\/uploads\/2021\/06\/Speed-chassis-fast_foundation-1.jpg\",\"width\":450,\"height\":338,\"caption\":\"Speed chassis fast foundation\"},{\"@type\":\"BreadcrumbList\",\"@id\":\"https:\/\/cgh.com.pl\/fr\/accessoires\/systemes-dancrage\/speed-chassis-fondation-rapide#breadcrumb\",\"itemListElement\":[{\"@type\":\"ListItem\",\"position\":1,\"name\":\"Strona g\u0142\u00f3wna\",\"item\":\"https:\/\/cgh.com.pl\/fr\/\"},{\"@type\":\"ListItem\",\"position\":2,\"name\":\"Accessoires\",\"item\":\"https:\/\/cgh.com.pl\/fr\/accessoires\"},{\"@type\":\"ListItem\",\"position\":3,\"name\":\"Syst\u00e8mes d&#8217;ancrage\",\"item\":\"https:\/\/cgh.com.pl\/fr\/accessoires\/systemes-dancrage\"},{\"@type\":\"ListItem\",\"position\":4,\"name\":\"Speed chassis \u2013 fondation rapide\"}]},{\"@type\":\"WebSite\",\"@id\":\"https:\/\/cgh.com.pl\/fr\/#website\",\"url\":\"https:\/\/cgh.com.pl\/fr\/\",\"name\":\"CGH Group Sp. z o.o.\",\"description\":\"\",\"publisher\":{\"@id\":\"https:\/\/cgh.com.pl\/fr\/#organization\"},\"potentialAction\":[{\"@type\":\"SearchAction\",\"target\":{\"@type\":\"EntryPoint\",\"urlTemplate\":\"https:\/\/cgh.com.pl\/fr\/?s={search_term_string}\"},\"query-input\":{\"@type\":\"PropertyValueSpecification\",\"valueRequired\":true,\"valueName\":\"search_term_string\"}}],\"inLanguage\":\"fr-FR\"},{\"@type\":\"Organization\",\"@id\":\"https:\/\/cgh.com.pl\/fr\/#organization\",\"name\":\"CGH Group Sp. z o.o.\",\"url\":\"https:\/\/cgh.com.pl\/fr\/\",\"logo\":{\"@type\":\"ImageObject\",\"inLanguage\":\"fr-FR\",\"@id\":\"https:\/\/cgh.com.pl\/fr\/#\/schema\/logo\/image\/\",\"url\":\"https:\/\/cgh.com.pl\/fr\/wp-content\/uploads\/2023\/05\/logoCGH.png\",\"contentUrl\":\"https:\/\/cgh.com.pl\/fr\/wp-content\/uploads\/2023\/05\/logoCGH.png\",\"width\":449,\"height\":162,\"caption\":\"CGH Group Sp. z o.o.\"},\"image\":{\"@id\":\"https:\/\/cgh.com.pl\/fr\/#\/schema\/logo\/image\/\"}}]}<\/script>\n<!-- \/ Yoast SEO plugin. -->","yoast_head_json":{"title":"Speed chassis \u2013 fondation rapide - CGH Group Sp. z o.o.","robots":{"index":"index","follow":"follow","max-snippet":"max-snippet:-1","max-image-preview":"max-image-preview:large","max-video-preview":"max-video-preview:-1"},"canonical":"https:\/\/cgh.com.pl\/fr\/accessoires\/systemes-dancrage\/speed-chassis-fondation-rapide","og_locale":"fr_FR","og_type":"article","og_title":"Speed chassis \u2013 fondation rapide - CGH Group Sp. z o.o.","og_description":"Informations sur le produit Speed chassis &#8211; Le fondement rapide est une solution unique utilis\u00e9e pour ancrer et installer de nouveaux r\u00e9servoirs souterrains dans une excavation. Le cadre de fondation, dont l&rsquo;armature est fabriqu\u00e9e en interne, est fix\u00e9 \u00e0 la citerne \u00e0 l&rsquo;aide d&rsquo;attaches standard. Cela permet de fonder la citerne directement du camion dans [&hellip;]?","og_url":"https:\/\/cgh.com.pl\/fr\/accessoires\/systemes-dancrage\/speed-chassis-fondation-rapide","og_site_name":"CGH Group Sp. z o.o.","article_modified_time":"2023-12-25T00:14:28+00:00","og_image":[{"url":"https:\/\/cgh.com.pl\/fr\/wp-content\/uploads\/2021\/06\/Speed-chassis-fast_foundation-1.jpg","type":"","width":"","height":""}],"twitter_card":"summary_large_image","twitter_misc":{"Dur\u00e9e de lecture estim\u00e9e":"5 minutes"},"schema":{"@context":"https:\/\/schema.org","@graph":[{"@type":"WebPage","@id":"https:\/\/cgh.com.pl\/fr\/accessoires\/systemes-dancrage\/speed-chassis-fondation-rapide","url":"https:\/\/cgh.com.pl\/fr\/accessoires\/systemes-dancrage\/speed-chassis-fondation-rapide","name":"Speed chassis \u2013 fondation rapide - CGH Group Sp. z o.o.","isPartOf":{"@id":"https:\/\/cgh.com.pl\/fr\/#website"},"primaryImageOfPage":{"@id":"https:\/\/cgh.com.pl\/fr\/accessoires\/systemes-dancrage\/speed-chassis-fondation-rapide#primaryimage"},"image":{"@id":"https:\/\/cgh.com.pl\/fr\/accessoires\/systemes-dancrage\/speed-chassis-fondation-rapide#primaryimage"},"thumbnailUrl":"https:\/\/cgh.com.pl\/fr\/wp-content\/uploads\/2021\/06\/Speed-chassis-fast_foundation-1.jpg","datePublished":"2020-12-07T23:02:06+00:00","dateModified":"2023-12-25T00:14:28+00:00","breadcrumb":{"@id":"https:\/\/cgh.com.pl\/fr\/accessoires\/systemes-dancrage\/speed-chassis-fondation-rapide#breadcrumb"},"inLanguage":"fr-FR","potentialAction":[{"@type":"ReadAction","target":["https:\/\/cgh.com.pl\/fr\/accessoires\/systemes-dancrage\/speed-chassis-fondation-rapide"]}]},{"@type":"ImageObject","inLanguage":"fr-FR","@id":"https:\/\/cgh.com.pl\/fr\/accessoires\/systemes-dancrage\/speed-chassis-fondation-rapide#primaryimage","url":"https:\/\/cgh.com.pl\/fr\/wp-content\/uploads\/2021\/06\/Speed-chassis-fast_foundation-1.jpg","contentUrl":"https:\/\/cgh.com.pl\/fr\/wp-content\/uploads\/2021\/06\/Speed-chassis-fast_foundation-1.jpg","width":450,"height":338,"caption":"Speed chassis fast foundation"},{"@type":"BreadcrumbList","@id":"https:\/\/cgh.com.pl\/fr\/accessoires\/systemes-dancrage\/speed-chassis-fondation-rapide#breadcrumb","itemListElement":[{"@type":"ListItem","position":1,"name":"Strona g\u0142\u00f3wna","item":"https:\/\/cgh.com.pl\/fr\/"},{"@type":"ListItem","position":2,"name":"Accessoires","item":"https:\/\/cgh.com.pl\/fr\/accessoires"},{"@type":"ListItem","position":3,"name":"Syst\u00e8mes d&#8217;ancrage","item":"https:\/\/cgh.com.pl\/fr\/accessoires\/systemes-dancrage"},{"@type":"ListItem","position":4,"name":"Speed chassis \u2013 fondation rapide"}]},{"@type":"WebSite","@id":"https:\/\/cgh.com.pl\/fr\/#website","url":"https:\/\/cgh.com.pl\/fr\/","name":"CGH Group Sp. z o.o.","description":"","publisher":{"@id":"https:\/\/cgh.com.pl\/fr\/#organization"},"potentialAction":[{"@type":"SearchAction","target":{"@type":"EntryPoint","urlTemplate":"https:\/\/cgh.com.pl\/fr\/?s={search_term_string}"},"query-input":{"@type":"PropertyValueSpecification","valueRequired":true,"valueName":"search_term_string"}}],"inLanguage":"fr-FR"},{"@type":"Organization","@id":"https:\/\/cgh.com.pl\/fr\/#organization","name":"CGH Group Sp. z o.o.","url":"https:\/\/cgh.com.pl\/fr\/","logo":{"@type":"ImageObject","inLanguage":"fr-FR","@id":"https:\/\/cgh.com.pl\/fr\/#\/schema\/logo\/image\/","url":"https:\/\/cgh.com.pl\/fr\/wp-content\/uploads\/2023\/05\/logoCGH.png","contentUrl":"https:\/\/cgh.com.pl\/fr\/wp-content\/uploads\/2023\/05\/logoCGH.png","width":449,"height":162,"caption":"CGH Group Sp. z o.o."},"image":{"@id":"https:\/\/cgh.com.pl\/fr\/#\/schema\/logo\/image\/"}}]}},"_links":{"self":[{"href":"https:\/\/cgh.com.pl\/fr\/wp-json\/wp\/v2\/pages\/500","targetHints":{"allow":["GET"]}}],"collection":[{"href":"https:\/\/cgh.com.pl\/fr\/wp-json\/wp\/v2\/pages"}],"about":[{"href":"https:\/\/cgh.com.pl\/fr\/wp-json\/wp\/v2\/types\/page"}],"author":[{"embeddable":true,"href":"https:\/\/cgh.com.pl\/fr\/wp-json\/wp\/v2\/users\/1"}],"replies":[{"embeddable":true,"href":"https:\/\/cgh.com.pl\/fr\/wp-json\/wp\/v2\/comments?post=500"}],"version-history":[{"count":10,"href":"https:\/\/cgh.com.pl\/fr\/wp-json\/wp\/v2\/pages\/500\/revisions"}],"predecessor-version":[{"id":5200,"href":"https:\/\/cgh.com.pl\/fr\/wp-json\/wp\/v2\/pages\/500\/revisions\/5200"}],"up":[{"embeddable":true,"href":"https:\/\/cgh.com.pl\/fr\/wp-json\/wp\/v2\/pages\/498"}],"wp:attachment":[{"href":"https:\/\/cgh.com.pl\/fr\/wp-json\/wp\/v2\/media?parent=500"}],"curies":[{"name":"wp","href":"https:\/\/api.w.org\/{rel}","templated":true}]}}