{"id":504,"date":"2020-12-08T00:06:59","date_gmt":"2020-12-07T23:06:59","guid":{"rendered":"https:\/\/cgh.com.pl\/fr\/?page_id=504"},"modified":"2023-12-25T01:15:04","modified_gmt":"2023-12-25T00:15:04","slug":"attaches-dancrage","status":"publish","type":"page","link":"https:\/\/cgh.com.pl\/fr\/accessoires\/systemes-dancrage\/attaches-dancrage","title":{"rendered":"Attaches d&rsquo;ancrage"},"content":{"rendered":"\n<div class=\"wp-block-columns has-2-columns is-layout-flex wp-container-core-columns-is-layout-9d6595d7 wp-block-columns-is-layout-flex\">\n<div class=\"wp-block-column is-layout-flow wp-block-column-is-layout-flow\"><div class=\"wp-block-image\">\n<figure class=\"aligncenter is-resized\"><img decoding=\"async\" width=\"350\" height=\"621\" data-src=\"https:\/\/cgh.com.pl\/fr\/wp-content\/uploads\/2021\/06\/Anchor-bands.png\" alt=\"Attaches d'ancrage\" class=\"wp-image-1823 img-fluid lazyload\" style=\"--smush-placeholder-width: 350px; --smush-placeholder-aspect-ratio: 350\/621;width:175px;height:311px\" data-srcset=\"https:\/\/cgh.com.pl\/fr\/wp-content\/uploads\/2021\/06\/Anchor-bands.png 350w, https:\/\/cgh.com.pl\/fr\/wp-content\/uploads\/2021\/06\/Anchor-bands-169x300.png 169w\" data-sizes=\"(max-width: 350px) 100vw, 350px\" src=\"data:image\/svg+xml;base64,PHN2ZyB3aWR0aD0iMSIgaGVpZ2h0PSIxIiB4bWxucz0iaHR0cDovL3d3dy53My5vcmcvMjAwMC9zdmciPjwvc3ZnPg==\" \/><\/figure><\/div>\n\n\n<div class=\"photos\">\n<div class=\"first-zoom-photo\"><img decoding=\"async\" data-src=\"https:\/\/cgh.com.pl\/fr\/wp-content\/uploads\/2021\/06\/Anchor_bands.jpg\" alt=\"Attaches d'ancrage\" src=\"data:image\/svg+xml;base64,PHN2ZyB3aWR0aD0iMSIgaGVpZ2h0PSIxIiB4bWxucz0iaHR0cDovL3d3dy53My5vcmcvMjAwMC9zdmciPjwvc3ZnPg==\" class=\"lazyload\" style=\"--smush-placeholder-width: 800px; --smush-placeholder-aspect-ratio: 800\/600;\"><div><\/div>\n<\/div>\n<div class=\"pair\"><img decoding=\"async\" data-src=\"https:\/\/cgh.com.pl\/fr\/wp-content\/uploads\/2021\/06\/Anchor.png\" alt=\"Attaches d'ancrage\" src=\"data:image\/svg+xml;base64,PHN2ZyB3aWR0aD0iMSIgaGVpZ2h0PSIxIiB4bWxucz0iaHR0cDovL3d3dy53My5vcmcvMjAwMC9zdmciPjwvc3ZnPg==\" class=\"lazyload\" style=\"--smush-placeholder-width: 454px; --smush-placeholder-aspect-ratio: 454\/422;\"><div><\/div>\n<div><\/div>\n<\/div>\n<\/div>\n<\/div>\n\n\n\n<div class=\"wp-block-column is-layout-flow wp-block-column-is-layout-flow\">\n<p><strong><strong><strong><strong>Informations sur le produit<\/strong><\/strong><\/strong><\/strong><\/p>\n\n\n\n<p>Les attaches d&rsquo;ancrage prot\u00e8gent le r\u00e9servoir contre le d\u00e9placement par les eaux souterraines et servent donc \u00e0 fixer le r\u00e9servoir dans le sol.<\/p>\n\n\n\n<p>Les ancrages doivent \u00eatre b\u00e9tonn\u00e9s dans la dalle de b\u00e9ton arm\u00e9 de la fondation avant l&rsquo;installation du r\u00e9servoir. Une fois la fondation en place, des colliers en acier doivent \u00eatre fix\u00e9s et serr\u00e9s sur les ancrages.<\/p>\n\n\n\n<p>La surface isolante du r\u00e9servoir est prot\u00e9g\u00e9e par des tampons en caoutchouc utilis\u00e9s entre les bandes et le r\u00e9servoir. Tous les composants en acier sont prot\u00e9g\u00e9s contre la corrosion par galvanisation \u00e0 chaud.<\/p>\n\n\n\n<p>L&rsquo;espacement des attaches d\u00e9pend de la taille et de la conception du r\u00e9servoir (nombre de trous d&rsquo;homme, taille des chambres). Le nombre de bandes d\u00e9pend de la taille du r\u00e9servoir.<\/p>\n\n\n\n<div class=\"wp-block-image\"><figure class=\"alignleft\"><img decoding=\"async\" data-src=\"https:\/\/cgh.com.pl\/fr\/wp-content\/uploads\/2020\/12\/good.png\" alt=\"good\" class=\"wp-image-2828 img-fluid lazyload\" src=\"data:image\/svg+xml;base64,PHN2ZyB3aWR0aD0iMSIgaGVpZ2h0PSIxIiB4bWxucz0iaHR0cDovL3d3dy53My5vcmcvMjAwMC9zdmciPjwvc3ZnPg==\" style=\"--smush-placeholder-width: 22px; --smush-placeholder-aspect-ratio: 22\/21;\"><\/figure><\/div><p>&nbsp; <strong> Avantages du dispositif<\/strong><\/p>\n\n\n\n<ul class=\"wp-block-list\">\n<li>Fixation rapide et efficace du r\u00e9servoir \u00e0 la fondation<\/li>\n\n\n\n<li>Facile \u00e0 installer, le kit d&rsquo;ancrage est envoy\u00e9 par CGH pour \u00eatre assembl\u00e9 sur place avant la livraison du r\u00e9servoir.<\/li>\n\n\n\n<li>L&rsquo;ensemble du syst\u00e8me est prot\u00e9g\u00e9 contre la corrosion par galvanisation<\/li>\n<\/ul>\n\n\n\n<div class=\"wp-block-image\"><figure class=\"alignleft\"><img decoding=\"async\" data-src=\"https:\/\/cgh.com.pl\/fr\/wp-content\/uploads\/2020\/12\/advantage.png\" alt=\"advantage\" class=\"wp-image-2827 img-fluid lazyload\" src=\"data:image\/svg+xml;base64,PHN2ZyB3aWR0aD0iMSIgaGVpZ2h0PSIxIiB4bWxucz0iaHR0cDovL3d3dy53My5vcmcvMjAwMC9zdmciPjwvc3ZnPg==\" style=\"--smush-placeholder-width: 22px; --smush-placeholder-aspect-ratio: 22\/22;\"><\/figure><\/div><p><strong>Informations techniques<\/strong><\/p>\n\n\n\n<p>Le kit du syst\u00e8me d&rsquo;ancrage comprend<\/p>\n\n\n\n<p>The anchoring system consists of:<\/p>\n\n\n\n<ul class=\"wp-block-list\">\n<li>Pince en acier pour le syst\u00e8me d&rsquo;ancrage<\/li>\n\n\n\n<li>Coussin en caoutchouc<\/li>\n\n\n\n<li>Tige filet\u00e9e M24<\/li>\n\n\n\n<li>Plaque d&rsquo;ancrage avec trou pour tige filet\u00e9e<\/li>\n\n\n\n<li>Ecrous, rondelles\n<ul class=\"wp-block-list\">\n<li>Entre le r\u00e9servoir et la fondation, appliquez un isolant bitumineux ou autre d&rsquo;une \u00e9paisseur minimale de 10 mm. 10 mm.<\/li>\n<\/ul>\n<\/li>\n\n\n\n<li>Utilisez l&rsquo;entretoise en caoutchouc fournie avec la bande entre la bande et le r\u00e9servoir.<\/li>\n\n\n\n<li>Les calculs de r\u00e9sistance statique pour l&rsquo;ancrage des citernes ont \u00e9t\u00e9 effectu\u00e9s avec les hypoth\u00e8ses suivantes:\n<ul class=\"wp-block-list\">\n<li>niveau de l&rsquo;eau \u00e9gal au niveau du sol<\/li>\n\n\n\n<li>facteur de s\u00e9curit\u00e9 pour le d\u00e9placement de l&rsquo;eau 1.3.<\/li>\n\n\n\n<li>densit\u00e9 apparente du sol -18 kN\/m3<\/li>\n\n\n\n<li>poids volumique du b\u00e9ton B20 &#8211; 22 kN\/m3<\/li>\n\n\n\n<li>rampe minimale &#8211; . 800 mm<\/li>\n<\/ul>\n<\/li>\n<\/ul>\n\n\n\n<p><strong>Note:<\/strong> Les hypoth\u00e8ses pr\u00e9sent\u00e9es ne vous dispensent pas d&rsquo;effectuer les calculs des fondations et des forces de flottabilit\u00e9 en fonction des conditions locales du sol.<\/p>\n<\/div>\n<\/div>\n","protected":false},"excerpt":{"rendered":"<p>Informations sur le produit Les attaches d&rsquo;ancrage prot\u00e8gent le r\u00e9servoir contre le d\u00e9placement par les eaux souterraines et servent donc \u00e0 fixer le r\u00e9servoir dans le sol. Les ancrages doivent \u00eatre b\u00e9tonn\u00e9s dans la dalle de b\u00e9ton arm\u00e9 de la fondation avant l&rsquo;installation du r\u00e9servoir. Une fois la fondation en place, des colliers en acier [&hellip;]?<\/p>\n","protected":false},"author":1,"featured_media":0,"parent":498,"menu_order":0,"comment_status":"closed","ping_status":"closed","template":"page-products-with-second-menu.php","meta":{"_acf_changed":false,"footnotes":""},"class_list":["post-504","page","type-page","status-publish","hentry"],"acf":[],"yoast_head":"<!-- This site is optimized with the Yoast SEO plugin v26.1.1 - https:\/\/yoast.com\/wordpress\/plugins\/seo\/ -->\n<title>Attaches d&#039;ancrage - CGH Group Sp. z o.o.<\/title>\n<meta name=\"robots\" content=\"index, follow, max-snippet:-1, max-image-preview:large, max-video-preview:-1\" \/>\n<link rel=\"canonical\" href=\"https:\/\/cgh.com.pl\/fr\/accessoires\/systemes-dancrage\/attaches-dancrage\" \/>\n<meta property=\"og:locale\" content=\"fr_FR\" \/>\n<meta property=\"og:type\" content=\"article\" \/>\n<meta property=\"og:title\" content=\"Attaches d&#039;ancrage - CGH Group Sp. z o.o.\" \/>\n<meta property=\"og:description\" content=\"Informations sur le produit Les attaches d&rsquo;ancrage prot\u00e8gent le r\u00e9servoir contre le d\u00e9placement par les eaux souterraines et servent donc \u00e0 fixer le r\u00e9servoir dans le sol. Les ancrages doivent \u00eatre b\u00e9tonn\u00e9s dans la dalle de b\u00e9ton arm\u00e9 de la fondation avant l&rsquo;installation du r\u00e9servoir. Une fois la fondation en place, des colliers en acier [&hellip;]?\" \/>\n<meta property=\"og:url\" content=\"https:\/\/cgh.com.pl\/fr\/accessoires\/systemes-dancrage\/attaches-dancrage\" \/>\n<meta property=\"og:site_name\" content=\"CGH Group Sp. z o.o.\" \/>\n<meta property=\"article:modified_time\" content=\"2023-12-25T00:15:04+00:00\" \/>\n<meta property=\"og:image\" content=\"https:\/\/cgh.com.pl\/fr\/wp-content\/uploads\/2021\/06\/Anchor-bands.png\" \/>\n<meta name=\"twitter:card\" content=\"summary_large_image\" \/>\n<meta name=\"twitter:label1\" content=\"Dur\u00e9e de lecture estim\u00e9e\" \/>\n\t<meta name=\"twitter:data1\" content=\"3 minutes\" \/>\n<script type=\"application\/ld+json\" class=\"yoast-schema-graph\">{\"@context\":\"https:\/\/schema.org\",\"@graph\":[{\"@type\":\"WebPage\",\"@id\":\"https:\/\/cgh.com.pl\/fr\/accessoires\/systemes-dancrage\/attaches-dancrage\",\"url\":\"https:\/\/cgh.com.pl\/fr\/accessoires\/systemes-dancrage\/attaches-dancrage\",\"name\":\"Attaches d'ancrage - CGH Group Sp. z o.o.\",\"isPartOf\":{\"@id\":\"https:\/\/cgh.com.pl\/fr\/#website\"},\"primaryImageOfPage\":{\"@id\":\"https:\/\/cgh.com.pl\/fr\/accessoires\/systemes-dancrage\/attaches-dancrage#primaryimage\"},\"image\":{\"@id\":\"https:\/\/cgh.com.pl\/fr\/accessoires\/systemes-dancrage\/attaches-dancrage#primaryimage\"},\"thumbnailUrl\":\"https:\/\/cgh.com.pl\/fr\/wp-content\/uploads\/2021\/06\/Anchor-bands.png\",\"datePublished\":\"2020-12-07T23:06:59+00:00\",\"dateModified\":\"2023-12-25T00:15:04+00:00\",\"breadcrumb\":{\"@id\":\"https:\/\/cgh.com.pl\/fr\/accessoires\/systemes-dancrage\/attaches-dancrage#breadcrumb\"},\"inLanguage\":\"fr-FR\",\"potentialAction\":[{\"@type\":\"ReadAction\",\"target\":[\"https:\/\/cgh.com.pl\/fr\/accessoires\/systemes-dancrage\/attaches-dancrage\"]}]},{\"@type\":\"ImageObject\",\"inLanguage\":\"fr-FR\",\"@id\":\"https:\/\/cgh.com.pl\/fr\/accessoires\/systemes-dancrage\/attaches-dancrage#primaryimage\",\"url\":\"https:\/\/cgh.com.pl\/fr\/wp-content\/uploads\/2021\/06\/Anchor-bands.png\",\"contentUrl\":\"https:\/\/cgh.com.pl\/fr\/wp-content\/uploads\/2021\/06\/Anchor-bands.png\",\"width\":350,\"height\":621,\"caption\":\"Anchor bands\"},{\"@type\":\"BreadcrumbList\",\"@id\":\"https:\/\/cgh.com.pl\/fr\/accessoires\/systemes-dancrage\/attaches-dancrage#breadcrumb\",\"itemListElement\":[{\"@type\":\"ListItem\",\"position\":1,\"name\":\"Strona g\u0142\u00f3wna\",\"item\":\"https:\/\/cgh.com.pl\/fr\/\"},{\"@type\":\"ListItem\",\"position\":2,\"name\":\"Accessoires\",\"item\":\"https:\/\/cgh.com.pl\/fr\/accessoires\"},{\"@type\":\"ListItem\",\"position\":3,\"name\":\"Syst\u00e8mes d&#8217;ancrage\",\"item\":\"https:\/\/cgh.com.pl\/fr\/accessoires\/systemes-dancrage\"},{\"@type\":\"ListItem\",\"position\":4,\"name\":\"Attaches d&#8217;ancrage\"}]},{\"@type\":\"WebSite\",\"@id\":\"https:\/\/cgh.com.pl\/fr\/#website\",\"url\":\"https:\/\/cgh.com.pl\/fr\/\",\"name\":\"CGH Group Sp. z o.o.\",\"description\":\"\",\"publisher\":{\"@id\":\"https:\/\/cgh.com.pl\/fr\/#organization\"},\"potentialAction\":[{\"@type\":\"SearchAction\",\"target\":{\"@type\":\"EntryPoint\",\"urlTemplate\":\"https:\/\/cgh.com.pl\/fr\/?s={search_term_string}\"},\"query-input\":{\"@type\":\"PropertyValueSpecification\",\"valueRequired\":true,\"valueName\":\"search_term_string\"}}],\"inLanguage\":\"fr-FR\"},{\"@type\":\"Organization\",\"@id\":\"https:\/\/cgh.com.pl\/fr\/#organization\",\"name\":\"CGH Group Sp. z o.o.\",\"url\":\"https:\/\/cgh.com.pl\/fr\/\",\"logo\":{\"@type\":\"ImageObject\",\"inLanguage\":\"fr-FR\",\"@id\":\"https:\/\/cgh.com.pl\/fr\/#\/schema\/logo\/image\/\",\"url\":\"https:\/\/cgh.com.pl\/fr\/wp-content\/uploads\/2023\/05\/logoCGH.png\",\"contentUrl\":\"https:\/\/cgh.com.pl\/fr\/wp-content\/uploads\/2023\/05\/logoCGH.png\",\"width\":449,\"height\":162,\"caption\":\"CGH Group Sp. z o.o.\"},\"image\":{\"@id\":\"https:\/\/cgh.com.pl\/fr\/#\/schema\/logo\/image\/\"}}]}<\/script>\n<!-- \/ Yoast SEO plugin. -->","yoast_head_json":{"title":"Attaches d'ancrage - CGH Group Sp. z o.o.","robots":{"index":"index","follow":"follow","max-snippet":"max-snippet:-1","max-image-preview":"max-image-preview:large","max-video-preview":"max-video-preview:-1"},"canonical":"https:\/\/cgh.com.pl\/fr\/accessoires\/systemes-dancrage\/attaches-dancrage","og_locale":"fr_FR","og_type":"article","og_title":"Attaches d'ancrage - CGH Group Sp. z o.o.","og_description":"Informations sur le produit Les attaches d&rsquo;ancrage prot\u00e8gent le r\u00e9servoir contre le d\u00e9placement par les eaux souterraines et servent donc \u00e0 fixer le r\u00e9servoir dans le sol. Les ancrages doivent \u00eatre b\u00e9tonn\u00e9s dans la dalle de b\u00e9ton arm\u00e9 de la fondation avant l&rsquo;installation du r\u00e9servoir. Une fois la fondation en place, des colliers en acier [&hellip;]?","og_url":"https:\/\/cgh.com.pl\/fr\/accessoires\/systemes-dancrage\/attaches-dancrage","og_site_name":"CGH Group Sp. z o.o.","article_modified_time":"2023-12-25T00:15:04+00:00","og_image":[{"url":"https:\/\/cgh.com.pl\/fr\/wp-content\/uploads\/2021\/06\/Anchor-bands.png","type":"","width":"","height":""}],"twitter_card":"summary_large_image","twitter_misc":{"Dur\u00e9e de lecture estim\u00e9e":"3 minutes"},"schema":{"@context":"https:\/\/schema.org","@graph":[{"@type":"WebPage","@id":"https:\/\/cgh.com.pl\/fr\/accessoires\/systemes-dancrage\/attaches-dancrage","url":"https:\/\/cgh.com.pl\/fr\/accessoires\/systemes-dancrage\/attaches-dancrage","name":"Attaches d'ancrage - CGH Group Sp. z o.o.","isPartOf":{"@id":"https:\/\/cgh.com.pl\/fr\/#website"},"primaryImageOfPage":{"@id":"https:\/\/cgh.com.pl\/fr\/accessoires\/systemes-dancrage\/attaches-dancrage#primaryimage"},"image":{"@id":"https:\/\/cgh.com.pl\/fr\/accessoires\/systemes-dancrage\/attaches-dancrage#primaryimage"},"thumbnailUrl":"https:\/\/cgh.com.pl\/fr\/wp-content\/uploads\/2021\/06\/Anchor-bands.png","datePublished":"2020-12-07T23:06:59+00:00","dateModified":"2023-12-25T00:15:04+00:00","breadcrumb":{"@id":"https:\/\/cgh.com.pl\/fr\/accessoires\/systemes-dancrage\/attaches-dancrage#breadcrumb"},"inLanguage":"fr-FR","potentialAction":[{"@type":"ReadAction","target":["https:\/\/cgh.com.pl\/fr\/accessoires\/systemes-dancrage\/attaches-dancrage"]}]},{"@type":"ImageObject","inLanguage":"fr-FR","@id":"https:\/\/cgh.com.pl\/fr\/accessoires\/systemes-dancrage\/attaches-dancrage#primaryimage","url":"https:\/\/cgh.com.pl\/fr\/wp-content\/uploads\/2021\/06\/Anchor-bands.png","contentUrl":"https:\/\/cgh.com.pl\/fr\/wp-content\/uploads\/2021\/06\/Anchor-bands.png","width":350,"height":621,"caption":"Anchor bands"},{"@type":"BreadcrumbList","@id":"https:\/\/cgh.com.pl\/fr\/accessoires\/systemes-dancrage\/attaches-dancrage#breadcrumb","itemListElement":[{"@type":"ListItem","position":1,"name":"Strona g\u0142\u00f3wna","item":"https:\/\/cgh.com.pl\/fr\/"},{"@type":"ListItem","position":2,"name":"Accessoires","item":"https:\/\/cgh.com.pl\/fr\/accessoires"},{"@type":"ListItem","position":3,"name":"Syst\u00e8mes d&#8217;ancrage","item":"https:\/\/cgh.com.pl\/fr\/accessoires\/systemes-dancrage"},{"@type":"ListItem","position":4,"name":"Attaches d&#8217;ancrage"}]},{"@type":"WebSite","@id":"https:\/\/cgh.com.pl\/fr\/#website","url":"https:\/\/cgh.com.pl\/fr\/","name":"CGH Group Sp. z o.o.","description":"","publisher":{"@id":"https:\/\/cgh.com.pl\/fr\/#organization"},"potentialAction":[{"@type":"SearchAction","target":{"@type":"EntryPoint","urlTemplate":"https:\/\/cgh.com.pl\/fr\/?s={search_term_string}"},"query-input":{"@type":"PropertyValueSpecification","valueRequired":true,"valueName":"search_term_string"}}],"inLanguage":"fr-FR"},{"@type":"Organization","@id":"https:\/\/cgh.com.pl\/fr\/#organization","name":"CGH Group Sp. z o.o.","url":"https:\/\/cgh.com.pl\/fr\/","logo":{"@type":"ImageObject","inLanguage":"fr-FR","@id":"https:\/\/cgh.com.pl\/fr\/#\/schema\/logo\/image\/","url":"https:\/\/cgh.com.pl\/fr\/wp-content\/uploads\/2023\/05\/logoCGH.png","contentUrl":"https:\/\/cgh.com.pl\/fr\/wp-content\/uploads\/2023\/05\/logoCGH.png","width":449,"height":162,"caption":"CGH Group Sp. z o.o."},"image":{"@id":"https:\/\/cgh.com.pl\/fr\/#\/schema\/logo\/image\/"}}]}},"_links":{"self":[{"href":"https:\/\/cgh.com.pl\/fr\/wp-json\/wp\/v2\/pages\/504","targetHints":{"allow":["GET"]}}],"collection":[{"href":"https:\/\/cgh.com.pl\/fr\/wp-json\/wp\/v2\/pages"}],"about":[{"href":"https:\/\/cgh.com.pl\/fr\/wp-json\/wp\/v2\/types\/page"}],"author":[{"embeddable":true,"href":"https:\/\/cgh.com.pl\/fr\/wp-json\/wp\/v2\/users\/1"}],"replies":[{"embeddable":true,"href":"https:\/\/cgh.com.pl\/fr\/wp-json\/wp\/v2\/comments?post=504"}],"version-history":[{"count":14,"href":"https:\/\/cgh.com.pl\/fr\/wp-json\/wp\/v2\/pages\/504\/revisions"}],"predecessor-version":[{"id":5202,"href":"https:\/\/cgh.com.pl\/fr\/wp-json\/wp\/v2\/pages\/504\/revisions\/5202"}],"up":[{"embeddable":true,"href":"https:\/\/cgh.com.pl\/fr\/wp-json\/wp\/v2\/pages\/498"}],"wp:attachment":[{"href":"https:\/\/cgh.com.pl\/fr\/wp-json\/wp\/v2\/media?parent=504"}],"curies":[{"name":"wp","href":"https:\/\/api.w.org\/{rel}","templated":true}]}}