{"id":506,"date":"2020-12-08T00:09:16","date_gmt":"2020-12-07T23:09:16","guid":{"rendered":"https:\/\/cgh.com.pl\/fr\/?page_id=506"},"modified":"2023-12-25T01:15:56","modified_gmt":"2023-12-25T00:15:56","slug":"ancrage-avec-des-poutres-en-beton-arme","status":"publish","type":"page","link":"https:\/\/cgh.com.pl\/fr\/accessoires\/systemes-dancrage\/ancrage-avec-des-poutres-en-beton-arme","title":{"rendered":"Ancrage avec des poutres en b\u00e9ton arm\u00e9"},"content":{"rendered":"\n<div class=\"wp-block-columns has-2-columns is-layout-flex wp-container-core-columns-is-layout-9d6595d7 wp-block-columns-is-layout-flex\">\n<div class=\"wp-block-column is-layout-flow wp-block-column-is-layout-flow\"><div class=\"wp-block-image\">\n<figure class=\"aligncenter\"><img decoding=\"async\" width=\"450\" height=\"337\" data-src=\"https:\/\/cgh.com.pl\/fr\/wp-content\/uploads\/2021\/06\/Anchoring_with_reinforced_concrete_beams-1.jpg\" alt=\"Ancrage avec des poutres en b\u00e9ton arm\u00e9\" class=\"wp-image-1831 img-fluid lazyload\" data-srcset=\"https:\/\/cgh.com.pl\/fr\/wp-content\/uploads\/2021\/06\/Anchoring_with_reinforced_concrete_beams-1.jpg 450w, https:\/\/cgh.com.pl\/fr\/wp-content\/uploads\/2021\/06\/Anchoring_with_reinforced_concrete_beams-1-300x225.jpg 300w\" data-sizes=\"(max-width: 450px) 100vw, 450px\" src=\"data:image\/svg+xml;base64,PHN2ZyB3aWR0aD0iMSIgaGVpZ2h0PSIxIiB4bWxucz0iaHR0cDovL3d3dy53My5vcmcvMjAwMC9zdmciPjwvc3ZnPg==\" style=\"--smush-placeholder-width: 450px; --smush-placeholder-aspect-ratio: 450\/337;\" \/><\/figure><\/div>\n\n\n<div class=\"photos\">\n<div class=\"first-zoom-photo\"><img decoding=\"async\" data-src=\"https:\/\/cgh.com.pl\/fr\/wp-content\/uploads\/2021\/06\/Anchoring-with-reinforced-concrete-beams-2.jpg\" src=\"data:image\/svg+xml;base64,PHN2ZyB3aWR0aD0iMSIgaGVpZ2h0PSIxIiB4bWxucz0iaHR0cDovL3d3dy53My5vcmcvMjAwMC9zdmciPjwvc3ZnPg==\" class=\"lazyload\" style=\"--smush-placeholder-width: 522px; --smush-placeholder-aspect-ratio: 522\/402;\"><div><\/div>\n<\/div>\n<div><img decoding=\"async\" data-src=\"https:\/\/cgh.com.pl\/fr\/wp-content\/uploads\/2021\/06\/Anchoring-with-reinforced-concrete-beams-3.jpg\" src=\"data:image\/svg+xml;base64,PHN2ZyB3aWR0aD0iMSIgaGVpZ2h0PSIxIiB4bWxucz0iaHR0cDovL3d3dy53My5vcmcvMjAwMC9zdmciPjwvc3ZnPg==\" class=\"lazyload\" style=\"--smush-placeholder-width: 800px; --smush-placeholder-aspect-ratio: 800\/600;\"><div><\/div>\n<\/div>\n<div><img decoding=\"async\" data-src=\"https:\/\/cgh.com.pl\/fr\/wp-content\/uploads\/2021\/06\/Anchoring-with-reinforced-concrete-beams-4.jpg\" src=\"data:image\/svg+xml;base64,PHN2ZyB3aWR0aD0iMSIgaGVpZ2h0PSIxIiB4bWxucz0iaHR0cDovL3d3dy53My5vcmcvMjAwMC9zdmciPjwvc3ZnPg==\" class=\"lazyload\" style=\"--smush-placeholder-width: 600px; --smush-placeholder-aspect-ratio: 600\/800;\"><div><\/div>\n<\/div>\n<div class=\"pair\"><img decoding=\"async\" data-src=\"https:\/\/cgh.com.pl\/fr\/wp-content\/uploads\/2021\/06\/Anchoring_with_reinforced_concrete-beams.jpg\" src=\"data:image\/svg+xml;base64,PHN2ZyB3aWR0aD0iMSIgaGVpZ2h0PSIxIiB4bWxucz0iaHR0cDovL3d3dy53My5vcmcvMjAwMC9zdmciPjwvc3ZnPg==\" class=\"lazyload\" style=\"--smush-placeholder-width: 600px; --smush-placeholder-aspect-ratio: 600\/800;\"><div><\/div>\n<div><\/div>\n<\/div>\n<\/div>\n<\/div>\n\n\n\n<div class=\"wp-block-column is-layout-flow wp-block-column-is-layout-flow\">\n<p><strong><strong>Informations sur le produit<\/strong><\/strong><\/p>\n\n\n\n<p><strong><strong>Syst\u00e8me de poutres en b\u00e9ton arm\u00e9 \u00a0\u00bb BEAMS\u00a0\u00bb<\/strong><\/strong><\/p>\n\n\n\n<ul class=\"wp-block-list\">\n<li>Syst\u00e8me rapide et facile pour fixer les r\u00e9servoirs souterrains dans l&rsquo;excavation.<\/li>\n\n\n\n<li>Le principe de fonctionnement consiste \u00e0 fixer le r\u00e9servoir avec des attaches en acier, ancr\u00e9es sur des poutres pr\u00e9fabriqu\u00e9es en b\u00e9ton arm\u00e9.<\/li>\n\n\n\n<li>Le niveau de fondation du r\u00e9servoir et des poutres est de niveau &#8211; une surface plane obtenue \u00e0 partir de sols non coh\u00e9sifs moyennement compact\u00e9s (sol naturel ou sous-sol)\u00a0\u00bb.<\/li>\n\n\n\n<li>Les poutres pr\u00e9fabriqu\u00e9es doivent \u00eatre situ\u00e9es \u00e0 l&rsquo;ext\u00e9rieur du contour de la citerne afin que le sol reposant sur elles fournisse une masse de lestage suppl\u00e9mentaire.<\/li>\n<\/ul>\n\n\n<div class=\"wp-block-image\">\n<figure class=\"alignleft size-full\"><img decoding=\"async\" width=\"22\" height=\"21\" data-src=\"https:\/\/cgh.com.pl\/fr\/wp-content\/uploads\/2020\/12\/good.png\" alt=\"\" class=\"wp-image-558 img-fluid lazyload\" src=\"data:image\/svg+xml;base64,PHN2ZyB3aWR0aD0iMSIgaGVpZ2h0PSIxIiB4bWxucz0iaHR0cDovL3d3dy53My5vcmcvMjAwMC9zdmciPjwvc3ZnPg==\" style=\"--smush-placeholder-width: 22px; --smush-placeholder-aspect-ratio: 22\/21;\" \/><\/figure><\/div>\n\n\n<p><strong><strong><strong>Avantages du dispositif<\/strong><\/strong><\/strong><\/p>\n\n\n\n<ul class=\"wp-block-list\">\n<li>ancrage des citernes sans fondation traditionnelle<\/li>\n\n\n\n<li>fondation du r\u00e9servoir sur le sol ou le sous-sol<\/li>\n\n\n\n<li>fourniture d&rsquo;un syst\u00e8me d&rsquo;ancrage comprenant un r\u00e9servoir<\/li>\n\n\n\n<li>gain de temps sur le place<\/li>\n\n\n\n<li>des co\u00fbts d&rsquo;installation r\u00e9duits<\/li>\n\n\n\n<li>installation facile et rapide<\/li>\n<\/ul>\n\n\n<div class=\"wp-block-image\">\n<figure class=\"alignleft size-full\"><img decoding=\"async\" width=\"22\" height=\"22\" data-src=\"https:\/\/cgh.com.pl\/fr\/wp-content\/uploads\/2020\/12\/advantage.png\" alt=\"\" class=\"wp-image-559 img-fluid lazyload\" src=\"data:image\/svg+xml;base64,PHN2ZyB3aWR0aD0iMSIgaGVpZ2h0PSIxIiB4bWxucz0iaHR0cDovL3d3dy53My5vcmcvMjAwMC9zdmciPjwvc3ZnPg==\" style=\"--smush-placeholder-width: 22px; --smush-placeholder-aspect-ratio: 22\/22;\" \/><\/figure><\/div>\n\n\n<p><strong><strong><strong>Informations techniques<\/strong><\/strong><\/strong><\/p>\n\n\n\n<p>Composants du syst\u00e8me d&rsquo;ancrage.<\/p>\n\n\n\n<ol class=\"wp-block-list\">\n<li>poutre en b\u00e9ton arm\u00e9, minimum 300 x 300 x 4000 mm<\/li>\n\n\n\n<li>bande d&rsquo;acier de la poutre<\/li>\n\n\n\n<li>tige filet\u00e9e<\/li>\n\n\n\n<li>bande d&rsquo;acier du r\u00e9servoir<\/li>\n\n\n\n<li>goupille avec broche ou boulon reliant la tige filet\u00e9e \u00e0 la bande de la poutre<\/li>\n\n\n\n<li>assemblage boulonn\u00e9 des attaches<\/li>\n<\/ol>\n\n\n\n<p>Il a \u00e9t\u00e9 admis que les poutres en b\u00e9ton sont plac\u00e9es sym\u00e9triquement de chaque c\u00f4t\u00e9 du r\u00e9servoir et que leur longueur correspond approximativement \u00e0 la longueur du r\u00e9servoir ou \u00e0 une longueur sup\u00e9rieure.<\/p>\n<\/div>\n<\/div>\n","protected":false},"excerpt":{"rendered":"<p>Informations sur le produit Syst\u00e8me de poutres en b\u00e9ton arm\u00e9 \u00a0\u00bb BEAMS\u00a0\u00bb Avantages du dispositif Informations techniques Composants du syst\u00e8me d&rsquo;ancrage. Il a \u00e9t\u00e9 admis que les poutres en b\u00e9ton sont plac\u00e9es sym\u00e9triquement de chaque c\u00f4t\u00e9 du r\u00e9servoir et que leur longueur correspond approximativement \u00e0 la longueur du r\u00e9servoir ou \u00e0 une longueur sup\u00e9rieure.<\/p>\n","protected":false},"author":1,"featured_media":0,"parent":498,"menu_order":0,"comment_status":"closed","ping_status":"closed","template":"page-products-with-second-menu.php","meta":{"_acf_changed":false,"footnotes":""},"class_list":["post-506","page","type-page","status-publish","hentry"],"acf":[],"yoast_head":"<!-- This site is optimized with the Yoast SEO plugin v26.1.1 - https:\/\/yoast.com\/wordpress\/plugins\/seo\/ -->\n<title>Ancrage avec des poutres en b\u00e9ton arm\u00e9 - CGH Group Sp. z o.o.<\/title>\n<meta name=\"robots\" content=\"index, follow, max-snippet:-1, max-image-preview:large, max-video-preview:-1\" \/>\n<link rel=\"canonical\" href=\"https:\/\/cgh.com.pl\/fr\/accessoires\/systemes-dancrage\/ancrage-avec-des-poutres-en-beton-arme\" \/>\n<meta property=\"og:locale\" content=\"fr_FR\" \/>\n<meta property=\"og:type\" content=\"article\" \/>\n<meta property=\"og:title\" content=\"Ancrage avec des poutres en b\u00e9ton arm\u00e9 - CGH Group Sp. z o.o.\" \/>\n<meta property=\"og:description\" content=\"Informations sur le produit Syst\u00e8me de poutres en b\u00e9ton arm\u00e9 \u00a0\u00bb BEAMS\u00a0\u00bb Avantages du dispositif Informations techniques Composants du syst\u00e8me d&rsquo;ancrage. Il a \u00e9t\u00e9 admis que les poutres en b\u00e9ton sont plac\u00e9es sym\u00e9triquement de chaque c\u00f4t\u00e9 du r\u00e9servoir et que leur longueur correspond approximativement \u00e0 la longueur du r\u00e9servoir ou \u00e0 une longueur sup\u00e9rieure.\" \/>\n<meta property=\"og:url\" content=\"https:\/\/cgh.com.pl\/fr\/accessoires\/systemes-dancrage\/ancrage-avec-des-poutres-en-beton-arme\" \/>\n<meta property=\"og:site_name\" content=\"CGH Group Sp. z o.o.\" \/>\n<meta property=\"article:modified_time\" content=\"2023-12-25T00:15:56+00:00\" \/>\n<meta property=\"og:image\" content=\"https:\/\/cgh.com.pl\/fr\/wp-content\/uploads\/2021\/06\/Anchoring_with_reinforced_concrete_beams-1.jpg\" \/>\n<meta name=\"twitter:card\" content=\"summary_large_image\" \/>\n<meta name=\"twitter:label1\" content=\"Dur\u00e9e de lecture estim\u00e9e\" \/>\n\t<meta name=\"twitter:data1\" content=\"3 minutes\" \/>\n<script type=\"application\/ld+json\" class=\"yoast-schema-graph\">{\"@context\":\"https:\/\/schema.org\",\"@graph\":[{\"@type\":\"WebPage\",\"@id\":\"https:\/\/cgh.com.pl\/fr\/accessoires\/systemes-dancrage\/ancrage-avec-des-poutres-en-beton-arme\",\"url\":\"https:\/\/cgh.com.pl\/fr\/accessoires\/systemes-dancrage\/ancrage-avec-des-poutres-en-beton-arme\",\"name\":\"Ancrage avec des poutres en b\u00e9ton arm\u00e9 - CGH Group Sp. z o.o.\",\"isPartOf\":{\"@id\":\"https:\/\/cgh.com.pl\/fr\/#website\"},\"primaryImageOfPage\":{\"@id\":\"https:\/\/cgh.com.pl\/fr\/accessoires\/systemes-dancrage\/ancrage-avec-des-poutres-en-beton-arme#primaryimage\"},\"image\":{\"@id\":\"https:\/\/cgh.com.pl\/fr\/accessoires\/systemes-dancrage\/ancrage-avec-des-poutres-en-beton-arme#primaryimage\"},\"thumbnailUrl\":\"https:\/\/cgh.com.pl\/fr\/wp-content\/uploads\/2021\/06\/Anchoring_with_reinforced_concrete_beams-1.jpg\",\"datePublished\":\"2020-12-07T23:09:16+00:00\",\"dateModified\":\"2023-12-25T00:15:56+00:00\",\"breadcrumb\":{\"@id\":\"https:\/\/cgh.com.pl\/fr\/accessoires\/systemes-dancrage\/ancrage-avec-des-poutres-en-beton-arme#breadcrumb\"},\"inLanguage\":\"fr-FR\",\"potentialAction\":[{\"@type\":\"ReadAction\",\"target\":[\"https:\/\/cgh.com.pl\/fr\/accessoires\/systemes-dancrage\/ancrage-avec-des-poutres-en-beton-arme\"]}]},{\"@type\":\"ImageObject\",\"inLanguage\":\"fr-FR\",\"@id\":\"https:\/\/cgh.com.pl\/fr\/accessoires\/systemes-dancrage\/ancrage-avec-des-poutres-en-beton-arme#primaryimage\",\"url\":\"https:\/\/cgh.com.pl\/fr\/wp-content\/uploads\/2021\/06\/Anchoring_with_reinforced_concrete_beams-1.jpg\",\"contentUrl\":\"https:\/\/cgh.com.pl\/fr\/wp-content\/uploads\/2021\/06\/Anchoring_with_reinforced_concrete_beams-1.jpg\",\"width\":450,\"height\":337,\"caption\":\"Anchoring with reinforced concrete beams\"},{\"@type\":\"BreadcrumbList\",\"@id\":\"https:\/\/cgh.com.pl\/fr\/accessoires\/systemes-dancrage\/ancrage-avec-des-poutres-en-beton-arme#breadcrumb\",\"itemListElement\":[{\"@type\":\"ListItem\",\"position\":1,\"name\":\"Strona g\u0142\u00f3wna\",\"item\":\"https:\/\/cgh.com.pl\/fr\/\"},{\"@type\":\"ListItem\",\"position\":2,\"name\":\"Accessoires\",\"item\":\"https:\/\/cgh.com.pl\/fr\/accessoires\"},{\"@type\":\"ListItem\",\"position\":3,\"name\":\"Syst\u00e8mes d&#8217;ancrage\",\"item\":\"https:\/\/cgh.com.pl\/fr\/accessoires\/systemes-dancrage\"},{\"@type\":\"ListItem\",\"position\":4,\"name\":\"Ancrage avec des poutres en b\u00e9ton arm\u00e9\"}]},{\"@type\":\"WebSite\",\"@id\":\"https:\/\/cgh.com.pl\/fr\/#website\",\"url\":\"https:\/\/cgh.com.pl\/fr\/\",\"name\":\"CGH Group Sp. z o.o.\",\"description\":\"\",\"publisher\":{\"@id\":\"https:\/\/cgh.com.pl\/fr\/#organization\"},\"potentialAction\":[{\"@type\":\"SearchAction\",\"target\":{\"@type\":\"EntryPoint\",\"urlTemplate\":\"https:\/\/cgh.com.pl\/fr\/?s={search_term_string}\"},\"query-input\":{\"@type\":\"PropertyValueSpecification\",\"valueRequired\":true,\"valueName\":\"search_term_string\"}}],\"inLanguage\":\"fr-FR\"},{\"@type\":\"Organization\",\"@id\":\"https:\/\/cgh.com.pl\/fr\/#organization\",\"name\":\"CGH Group Sp. z o.o.\",\"url\":\"https:\/\/cgh.com.pl\/fr\/\",\"logo\":{\"@type\":\"ImageObject\",\"inLanguage\":\"fr-FR\",\"@id\":\"https:\/\/cgh.com.pl\/fr\/#\/schema\/logo\/image\/\",\"url\":\"https:\/\/cgh.com.pl\/fr\/wp-content\/uploads\/2023\/05\/logoCGH.png\",\"contentUrl\":\"https:\/\/cgh.com.pl\/fr\/wp-content\/uploads\/2023\/05\/logoCGH.png\",\"width\":449,\"height\":162,\"caption\":\"CGH Group Sp. z o.o.\"},\"image\":{\"@id\":\"https:\/\/cgh.com.pl\/fr\/#\/schema\/logo\/image\/\"}}]}<\/script>\n<!-- \/ Yoast SEO plugin. -->","yoast_head_json":{"title":"Ancrage avec des poutres en b\u00e9ton arm\u00e9 - CGH Group Sp. z o.o.","robots":{"index":"index","follow":"follow","max-snippet":"max-snippet:-1","max-image-preview":"max-image-preview:large","max-video-preview":"max-video-preview:-1"},"canonical":"https:\/\/cgh.com.pl\/fr\/accessoires\/systemes-dancrage\/ancrage-avec-des-poutres-en-beton-arme","og_locale":"fr_FR","og_type":"article","og_title":"Ancrage avec des poutres en b\u00e9ton arm\u00e9 - CGH Group Sp. z o.o.","og_description":"Informations sur le produit Syst\u00e8me de poutres en b\u00e9ton arm\u00e9 \u00a0\u00bb BEAMS\u00a0\u00bb Avantages du dispositif Informations techniques Composants du syst\u00e8me d&rsquo;ancrage. Il a \u00e9t\u00e9 admis que les poutres en b\u00e9ton sont plac\u00e9es sym\u00e9triquement de chaque c\u00f4t\u00e9 du r\u00e9servoir et que leur longueur correspond approximativement \u00e0 la longueur du r\u00e9servoir ou \u00e0 une longueur sup\u00e9rieure.","og_url":"https:\/\/cgh.com.pl\/fr\/accessoires\/systemes-dancrage\/ancrage-avec-des-poutres-en-beton-arme","og_site_name":"CGH Group Sp. z o.o.","article_modified_time":"2023-12-25T00:15:56+00:00","og_image":[{"url":"https:\/\/cgh.com.pl\/fr\/wp-content\/uploads\/2021\/06\/Anchoring_with_reinforced_concrete_beams-1.jpg","type":"","width":"","height":""}],"twitter_card":"summary_large_image","twitter_misc":{"Dur\u00e9e de lecture estim\u00e9e":"3 minutes"},"schema":{"@context":"https:\/\/schema.org","@graph":[{"@type":"WebPage","@id":"https:\/\/cgh.com.pl\/fr\/accessoires\/systemes-dancrage\/ancrage-avec-des-poutres-en-beton-arme","url":"https:\/\/cgh.com.pl\/fr\/accessoires\/systemes-dancrage\/ancrage-avec-des-poutres-en-beton-arme","name":"Ancrage avec des poutres en b\u00e9ton arm\u00e9 - CGH Group Sp. z o.o.","isPartOf":{"@id":"https:\/\/cgh.com.pl\/fr\/#website"},"primaryImageOfPage":{"@id":"https:\/\/cgh.com.pl\/fr\/accessoires\/systemes-dancrage\/ancrage-avec-des-poutres-en-beton-arme#primaryimage"},"image":{"@id":"https:\/\/cgh.com.pl\/fr\/accessoires\/systemes-dancrage\/ancrage-avec-des-poutres-en-beton-arme#primaryimage"},"thumbnailUrl":"https:\/\/cgh.com.pl\/fr\/wp-content\/uploads\/2021\/06\/Anchoring_with_reinforced_concrete_beams-1.jpg","datePublished":"2020-12-07T23:09:16+00:00","dateModified":"2023-12-25T00:15:56+00:00","breadcrumb":{"@id":"https:\/\/cgh.com.pl\/fr\/accessoires\/systemes-dancrage\/ancrage-avec-des-poutres-en-beton-arme#breadcrumb"},"inLanguage":"fr-FR","potentialAction":[{"@type":"ReadAction","target":["https:\/\/cgh.com.pl\/fr\/accessoires\/systemes-dancrage\/ancrage-avec-des-poutres-en-beton-arme"]}]},{"@type":"ImageObject","inLanguage":"fr-FR","@id":"https:\/\/cgh.com.pl\/fr\/accessoires\/systemes-dancrage\/ancrage-avec-des-poutres-en-beton-arme#primaryimage","url":"https:\/\/cgh.com.pl\/fr\/wp-content\/uploads\/2021\/06\/Anchoring_with_reinforced_concrete_beams-1.jpg","contentUrl":"https:\/\/cgh.com.pl\/fr\/wp-content\/uploads\/2021\/06\/Anchoring_with_reinforced_concrete_beams-1.jpg","width":450,"height":337,"caption":"Anchoring with reinforced concrete beams"},{"@type":"BreadcrumbList","@id":"https:\/\/cgh.com.pl\/fr\/accessoires\/systemes-dancrage\/ancrage-avec-des-poutres-en-beton-arme#breadcrumb","itemListElement":[{"@type":"ListItem","position":1,"name":"Strona g\u0142\u00f3wna","item":"https:\/\/cgh.com.pl\/fr\/"},{"@type":"ListItem","position":2,"name":"Accessoires","item":"https:\/\/cgh.com.pl\/fr\/accessoires"},{"@type":"ListItem","position":3,"name":"Syst\u00e8mes d&#8217;ancrage","item":"https:\/\/cgh.com.pl\/fr\/accessoires\/systemes-dancrage"},{"@type":"ListItem","position":4,"name":"Ancrage avec des poutres en b\u00e9ton arm\u00e9"}]},{"@type":"WebSite","@id":"https:\/\/cgh.com.pl\/fr\/#website","url":"https:\/\/cgh.com.pl\/fr\/","name":"CGH Group Sp. z o.o.","description":"","publisher":{"@id":"https:\/\/cgh.com.pl\/fr\/#organization"},"potentialAction":[{"@type":"SearchAction","target":{"@type":"EntryPoint","urlTemplate":"https:\/\/cgh.com.pl\/fr\/?s={search_term_string}"},"query-input":{"@type":"PropertyValueSpecification","valueRequired":true,"valueName":"search_term_string"}}],"inLanguage":"fr-FR"},{"@type":"Organization","@id":"https:\/\/cgh.com.pl\/fr\/#organization","name":"CGH Group Sp. z o.o.","url":"https:\/\/cgh.com.pl\/fr\/","logo":{"@type":"ImageObject","inLanguage":"fr-FR","@id":"https:\/\/cgh.com.pl\/fr\/#\/schema\/logo\/image\/","url":"https:\/\/cgh.com.pl\/fr\/wp-content\/uploads\/2023\/05\/logoCGH.png","contentUrl":"https:\/\/cgh.com.pl\/fr\/wp-content\/uploads\/2023\/05\/logoCGH.png","width":449,"height":162,"caption":"CGH Group Sp. z o.o."},"image":{"@id":"https:\/\/cgh.com.pl\/fr\/#\/schema\/logo\/image\/"}}]}},"_links":{"self":[{"href":"https:\/\/cgh.com.pl\/fr\/wp-json\/wp\/v2\/pages\/506","targetHints":{"allow":["GET"]}}],"collection":[{"href":"https:\/\/cgh.com.pl\/fr\/wp-json\/wp\/v2\/pages"}],"about":[{"href":"https:\/\/cgh.com.pl\/fr\/wp-json\/wp\/v2\/types\/page"}],"author":[{"embeddable":true,"href":"https:\/\/cgh.com.pl\/fr\/wp-json\/wp\/v2\/users\/1"}],"replies":[{"embeddable":true,"href":"https:\/\/cgh.com.pl\/fr\/wp-json\/wp\/v2\/comments?post=506"}],"version-history":[{"count":10,"href":"https:\/\/cgh.com.pl\/fr\/wp-json\/wp\/v2\/pages\/506\/revisions"}],"predecessor-version":[{"id":5204,"href":"https:\/\/cgh.com.pl\/fr\/wp-json\/wp\/v2\/pages\/506\/revisions\/5204"}],"up":[{"embeddable":true,"href":"https:\/\/cgh.com.pl\/fr\/wp-json\/wp\/v2\/pages\/498"}],"wp:attachment":[{"href":"https:\/\/cgh.com.pl\/fr\/wp-json\/wp\/v2\/media?parent=506"}],"curies":[{"name":"wp","href":"https:\/\/api.w.org\/{rel}","templated":true}]}}