{"id":5243,"date":"2024-07-24T18:50:13","date_gmt":"2024-07-24T16:50:13","guid":{"rendered":"https:\/\/cgh.com.pl\/fr\/?page_id=5243"},"modified":"2024-07-24T18:50:14","modified_gmt":"2024-07-24T16:50:14","slug":"reacteurs-chimiques","status":"publish","type":"page","link":"https:\/\/cgh.com.pl\/fr\/cuves-pour-lindustrie\/reacteurs-chimiques","title":{"rendered":"R\u00e9acteurs chimiques"},"content":{"rendered":"\n<p>En nous appuyant sur notre longue exp\u00e9rience, nous sommes en mesure de proposer et de construire des r\u00e9acteurs chimiques de haute qualit\u00e9 en acier inoxydable, en acier au carbone et en une combinaison de diff\u00e9rents mat\u00e9riaux. Nous adaptons les unit\u00e9s fabriqu\u00e9es individuellement au produit et au site d&rsquo;installation, sur la base de la documentation fournie par les clients ou d\u00e9velopp\u00e9e par nos soins sur la base de directives de conception.<\/p>\n\n\n\n<p><strong>Les r\u00e9acteurs industriels<\/strong> permettent d&rsquo;effectuer des r\u00e9actions chimiques ou biochimiques pr\u00e9cises, tant au stade du d\u00e9veloppement du produit qu&rsquo;au cours du processus de production. Ces unit\u00e9s sp\u00e9cialis\u00e9es assurent un contr\u00f4le total des diff\u00e9rents param\u00e8tres de fonctionnement, tels que la pression ou la temp\u00e9rature.<\/p>\n\n\n\n<p><strong>R\u00e9acteurs de traitement<\/strong><\/p>\n\n\n\n<p>Les r\u00e9acteurs en acier inoxydable se caract\u00e9risent par leur grande r\u00e9sistance et long\u00e9vit\u00e9. Ce type de r\u00e9acteur ne r\u00e9agit pas avec la plupart des liquides et des gaz utilis\u00e9s dans les processus industriels, ce qui en fait un bon choix pour de nombreux solvants.<\/p>\n\n\n\n<p>Exemple de mise en \u0153uvre:<\/p>\n\n\n\n<ul class=\"wp-block-list\">\n<li>R\u00e9servoir hors sol, vertical, \u00e0 simple paroi, Mat. 1.4307<\/li>\n\n\n\n<li>Capacit\u00e9: 10,0 m<sup>3<\/sup>, diam\u00e8tre: 2000 mm<\/li>\n\n\n\n<li>Norme de performance: EN 13455<\/li>\n\n\n\n<li>Pression de service: sans pression<\/li>\n\n\n\n<li>Temp\u00e9rature de service: 20\u00b0C\/+150\u00b0C.<\/li>\n<\/ul>\n\n\n\n<div class=\"photos large\">\n<div class=\"first-zoom-photo\">\n<p style=\"text-align: center; font-size: 10px; margin-bottom:0;\"><img decoding=\"async\" data-src=\"https:\/\/cgh.com.pl\/wp-content\/uploads\/2024\/07\/reaktory-foto1.jpg\" alt=\"R\u00e9acteurs chimiques\" src=\"data:image\/svg+xml;base64,PHN2ZyB3aWR0aD0iMSIgaGVpZ2h0PSIxIiB4bWxucz0iaHR0cDovL3d3dy53My5vcmcvMjAwMC9zdmciPjwvc3ZnPg==\" class=\"lazyload\"><\/p>\n\n<div><\/div>\n<\/div>\n<div>\n<p style=\"text-align: center; font-size: 10px; margin-bottom:0;\"><img decoding=\"async\" data-src=\"https:\/\/cgh.com.pl\/wp-content\/uploads\/2024\/07\/reaktory-foto3.jpg\" alt=\"R\u00e9acteurs chimiques\" src=\"data:image\/svg+xml;base64,PHN2ZyB3aWR0aD0iMSIgaGVpZ2h0PSIxIiB4bWxucz0iaHR0cDovL3d3dy53My5vcmcvMjAwMC9zdmciPjwvc3ZnPg==\" class=\"lazyload\"><\/p>\n\n<div><\/div>\n<\/div>\n\n<div class=\"pair\">\n<!--<p style=\"text-align: center; font-size: 10px; margin-bottom:0;\"><img decoding=\"async\" data-src=\"https:\/\/cgh.com.pl\/wp-content\/uploads\/2021\/06\/Zbiorniki-kwasoodporne-2.jpg\" alt=\"Zbiorniki kwasoodporne Zbiornik naziemny, pionowy, jednop\u0142aszczowy wykonany ze stali 304L (1.4307)\" src=\"data:image\/svg+xml;base64,PHN2ZyB3aWR0aD0iMSIgaGVpZ2h0PSIxIiB4bWxucz0iaHR0cDovL3d3dy53My5vcmcvMjAwMC9zdmciPjwvc3ZnPg==\" class=\"lazyload\"><\/p>-->\n\n<div><\/div>\n<div><\/div>\n<\/div>\n<\/div>\n","protected":false},"excerpt":{"rendered":"<p>En nous appuyant sur notre longue exp\u00e9rience, nous sommes en mesure de proposer et de construire des r\u00e9acteurs chimiques de haute qualit\u00e9 en acier inoxydable, en acier au carbone et en une combinaison de diff\u00e9rents mat\u00e9riaux. Nous adaptons les unit\u00e9s fabriqu\u00e9es individuellement au produit et au site d&rsquo;installation, sur la base de la documentation fournie [&hellip;]?<\/p>\n","protected":false},"author":1,"featured_media":0,"parent":17,"menu_order":0,"comment_status":"closed","ping_status":"closed","template":"page-products.php","meta":{"_acf_changed":false,"footnotes":""},"class_list":["post-5243","page","type-page","status-publish","hentry"],"acf":[],"yoast_head":"<!-- This site is optimized with the Yoast SEO plugin v26.1.1 - https:\/\/yoast.com\/wordpress\/plugins\/seo\/ -->\n<title>R\u00e9acteurs chimiques - CGH Group Sp. z o.o.<\/title>\n<meta name=\"robots\" content=\"index, follow, max-snippet:-1, max-image-preview:large, max-video-preview:-1\" \/>\n<link rel=\"canonical\" href=\"https:\/\/cgh.com.pl\/fr\/cuves-pour-lindustrie\/reacteurs-chimiques\" \/>\n<meta property=\"og:locale\" content=\"fr_FR\" \/>\n<meta property=\"og:type\" content=\"article\" \/>\n<meta property=\"og:title\" content=\"R\u00e9acteurs chimiques - CGH Group Sp. z o.o.\" \/>\n<meta property=\"og:description\" content=\"En nous appuyant sur notre longue exp\u00e9rience, nous sommes en mesure de proposer et de construire des r\u00e9acteurs chimiques de haute qualit\u00e9 en acier inoxydable, en acier au carbone et en une combinaison de diff\u00e9rents mat\u00e9riaux. Nous adaptons les unit\u00e9s fabriqu\u00e9es individuellement au produit et au site d&rsquo;installation, sur la base de la documentation fournie [&hellip;]?\" \/>\n<meta property=\"og:url\" content=\"https:\/\/cgh.com.pl\/fr\/cuves-pour-lindustrie\/reacteurs-chimiques\" \/>\n<meta property=\"og:site_name\" content=\"CGH Group Sp. z o.o.\" \/>\n<meta property=\"article:modified_time\" content=\"2024-07-24T16:50:14+00:00\" \/>\n<meta property=\"og:image\" content=\"https:\/\/cgh.com.pl\/wp-content\/uploads\/2024\/07\/reaktory-foto1.jpg\" \/>\n<meta name=\"twitter:card\" content=\"summary_large_image\" \/>\n<meta name=\"twitter:label1\" content=\"Dur\u00e9e de lecture estim\u00e9e\" \/>\n\t<meta name=\"twitter:data1\" content=\"2 minutes\" \/>\n<script type=\"application\/ld+json\" class=\"yoast-schema-graph\">{\"@context\":\"https:\/\/schema.org\",\"@graph\":[{\"@type\":\"WebPage\",\"@id\":\"https:\/\/cgh.com.pl\/fr\/cuves-pour-lindustrie\/reacteurs-chimiques\",\"url\":\"https:\/\/cgh.com.pl\/fr\/cuves-pour-lindustrie\/reacteurs-chimiques\",\"name\":\"R\u00e9acteurs chimiques - CGH Group Sp. z o.o.\",\"isPartOf\":{\"@id\":\"https:\/\/cgh.com.pl\/fr\/#website\"},\"primaryImageOfPage\":{\"@id\":\"https:\/\/cgh.com.pl\/fr\/cuves-pour-lindustrie\/reacteurs-chimiques#primaryimage\"},\"image\":{\"@id\":\"https:\/\/cgh.com.pl\/fr\/cuves-pour-lindustrie\/reacteurs-chimiques#primaryimage\"},\"thumbnailUrl\":\"https:\/\/cgh.com.pl\/wp-content\/uploads\/2024\/07\/reaktory-foto1.jpg\",\"datePublished\":\"2024-07-24T16:50:13+00:00\",\"dateModified\":\"2024-07-24T16:50:14+00:00\",\"breadcrumb\":{\"@id\":\"https:\/\/cgh.com.pl\/fr\/cuves-pour-lindustrie\/reacteurs-chimiques#breadcrumb\"},\"inLanguage\":\"fr-FR\",\"potentialAction\":[{\"@type\":\"ReadAction\",\"target\":[\"https:\/\/cgh.com.pl\/fr\/cuves-pour-lindustrie\/reacteurs-chimiques\"]}]},{\"@type\":\"ImageObject\",\"inLanguage\":\"fr-FR\",\"@id\":\"https:\/\/cgh.com.pl\/fr\/cuves-pour-lindustrie\/reacteurs-chimiques#primaryimage\",\"url\":\"https:\/\/cgh.com.pl\/wp-content\/uploads\/2024\/07\/reaktory-foto1.jpg\",\"contentUrl\":\"https:\/\/cgh.com.pl\/wp-content\/uploads\/2024\/07\/reaktory-foto1.jpg\"},{\"@type\":\"BreadcrumbList\",\"@id\":\"https:\/\/cgh.com.pl\/fr\/cuves-pour-lindustrie\/reacteurs-chimiques#breadcrumb\",\"itemListElement\":[{\"@type\":\"ListItem\",\"position\":1,\"name\":\"Strona g\u0142\u00f3wna\",\"item\":\"https:\/\/cgh.com.pl\/fr\/\"},{\"@type\":\"ListItem\",\"position\":2,\"name\":\"Cuves pour l\u2019industrie\",\"item\":\"https:\/\/cgh.com.pl\/fr\/cuves-pour-lindustrie\"},{\"@type\":\"ListItem\",\"position\":3,\"name\":\"R\u00e9acteurs chimiques\"}]},{\"@type\":\"WebSite\",\"@id\":\"https:\/\/cgh.com.pl\/fr\/#website\",\"url\":\"https:\/\/cgh.com.pl\/fr\/\",\"name\":\"CGH Group Sp. z o.o.\",\"description\":\"\",\"publisher\":{\"@id\":\"https:\/\/cgh.com.pl\/fr\/#organization\"},\"potentialAction\":[{\"@type\":\"SearchAction\",\"target\":{\"@type\":\"EntryPoint\",\"urlTemplate\":\"https:\/\/cgh.com.pl\/fr\/?s={search_term_string}\"},\"query-input\":{\"@type\":\"PropertyValueSpecification\",\"valueRequired\":true,\"valueName\":\"search_term_string\"}}],\"inLanguage\":\"fr-FR\"},{\"@type\":\"Organization\",\"@id\":\"https:\/\/cgh.com.pl\/fr\/#organization\",\"name\":\"CGH Group Sp. z o.o.\",\"url\":\"https:\/\/cgh.com.pl\/fr\/\",\"logo\":{\"@type\":\"ImageObject\",\"inLanguage\":\"fr-FR\",\"@id\":\"https:\/\/cgh.com.pl\/fr\/#\/schema\/logo\/image\/\",\"url\":\"https:\/\/cgh.com.pl\/fr\/wp-content\/uploads\/2023\/05\/logoCGH.png\",\"contentUrl\":\"https:\/\/cgh.com.pl\/fr\/wp-content\/uploads\/2023\/05\/logoCGH.png\",\"width\":449,\"height\":162,\"caption\":\"CGH Group Sp. z o.o.\"},\"image\":{\"@id\":\"https:\/\/cgh.com.pl\/fr\/#\/schema\/logo\/image\/\"}}]}<\/script>\n<!-- \/ Yoast SEO plugin. -->","yoast_head_json":{"title":"R\u00e9acteurs chimiques - CGH Group Sp. z o.o.","robots":{"index":"index","follow":"follow","max-snippet":"max-snippet:-1","max-image-preview":"max-image-preview:large","max-video-preview":"max-video-preview:-1"},"canonical":"https:\/\/cgh.com.pl\/fr\/cuves-pour-lindustrie\/reacteurs-chimiques","og_locale":"fr_FR","og_type":"article","og_title":"R\u00e9acteurs chimiques - CGH Group Sp. z o.o.","og_description":"En nous appuyant sur notre longue exp\u00e9rience, nous sommes en mesure de proposer et de construire des r\u00e9acteurs chimiques de haute qualit\u00e9 en acier inoxydable, en acier au carbone et en une combinaison de diff\u00e9rents mat\u00e9riaux. Nous adaptons les unit\u00e9s fabriqu\u00e9es individuellement au produit et au site d&rsquo;installation, sur la base de la documentation fournie [&hellip;]?","og_url":"https:\/\/cgh.com.pl\/fr\/cuves-pour-lindustrie\/reacteurs-chimiques","og_site_name":"CGH Group Sp. z o.o.","article_modified_time":"2024-07-24T16:50:14+00:00","og_image":[{"url":"https:\/\/cgh.com.pl\/wp-content\/uploads\/2024\/07\/reaktory-foto1.jpg","type":"","width":"","height":""}],"twitter_card":"summary_large_image","twitter_misc":{"Dur\u00e9e de lecture estim\u00e9e":"2 minutes"},"schema":{"@context":"https:\/\/schema.org","@graph":[{"@type":"WebPage","@id":"https:\/\/cgh.com.pl\/fr\/cuves-pour-lindustrie\/reacteurs-chimiques","url":"https:\/\/cgh.com.pl\/fr\/cuves-pour-lindustrie\/reacteurs-chimiques","name":"R\u00e9acteurs chimiques - CGH Group Sp. z o.o.","isPartOf":{"@id":"https:\/\/cgh.com.pl\/fr\/#website"},"primaryImageOfPage":{"@id":"https:\/\/cgh.com.pl\/fr\/cuves-pour-lindustrie\/reacteurs-chimiques#primaryimage"},"image":{"@id":"https:\/\/cgh.com.pl\/fr\/cuves-pour-lindustrie\/reacteurs-chimiques#primaryimage"},"thumbnailUrl":"https:\/\/cgh.com.pl\/wp-content\/uploads\/2024\/07\/reaktory-foto1.jpg","datePublished":"2024-07-24T16:50:13+00:00","dateModified":"2024-07-24T16:50:14+00:00","breadcrumb":{"@id":"https:\/\/cgh.com.pl\/fr\/cuves-pour-lindustrie\/reacteurs-chimiques#breadcrumb"},"inLanguage":"fr-FR","potentialAction":[{"@type":"ReadAction","target":["https:\/\/cgh.com.pl\/fr\/cuves-pour-lindustrie\/reacteurs-chimiques"]}]},{"@type":"ImageObject","inLanguage":"fr-FR","@id":"https:\/\/cgh.com.pl\/fr\/cuves-pour-lindustrie\/reacteurs-chimiques#primaryimage","url":"https:\/\/cgh.com.pl\/wp-content\/uploads\/2024\/07\/reaktory-foto1.jpg","contentUrl":"https:\/\/cgh.com.pl\/wp-content\/uploads\/2024\/07\/reaktory-foto1.jpg"},{"@type":"BreadcrumbList","@id":"https:\/\/cgh.com.pl\/fr\/cuves-pour-lindustrie\/reacteurs-chimiques#breadcrumb","itemListElement":[{"@type":"ListItem","position":1,"name":"Strona g\u0142\u00f3wna","item":"https:\/\/cgh.com.pl\/fr\/"},{"@type":"ListItem","position":2,"name":"Cuves pour l\u2019industrie","item":"https:\/\/cgh.com.pl\/fr\/cuves-pour-lindustrie"},{"@type":"ListItem","position":3,"name":"R\u00e9acteurs chimiques"}]},{"@type":"WebSite","@id":"https:\/\/cgh.com.pl\/fr\/#website","url":"https:\/\/cgh.com.pl\/fr\/","name":"CGH Group Sp. z o.o.","description":"","publisher":{"@id":"https:\/\/cgh.com.pl\/fr\/#organization"},"potentialAction":[{"@type":"SearchAction","target":{"@type":"EntryPoint","urlTemplate":"https:\/\/cgh.com.pl\/fr\/?s={search_term_string}"},"query-input":{"@type":"PropertyValueSpecification","valueRequired":true,"valueName":"search_term_string"}}],"inLanguage":"fr-FR"},{"@type":"Organization","@id":"https:\/\/cgh.com.pl\/fr\/#organization","name":"CGH Group Sp. z o.o.","url":"https:\/\/cgh.com.pl\/fr\/","logo":{"@type":"ImageObject","inLanguage":"fr-FR","@id":"https:\/\/cgh.com.pl\/fr\/#\/schema\/logo\/image\/","url":"https:\/\/cgh.com.pl\/fr\/wp-content\/uploads\/2023\/05\/logoCGH.png","contentUrl":"https:\/\/cgh.com.pl\/fr\/wp-content\/uploads\/2023\/05\/logoCGH.png","width":449,"height":162,"caption":"CGH Group Sp. z o.o."},"image":{"@id":"https:\/\/cgh.com.pl\/fr\/#\/schema\/logo\/image\/"}}]}},"_links":{"self":[{"href":"https:\/\/cgh.com.pl\/fr\/wp-json\/wp\/v2\/pages\/5243","targetHints":{"allow":["GET"]}}],"collection":[{"href":"https:\/\/cgh.com.pl\/fr\/wp-json\/wp\/v2\/pages"}],"about":[{"href":"https:\/\/cgh.com.pl\/fr\/wp-json\/wp\/v2\/types\/page"}],"author":[{"embeddable":true,"href":"https:\/\/cgh.com.pl\/fr\/wp-json\/wp\/v2\/users\/1"}],"replies":[{"embeddable":true,"href":"https:\/\/cgh.com.pl\/fr\/wp-json\/wp\/v2\/comments?post=5243"}],"version-history":[{"count":1,"href":"https:\/\/cgh.com.pl\/fr\/wp-json\/wp\/v2\/pages\/5243\/revisions"}],"predecessor-version":[{"id":5244,"href":"https:\/\/cgh.com.pl\/fr\/wp-json\/wp\/v2\/pages\/5243\/revisions\/5244"}],"up":[{"embeddable":true,"href":"https:\/\/cgh.com.pl\/fr\/wp-json\/wp\/v2\/pages\/17"}],"wp:attachment":[{"href":"https:\/\/cgh.com.pl\/fr\/wp-json\/wp\/v2\/media?parent=5243"}],"curies":[{"name":"wp","href":"https:\/\/api.w.org\/{rel}","templated":true}]}}