{"id":5249,"date":"2024-07-24T19:06:45","date_gmt":"2024-07-24T17:06:45","guid":{"rendered":"https:\/\/cgh.com.pl\/fr\/?page_id=5249"},"modified":"2024-07-24T19:06:46","modified_gmt":"2024-07-24T17:06:46","slug":"colonnes-dabsorption-de-distillation-et-de-rectification","status":"publish","type":"page","link":"https:\/\/cgh.com.pl\/fr\/cuves-pour-lindustrie\/colonnes-dabsorption-de-distillation-et-de-rectification","title":{"rendered":"Colonnes d&rsquo;absorption, de distillation et de rectification"},"content":{"rendered":"\n<p>Le Groupe CGH, fabricant exp\u00e9riment\u00e9 de r\u00e9servoirs et d&rsquo;\u00e9quipements industriels, propose des colonnes d&rsquo;absorption, de distillation et de rectification en acier inoxydable et en acier au carbone.<\/p>\n\n\n\n<p>Il est possible de combiner diff\u00e9rents mat\u00e9riaux dans une m\u00eame conception. Les colonnes d&rsquo;absorption, de distillation et de rectification sont des composants cl\u00e9s dans de nombreux processus industriels impliquant la s\u00e9paration, la purification et la concentration de liquides.<\/p>\n\n\n\n<p>Notre offre comprend la fabrication de colonnes de traitement sur la base d&rsquo;une documentation fournie \/ command\u00e9e par le client ou con\u00e7ue en interne sur la base de directives de conception.<\/p>\n\n\n\n<figure class=\"wp-block-image size-full\"><img decoding=\"async\" data-src=\"https:\/\/cgh.com.pl\/wp-content\/uploads\/2024\/07\/image.png\" alt=\"Colonnes d'absorption, de distillation et de rectification\" class=\"wp-image-3987 img-fluid lazyload\" src=\"data:image\/svg+xml;base64,PHN2ZyB3aWR0aD0iMSIgaGVpZ2h0PSIxIiB4bWxucz0iaHR0cDovL3d3dy53My5vcmcvMjAwMC9zdmciPjwvc3ZnPg==\" \/><\/figure>\n","protected":false},"excerpt":{"rendered":"<p>Le Groupe CGH, fabricant exp\u00e9riment\u00e9 de r\u00e9servoirs et d&rsquo;\u00e9quipements industriels, propose des colonnes d&rsquo;absorption, de distillation et de rectification en acier inoxydable et en acier au carbone. Il est possible de combiner diff\u00e9rents mat\u00e9riaux dans une m\u00eame conception. Les colonnes d&rsquo;absorption, de distillation et de rectification sont des composants cl\u00e9s dans de nombreux processus industriels [&hellip;]?<\/p>\n","protected":false},"author":1,"featured_media":0,"parent":17,"menu_order":0,"comment_status":"closed","ping_status":"closed","template":"page-products.php","meta":{"_acf_changed":false,"footnotes":""},"class_list":["post-5249","page","type-page","status-publish","hentry"],"acf":[],"yoast_head":"<!-- This site is optimized with the Yoast SEO plugin v26.1.1 - https:\/\/yoast.com\/wordpress\/plugins\/seo\/ -->\n<title>Colonnes d&#039;absorption, de distillation et de rectification - CGH Group Sp. z o.o.<\/title>\n<meta name=\"robots\" content=\"index, follow, max-snippet:-1, max-image-preview:large, max-video-preview:-1\" \/>\n<link rel=\"canonical\" href=\"https:\/\/cgh.com.pl\/fr\/cuves-pour-lindustrie\/colonnes-dabsorption-de-distillation-et-de-rectification\" \/>\n<meta property=\"og:locale\" content=\"fr_FR\" \/>\n<meta property=\"og:type\" content=\"article\" \/>\n<meta property=\"og:title\" content=\"Colonnes d&#039;absorption, de distillation et de rectification - CGH Group Sp. z o.o.\" \/>\n<meta property=\"og:description\" content=\"Le Groupe CGH, fabricant exp\u00e9riment\u00e9 de r\u00e9servoirs et d&rsquo;\u00e9quipements industriels, propose des colonnes d&rsquo;absorption, de distillation et de rectification en acier inoxydable et en acier au carbone. Il est possible de combiner diff\u00e9rents mat\u00e9riaux dans une m\u00eame conception. Les colonnes d&rsquo;absorption, de distillation et de rectification sont des composants cl\u00e9s dans de nombreux processus industriels [&hellip;]?\" \/>\n<meta property=\"og:url\" content=\"https:\/\/cgh.com.pl\/fr\/cuves-pour-lindustrie\/colonnes-dabsorption-de-distillation-et-de-rectification\" \/>\n<meta property=\"og:site_name\" content=\"CGH Group Sp. z o.o.\" \/>\n<meta property=\"article:modified_time\" content=\"2024-07-24T17:06:46+00:00\" \/>\n<meta property=\"og:image\" content=\"https:\/\/cgh.com.pl\/wp-content\/uploads\/2024\/07\/image.png\" \/>\n<meta name=\"twitter:card\" content=\"summary_large_image\" \/>\n<meta name=\"twitter:label1\" content=\"Dur\u00e9e de lecture estim\u00e9e\" \/>\n\t<meta name=\"twitter:data1\" content=\"1 minute\" \/>\n<script type=\"application\/ld+json\" class=\"yoast-schema-graph\">{\"@context\":\"https:\/\/schema.org\",\"@graph\":[{\"@type\":\"WebPage\",\"@id\":\"https:\/\/cgh.com.pl\/fr\/cuves-pour-lindustrie\/colonnes-dabsorption-de-distillation-et-de-rectification\",\"url\":\"https:\/\/cgh.com.pl\/fr\/cuves-pour-lindustrie\/colonnes-dabsorption-de-distillation-et-de-rectification\",\"name\":\"Colonnes d'absorption, de distillation et de rectification - CGH Group Sp. z o.o.\",\"isPartOf\":{\"@id\":\"https:\/\/cgh.com.pl\/fr\/#website\"},\"primaryImageOfPage\":{\"@id\":\"https:\/\/cgh.com.pl\/fr\/cuves-pour-lindustrie\/colonnes-dabsorption-de-distillation-et-de-rectification#primaryimage\"},\"image\":{\"@id\":\"https:\/\/cgh.com.pl\/fr\/cuves-pour-lindustrie\/colonnes-dabsorption-de-distillation-et-de-rectification#primaryimage\"},\"thumbnailUrl\":\"https:\/\/cgh.com.pl\/wp-content\/uploads\/2024\/07\/image.png\",\"datePublished\":\"2024-07-24T17:06:45+00:00\",\"dateModified\":\"2024-07-24T17:06:46+00:00\",\"breadcrumb\":{\"@id\":\"https:\/\/cgh.com.pl\/fr\/cuves-pour-lindustrie\/colonnes-dabsorption-de-distillation-et-de-rectification#breadcrumb\"},\"inLanguage\":\"fr-FR\",\"potentialAction\":[{\"@type\":\"ReadAction\",\"target\":[\"https:\/\/cgh.com.pl\/fr\/cuves-pour-lindustrie\/colonnes-dabsorption-de-distillation-et-de-rectification\"]}]},{\"@type\":\"ImageObject\",\"inLanguage\":\"fr-FR\",\"@id\":\"https:\/\/cgh.com.pl\/fr\/cuves-pour-lindustrie\/colonnes-dabsorption-de-distillation-et-de-rectification#primaryimage\",\"url\":\"https:\/\/cgh.com.pl\/wp-content\/uploads\/2024\/07\/image.png\",\"contentUrl\":\"https:\/\/cgh.com.pl\/wp-content\/uploads\/2024\/07\/image.png\"},{\"@type\":\"BreadcrumbList\",\"@id\":\"https:\/\/cgh.com.pl\/fr\/cuves-pour-lindustrie\/colonnes-dabsorption-de-distillation-et-de-rectification#breadcrumb\",\"itemListElement\":[{\"@type\":\"ListItem\",\"position\":1,\"name\":\"Strona g\u0142\u00f3wna\",\"item\":\"https:\/\/cgh.com.pl\/fr\/\"},{\"@type\":\"ListItem\",\"position\":2,\"name\":\"Cuves pour l\u2019industrie\",\"item\":\"https:\/\/cgh.com.pl\/fr\/cuves-pour-lindustrie\"},{\"@type\":\"ListItem\",\"position\":3,\"name\":\"Colonnes d&#8217;absorption, de distillation et de rectification\"}]},{\"@type\":\"WebSite\",\"@id\":\"https:\/\/cgh.com.pl\/fr\/#website\",\"url\":\"https:\/\/cgh.com.pl\/fr\/\",\"name\":\"CGH Group Sp. z o.o.\",\"description\":\"\",\"publisher\":{\"@id\":\"https:\/\/cgh.com.pl\/fr\/#organization\"},\"potentialAction\":[{\"@type\":\"SearchAction\",\"target\":{\"@type\":\"EntryPoint\",\"urlTemplate\":\"https:\/\/cgh.com.pl\/fr\/?s={search_term_string}\"},\"query-input\":{\"@type\":\"PropertyValueSpecification\",\"valueRequired\":true,\"valueName\":\"search_term_string\"}}],\"inLanguage\":\"fr-FR\"},{\"@type\":\"Organization\",\"@id\":\"https:\/\/cgh.com.pl\/fr\/#organization\",\"name\":\"CGH Group Sp. z o.o.\",\"url\":\"https:\/\/cgh.com.pl\/fr\/\",\"logo\":{\"@type\":\"ImageObject\",\"inLanguage\":\"fr-FR\",\"@id\":\"https:\/\/cgh.com.pl\/fr\/#\/schema\/logo\/image\/\",\"url\":\"https:\/\/cgh.com.pl\/fr\/wp-content\/uploads\/2023\/05\/logoCGH.png\",\"contentUrl\":\"https:\/\/cgh.com.pl\/fr\/wp-content\/uploads\/2023\/05\/logoCGH.png\",\"width\":449,\"height\":162,\"caption\":\"CGH Group Sp. z o.o.\"},\"image\":{\"@id\":\"https:\/\/cgh.com.pl\/fr\/#\/schema\/logo\/image\/\"}}]}<\/script>\n<!-- \/ Yoast SEO plugin. -->","yoast_head_json":{"title":"Colonnes d'absorption, de distillation et de rectification - CGH Group Sp. z o.o.","robots":{"index":"index","follow":"follow","max-snippet":"max-snippet:-1","max-image-preview":"max-image-preview:large","max-video-preview":"max-video-preview:-1"},"canonical":"https:\/\/cgh.com.pl\/fr\/cuves-pour-lindustrie\/colonnes-dabsorption-de-distillation-et-de-rectification","og_locale":"fr_FR","og_type":"article","og_title":"Colonnes d'absorption, de distillation et de rectification - CGH Group Sp. z o.o.","og_description":"Le Groupe CGH, fabricant exp\u00e9riment\u00e9 de r\u00e9servoirs et d&rsquo;\u00e9quipements industriels, propose des colonnes d&rsquo;absorption, de distillation et de rectification en acier inoxydable et en acier au carbone. Il est possible de combiner diff\u00e9rents mat\u00e9riaux dans une m\u00eame conception. Les colonnes d&rsquo;absorption, de distillation et de rectification sont des composants cl\u00e9s dans de nombreux processus industriels [&hellip;]?","og_url":"https:\/\/cgh.com.pl\/fr\/cuves-pour-lindustrie\/colonnes-dabsorption-de-distillation-et-de-rectification","og_site_name":"CGH Group Sp. z o.o.","article_modified_time":"2024-07-24T17:06:46+00:00","og_image":[{"url":"https:\/\/cgh.com.pl\/wp-content\/uploads\/2024\/07\/image.png","type":"","width":"","height":""}],"twitter_card":"summary_large_image","twitter_misc":{"Dur\u00e9e de lecture estim\u00e9e":"1 minute"},"schema":{"@context":"https:\/\/schema.org","@graph":[{"@type":"WebPage","@id":"https:\/\/cgh.com.pl\/fr\/cuves-pour-lindustrie\/colonnes-dabsorption-de-distillation-et-de-rectification","url":"https:\/\/cgh.com.pl\/fr\/cuves-pour-lindustrie\/colonnes-dabsorption-de-distillation-et-de-rectification","name":"Colonnes d'absorption, de distillation et de rectification - CGH Group Sp. z o.o.","isPartOf":{"@id":"https:\/\/cgh.com.pl\/fr\/#website"},"primaryImageOfPage":{"@id":"https:\/\/cgh.com.pl\/fr\/cuves-pour-lindustrie\/colonnes-dabsorption-de-distillation-et-de-rectification#primaryimage"},"image":{"@id":"https:\/\/cgh.com.pl\/fr\/cuves-pour-lindustrie\/colonnes-dabsorption-de-distillation-et-de-rectification#primaryimage"},"thumbnailUrl":"https:\/\/cgh.com.pl\/wp-content\/uploads\/2024\/07\/image.png","datePublished":"2024-07-24T17:06:45+00:00","dateModified":"2024-07-24T17:06:46+00:00","breadcrumb":{"@id":"https:\/\/cgh.com.pl\/fr\/cuves-pour-lindustrie\/colonnes-dabsorption-de-distillation-et-de-rectification#breadcrumb"},"inLanguage":"fr-FR","potentialAction":[{"@type":"ReadAction","target":["https:\/\/cgh.com.pl\/fr\/cuves-pour-lindustrie\/colonnes-dabsorption-de-distillation-et-de-rectification"]}]},{"@type":"ImageObject","inLanguage":"fr-FR","@id":"https:\/\/cgh.com.pl\/fr\/cuves-pour-lindustrie\/colonnes-dabsorption-de-distillation-et-de-rectification#primaryimage","url":"https:\/\/cgh.com.pl\/wp-content\/uploads\/2024\/07\/image.png","contentUrl":"https:\/\/cgh.com.pl\/wp-content\/uploads\/2024\/07\/image.png"},{"@type":"BreadcrumbList","@id":"https:\/\/cgh.com.pl\/fr\/cuves-pour-lindustrie\/colonnes-dabsorption-de-distillation-et-de-rectification#breadcrumb","itemListElement":[{"@type":"ListItem","position":1,"name":"Strona g\u0142\u00f3wna","item":"https:\/\/cgh.com.pl\/fr\/"},{"@type":"ListItem","position":2,"name":"Cuves pour l\u2019industrie","item":"https:\/\/cgh.com.pl\/fr\/cuves-pour-lindustrie"},{"@type":"ListItem","position":3,"name":"Colonnes d&#8217;absorption, de distillation et de rectification"}]},{"@type":"WebSite","@id":"https:\/\/cgh.com.pl\/fr\/#website","url":"https:\/\/cgh.com.pl\/fr\/","name":"CGH Group Sp. z o.o.","description":"","publisher":{"@id":"https:\/\/cgh.com.pl\/fr\/#organization"},"potentialAction":[{"@type":"SearchAction","target":{"@type":"EntryPoint","urlTemplate":"https:\/\/cgh.com.pl\/fr\/?s={search_term_string}"},"query-input":{"@type":"PropertyValueSpecification","valueRequired":true,"valueName":"search_term_string"}}],"inLanguage":"fr-FR"},{"@type":"Organization","@id":"https:\/\/cgh.com.pl\/fr\/#organization","name":"CGH Group Sp. z o.o.","url":"https:\/\/cgh.com.pl\/fr\/","logo":{"@type":"ImageObject","inLanguage":"fr-FR","@id":"https:\/\/cgh.com.pl\/fr\/#\/schema\/logo\/image\/","url":"https:\/\/cgh.com.pl\/fr\/wp-content\/uploads\/2023\/05\/logoCGH.png","contentUrl":"https:\/\/cgh.com.pl\/fr\/wp-content\/uploads\/2023\/05\/logoCGH.png","width":449,"height":162,"caption":"CGH Group Sp. z o.o."},"image":{"@id":"https:\/\/cgh.com.pl\/fr\/#\/schema\/logo\/image\/"}}]}},"_links":{"self":[{"href":"https:\/\/cgh.com.pl\/fr\/wp-json\/wp\/v2\/pages\/5249","targetHints":{"allow":["GET"]}}],"collection":[{"href":"https:\/\/cgh.com.pl\/fr\/wp-json\/wp\/v2\/pages"}],"about":[{"href":"https:\/\/cgh.com.pl\/fr\/wp-json\/wp\/v2\/types\/page"}],"author":[{"embeddable":true,"href":"https:\/\/cgh.com.pl\/fr\/wp-json\/wp\/v2\/users\/1"}],"replies":[{"embeddable":true,"href":"https:\/\/cgh.com.pl\/fr\/wp-json\/wp\/v2\/comments?post=5249"}],"version-history":[{"count":1,"href":"https:\/\/cgh.com.pl\/fr\/wp-json\/wp\/v2\/pages\/5249\/revisions"}],"predecessor-version":[{"id":5250,"href":"https:\/\/cgh.com.pl\/fr\/wp-json\/wp\/v2\/pages\/5249\/revisions\/5250"}],"up":[{"embeddable":true,"href":"https:\/\/cgh.com.pl\/fr\/wp-json\/wp\/v2\/pages\/17"}],"wp:attachment":[{"href":"https:\/\/cgh.com.pl\/fr\/wp-json\/wp\/v2\/media?parent=5249"}],"curies":[{"name":"wp","href":"https:\/\/api.w.org\/{rel}","templated":true}]}}