{"id":5253,"date":"2024-11-29T01:34:27","date_gmt":"2024-11-29T00:34:27","guid":{"rendered":"https:\/\/cgh.com.pl\/fr\/?page_id=5253"},"modified":"2025-06-03T12:05:15","modified_gmt":"2025-06-03T10:05:15","slug":"les-reservoirs-de-type-belly","status":"publish","type":"page","link":"https:\/\/cgh.com.pl\/fr\/les-reservoirs-de-type-belly","title":{"rendered":"Les r\u00e9servoirs de type \u00ab\u00a0belly\u00a0\u00bb"},"content":{"rendered":"<div class=\"wp-block-image\">\n<figure class=\"aligncenter size-full\"><img decoding=\"async\" width=\"1100\" height=\"600\" data-src=\"https:\/\/cgh.com.pl\/fr\/wp-content\/uploads\/2025\/06\/zbiornik-belly-tank-CGH.png\" alt=\"\" class=\"wp-image-5267 img-fluid lazyload\" data-srcset=\"https:\/\/cgh.com.pl\/fr\/wp-content\/uploads\/2025\/06\/zbiornik-belly-tank-CGH.png 1100w, https:\/\/cgh.com.pl\/fr\/wp-content\/uploads\/2025\/06\/zbiornik-belly-tank-CGH-300x164.png 300w, https:\/\/cgh.com.pl\/fr\/wp-content\/uploads\/2025\/06\/zbiornik-belly-tank-CGH-1024x559.png 1024w, https:\/\/cgh.com.pl\/fr\/wp-content\/uploads\/2025\/06\/zbiornik-belly-tank-CGH-768x419.png 768w\" data-sizes=\"(max-width: 1100px) 100vw, 1100px\" src=\"data:image\/svg+xml;base64,PHN2ZyB3aWR0aD0iMSIgaGVpZ2h0PSIxIiB4bWxucz0iaHR0cDovL3d3dy53My5vcmcvMjAwMC9zdmciPjwvc3ZnPg==\" style=\"--smush-placeholder-width: 1100px; --smush-placeholder-aspect-ratio: 1100\/600;\" \/><\/figure><\/div>\n\n\n<p>Les r\u00e9servoirs de type \u00ab belly \u00bb sont des r\u00e9servoirs de carburant externes utilis\u00e9s pour alimenter les g\u00e9n\u00e9rateurs d&rsquo;\u00e9lectricit\u00e9 de secours dans les centres de donn\u00e9es. Ceux-ci sont install\u00e9s sous ou \u00e0 c\u00f4t\u00e9 du g\u00e9n\u00e9rateur afin de stocker les grandes quantit\u00e9s de carburant n\u00e9cessaires \u00e0 l&rsquo;alimentation des centres de donn\u00e9es en cas de panne de courant.<\/p>\n\n\n\n<p>Gr\u00e2ce aux r\u00e9servoirs ventraux, les centres de donn\u00e9es peuvent fonctionner sur des p\u00e9riodes plus longues en cas de coupure de courant, ce qui est essentiel pour maintenir la continuit\u00e9 des op\u00e9rations et minimiser le risque de perte de donn\u00e9es ou d&rsquo;interruption de service.<\/p>\n\n\n\n<p>Les r\u00e9servoirs de type \u00ab belly \u00bb sont fabriqu\u00e9s dans des conteneurs de taille standard ou dans des tailles sp\u00e9cifi\u00e9es par le client. Sur demande, les r\u00e9servoirs peuvent \u00eatre \u00e9quip\u00e9s de syst\u00e8mes de chauffage et d&rsquo;isolation.<\/p>\n\n\n\n<p>Donn\u00e9es techniques de base :<\/p>\n\n\n\n<ul class=\"wp-block-list\">\n<li>r\u00e9servoirs \u00e0 double paroi hors sol en acier S235<\/li>\n\n\n\n<li>fond de r\u00e9servoir inclin\u00e9<\/li>\n\n\n\n<li>protection standard contre la corrosion C3M &#8211; \u00e9galement disponible en C4M\/H, C5M\/H<\/li>\n\n\n\n<li>\u00e9quip\u00e9s d&rsquo;un syst\u00e8me anti-fuite sous pression<\/li>\n\n\n\n<li>nombre, taille et position des raccords &#8211; \u00e0 d\u00e9finir avec le client \u00e0 l&rsquo;\u00e9tape de la conception.<\/li>\n\n\n\n<li>R\u00e9servoirs fabriqu\u00e9s selon la norme EN 1090<\/li>\n<\/ul>\n","protected":false},"excerpt":{"rendered":"<p>Les r\u00e9servoirs de type \u00ab belly \u00bb sont des r\u00e9servoirs de carburant externes utilis\u00e9s pour alimenter les g\u00e9n\u00e9rateurs d&rsquo;\u00e9lectricit\u00e9 de secours dans les centres de donn\u00e9es. Ceux-ci sont install\u00e9s sous ou \u00e0 c\u00f4t\u00e9 du g\u00e9n\u00e9rateur afin de stocker les grandes quantit\u00e9s de carburant n\u00e9cessaires \u00e0 l&rsquo;alimentation des centres de donn\u00e9es en cas de panne de [&hellip;]?<\/p>\n","protected":false},"author":1,"featured_media":0,"parent":0,"menu_order":0,"comment_status":"closed","ping_status":"closed","template":"page-products-with-second-menu.php","meta":{"_acf_changed":false,"footnotes":""},"class_list":["post-5253","page","type-page","status-publish","hentry"],"acf":[],"yoast_head":"<!-- This site is optimized with the Yoast SEO plugin v26.1.1 - https:\/\/yoast.com\/wordpress\/plugins\/seo\/ -->\n<title>Les r\u00e9servoirs de type &quot;belly&quot; - CGH Group Sp. z o.o.<\/title>\n<meta name=\"robots\" content=\"index, follow, max-snippet:-1, max-image-preview:large, max-video-preview:-1\" \/>\n<link rel=\"canonical\" href=\"https:\/\/cgh.com.pl\/fr\/les-reservoirs-de-type-belly\" \/>\n<meta property=\"og:locale\" content=\"fr_FR\" \/>\n<meta property=\"og:type\" content=\"article\" \/>\n<meta property=\"og:title\" content=\"Les r\u00e9servoirs de type &quot;belly&quot; - CGH Group Sp. z o.o.\" \/>\n<meta property=\"og:description\" content=\"Les r\u00e9servoirs de type \u00ab belly \u00bb sont des r\u00e9servoirs de carburant externes utilis\u00e9s pour alimenter les g\u00e9n\u00e9rateurs d&rsquo;\u00e9lectricit\u00e9 de secours dans les centres de donn\u00e9es. Ceux-ci sont install\u00e9s sous ou \u00e0 c\u00f4t\u00e9 du g\u00e9n\u00e9rateur afin de stocker les grandes quantit\u00e9s de carburant n\u00e9cessaires \u00e0 l&rsquo;alimentation des centres de donn\u00e9es en cas de panne de [&hellip;]?\" \/>\n<meta property=\"og:url\" content=\"https:\/\/cgh.com.pl\/fr\/les-reservoirs-de-type-belly\" \/>\n<meta property=\"og:site_name\" content=\"CGH Group Sp. z o.o.\" \/>\n<meta property=\"article:modified_time\" content=\"2025-06-03T10:05:15+00:00\" \/>\n<meta property=\"og:image\" content=\"https:\/\/cgh.com.pl\/fr\/wp-content\/uploads\/2025\/06\/zbiornik-belly-tank-CGH.png\" \/>\n\t<meta property=\"og:image:width\" content=\"1100\" \/>\n\t<meta property=\"og:image:height\" content=\"600\" \/>\n\t<meta property=\"og:image:type\" content=\"image\/png\" \/>\n<meta name=\"twitter:card\" content=\"summary_large_image\" \/>\n<meta name=\"twitter:label1\" content=\"Dur\u00e9e de lecture estim\u00e9e\" \/>\n\t<meta name=\"twitter:data1\" content=\"2 minutes\" \/>\n<script type=\"application\/ld+json\" class=\"yoast-schema-graph\">{\"@context\":\"https:\/\/schema.org\",\"@graph\":[{\"@type\":\"WebPage\",\"@id\":\"https:\/\/cgh.com.pl\/fr\/les-reservoirs-de-type-belly\",\"url\":\"https:\/\/cgh.com.pl\/fr\/les-reservoirs-de-type-belly\",\"name\":\"Les r\u00e9servoirs de type \\\"belly\\\" - CGH Group Sp. z o.o.\",\"isPartOf\":{\"@id\":\"https:\/\/cgh.com.pl\/fr\/#website\"},\"primaryImageOfPage\":{\"@id\":\"https:\/\/cgh.com.pl\/fr\/les-reservoirs-de-type-belly#primaryimage\"},\"image\":{\"@id\":\"https:\/\/cgh.com.pl\/fr\/les-reservoirs-de-type-belly#primaryimage\"},\"thumbnailUrl\":\"https:\/\/cgh.com.pl\/fr\/wp-content\/uploads\/2025\/06\/zbiornik-belly-tank-CGH.png\",\"datePublished\":\"2024-11-29T00:34:27+00:00\",\"dateModified\":\"2025-06-03T10:05:15+00:00\",\"breadcrumb\":{\"@id\":\"https:\/\/cgh.com.pl\/fr\/les-reservoirs-de-type-belly#breadcrumb\"},\"inLanguage\":\"fr-FR\",\"potentialAction\":[{\"@type\":\"ReadAction\",\"target\":[\"https:\/\/cgh.com.pl\/fr\/les-reservoirs-de-type-belly\"]}]},{\"@type\":\"ImageObject\",\"inLanguage\":\"fr-FR\",\"@id\":\"https:\/\/cgh.com.pl\/fr\/les-reservoirs-de-type-belly#primaryimage\",\"url\":\"https:\/\/cgh.com.pl\/fr\/wp-content\/uploads\/2025\/06\/zbiornik-belly-tank-CGH.png\",\"contentUrl\":\"https:\/\/cgh.com.pl\/fr\/wp-content\/uploads\/2025\/06\/zbiornik-belly-tank-CGH.png\",\"width\":1100,\"height\":600},{\"@type\":\"BreadcrumbList\",\"@id\":\"https:\/\/cgh.com.pl\/fr\/les-reservoirs-de-type-belly#breadcrumb\",\"itemListElement\":[{\"@type\":\"ListItem\",\"position\":1,\"name\":\"Strona g\u0142\u00f3wna\",\"item\":\"https:\/\/cgh.com.pl\/fr\/\"},{\"@type\":\"ListItem\",\"position\":2,\"name\":\"Les r\u00e9servoirs de type &#8222;belly&#8221;\"}]},{\"@type\":\"WebSite\",\"@id\":\"https:\/\/cgh.com.pl\/fr\/#website\",\"url\":\"https:\/\/cgh.com.pl\/fr\/\",\"name\":\"CGH Group Sp. z o.o.\",\"description\":\"\",\"publisher\":{\"@id\":\"https:\/\/cgh.com.pl\/fr\/#organization\"},\"potentialAction\":[{\"@type\":\"SearchAction\",\"target\":{\"@type\":\"EntryPoint\",\"urlTemplate\":\"https:\/\/cgh.com.pl\/fr\/?s={search_term_string}\"},\"query-input\":{\"@type\":\"PropertyValueSpecification\",\"valueRequired\":true,\"valueName\":\"search_term_string\"}}],\"inLanguage\":\"fr-FR\"},{\"@type\":\"Organization\",\"@id\":\"https:\/\/cgh.com.pl\/fr\/#organization\",\"name\":\"CGH Group Sp. z o.o.\",\"url\":\"https:\/\/cgh.com.pl\/fr\/\",\"logo\":{\"@type\":\"ImageObject\",\"inLanguage\":\"fr-FR\",\"@id\":\"https:\/\/cgh.com.pl\/fr\/#\/schema\/logo\/image\/\",\"url\":\"https:\/\/cgh.com.pl\/fr\/wp-content\/uploads\/2023\/05\/logoCGH.png\",\"contentUrl\":\"https:\/\/cgh.com.pl\/fr\/wp-content\/uploads\/2023\/05\/logoCGH.png\",\"width\":449,\"height\":162,\"caption\":\"CGH Group Sp. z o.o.\"},\"image\":{\"@id\":\"https:\/\/cgh.com.pl\/fr\/#\/schema\/logo\/image\/\"}}]}<\/script>\n<!-- \/ Yoast SEO plugin. -->","yoast_head_json":{"title":"Les r\u00e9servoirs de type \"belly\" - CGH Group Sp. z o.o.","robots":{"index":"index","follow":"follow","max-snippet":"max-snippet:-1","max-image-preview":"max-image-preview:large","max-video-preview":"max-video-preview:-1"},"canonical":"https:\/\/cgh.com.pl\/fr\/les-reservoirs-de-type-belly","og_locale":"fr_FR","og_type":"article","og_title":"Les r\u00e9servoirs de type \"belly\" - CGH Group Sp. z o.o.","og_description":"Les r\u00e9servoirs de type \u00ab belly \u00bb sont des r\u00e9servoirs de carburant externes utilis\u00e9s pour alimenter les g\u00e9n\u00e9rateurs d&rsquo;\u00e9lectricit\u00e9 de secours dans les centres de donn\u00e9es. Ceux-ci sont install\u00e9s sous ou \u00e0 c\u00f4t\u00e9 du g\u00e9n\u00e9rateur afin de stocker les grandes quantit\u00e9s de carburant n\u00e9cessaires \u00e0 l&rsquo;alimentation des centres de donn\u00e9es en cas de panne de [&hellip;]?","og_url":"https:\/\/cgh.com.pl\/fr\/les-reservoirs-de-type-belly","og_site_name":"CGH Group Sp. z o.o.","article_modified_time":"2025-06-03T10:05:15+00:00","og_image":[{"width":1100,"height":600,"url":"https:\/\/cgh.com.pl\/fr\/wp-content\/uploads\/2025\/06\/zbiornik-belly-tank-CGH.png","type":"image\/png"}],"twitter_card":"summary_large_image","twitter_misc":{"Dur\u00e9e de lecture estim\u00e9e":"2 minutes"},"schema":{"@context":"https:\/\/schema.org","@graph":[{"@type":"WebPage","@id":"https:\/\/cgh.com.pl\/fr\/les-reservoirs-de-type-belly","url":"https:\/\/cgh.com.pl\/fr\/les-reservoirs-de-type-belly","name":"Les r\u00e9servoirs de type \"belly\" - CGH Group Sp. z o.o.","isPartOf":{"@id":"https:\/\/cgh.com.pl\/fr\/#website"},"primaryImageOfPage":{"@id":"https:\/\/cgh.com.pl\/fr\/les-reservoirs-de-type-belly#primaryimage"},"image":{"@id":"https:\/\/cgh.com.pl\/fr\/les-reservoirs-de-type-belly#primaryimage"},"thumbnailUrl":"https:\/\/cgh.com.pl\/fr\/wp-content\/uploads\/2025\/06\/zbiornik-belly-tank-CGH.png","datePublished":"2024-11-29T00:34:27+00:00","dateModified":"2025-06-03T10:05:15+00:00","breadcrumb":{"@id":"https:\/\/cgh.com.pl\/fr\/les-reservoirs-de-type-belly#breadcrumb"},"inLanguage":"fr-FR","potentialAction":[{"@type":"ReadAction","target":["https:\/\/cgh.com.pl\/fr\/les-reservoirs-de-type-belly"]}]},{"@type":"ImageObject","inLanguage":"fr-FR","@id":"https:\/\/cgh.com.pl\/fr\/les-reservoirs-de-type-belly#primaryimage","url":"https:\/\/cgh.com.pl\/fr\/wp-content\/uploads\/2025\/06\/zbiornik-belly-tank-CGH.png","contentUrl":"https:\/\/cgh.com.pl\/fr\/wp-content\/uploads\/2025\/06\/zbiornik-belly-tank-CGH.png","width":1100,"height":600},{"@type":"BreadcrumbList","@id":"https:\/\/cgh.com.pl\/fr\/les-reservoirs-de-type-belly#breadcrumb","itemListElement":[{"@type":"ListItem","position":1,"name":"Strona g\u0142\u00f3wna","item":"https:\/\/cgh.com.pl\/fr\/"},{"@type":"ListItem","position":2,"name":"Les r\u00e9servoirs de type &#8222;belly&#8221;"}]},{"@type":"WebSite","@id":"https:\/\/cgh.com.pl\/fr\/#website","url":"https:\/\/cgh.com.pl\/fr\/","name":"CGH Group Sp. z o.o.","description":"","publisher":{"@id":"https:\/\/cgh.com.pl\/fr\/#organization"},"potentialAction":[{"@type":"SearchAction","target":{"@type":"EntryPoint","urlTemplate":"https:\/\/cgh.com.pl\/fr\/?s={search_term_string}"},"query-input":{"@type":"PropertyValueSpecification","valueRequired":true,"valueName":"search_term_string"}}],"inLanguage":"fr-FR"},{"@type":"Organization","@id":"https:\/\/cgh.com.pl\/fr\/#organization","name":"CGH Group Sp. z o.o.","url":"https:\/\/cgh.com.pl\/fr\/","logo":{"@type":"ImageObject","inLanguage":"fr-FR","@id":"https:\/\/cgh.com.pl\/fr\/#\/schema\/logo\/image\/","url":"https:\/\/cgh.com.pl\/fr\/wp-content\/uploads\/2023\/05\/logoCGH.png","contentUrl":"https:\/\/cgh.com.pl\/fr\/wp-content\/uploads\/2023\/05\/logoCGH.png","width":449,"height":162,"caption":"CGH Group Sp. z o.o."},"image":{"@id":"https:\/\/cgh.com.pl\/fr\/#\/schema\/logo\/image\/"}}]}},"_links":{"self":[{"href":"https:\/\/cgh.com.pl\/fr\/wp-json\/wp\/v2\/pages\/5253","targetHints":{"allow":["GET"]}}],"collection":[{"href":"https:\/\/cgh.com.pl\/fr\/wp-json\/wp\/v2\/pages"}],"about":[{"href":"https:\/\/cgh.com.pl\/fr\/wp-json\/wp\/v2\/types\/page"}],"author":[{"embeddable":true,"href":"https:\/\/cgh.com.pl\/fr\/wp-json\/wp\/v2\/users\/1"}],"replies":[{"embeddable":true,"href":"https:\/\/cgh.com.pl\/fr\/wp-json\/wp\/v2\/comments?post=5253"}],"version-history":[{"count":2,"href":"https:\/\/cgh.com.pl\/fr\/wp-json\/wp\/v2\/pages\/5253\/revisions"}],"predecessor-version":[{"id":5268,"href":"https:\/\/cgh.com.pl\/fr\/wp-json\/wp\/v2\/pages\/5253\/revisions\/5268"}],"wp:attachment":[{"href":"https:\/\/cgh.com.pl\/fr\/wp-json\/wp\/v2\/media?parent=5253"}],"curies":[{"name":"wp","href":"https:\/\/api.w.org\/{rel}","templated":true}]}}