{"id":5257,"date":"2024-11-29T01:41:16","date_gmt":"2024-11-29T00:41:16","guid":{"rendered":"https:\/\/cgh.com.pl\/fr\/?page_id=5257"},"modified":"2024-11-29T01:41:16","modified_gmt":"2024-11-29T00:41:16","slug":"reservoirs-diesel-rectangulaires","status":"publish","type":"page","link":"https:\/\/cgh.com.pl\/fr\/reservoirs-de-carburant-reservoirs-de-liquides-inflammables\/reservoirs-diesel-rectangulaires","title":{"rendered":"R\u00e9servoirs diesel rectangulaires"},"content":{"rendered":"\n<p>Les r\u00e9servoirs diesel rectangulaires en acier sont des solutions populaires utilis\u00e9es pour le stockage et la distribution de carburant. Ils sont con\u00e7us pour \u00eatre durables, s\u00fbrs et conformes aux normes l\u00e9gales de stockage des mati\u00e8res dangereuses. La forme rectangulaire garantit une utilisation efficace de l&rsquo;espace. Ce type de r\u00e9servoir peut \u00eatre install\u00e9 hors sol, en conteneur ou sur des plates-formes sp\u00e9ciales. Les r\u00e9servoirs sont utilis\u00e9s dans les d\u00e9p\u00f4ts logistiques, les stations-service et les entreprises qui utilisent de grandes quantit\u00e9s de diesel (agriculture, transport, construction, etc.), et comme source de carburant pour les groupes \u00e9lectrog\u00e8nes.<\/p>\n\n\n\n<p>Propri\u00e9t\u00e9s des r\u00e9servoirs rectangulaires en acier<\/p>\n\n\n\n<ul class=\"wp-block-list\">\n<li>fabriqu\u00e9s en acier au carbone S235JR (autres aciers disponibles sur demande, aciers au carbone, aciers inoxydables et aciers acides)<\/li>\n\n\n\n<li>r\u00e9servoir \u00e0 double paroi dot\u00e9 d&rsquo;un syst\u00e8me de surveillance des surfaces interm\u00e9diaires (disponible en option en version \u00e0 simple paroi pour insertion dans un bac de r\u00e9tention).<\/li>\n\n\n\n<li>r\u00e9servoir avec homologation UDT<\/li>\n\n\n\n<li>r\u00e9servoir pour diesel, essence et autres liquides sur demande.<\/li>\n\n\n\n<li>rev\u00eatement ext\u00e9rieur anti-corrosion C3M (C4M\/H, C5M\/H sur demande)<\/li>\n<\/ul>\n\n\n\n<p>Dimensions ext\u00e9rieures de base<\/p>\n\n\n\n<ul class=\"wp-block-list\">\n<li>largeur 800 mm<\/li>\n\n\n\n<li>longueur 1500mm<\/li>\n\n\n\n<li>hauteur 1500mm<\/li>\n<\/ul>\n\n\n\n<p>Les autres dimensions sont \u00e9galement disponibles (sur demande). La largeur de 800 mm convient au passage de la plupart des portes techniques dans les b\u00e2timents.<\/p>\n\n\n\n<div class=\"photos large\">\n<div class=\"first-zoom-photo\">\n<p style=\"text-align: center; font-size: 10px; margin-bottom:0;\"><img decoding=\"async\" data-src=\"https:\/\/cgh.com.pl\/wp-content\/uploads\/2024\/11\/Cuboid_5.jpg\" alt=\"Zbiornik na diesel w kontenerze\" src=\"data:image\/svg+xml;base64,PHN2ZyB3aWR0aD0iMSIgaGVpZ2h0PSIxIiB4bWxucz0iaHR0cDovL3d3dy53My5vcmcvMjAwMC9zdmciPjwvc3ZnPg==\" class=\"lazyload\"><\/p>\n\n<div><\/div>\n<\/div>\n<div>\n<p style=\"text-align: center; font-size: 10px; margin-bottom:0;\"><img decoding=\"async\" data-src=\"https:\/\/cgh.com.pl\/wp-content\/uploads\/2024\/11\/Cuboid_2.jpg\" alt=\"Zbiorniki prostopad\u0142o\u015bcienne na diesel\" src=\"data:image\/svg+xml;base64,PHN2ZyB3aWR0aD0iMSIgaGVpZ2h0PSIxIiB4bWxucz0iaHR0cDovL3d3dy53My5vcmcvMjAwMC9zdmciPjwvc3ZnPg==\" class=\"lazyload\"><\/p>\n\n<div><\/div>\n<\/div>\n\n<div class=\"pair\">\n<!--<p style=\"text-align: center; font-size: 10px; margin-bottom:0;\"><img decoding=\"async\" data-src=\"https:\/\/cgh.com.pl\/wp-content\/uploads\/2023\/04\/20230329_Zbiornik-40m4-na-paliwa-w-kontenerze-3.jpg\" alt=\"Zbiorniki prostopad\u0142o\u015bcienne na diesel\" src=\"data:image\/svg+xml;base64,PHN2ZyB3aWR0aD0iMSIgaGVpZ2h0PSIxIiB4bWxucz0iaHR0cDovL3d3dy53My5vcmcvMjAwMC9zdmciPjwvc3ZnPg==\" class=\"lazyload\"><\/p>-->\n\n<div><\/div>\n<div><\/div>\n<\/div>\n<\/div>\n","protected":false},"excerpt":{"rendered":"<p>Les r\u00e9servoirs diesel rectangulaires en acier sont des solutions populaires utilis\u00e9es pour le stockage et la distribution de carburant. Ils sont con\u00e7us pour \u00eatre durables, s\u00fbrs et conformes aux normes l\u00e9gales de stockage des mati\u00e8res dangereuses. La forme rectangulaire garantit une utilisation efficace de l&rsquo;espace. Ce type de r\u00e9servoir peut \u00eatre install\u00e9 hors sol, en [&hellip;]?<\/p>\n","protected":false},"author":1,"featured_media":0,"parent":13,"menu_order":0,"comment_status":"closed","ping_status":"closed","template":"page-products-with-second-menu.php","meta":{"_acf_changed":false,"footnotes":""},"class_list":["post-5257","page","type-page","status-publish","hentry"],"acf":[],"yoast_head":"<!-- This site is optimized with the Yoast SEO plugin v26.1.1 - https:\/\/yoast.com\/wordpress\/plugins\/seo\/ -->\n<title>R\u00e9servoirs diesel rectangulaires - CGH Group Sp. z o.o.<\/title>\n<meta name=\"robots\" content=\"index, follow, max-snippet:-1, max-image-preview:large, max-video-preview:-1\" \/>\n<link rel=\"canonical\" href=\"https:\/\/cgh.com.pl\/fr\/reservoirs-de-carburant-reservoirs-de-liquides-inflammables\/reservoirs-diesel-rectangulaires\" \/>\n<meta property=\"og:locale\" content=\"fr_FR\" \/>\n<meta property=\"og:type\" content=\"article\" \/>\n<meta property=\"og:title\" content=\"R\u00e9servoirs diesel rectangulaires - CGH Group Sp. z o.o.\" \/>\n<meta property=\"og:description\" content=\"Les r\u00e9servoirs diesel rectangulaires en acier sont des solutions populaires utilis\u00e9es pour le stockage et la distribution de carburant. Ils sont con\u00e7us pour \u00eatre durables, s\u00fbrs et conformes aux normes l\u00e9gales de stockage des mati\u00e8res dangereuses. La forme rectangulaire garantit une utilisation efficace de l&rsquo;espace. Ce type de r\u00e9servoir peut \u00eatre install\u00e9 hors sol, en [&hellip;]?\" \/>\n<meta property=\"og:url\" content=\"https:\/\/cgh.com.pl\/fr\/reservoirs-de-carburant-reservoirs-de-liquides-inflammables\/reservoirs-diesel-rectangulaires\" \/>\n<meta property=\"og:site_name\" content=\"CGH Group Sp. z o.o.\" \/>\n<meta property=\"og:image\" content=\"https:\/\/cgh.com.pl\/wp-content\/uploads\/2024\/11\/Cuboid_5.jpg\" \/>\n<meta name=\"twitter:card\" content=\"summary_large_image\" \/>\n<meta name=\"twitter:label1\" content=\"Dur\u00e9e de lecture estim\u00e9e\" \/>\n\t<meta name=\"twitter:data1\" content=\"2 minutes\" \/>\n<script type=\"application\/ld+json\" class=\"yoast-schema-graph\">{\"@context\":\"https:\/\/schema.org\",\"@graph\":[{\"@type\":\"WebPage\",\"@id\":\"https:\/\/cgh.com.pl\/fr\/reservoirs-de-carburant-reservoirs-de-liquides-inflammables\/reservoirs-diesel-rectangulaires\",\"url\":\"https:\/\/cgh.com.pl\/fr\/reservoirs-de-carburant-reservoirs-de-liquides-inflammables\/reservoirs-diesel-rectangulaires\",\"name\":\"R\u00e9servoirs diesel rectangulaires - CGH Group Sp. z o.o.\",\"isPartOf\":{\"@id\":\"https:\/\/cgh.com.pl\/fr\/#website\"},\"primaryImageOfPage\":{\"@id\":\"https:\/\/cgh.com.pl\/fr\/reservoirs-de-carburant-reservoirs-de-liquides-inflammables\/reservoirs-diesel-rectangulaires#primaryimage\"},\"image\":{\"@id\":\"https:\/\/cgh.com.pl\/fr\/reservoirs-de-carburant-reservoirs-de-liquides-inflammables\/reservoirs-diesel-rectangulaires#primaryimage\"},\"thumbnailUrl\":\"https:\/\/cgh.com.pl\/wp-content\/uploads\/2024\/11\/Cuboid_5.jpg\",\"datePublished\":\"2024-11-29T00:41:16+00:00\",\"breadcrumb\":{\"@id\":\"https:\/\/cgh.com.pl\/fr\/reservoirs-de-carburant-reservoirs-de-liquides-inflammables\/reservoirs-diesel-rectangulaires#breadcrumb\"},\"inLanguage\":\"fr-FR\",\"potentialAction\":[{\"@type\":\"ReadAction\",\"target\":[\"https:\/\/cgh.com.pl\/fr\/reservoirs-de-carburant-reservoirs-de-liquides-inflammables\/reservoirs-diesel-rectangulaires\"]}]},{\"@type\":\"ImageObject\",\"inLanguage\":\"fr-FR\",\"@id\":\"https:\/\/cgh.com.pl\/fr\/reservoirs-de-carburant-reservoirs-de-liquides-inflammables\/reservoirs-diesel-rectangulaires#primaryimage\",\"url\":\"https:\/\/cgh.com.pl\/wp-content\/uploads\/2024\/11\/Cuboid_5.jpg\",\"contentUrl\":\"https:\/\/cgh.com.pl\/wp-content\/uploads\/2024\/11\/Cuboid_5.jpg\"},{\"@type\":\"BreadcrumbList\",\"@id\":\"https:\/\/cgh.com.pl\/fr\/reservoirs-de-carburant-reservoirs-de-liquides-inflammables\/reservoirs-diesel-rectangulaires#breadcrumb\",\"itemListElement\":[{\"@type\":\"ListItem\",\"position\":1,\"name\":\"Strona g\u0142\u00f3wna\",\"item\":\"https:\/\/cgh.com.pl\/fr\/\"},{\"@type\":\"ListItem\",\"position\":2,\"name\":\"R\u00e9servoirs de carburant, r\u00e9servoirs de liquides inflammables\",\"item\":\"https:\/\/cgh.com.pl\/fr\/reservoirs-de-carburant-reservoirs-de-liquides-inflammables\"},{\"@type\":\"ListItem\",\"position\":3,\"name\":\"R\u00e9servoirs diesel rectangulaires\"}]},{\"@type\":\"WebSite\",\"@id\":\"https:\/\/cgh.com.pl\/fr\/#website\",\"url\":\"https:\/\/cgh.com.pl\/fr\/\",\"name\":\"CGH Group Sp. z o.o.\",\"description\":\"\",\"publisher\":{\"@id\":\"https:\/\/cgh.com.pl\/fr\/#organization\"},\"potentialAction\":[{\"@type\":\"SearchAction\",\"target\":{\"@type\":\"EntryPoint\",\"urlTemplate\":\"https:\/\/cgh.com.pl\/fr\/?s={search_term_string}\"},\"query-input\":{\"@type\":\"PropertyValueSpecification\",\"valueRequired\":true,\"valueName\":\"search_term_string\"}}],\"inLanguage\":\"fr-FR\"},{\"@type\":\"Organization\",\"@id\":\"https:\/\/cgh.com.pl\/fr\/#organization\",\"name\":\"CGH Group Sp. z o.o.\",\"url\":\"https:\/\/cgh.com.pl\/fr\/\",\"logo\":{\"@type\":\"ImageObject\",\"inLanguage\":\"fr-FR\",\"@id\":\"https:\/\/cgh.com.pl\/fr\/#\/schema\/logo\/image\/\",\"url\":\"https:\/\/cgh.com.pl\/fr\/wp-content\/uploads\/2023\/05\/logoCGH.png\",\"contentUrl\":\"https:\/\/cgh.com.pl\/fr\/wp-content\/uploads\/2023\/05\/logoCGH.png\",\"width\":449,\"height\":162,\"caption\":\"CGH Group Sp. z o.o.\"},\"image\":{\"@id\":\"https:\/\/cgh.com.pl\/fr\/#\/schema\/logo\/image\/\"}}]}<\/script>\n<!-- \/ Yoast SEO plugin. -->","yoast_head_json":{"title":"R\u00e9servoirs diesel rectangulaires - CGH Group Sp. z o.o.","robots":{"index":"index","follow":"follow","max-snippet":"max-snippet:-1","max-image-preview":"max-image-preview:large","max-video-preview":"max-video-preview:-1"},"canonical":"https:\/\/cgh.com.pl\/fr\/reservoirs-de-carburant-reservoirs-de-liquides-inflammables\/reservoirs-diesel-rectangulaires","og_locale":"fr_FR","og_type":"article","og_title":"R\u00e9servoirs diesel rectangulaires - CGH Group Sp. z o.o.","og_description":"Les r\u00e9servoirs diesel rectangulaires en acier sont des solutions populaires utilis\u00e9es pour le stockage et la distribution de carburant. Ils sont con\u00e7us pour \u00eatre durables, s\u00fbrs et conformes aux normes l\u00e9gales de stockage des mati\u00e8res dangereuses. La forme rectangulaire garantit une utilisation efficace de l&rsquo;espace. Ce type de r\u00e9servoir peut \u00eatre install\u00e9 hors sol, en [&hellip;]?","og_url":"https:\/\/cgh.com.pl\/fr\/reservoirs-de-carburant-reservoirs-de-liquides-inflammables\/reservoirs-diesel-rectangulaires","og_site_name":"CGH Group Sp. z o.o.","og_image":[{"url":"https:\/\/cgh.com.pl\/wp-content\/uploads\/2024\/11\/Cuboid_5.jpg","type":"","width":"","height":""}],"twitter_card":"summary_large_image","twitter_misc":{"Dur\u00e9e de lecture estim\u00e9e":"2 minutes"},"schema":{"@context":"https:\/\/schema.org","@graph":[{"@type":"WebPage","@id":"https:\/\/cgh.com.pl\/fr\/reservoirs-de-carburant-reservoirs-de-liquides-inflammables\/reservoirs-diesel-rectangulaires","url":"https:\/\/cgh.com.pl\/fr\/reservoirs-de-carburant-reservoirs-de-liquides-inflammables\/reservoirs-diesel-rectangulaires","name":"R\u00e9servoirs diesel rectangulaires - CGH Group Sp. z o.o.","isPartOf":{"@id":"https:\/\/cgh.com.pl\/fr\/#website"},"primaryImageOfPage":{"@id":"https:\/\/cgh.com.pl\/fr\/reservoirs-de-carburant-reservoirs-de-liquides-inflammables\/reservoirs-diesel-rectangulaires#primaryimage"},"image":{"@id":"https:\/\/cgh.com.pl\/fr\/reservoirs-de-carburant-reservoirs-de-liquides-inflammables\/reservoirs-diesel-rectangulaires#primaryimage"},"thumbnailUrl":"https:\/\/cgh.com.pl\/wp-content\/uploads\/2024\/11\/Cuboid_5.jpg","datePublished":"2024-11-29T00:41:16+00:00","breadcrumb":{"@id":"https:\/\/cgh.com.pl\/fr\/reservoirs-de-carburant-reservoirs-de-liquides-inflammables\/reservoirs-diesel-rectangulaires#breadcrumb"},"inLanguage":"fr-FR","potentialAction":[{"@type":"ReadAction","target":["https:\/\/cgh.com.pl\/fr\/reservoirs-de-carburant-reservoirs-de-liquides-inflammables\/reservoirs-diesel-rectangulaires"]}]},{"@type":"ImageObject","inLanguage":"fr-FR","@id":"https:\/\/cgh.com.pl\/fr\/reservoirs-de-carburant-reservoirs-de-liquides-inflammables\/reservoirs-diesel-rectangulaires#primaryimage","url":"https:\/\/cgh.com.pl\/wp-content\/uploads\/2024\/11\/Cuboid_5.jpg","contentUrl":"https:\/\/cgh.com.pl\/wp-content\/uploads\/2024\/11\/Cuboid_5.jpg"},{"@type":"BreadcrumbList","@id":"https:\/\/cgh.com.pl\/fr\/reservoirs-de-carburant-reservoirs-de-liquides-inflammables\/reservoirs-diesel-rectangulaires#breadcrumb","itemListElement":[{"@type":"ListItem","position":1,"name":"Strona g\u0142\u00f3wna","item":"https:\/\/cgh.com.pl\/fr\/"},{"@type":"ListItem","position":2,"name":"R\u00e9servoirs de carburant, r\u00e9servoirs de liquides inflammables","item":"https:\/\/cgh.com.pl\/fr\/reservoirs-de-carburant-reservoirs-de-liquides-inflammables"},{"@type":"ListItem","position":3,"name":"R\u00e9servoirs diesel rectangulaires"}]},{"@type":"WebSite","@id":"https:\/\/cgh.com.pl\/fr\/#website","url":"https:\/\/cgh.com.pl\/fr\/","name":"CGH Group Sp. z o.o.","description":"","publisher":{"@id":"https:\/\/cgh.com.pl\/fr\/#organization"},"potentialAction":[{"@type":"SearchAction","target":{"@type":"EntryPoint","urlTemplate":"https:\/\/cgh.com.pl\/fr\/?s={search_term_string}"},"query-input":{"@type":"PropertyValueSpecification","valueRequired":true,"valueName":"search_term_string"}}],"inLanguage":"fr-FR"},{"@type":"Organization","@id":"https:\/\/cgh.com.pl\/fr\/#organization","name":"CGH Group Sp. z o.o.","url":"https:\/\/cgh.com.pl\/fr\/","logo":{"@type":"ImageObject","inLanguage":"fr-FR","@id":"https:\/\/cgh.com.pl\/fr\/#\/schema\/logo\/image\/","url":"https:\/\/cgh.com.pl\/fr\/wp-content\/uploads\/2023\/05\/logoCGH.png","contentUrl":"https:\/\/cgh.com.pl\/fr\/wp-content\/uploads\/2023\/05\/logoCGH.png","width":449,"height":162,"caption":"CGH Group Sp. z o.o."},"image":{"@id":"https:\/\/cgh.com.pl\/fr\/#\/schema\/logo\/image\/"}}]}},"_links":{"self":[{"href":"https:\/\/cgh.com.pl\/fr\/wp-json\/wp\/v2\/pages\/5257","targetHints":{"allow":["GET"]}}],"collection":[{"href":"https:\/\/cgh.com.pl\/fr\/wp-json\/wp\/v2\/pages"}],"about":[{"href":"https:\/\/cgh.com.pl\/fr\/wp-json\/wp\/v2\/types\/page"}],"author":[{"embeddable":true,"href":"https:\/\/cgh.com.pl\/fr\/wp-json\/wp\/v2\/users\/1"}],"replies":[{"embeddable":true,"href":"https:\/\/cgh.com.pl\/fr\/wp-json\/wp\/v2\/comments?post=5257"}],"version-history":[{"count":1,"href":"https:\/\/cgh.com.pl\/fr\/wp-json\/wp\/v2\/pages\/5257\/revisions"}],"predecessor-version":[{"id":5258,"href":"https:\/\/cgh.com.pl\/fr\/wp-json\/wp\/v2\/pages\/5257\/revisions\/5258"}],"up":[{"embeddable":true,"href":"https:\/\/cgh.com.pl\/fr\/wp-json\/wp\/v2\/pages\/13"}],"wp:attachment":[{"href":"https:\/\/cgh.com.pl\/fr\/wp-json\/wp\/v2\/media?parent=5257"}],"curies":[{"name":"wp","href":"https:\/\/api.w.org\/{rel}","templated":true}]}}