{"id":7,"date":"2020-11-24T22:45:39","date_gmt":"2020-11-24T21:45:39","guid":{"rendered":"https:\/\/cgh.com.pl\/fr\/?page_id=7"},"modified":"2026-02-11T22:10:08","modified_gmt":"2026-02-11T21:10:08","slug":"strona-glowna","status":"publish","type":"page","link":"https:\/\/cgh.com.pl\/fr\/","title":{"rendered":"Home site"},"content":{"rendered":"\n<div style=\"height:100px\" aria-hidden=\"true\" class=\"wp-block-spacer\"><\/div>\n\n\n\n<div class=\"wp-block-columns has-4-columns is-layout-flex wp-container-core-columns-is-layout-9d6595d7 wp-block-columns-is-layout-flex\">\n<div class=\"wp-block-column is-layout-flow wp-block-column-is-layout-flow\"><div class=\"wp-block-image\">\n<figure class=\"aligncenter\"><a href=\"https:\/\/cgh.com.pl\/fr\/reservoirs-de-carburant\"><img decoding=\"async\" width=\"283\" height=\"222\" data-src=\"https:\/\/cgh.com.pl\/fr\/wp-content\/uploads\/2020\/11\/zbiorniki-na-paliwa.jpg\" alt=\"CGH Group - PETROL TANK\" class=\"wp-image-27 img-fluid lazyload\" src=\"data:image\/svg+xml;base64,PHN2ZyB3aWR0aD0iMSIgaGVpZ2h0PSIxIiB4bWxucz0iaHR0cDovL3d3dy53My5vcmcvMjAwMC9zdmciPjwvc3ZnPg==\" style=\"--smush-placeholder-width: 283px; --smush-placeholder-aspect-ratio: 283\/222;\" \/><\/a><figcaption class=\"wp-element-caption\"><a href=\"https:\/\/cgh.com.pl\/fr\/reservoirs-de-carburant\">R\u00e9servoirs de carburant<\/a><\/figcaption><\/figure><\/div><\/div>\n\n\n\n<div class=\"wp-block-column is-layout-flow wp-block-column-is-layout-flow\"><div class=\"wp-block-image\">\n<figure class=\"aligncenter size-full\"><a href=\"https:\/\/cgh.com.pl\/fr\/cuves-pour-lindustrie\"><img decoding=\"async\" width=\"283\" height=\"222\" data-src=\"https:\/\/cgh.com.pl\/fr\/wp-content\/uploads\/2022\/02\/tanks-for-the-industry-2.jpg\" alt=\"CGH Group - Tanks for the industry\" class=\"wp-image-1972 img-fluid lazyload\" src=\"data:image\/svg+xml;base64,PHN2ZyB3aWR0aD0iMSIgaGVpZ2h0PSIxIiB4bWxucz0iaHR0cDovL3d3dy53My5vcmcvMjAwMC9zdmciPjwvc3ZnPg==\" style=\"--smush-placeholder-width: 283px; --smush-placeholder-aspect-ratio: 283\/222;\" \/><\/a><figcaption class=\"wp-element-caption\"><a href=\"https:\/\/cgh.com.pl\/fr\/cuves-pour-lindustrie\">Cuves pour l\u2019industrie<\/a><\/figcaption><\/figure><\/div><\/div>\n\n\n\n<div class=\"wp-block-column is-layout-flow wp-block-column-is-layout-flow\"><div class=\"wp-block-image\">\n<figure class=\"aligncenter size-full\"><a href=\"https:\/\/cgh.com.pl\/fr\/reservoirs-deau\"><img decoding=\"async\" width=\"283\" height=\"222\" data-src=\"https:\/\/cgh.com.pl\/fr\/wp-content\/uploads\/2022\/02\/water-tanks.jpg\" alt=\"CGH Group - WATER TANKS\" class=\"wp-image-1973 img-fluid lazyload\" src=\"data:image\/svg+xml;base64,PHN2ZyB3aWR0aD0iMSIgaGVpZ2h0PSIxIiB4bWxucz0iaHR0cDovL3d3dy53My5vcmcvMjAwMC9zdmciPjwvc3ZnPg==\" style=\"--smush-placeholder-width: 283px; --smush-placeholder-aspect-ratio: 283\/222;\" \/><\/a><figcaption class=\"wp-element-caption\"><a href=\"https:\/\/cgh.com.pl\/fr\/reservoirs-deau\">R\u00e9servoirs d\u2019eau<\/a><\/figcaption><\/figure><\/div><\/div>\n\n\n\n<div class=\"wp-block-column is-layout-flow wp-block-column-is-layout-flow\"><div class=\"wp-block-image\">\n<figure class=\"aligncenter size-full\"><a href=\"https:\/\/cgh.com.pl\/fr\/accessoires\"><img decoding=\"async\" width=\"283\" height=\"222\" data-src=\"https:\/\/cgh.com.pl\/fr\/wp-content\/uploads\/2022\/02\/Accessories.jpg\" alt=\"CGH Group - ACCESSORIES\" class=\"wp-image-1974 img-fluid lazyload\" src=\"data:image\/svg+xml;base64,PHN2ZyB3aWR0aD0iMSIgaGVpZ2h0PSIxIiB4bWxucz0iaHR0cDovL3d3dy53My5vcmcvMjAwMC9zdmciPjwvc3ZnPg==\" style=\"--smush-placeholder-width: 283px; --smush-placeholder-aspect-ratio: 283\/222;\" \/><\/a><figcaption class=\"wp-element-caption\"><a href=\"https:\/\/cgh.com.pl\/fr\/accessoires\">Accessoires<\/a><\/figcaption><\/figure><\/div><\/div>\n<\/div>\n\n\n\n<h4 class=\"wp-block-heading\"><strong>CGH Group fabricant de r\u00e9servoirs offre:<\/strong><\/h4>\n\n\n\n<div class=\"wp-block-columns is-layout-flex wp-container-core-columns-is-layout-9d6595d7 wp-block-columns-is-layout-flex\">\n<div class=\"wp-block-column is-layout-flow wp-block-column-is-layout-flow\">\n<p><a href=\"https:\/\/cgh.com.pl\/fr\/reservoirs-de-carburant-reservoirs-de-liquides-inflammables\">R\u00e9servoirs de carburant, r\u00e9servoirs de liquides inflammables<\/a><\/p>\n\n\n\n<ul class=\"wp-block-list\">\n<li><a href=\"https:\/\/cgh.com.pl\/fr\/reservoirs-de-produits-petroliers\/reservoirs-de-produits-petroliers-souterrains\">R\u00e9servoirs de produits p\u00e9troliers souterrains<\/a><\/li>\n\n\n\n<li><a href=\"https:\/\/cgh.com.pl\/fr\/reservoirs-de-carburant\/mobile-stations\">Stations de distribution conteneuris\u00e9<\/a><a href=\"https:\/\/cgh.com.pl\/fr\/reservoirs-de-produits-petroliers\/stations-de-distribution-conteneurisees\">es<\/a><\/li>\n\n\n\n<li><a href=\"https:\/\/cgh.com.pl\/fr\/reservoirs-de-produits-petroliers\/reservoirs-adblue\">R\u00e9servoirs AdBlue<\/a><\/li>\n\n\n\n<li><a href=\"https:\/\/cgh.com.pl\/fr\/reservoirs-de-carburant\/compact-stations\">Stations-service compact<\/a><a href=\"https:\/\/cgh.com.pl\/fr\/reservoirs-de-produits-petroliers\/stations-service-compactes\">es<\/a><\/li>\n\n\n\n<li><a href=\"https:\/\/cgh.com.pl\/fr\/reservoirs-de-produits-petroliers\/reservoirs-de-carburant-daviation\">R\u00e9servoirs de carburant d&rsquo;aviation<\/a><\/li>\n\n\n\n<li><a href=\"https:\/\/cgh.com.pl\/fr\/reservoirs-de-produits-petroliers\/reservoirs-de-carburant-diesel\">R\u00e9servoirs de carburant diesel<\/a><\/li>\n\n\n\n<li><a href=\"https:\/\/cgh.com.pl\/fr\/reservoirs-de-carburant\/cuves-pour-stockage-de-bio-fuel\">R\u00e9servoirs pour additifs de carburan<\/a><a href=\"https:\/\/cgh.com.pl\/fr\/reservoirs-de-produits-petroliers\/reservoirs-pour-additifs-de-carburant\">t<\/a><\/li>\n\n\n\n<li><a href=\"https:\/\/cgh.com.pl\/fr\/reservoirs-de-produits-petroliers\/reservoirs-de-biocarburants\">R\u00e9servoirs de biocarburants<\/a><\/li>\n<\/ul>\n<\/div>\n\n\n\n<div class=\"wp-block-column is-layout-flow wp-block-column-is-layout-flow\">\n<p><a href=\"https:\/\/cgh.com.pl\/fr\/reservoirs-de-gpl\">R\u00e9servoirs de GPL<\/a><\/p>\n\n\n\n<ul class=\"wp-block-list\">\n<li><a href=\"https:\/\/cgh.com.pl\/fr\/cuves-gpl\/cuves-gpl-souterraines\">Cuves GPL Souterraines<\/a><\/li>\n\n\n\n<li><a href=\"https:\/\/cgh.com.pl\/fr\/cuves-gpl\/cuves-gpl-aeriennes\">Cuves GPL A\u00e9riennes<\/a><\/li>\n\n\n\n<li><a href=\"https:\/\/cgh.com.pl\/fr\/cuves-gpl\/lpg-modules\">Module GPL souterrai<\/a><a href=\"https:\/\/cgh.com.pl\/fr\/reservoirs-de-gpl\/module-gpl-souterrain\">n<\/a><\/li>\n\n\n\n<li><a href=\"https:\/\/cgh.com.pl\/fr\/cuves-gpl\/lpg-pipes\">Conduites G<\/a><a href=\"https:\/\/cgh.com.pl\/fr\/reservoirs-de-gpl\/conduites-gpl\">PL<\/a><\/li>\n<\/ul>\n<\/div>\n\n\n\n<div class=\"wp-block-column is-layout-flow wp-block-column-is-layout-flow\">\n<p><a href=\"https:\/\/cgh.com.pl\/fr\/cuves-pour-lindustrie\">Cuves pour l\u2019industrie<\/a><\/p>\n\n\n\n<ul class=\"wp-block-list\">\n<li><a href=\"https:\/\/cgh.com.pl\/fr\/reservoirs-de-carburant-reservoirs-de-liquides-inflammables\/reservoirs-pour-additifs-de-carburant\">R\u00e9servoirs verticaux hors sol<\/a><\/li>\n\n\n\n<li><a href=\"https:\/\/cgh.com.pl\/fr\/cuves-pour-lindustrie\/cuves-aeriennes-double-paroi\">Cuves A\u00e9riennes double paroi<\/a><\/li>\n\n\n\n<li><a href=\"https:\/\/cgh.com.pl\/fr\/cuves-pour-lindustrie\/cuve-pour-stockage-de-liquides-corrosifs-et-toxiques\">Cuve pour stockage de liquides corrosifs et toxiques<\/a><\/li>\n\n\n\n<li><a href=\"https:\/\/cgh.com.pl\/fr\/cuves-pour-lindustrie\/cuves-pour-stockage-de-phenol\">Cuves pour stockage de Ph\u00e9nol<\/a><\/li>\n\n\n\n<li><a href=\"https:\/\/cgh.com.pl\/fr\/cuves-pour-lindustrie\/cuves-pour-stockage-de-lubrifiants-industriels-et-automotives\">Cuves pour stockage de lubrifiants industriels et automotives<\/a><\/li>\n\n\n\n<li><a href=\"https:\/\/cgh.com.pl\/fr\/cuves-pour-lindustrie\/cuve-pour-stockage-dethyle-acetate\">Cuve pour stockage d\u2019\u00e9thyle ac\u00e9tate<\/a><\/li>\n\n\n\n<li><a href=\"https:\/\/cgh.com.pl\/fr\/cuves-pour-lindustrie\/cuve-pour-stockage-de-fuel-lourd\">Cuve pour stockage de fuel lourd<\/a><\/li>\n\n\n\n<li><a href=\"https:\/\/cgh.com.pl\/fr\/cuves-pour-lindustrie\/cuves-pour-stockage-dhuile-moteurs\">Cuves pour stockage d\u2019huile moteurs<\/a><\/li>\n\n\n\n<li><a href=\"https:\/\/cgh.com.pl\/fr\/cuves-pour-lindustrie\/cuves-pour-lalimentation-de-generateurs\">Cuves pour l\u2019alimentationde g\u00e9n\u00e9rateurs<\/a><\/li>\n\n\n\n<li><a href=\"https:\/\/cgh.com.pl\/fr\/cuves-pour-lindustrie\/cuves-pour-stockage-de-polyolset-isocyanates\">Cuves pour stockage de polyols et isocyanates<\/a><\/li>\n\n\n\n<li><a href=\"https:\/\/cgh.com.pl\/fr\/cuves-pour-lindustrie\/cuves-pour-stockage-de-petrole-brut\">Cuves pour stockage de p\u00e9trole brut<\/a><\/li>\n\n\n\n<li><a href=\"https:\/\/cgh.com.pl\/fr\/cuves-pour-lindustrie\/cuves-pour-stockage-dasphalte-et-bitume\">Cuves pour stockage d\u2019asphalteet bitume<\/a><\/li>\n\n\n\n<li><a href=\"https:\/\/cgh.com.pl\/fr\/cuves-pour-lindustrie\/cuve-pour-stockage-de-fuel-chauffage\">Cuve pour stockage de fuel chauffage<\/a><\/li>\n\n\n\n<li><a href=\"https:\/\/cgh.com.pl\/fr\/cuves-pour-lindustrie\/cuves-pour-stockage-duree\">Cuves pour stockage d\u2019ur\u00e9e<\/a><\/li>\n\n\n\n<li><a href=\"https:\/\/cgh.com.pl\/fr\/cuves-pour-lindustrie\/cuves-pour-stockage-dethanol\">Cuves pour stockage d\u2019\u00e9thanol<\/a><\/li>\n\n\n\n<li><a href=\"https:\/\/cgh.com.pl\/fr\/cuves-pour-lindustrie\/cuves-pour-stockage-de-dechets-liquides-inflammable\">Cuves pour stockage de d\u00e9chets liquides inflammable<\/a><\/li>\n\n\n\n<li><a href=\"https:\/\/cgh.com.pl\/fr\/cuves-pour-lindustrie\/cuves-pour-stockage-glycerine\">Cuves pour stockage glyc\u00e9rine<\/a><\/li>\n\n\n\n<li><a href=\"https:\/\/cgh.com.pl\/fr\/cuves-pour-lindustrie\/cuves-pour-stockage-dalcool\">Cuves pour stockage d\u2019alcool<\/a><\/li>\n\n\n\n<li><a href=\"https:\/\/cgh.com.pl\/fr\/cuves-pour-lindustrie\/cuves-pour-stockage-de-methanol\">Cuves pour stockage de m\u00e9thanol<\/a><\/li>\n\n\n\n<li><a href=\"https:\/\/cgh.com.pl\/fr\/cuves-pour-lindustrie\/cuves-pour-stockage-dhydrogene\">Cuves pour stockage d\u2019hydrog\u00e8ne<\/a><\/li>\n\n\n\n<li><a href=\"https:\/\/cgh.com.pl\/fr\/cuves-pour-lindustrie\/cuves-pour-stockage-de-disulfurede-carbone\">Cuves pour stockage de disulfurede carbone<\/a><\/li>\n\n\n\n<li><a href=\"https:\/\/cgh.com.pl\/fr\/cuves-pour-lindustrie\/cuves-pour-stockage-de-refrigerants-r152a-et-r600\">Cuves pour stockage de r\u00e9frig\u00e9rants R152a et R600<\/a><\/li>\n<\/ul>\n<\/div>\n\n\n\n<div class=\"wp-block-column is-layout-flow wp-block-column-is-layout-flow\">\n<p><a href=\"https:\/\/cgh.com.pl\/fr\/reservoirs-deau\">R\u00e9servoirs d\u2019eau<\/a><\/p>\n\n\n\n<ul class=\"wp-block-list\">\n<li><a href=\"https:\/\/cgh.com.pl\/fr\/reservoirs-deau\/storage-tanks-for-water\">Storage tanks for water<\/a><\/li>\n\n\n\n<li><a href=\"https:\/\/cgh.com.pl\/fr\/reservoirs-deau\/aerateurs-et-filtres\">A\u00e9rateurs et filtres<\/a><\/li>\n\n\n\n<li><a href=\"https:\/\/cgh.com.pl\/fr\/reservoirs-deau\/hydrophore-tanks\">Hydrophore tanks<\/a><\/li>\n\n\n\n<li><a href=\"https:\/\/cgh.com.pl\/fr\/reservoirs-deau\/cuve-pour-stockage-deau-chaude\">Cuve pour stockage d\u2019eau chaude<\/a><\/li>\n\n\n\n<li><a href=\"https:\/\/cgh.com.pl\/fr\/reservoirs-deau\/cuve-pour-stockage-deau-produite\">Cuve pour stockage d\u2019eau produite<\/a><\/li>\n\n\n\n<li><a href=\"https:\/\/cgh.com.pl\/fr\/reservoirs-deau\/cuves-pour-stockage-deaux-de-traitement\">Cuves pour stockage d\u2019eauxde traitement<\/a><\/li>\n\n\n\n<li><a href=\"https:\/\/cgh.com.pl\/fr\/reservoirs-deau\/cuves-pour-stockage-deau-ammoniacale\">Cuves pour stockage d\u2019eau ammoniacale<\/a><\/li>\n<\/ul>\n\n\n\n<p><a href=\"https:\/\/cgh.com.pl\/fr\/reservoirs-resistants-aux-acides\">R\u00e9servoirs r\u00e9sistants aux acides<\/a><\/p>\n\n\n\n<p><a href=\"https:\/\/cgh.com.pl\/fr\/reservoirs-dengrais\">R\u00e9servoirs d&rsquo;engrais<\/a><\/p>\n\n\n\n<p><a href=\"https:\/\/cgh.com.pl\/fr\/recipients-sous-pression-pour-chambres-normobares\">R\u00e9cipients sous pression pour chambres normobares<\/a><\/p>\n<\/div>\n<\/div>\n\n\n\n<p>La gamme comprend des r\u00e9servoirs en acier (pour les carburants et les biocarburants) et des r\u00e9servoirs r\u00e9sistants aux acides. Nous fabriquons \u00e9galement des structures souterraines et hors sol, \u00e0 simple ou double paroi, ainsi que des r\u00e9servoirs de r\u00e9tention pour l&rsquo;eau et l&rsquo;air. Nous disposons de tous les certificats et agr\u00e9ments requis. Faisant partie des rares fabricants de telles solutions sur le march\u00e9, nous faisons appel \u00e0 des technologies de soudage approuv\u00e9es pour les aciers inoxydables et les aciers \u00e0 faible teneur en carbone. Cela signifie que nos produits r\u00e9pondent \u00e0 des exigences \u00e9lev\u00e9es en mati\u00e8re de qualit\u00e9 et de s\u00e9curit\u00e9, y compris aux normes environnementales.<\/p>\n\n\n\n<p>Notre gamme comprend \u00e9galement des tuyaux pour le gaz GPL et des tuyaux pour le p\u00e9trole. Nous avons \u00e9tendu notre offre aux tuyaux \u00e0 pression CGH RTP PIPE. Vous pouvez \u00e9galement acheter des stations de distribution conteneuris\u00e9es, des hydrophores et des \u00e9quipements de contr\u00f4le des r\u00e9servoirs que nous fabriquons.<\/p>\n","protected":false},"excerpt":{"rendered":"<p>CGH Group fabricant de r\u00e9servoirs offre: R\u00e9servoirs de carburant, r\u00e9servoirs de liquides inflammables R\u00e9servoirs de GPL Cuves pour l\u2019industrie R\u00e9servoirs d\u2019eau R\u00e9servoirs r\u00e9sistants aux acides R\u00e9servoirs d&rsquo;engrais R\u00e9cipients sous pression pour chambres normobares La gamme comprend des r\u00e9servoirs en acier (pour les carburants et les biocarburants) et des r\u00e9servoirs r\u00e9sistants aux acides. Nous fabriquons \u00e9galement [&hellip;]?<\/p>\n","protected":false},"author":1,"featured_media":0,"parent":0,"menu_order":0,"comment_status":"closed","ping_status":"closed","template":"","meta":{"_acf_changed":false,"footnotes":""},"class_list":["post-7","page","type-page","status-publish","hentry"],"acf":[],"yoast_head":"<!-- This site is optimized with the Yoast SEO plugin v26.1.1 - https:\/\/yoast.com\/wordpress\/plugins\/seo\/ -->\n<title>Fabricant de r\u00e9servoirs GPL, industriels, carburant, eau, pression et inox - CGH Group<\/title>\n<meta name=\"robots\" content=\"index, follow, max-snippet:-1, max-image-preview:large, max-video-preview:-1\" \/>\n<link rel=\"canonical\" href=\"https:\/\/cgh.com.pl\/fr\/\" \/>\n<meta property=\"og:locale\" content=\"fr_FR\" \/>\n<meta property=\"og:type\" content=\"article\" \/>\n<meta property=\"og:title\" content=\"Fabricant de r\u00e9servoirs GPL, industriels, carburant, eau, pression et inox - CGH Group\" \/>\n<meta property=\"og:description\" content=\"CGH Group fabricant de r\u00e9servoirs offre: R\u00e9servoirs de carburant, r\u00e9servoirs de liquides inflammables R\u00e9servoirs de GPL Cuves pour l\u2019industrie R\u00e9servoirs d\u2019eau R\u00e9servoirs r\u00e9sistants aux acides R\u00e9servoirs d&rsquo;engrais R\u00e9cipients sous pression pour chambres normobares La gamme comprend des r\u00e9servoirs en acier (pour les carburants et les biocarburants) et des r\u00e9servoirs r\u00e9sistants aux acides. Nous fabriquons \u00e9galement [&hellip;]?\" \/>\n<meta property=\"og:url\" content=\"https:\/\/cgh.com.pl\/fr\/\" \/>\n<meta property=\"og:site_name\" content=\"CGH Group Sp. z o.o.\" \/>\n<meta property=\"article:modified_time\" content=\"2026-02-11T21:10:08+00:00\" \/>\n<meta property=\"og:image\" content=\"https:\/\/cgh.com.pl\/fr\/wp-content\/uploads\/2020\/11\/zbiorniki-na-paliwa.jpg\" \/>\n\t<meta property=\"og:image:width\" content=\"283\" \/>\n\t<meta property=\"og:image:height\" content=\"222\" \/>\n\t<meta property=\"og:image:type\" content=\"image\/jpeg\" \/>\n<meta name=\"twitter:card\" content=\"summary_large_image\" \/>\n<meta name=\"twitter:label1\" content=\"Dur\u00e9e de lecture estim\u00e9e\" \/>\n\t<meta name=\"twitter:data1\" content=\"3 minutes\" \/>\n<script type=\"application\/ld+json\" class=\"yoast-schema-graph\">{\"@context\":\"https:\/\/schema.org\",\"@graph\":[{\"@type\":\"WebPage\",\"@id\":\"https:\/\/cgh.com.pl\/fr\/\",\"url\":\"https:\/\/cgh.com.pl\/fr\/\",\"name\":\"Fabricant de r\u00e9servoirs GPL, industriels, carburant, eau, pression et inox - CGH Group\",\"isPartOf\":{\"@id\":\"https:\/\/cgh.com.pl\/fr\/#website\"},\"primaryImageOfPage\":{\"@id\":\"https:\/\/cgh.com.pl\/fr\/#primaryimage\"},\"image\":{\"@id\":\"https:\/\/cgh.com.pl\/fr\/#primaryimage\"},\"thumbnailUrl\":\"https:\/\/cgh.com.pl\/fr\/wp-content\/uploads\/2020\/11\/zbiorniki-na-paliwa.jpg\",\"datePublished\":\"2020-11-24T21:45:39+00:00\",\"dateModified\":\"2026-02-11T21:10:08+00:00\",\"breadcrumb\":{\"@id\":\"https:\/\/cgh.com.pl\/fr\/#breadcrumb\"},\"inLanguage\":\"fr-FR\",\"potentialAction\":[{\"@type\":\"ReadAction\",\"target\":[\"https:\/\/cgh.com.pl\/fr\/\"]}]},{\"@type\":\"ImageObject\",\"inLanguage\":\"fr-FR\",\"@id\":\"https:\/\/cgh.com.pl\/fr\/#primaryimage\",\"url\":\"https:\/\/cgh.com.pl\/fr\/wp-content\/uploads\/2020\/11\/zbiorniki-na-paliwa.jpg\",\"contentUrl\":\"https:\/\/cgh.com.pl\/fr\/wp-content\/uploads\/2020\/11\/zbiorniki-na-paliwa.jpg\",\"width\":283,\"height\":222,\"caption\":\"Zbiorniki na paliwa\"},{\"@type\":\"BreadcrumbList\",\"@id\":\"https:\/\/cgh.com.pl\/fr\/#breadcrumb\",\"itemListElement\":[{\"@type\":\"ListItem\",\"position\":1,\"name\":\"Strona g\u0142\u00f3wna\",\"item\":\"https:\/\/cgh.com.pl\/fr\/\"},{\"@type\":\"ListItem\",\"position\":2,\"name\":\"Home site\"}]},{\"@type\":\"WebSite\",\"@id\":\"https:\/\/cgh.com.pl\/fr\/#website\",\"url\":\"https:\/\/cgh.com.pl\/fr\/\",\"name\":\"CGH Group Sp. z o.o.\",\"description\":\"\",\"publisher\":{\"@id\":\"https:\/\/cgh.com.pl\/fr\/#organization\"},\"potentialAction\":[{\"@type\":\"SearchAction\",\"target\":{\"@type\":\"EntryPoint\",\"urlTemplate\":\"https:\/\/cgh.com.pl\/fr\/?s={search_term_string}\"},\"query-input\":{\"@type\":\"PropertyValueSpecification\",\"valueRequired\":true,\"valueName\":\"search_term_string\"}}],\"inLanguage\":\"fr-FR\"},{\"@type\":\"Organization\",\"@id\":\"https:\/\/cgh.com.pl\/fr\/#organization\",\"name\":\"CGH Group Sp. z o.o.\",\"url\":\"https:\/\/cgh.com.pl\/fr\/\",\"logo\":{\"@type\":\"ImageObject\",\"inLanguage\":\"fr-FR\",\"@id\":\"https:\/\/cgh.com.pl\/fr\/#\/schema\/logo\/image\/\",\"url\":\"https:\/\/cgh.com.pl\/fr\/wp-content\/uploads\/2023\/05\/logoCGH.png\",\"contentUrl\":\"https:\/\/cgh.com.pl\/fr\/wp-content\/uploads\/2023\/05\/logoCGH.png\",\"width\":449,\"height\":162,\"caption\":\"CGH Group Sp. z o.o.\"},\"image\":{\"@id\":\"https:\/\/cgh.com.pl\/fr\/#\/schema\/logo\/image\/\"}}]}<\/script>\n<!-- \/ Yoast SEO plugin. -->","yoast_head_json":{"title":"Fabricant de r\u00e9servoirs GPL, industriels, carburant, eau, pression et inox - CGH Group","robots":{"index":"index","follow":"follow","max-snippet":"max-snippet:-1","max-image-preview":"max-image-preview:large","max-video-preview":"max-video-preview:-1"},"canonical":"https:\/\/cgh.com.pl\/fr\/","og_locale":"fr_FR","og_type":"article","og_title":"Fabricant de r\u00e9servoirs GPL, industriels, carburant, eau, pression et inox - CGH Group","og_description":"CGH Group fabricant de r\u00e9servoirs offre: R\u00e9servoirs de carburant, r\u00e9servoirs de liquides inflammables R\u00e9servoirs de GPL Cuves pour l\u2019industrie R\u00e9servoirs d\u2019eau R\u00e9servoirs r\u00e9sistants aux acides R\u00e9servoirs d&rsquo;engrais R\u00e9cipients sous pression pour chambres normobares La gamme comprend des r\u00e9servoirs en acier (pour les carburants et les biocarburants) et des r\u00e9servoirs r\u00e9sistants aux acides. Nous fabriquons \u00e9galement [&hellip;]?","og_url":"https:\/\/cgh.com.pl\/fr\/","og_site_name":"CGH Group Sp. z o.o.","article_modified_time":"2026-02-11T21:10:08+00:00","og_image":[{"width":283,"height":222,"url":"https:\/\/cgh.com.pl\/fr\/wp-content\/uploads\/2020\/11\/zbiorniki-na-paliwa.jpg","type":"image\/jpeg"}],"twitter_card":"summary_large_image","twitter_misc":{"Dur\u00e9e de lecture estim\u00e9e":"3 minutes"},"schema":{"@context":"https:\/\/schema.org","@graph":[{"@type":"WebPage","@id":"https:\/\/cgh.com.pl\/fr\/","url":"https:\/\/cgh.com.pl\/fr\/","name":"Fabricant de r\u00e9servoirs GPL, industriels, carburant, eau, pression et inox - CGH Group","isPartOf":{"@id":"https:\/\/cgh.com.pl\/fr\/#website"},"primaryImageOfPage":{"@id":"https:\/\/cgh.com.pl\/fr\/#primaryimage"},"image":{"@id":"https:\/\/cgh.com.pl\/fr\/#primaryimage"},"thumbnailUrl":"https:\/\/cgh.com.pl\/fr\/wp-content\/uploads\/2020\/11\/zbiorniki-na-paliwa.jpg","datePublished":"2020-11-24T21:45:39+00:00","dateModified":"2026-02-11T21:10:08+00:00","breadcrumb":{"@id":"https:\/\/cgh.com.pl\/fr\/#breadcrumb"},"inLanguage":"fr-FR","potentialAction":[{"@type":"ReadAction","target":["https:\/\/cgh.com.pl\/fr\/"]}]},{"@type":"ImageObject","inLanguage":"fr-FR","@id":"https:\/\/cgh.com.pl\/fr\/#primaryimage","url":"https:\/\/cgh.com.pl\/fr\/wp-content\/uploads\/2020\/11\/zbiorniki-na-paliwa.jpg","contentUrl":"https:\/\/cgh.com.pl\/fr\/wp-content\/uploads\/2020\/11\/zbiorniki-na-paliwa.jpg","width":283,"height":222,"caption":"Zbiorniki na paliwa"},{"@type":"BreadcrumbList","@id":"https:\/\/cgh.com.pl\/fr\/#breadcrumb","itemListElement":[{"@type":"ListItem","position":1,"name":"Strona g\u0142\u00f3wna","item":"https:\/\/cgh.com.pl\/fr\/"},{"@type":"ListItem","position":2,"name":"Home site"}]},{"@type":"WebSite","@id":"https:\/\/cgh.com.pl\/fr\/#website","url":"https:\/\/cgh.com.pl\/fr\/","name":"CGH Group Sp. z o.o.","description":"","publisher":{"@id":"https:\/\/cgh.com.pl\/fr\/#organization"},"potentialAction":[{"@type":"SearchAction","target":{"@type":"EntryPoint","urlTemplate":"https:\/\/cgh.com.pl\/fr\/?s={search_term_string}"},"query-input":{"@type":"PropertyValueSpecification","valueRequired":true,"valueName":"search_term_string"}}],"inLanguage":"fr-FR"},{"@type":"Organization","@id":"https:\/\/cgh.com.pl\/fr\/#organization","name":"CGH Group Sp. z o.o.","url":"https:\/\/cgh.com.pl\/fr\/","logo":{"@type":"ImageObject","inLanguage":"fr-FR","@id":"https:\/\/cgh.com.pl\/fr\/#\/schema\/logo\/image\/","url":"https:\/\/cgh.com.pl\/fr\/wp-content\/uploads\/2023\/05\/logoCGH.png","contentUrl":"https:\/\/cgh.com.pl\/fr\/wp-content\/uploads\/2023\/05\/logoCGH.png","width":449,"height":162,"caption":"CGH Group Sp. z o.o."},"image":{"@id":"https:\/\/cgh.com.pl\/fr\/#\/schema\/logo\/image\/"}}]}},"_links":{"self":[{"href":"https:\/\/cgh.com.pl\/fr\/wp-json\/wp\/v2\/pages\/7","targetHints":{"allow":["GET"]}}],"collection":[{"href":"https:\/\/cgh.com.pl\/fr\/wp-json\/wp\/v2\/pages"}],"about":[{"href":"https:\/\/cgh.com.pl\/fr\/wp-json\/wp\/v2\/types\/page"}],"author":[{"embeddable":true,"href":"https:\/\/cgh.com.pl\/fr\/wp-json\/wp\/v2\/users\/1"}],"replies":[{"embeddable":true,"href":"https:\/\/cgh.com.pl\/fr\/wp-json\/wp\/v2\/comments?post=7"}],"version-history":[{"count":58,"href":"https:\/\/cgh.com.pl\/fr\/wp-json\/wp\/v2\/pages\/7\/revisions"}],"predecessor-version":[{"id":5274,"href":"https:\/\/cgh.com.pl\/fr\/wp-json\/wp\/v2\/pages\/7\/revisions\/5274"}],"wp:attachment":[{"href":"https:\/\/cgh.com.pl\/fr\/wp-json\/wp\/v2\/media?parent=7"}],"curies":[{"name":"wp","href":"https:\/\/api.w.org\/{rel}","templated":true}]}}