{"id":928,"date":"2020-12-29T08:04:37","date_gmt":"2020-12-29T07:04:37","guid":{"rendered":"https:\/\/cgh.com.pl\/fr\/?page_id=928"},"modified":"2023-12-19T11:08:25","modified_gmt":"2023-12-19T10:08:25","slug":"delivery-to-a-reputable-manufacturer-of-lubricants","status":"publish","type":"page","link":"https:\/\/cgh.com.pl\/fr\/actualites\/delivery-to-a-reputable-manufacturer-of-lubricants","title":{"rendered":"Fourniture \u00e0 un fabricant de lubrifiants renomm\u00e9"},"content":{"rendered":"\n<p>04.2020<\/p>\n\n\n\n<p>Afin d&rsquo;agrandir son usine existante, le client nous a command\u00e9 sept r\u00e9servoirs verticaux (2 x 40 m\u00b3, 1 x 60 m\u00b3, 3 x 100 m\u00b3 et 1 x 200 m\u00b3). Tous ont \u00e9t\u00e9 adapt\u00e9s au syst\u00e8me de chauffage \u00e0 l&rsquo;aide d&rsquo;enveloppes de chauffage\/refroidissement Pillow Plate et Clamp On. Ce type de solution n&rsquo;avait jamais \u00e9t\u00e9 utilis\u00e9 dans notre entreprise auparavant et s&rsquo;est donc av\u00e9r\u00e9 \u00eatre un d\u00e9fi int\u00e9ressant pour les d\u00e9partements techniques et de production. Heureusement, nous avons pu nous acquitter de cette t\u00e2che sans probl\u00e8me et tout le travail s&rsquo;est d\u00e9roul\u00e9 sans accroc.<\/p>\n\n\n\n<p>Les plus petits r\u00e9servoirs ont \u00e9t\u00e9 enti\u00e8rement fabriqu\u00e9s en acier inoxydable, avec des enveloppes de chauffage et de refroidissement de type Pil-low Plate comme partie int\u00e9grante. Les grandes cuves ont \u00e9t\u00e9 con\u00e7ues et fabriqu\u00e9es en acier au carbone, avec des plaques chauffantes fix\u00e9es \u00e0 la surface externe (enveloppes \u00e0 pince). En outre, des fonds de forme appropri\u00e9e avec des demi-tubes soud\u00e9s ont \u00e9t\u00e9 utilis\u00e9s, ce qui a permis de chauffer le fond des r\u00e9servoirs. Les cuves elles-m\u00eames ont \u00e9t\u00e9 isol\u00e9es avec de la laine min\u00e9rale et recouvertes d&rsquo;une feuille d&rsquo;aluminium-zinc.<\/p>\n\n\n\n<p>Le projet a \u00e9t\u00e9 mis en \u0153uvre &#8211; en \u00e9troite collaboration avec le fournisseur d&rsquo;\u00e9l\u00e9ments chauffants et le client &#8211; conform\u00e9ment au calendrier convenu.<\/p>\n\n\n\n<p>La livraison et l&rsquo;installation du plus grand r\u00e9servoir ont \u00e9t\u00e9 tr\u00e8s exigeantes. Il a fallu d\u00e9monter des panneaux, enlever une cl\u00f4ture et m\u00eame abattre un arbre pour tenter de d\u00e9placer le r\u00e9servoir de 200 m\u00b3 sur le site. En outre, les pieds de cet \u00e9norme r\u00e9servoir ont d\u00fb \u00eatre install\u00e9s par des ouvriers qualifi\u00e9s de CGH Polska.<\/p>\n\n\n\n<p>Il convient de noter que l&rsquo;ensemble de l&rsquo;unit\u00e9 transport\u00e9e mesurait plus de 50 m\u00e8tres de long et que, malgr\u00e9 tous les calculs th\u00e9oriques et les pr\u00e9paratifs pr\u00e9alables, une approche flexible et une ouverture d&rsquo;esprit \u00e9taient indispensables lors du d\u00e9chargement. Mais le r\u00e9sultat final est vraiment stup\u00e9fiant.<\/p>\n\n\n\n<div class=\"photos large\">\n<div class=\"first-zoom-photo\">\n<p style=\"text-align: center; font-size: 10px; margin-bottom:0;\"><img decoding=\"async\" data-src=\"https:\/\/cgh.com.pl\/fr\/wp-content\/uploads\/2022\/02\/Delivery-to-a-reputable-manufacturer-of-lubricants.jpg\" alt=\"Fourniture \u00e0 un fabricant de lubrifiants renomm\u00e9\" src=\"data:image\/svg+xml;base64,PHN2ZyB3aWR0aD0iMSIgaGVpZ2h0PSIxIiB4bWxucz0iaHR0cDovL3d3dy53My5vcmcvMjAwMC9zdmciPjwvc3ZnPg==\" class=\"lazyload\" style=\"--smush-placeholder-width: 600px; --smush-placeholder-aspect-ratio: 600\/400;\"><\/p>\n\n<div><\/div>\n<\/div>\n<div>\n<p style=\"text-align: center; font-size: 10px; margin-bottom:0;\"><img decoding=\"async\" data-src=\"https:\/\/cgh.com.pl\/fr\/wp-content\/uploads\/2022\/02\/Delivery-to-a-reputable-manufacturer-of-lubricants-2.jpg\" alt=\"Fourniture \u00e0 un fabricant de lubrifiants renomm\u00e9\" src=\"data:image\/svg+xml;base64,PHN2ZyB3aWR0aD0iMSIgaGVpZ2h0PSIxIiB4bWxucz0iaHR0cDovL3d3dy53My5vcmcvMjAwMC9zdmciPjwvc3ZnPg==\" class=\"lazyload\" style=\"--smush-placeholder-width: 600px; --smush-placeholder-aspect-ratio: 600\/400;\"><\/p>\n\n<div><\/div>\n<\/div>\n\n<div class=\"pair\">\n\n\n<div><\/div>\n<div><\/div>\n<\/div>\n<\/div>\n","protected":false},"excerpt":{"rendered":"<p>04.2020 Afin d&rsquo;agrandir son usine existante, le client nous a command\u00e9 sept r\u00e9servoirs verticaux (2 x 40 m\u00b3, 1 x 60 m\u00b3, 3 x 100 m\u00b3 et 1 x 200 m\u00b3). Tous ont \u00e9t\u00e9 adapt\u00e9s au syst\u00e8me de chauffage \u00e0 l&rsquo;aide d&rsquo;enveloppes de chauffage\/refroidissement Pillow Plate et Clamp On. Ce type de solution n&rsquo;avait jamais [&hellip;]?<\/p>\n","protected":false},"author":1,"featured_media":0,"parent":329,"menu_order":0,"comment_status":"closed","ping_status":"closed","template":"page-products.php","meta":{"_acf_changed":false,"footnotes":""},"class_list":["post-928","page","type-page","status-publish","hentry"],"acf":[],"yoast_head":"<!-- This site is optimized with the Yoast SEO plugin v26.1.1 - https:\/\/yoast.com\/wordpress\/plugins\/seo\/ -->\n<title>Fourniture \u00e0 un fabricant de lubrifiants renomm\u00e9 - CGH Group Sp. z o.o.<\/title>\n<meta name=\"robots\" content=\"index, follow, max-snippet:-1, max-image-preview:large, max-video-preview:-1\" \/>\n<link rel=\"canonical\" href=\"https:\/\/cgh.com.pl\/fr\/actualites\/delivery-to-a-reputable-manufacturer-of-lubricants\" \/>\n<meta property=\"og:locale\" content=\"fr_FR\" \/>\n<meta property=\"og:type\" content=\"article\" \/>\n<meta property=\"og:title\" content=\"Fourniture \u00e0 un fabricant de lubrifiants renomm\u00e9 - CGH Group Sp. z o.o.\" \/>\n<meta property=\"og:description\" content=\"04.2020 Afin d&rsquo;agrandir son usine existante, le client nous a command\u00e9 sept r\u00e9servoirs verticaux (2 x 40 m\u00b3, 1 x 60 m\u00b3, 3 x 100 m\u00b3 et 1 x 200 m\u00b3). Tous ont \u00e9t\u00e9 adapt\u00e9s au syst\u00e8me de chauffage \u00e0 l&rsquo;aide d&rsquo;enveloppes de chauffage\/refroidissement Pillow Plate et Clamp On. Ce type de solution n&rsquo;avait jamais [&hellip;]?\" \/>\n<meta property=\"og:url\" content=\"https:\/\/cgh.com.pl\/fr\/actualites\/delivery-to-a-reputable-manufacturer-of-lubricants\" \/>\n<meta property=\"og:site_name\" content=\"CGH Group Sp. z o.o.\" \/>\n<meta property=\"article:modified_time\" content=\"2023-12-19T10:08:25+00:00\" \/>\n<meta property=\"og:image\" content=\"https:\/\/cgh.com.pl\/fr\/wp-content\/uploads\/2022\/02\/Delivery-to-a-reputable-manufacturer-of-lubricants.jpg\" \/>\n<meta name=\"twitter:card\" content=\"summary_large_image\" \/>\n<meta name=\"twitter:label1\" content=\"Dur\u00e9e de lecture estim\u00e9e\" \/>\n\t<meta name=\"twitter:data1\" content=\"3 minutes\" \/>\n<script type=\"application\/ld+json\" class=\"yoast-schema-graph\">{\"@context\":\"https:\/\/schema.org\",\"@graph\":[{\"@type\":\"WebPage\",\"@id\":\"https:\/\/cgh.com.pl\/fr\/actualites\/delivery-to-a-reputable-manufacturer-of-lubricants\",\"url\":\"https:\/\/cgh.com.pl\/fr\/actualites\/delivery-to-a-reputable-manufacturer-of-lubricants\",\"name\":\"Fourniture \u00e0 un fabricant de lubrifiants renomm\u00e9 - CGH Group Sp. z o.o.\",\"isPartOf\":{\"@id\":\"https:\/\/cgh.com.pl\/fr\/#website\"},\"primaryImageOfPage\":{\"@id\":\"https:\/\/cgh.com.pl\/fr\/actualites\/delivery-to-a-reputable-manufacturer-of-lubricants#primaryimage\"},\"image\":{\"@id\":\"https:\/\/cgh.com.pl\/fr\/actualites\/delivery-to-a-reputable-manufacturer-of-lubricants#primaryimage\"},\"thumbnailUrl\":\"https:\/\/cgh.com.pl\/fr\/wp-content\/uploads\/2022\/02\/Delivery-to-a-reputable-manufacturer-of-lubricants.jpg\",\"datePublished\":\"2020-12-29T07:04:37+00:00\",\"dateModified\":\"2023-12-19T10:08:25+00:00\",\"breadcrumb\":{\"@id\":\"https:\/\/cgh.com.pl\/fr\/actualites\/delivery-to-a-reputable-manufacturer-of-lubricants#breadcrumb\"},\"inLanguage\":\"fr-FR\",\"potentialAction\":[{\"@type\":\"ReadAction\",\"target\":[\"https:\/\/cgh.com.pl\/fr\/actualites\/delivery-to-a-reputable-manufacturer-of-lubricants\"]}]},{\"@type\":\"ImageObject\",\"inLanguage\":\"fr-FR\",\"@id\":\"https:\/\/cgh.com.pl\/fr\/actualites\/delivery-to-a-reputable-manufacturer-of-lubricants#primaryimage\",\"url\":\"https:\/\/cgh.com.pl\/fr\/wp-content\/uploads\/2022\/02\/Delivery-to-a-reputable-manufacturer-of-lubricants.jpg\",\"contentUrl\":\"https:\/\/cgh.com.pl\/fr\/wp-content\/uploads\/2022\/02\/Delivery-to-a-reputable-manufacturer-of-lubricants.jpg\",\"width\":600,\"height\":400,\"caption\":\"Delivery to a reputable manufacturer of lubricants\"},{\"@type\":\"BreadcrumbList\",\"@id\":\"https:\/\/cgh.com.pl\/fr\/actualites\/delivery-to-a-reputable-manufacturer-of-lubricants#breadcrumb\",\"itemListElement\":[{\"@type\":\"ListItem\",\"position\":1,\"name\":\"Strona g\u0142\u00f3wna\",\"item\":\"https:\/\/cgh.com.pl\/fr\/\"},{\"@type\":\"ListItem\",\"position\":2,\"name\":\"Actualit\u00e9s\",\"item\":\"https:\/\/cgh.com.pl\/fr\/actualites\"},{\"@type\":\"ListItem\",\"position\":3,\"name\":\"Fourniture \u00e0 un fabricant de lubrifiants renomm\u00e9\"}]},{\"@type\":\"WebSite\",\"@id\":\"https:\/\/cgh.com.pl\/fr\/#website\",\"url\":\"https:\/\/cgh.com.pl\/fr\/\",\"name\":\"CGH Group Sp. z o.o.\",\"description\":\"\",\"publisher\":{\"@id\":\"https:\/\/cgh.com.pl\/fr\/#organization\"},\"potentialAction\":[{\"@type\":\"SearchAction\",\"target\":{\"@type\":\"EntryPoint\",\"urlTemplate\":\"https:\/\/cgh.com.pl\/fr\/?s={search_term_string}\"},\"query-input\":{\"@type\":\"PropertyValueSpecification\",\"valueRequired\":true,\"valueName\":\"search_term_string\"}}],\"inLanguage\":\"fr-FR\"},{\"@type\":\"Organization\",\"@id\":\"https:\/\/cgh.com.pl\/fr\/#organization\",\"name\":\"CGH Group Sp. z o.o.\",\"url\":\"https:\/\/cgh.com.pl\/fr\/\",\"logo\":{\"@type\":\"ImageObject\",\"inLanguage\":\"fr-FR\",\"@id\":\"https:\/\/cgh.com.pl\/fr\/#\/schema\/logo\/image\/\",\"url\":\"https:\/\/cgh.com.pl\/fr\/wp-content\/uploads\/2023\/05\/logoCGH.png\",\"contentUrl\":\"https:\/\/cgh.com.pl\/fr\/wp-content\/uploads\/2023\/05\/logoCGH.png\",\"width\":449,\"height\":162,\"caption\":\"CGH Group Sp. z o.o.\"},\"image\":{\"@id\":\"https:\/\/cgh.com.pl\/fr\/#\/schema\/logo\/image\/\"}}]}<\/script>\n<!-- \/ Yoast SEO plugin. -->","yoast_head_json":{"title":"Fourniture \u00e0 un fabricant de lubrifiants renomm\u00e9 - CGH Group Sp. z o.o.","robots":{"index":"index","follow":"follow","max-snippet":"max-snippet:-1","max-image-preview":"max-image-preview:large","max-video-preview":"max-video-preview:-1"},"canonical":"https:\/\/cgh.com.pl\/fr\/actualites\/delivery-to-a-reputable-manufacturer-of-lubricants","og_locale":"fr_FR","og_type":"article","og_title":"Fourniture \u00e0 un fabricant de lubrifiants renomm\u00e9 - CGH Group Sp. z o.o.","og_description":"04.2020 Afin d&rsquo;agrandir son usine existante, le client nous a command\u00e9 sept r\u00e9servoirs verticaux (2 x 40 m\u00b3, 1 x 60 m\u00b3, 3 x 100 m\u00b3 et 1 x 200 m\u00b3). Tous ont \u00e9t\u00e9 adapt\u00e9s au syst\u00e8me de chauffage \u00e0 l&rsquo;aide d&rsquo;enveloppes de chauffage\/refroidissement Pillow Plate et Clamp On. Ce type de solution n&rsquo;avait jamais [&hellip;]?","og_url":"https:\/\/cgh.com.pl\/fr\/actualites\/delivery-to-a-reputable-manufacturer-of-lubricants","og_site_name":"CGH Group Sp. z o.o.","article_modified_time":"2023-12-19T10:08:25+00:00","og_image":[{"url":"https:\/\/cgh.com.pl\/fr\/wp-content\/uploads\/2022\/02\/Delivery-to-a-reputable-manufacturer-of-lubricants.jpg","type":"","width":"","height":""}],"twitter_card":"summary_large_image","twitter_misc":{"Dur\u00e9e de lecture estim\u00e9e":"3 minutes"},"schema":{"@context":"https:\/\/schema.org","@graph":[{"@type":"WebPage","@id":"https:\/\/cgh.com.pl\/fr\/actualites\/delivery-to-a-reputable-manufacturer-of-lubricants","url":"https:\/\/cgh.com.pl\/fr\/actualites\/delivery-to-a-reputable-manufacturer-of-lubricants","name":"Fourniture \u00e0 un fabricant de lubrifiants renomm\u00e9 - CGH Group Sp. z o.o.","isPartOf":{"@id":"https:\/\/cgh.com.pl\/fr\/#website"},"primaryImageOfPage":{"@id":"https:\/\/cgh.com.pl\/fr\/actualites\/delivery-to-a-reputable-manufacturer-of-lubricants#primaryimage"},"image":{"@id":"https:\/\/cgh.com.pl\/fr\/actualites\/delivery-to-a-reputable-manufacturer-of-lubricants#primaryimage"},"thumbnailUrl":"https:\/\/cgh.com.pl\/fr\/wp-content\/uploads\/2022\/02\/Delivery-to-a-reputable-manufacturer-of-lubricants.jpg","datePublished":"2020-12-29T07:04:37+00:00","dateModified":"2023-12-19T10:08:25+00:00","breadcrumb":{"@id":"https:\/\/cgh.com.pl\/fr\/actualites\/delivery-to-a-reputable-manufacturer-of-lubricants#breadcrumb"},"inLanguage":"fr-FR","potentialAction":[{"@type":"ReadAction","target":["https:\/\/cgh.com.pl\/fr\/actualites\/delivery-to-a-reputable-manufacturer-of-lubricants"]}]},{"@type":"ImageObject","inLanguage":"fr-FR","@id":"https:\/\/cgh.com.pl\/fr\/actualites\/delivery-to-a-reputable-manufacturer-of-lubricants#primaryimage","url":"https:\/\/cgh.com.pl\/fr\/wp-content\/uploads\/2022\/02\/Delivery-to-a-reputable-manufacturer-of-lubricants.jpg","contentUrl":"https:\/\/cgh.com.pl\/fr\/wp-content\/uploads\/2022\/02\/Delivery-to-a-reputable-manufacturer-of-lubricants.jpg","width":600,"height":400,"caption":"Delivery to a reputable manufacturer of lubricants"},{"@type":"BreadcrumbList","@id":"https:\/\/cgh.com.pl\/fr\/actualites\/delivery-to-a-reputable-manufacturer-of-lubricants#breadcrumb","itemListElement":[{"@type":"ListItem","position":1,"name":"Strona g\u0142\u00f3wna","item":"https:\/\/cgh.com.pl\/fr\/"},{"@type":"ListItem","position":2,"name":"Actualit\u00e9s","item":"https:\/\/cgh.com.pl\/fr\/actualites"},{"@type":"ListItem","position":3,"name":"Fourniture \u00e0 un fabricant de lubrifiants renomm\u00e9"}]},{"@type":"WebSite","@id":"https:\/\/cgh.com.pl\/fr\/#website","url":"https:\/\/cgh.com.pl\/fr\/","name":"CGH Group Sp. z o.o.","description":"","publisher":{"@id":"https:\/\/cgh.com.pl\/fr\/#organization"},"potentialAction":[{"@type":"SearchAction","target":{"@type":"EntryPoint","urlTemplate":"https:\/\/cgh.com.pl\/fr\/?s={search_term_string}"},"query-input":{"@type":"PropertyValueSpecification","valueRequired":true,"valueName":"search_term_string"}}],"inLanguage":"fr-FR"},{"@type":"Organization","@id":"https:\/\/cgh.com.pl\/fr\/#organization","name":"CGH Group Sp. z o.o.","url":"https:\/\/cgh.com.pl\/fr\/","logo":{"@type":"ImageObject","inLanguage":"fr-FR","@id":"https:\/\/cgh.com.pl\/fr\/#\/schema\/logo\/image\/","url":"https:\/\/cgh.com.pl\/fr\/wp-content\/uploads\/2023\/05\/logoCGH.png","contentUrl":"https:\/\/cgh.com.pl\/fr\/wp-content\/uploads\/2023\/05\/logoCGH.png","width":449,"height":162,"caption":"CGH Group Sp. z o.o."},"image":{"@id":"https:\/\/cgh.com.pl\/fr\/#\/schema\/logo\/image\/"}}]}},"_links":{"self":[{"href":"https:\/\/cgh.com.pl\/fr\/wp-json\/wp\/v2\/pages\/928","targetHints":{"allow":["GET"]}}],"collection":[{"href":"https:\/\/cgh.com.pl\/fr\/wp-json\/wp\/v2\/pages"}],"about":[{"href":"https:\/\/cgh.com.pl\/fr\/wp-json\/wp\/v2\/types\/page"}],"author":[{"embeddable":true,"href":"https:\/\/cgh.com.pl\/fr\/wp-json\/wp\/v2\/users\/1"}],"replies":[{"embeddable":true,"href":"https:\/\/cgh.com.pl\/fr\/wp-json\/wp\/v2\/comments?post=928"}],"version-history":[{"count":3,"href":"https:\/\/cgh.com.pl\/fr\/wp-json\/wp\/v2\/pages\/928\/revisions"}],"predecessor-version":[{"id":5042,"href":"https:\/\/cgh.com.pl\/fr\/wp-json\/wp\/v2\/pages\/928\/revisions\/5042"}],"up":[{"embeddable":true,"href":"https:\/\/cgh.com.pl\/fr\/wp-json\/wp\/v2\/pages\/329"}],"wp:attachment":[{"href":"https:\/\/cgh.com.pl\/fr\/wp-json\/wp\/v2\/media?parent=928"}],"curies":[{"name":"wp","href":"https:\/\/api.w.org\/{rel}","templated":true}]}}