{"id":937,"date":"2020-12-29T08:16:36","date_gmt":"2020-12-29T07:16:36","guid":{"rendered":"https:\/\/cgh.com.pl\/fr\/?page_id=937"},"modified":"2023-12-19T11:11:36","modified_gmt":"2023-12-19T10:11:36","slug":"reservoirs-de-stockage-dethanol","status":"publish","type":"page","link":"https:\/\/cgh.com.pl\/fr\/actualites\/reservoirs-de-stockage-dethanol","title":{"rendered":"R\u00e9servoirs de stockage d&rsquo;\u00e9thanol"},"content":{"rendered":"\n<p>04.2020<\/p>\n\n\n\n<p>Nous avons fourni \u00e0 la plus importante usine d&rsquo;\u00e9thanol cinq r\u00e9servoirs souterrains \u00e0 double paroi, d&rsquo;une capacit\u00e9 de 200 m3, d&rsquo;un diam\u00e8tre de 3 400 mm et d&rsquo;une longueur de 23 m. Les r\u00e9servoirs ont \u00e9t\u00e9 \u00e9quip\u00e9s d&rsquo;un syst\u00e8me de contr\u00f4le et de mesure conforme \u00e0 la norme ATEX et r\u00e9pondent aux exigences douani\u00e8res pertinentes (en termes d&rsquo;obligations fiscales et d&rsquo;accises). Il s&rsquo;agit des premiers r\u00e9servoirs de cette capacit\u00e9 produits par CGH Polska.<\/p>\n\n\n\n<p>L&rsquo;un de ces r\u00e9servoirs &#8211; une version \u00e0 quatre chambres &#8211; a \u00e9t\u00e9 con\u00e7u pour stocker les additifs form\u00e9s sur l&rsquo;\u00e9thanol. Les quatre autres r\u00e9servoirs \u00e0 chambre unique ont \u00e9t\u00e9 adapt\u00e9s \u00e0 l&rsquo;utilisation de m\u00e9langeurs verticaux. La vapeur d&rsquo;\u00e9thanol \u00e9tant hautement inflammable, la conception et l&rsquo;\u00e9quipement r\u00e9pondent aux normes EX.<\/p>\n\n\n\n<p>Ces r\u00e9servoirs constituent une partie importante de la cha\u00eene de traitement et sont con\u00e7us pour m\u00e9langer soigneusement l&rsquo;\u00e9thanol contamin\u00e9 avec des additifs appropri\u00e9s.<\/p>\n\n\n\n<div class=\"photos large\">\n<div class=\"first-zoom-photo\">\n<p style=\"text-align: center; font-size: 10px; margin-bottom:0;\"><img decoding=\"async\" data-src=\"https:\/\/cgh.com.pl\/fr\/wp-content\/uploads\/2021\/06\/Tanks_for_ethanol_storage.jpg\" alt=\"R\u00e9servoirs de stockage d'\u00e9thanol\" src=\"data:image\/svg+xml;base64,PHN2ZyB3aWR0aD0iMSIgaGVpZ2h0PSIxIiB4bWxucz0iaHR0cDovL3d3dy53My5vcmcvMjAwMC9zdmciPjwvc3ZnPg==\" class=\"lazyload\" style=\"--smush-placeholder-width: 600px; --smush-placeholder-aspect-ratio: 600\/400;\"><\/p>\n\n<div><\/div>\n<\/div>\n<div>\n\n\n<div><\/div>\n<\/div>\n\n<div class=\"pair\">\n\n\n<div><\/div>\n<div><\/div>\n<\/div>\n<\/div>\n","protected":false},"excerpt":{"rendered":"<p>04.2020 Nous avons fourni \u00e0 la plus importante usine d&rsquo;\u00e9thanol cinq r\u00e9servoirs souterrains \u00e0 double paroi, d&rsquo;une capacit\u00e9 de 200 m3, d&rsquo;un diam\u00e8tre de 3 400 mm et d&rsquo;une longueur de 23 m. Les r\u00e9servoirs ont \u00e9t\u00e9 \u00e9quip\u00e9s d&rsquo;un syst\u00e8me de contr\u00f4le et de mesure conforme \u00e0 la norme ATEX et r\u00e9pondent aux exigences douani\u00e8res [&hellip;]?<\/p>\n","protected":false},"author":1,"featured_media":0,"parent":329,"menu_order":0,"comment_status":"closed","ping_status":"closed","template":"page-products.php","meta":{"_acf_changed":false,"footnotes":""},"class_list":["post-937","page","type-page","status-publish","hentry"],"acf":[],"yoast_head":"<!-- This site is optimized with the Yoast SEO plugin v26.1.1 - https:\/\/yoast.com\/wordpress\/plugins\/seo\/ -->\n<title>R\u00e9servoirs de stockage d&#039;\u00e9thanol - CGH Group Sp. z o.o.<\/title>\n<meta name=\"robots\" content=\"index, follow, max-snippet:-1, max-image-preview:large, max-video-preview:-1\" \/>\n<link rel=\"canonical\" href=\"https:\/\/cgh.com.pl\/fr\/actualites\/reservoirs-de-stockage-dethanol\" \/>\n<meta property=\"og:locale\" content=\"fr_FR\" \/>\n<meta property=\"og:type\" content=\"article\" \/>\n<meta property=\"og:title\" content=\"R\u00e9servoirs de stockage d&#039;\u00e9thanol - CGH Group Sp. z o.o.\" \/>\n<meta property=\"og:description\" content=\"04.2020 Nous avons fourni \u00e0 la plus importante usine d&rsquo;\u00e9thanol cinq r\u00e9servoirs souterrains \u00e0 double paroi, d&rsquo;une capacit\u00e9 de 200 m3, d&rsquo;un diam\u00e8tre de 3 400 mm et d&rsquo;une longueur de 23 m. Les r\u00e9servoirs ont \u00e9t\u00e9 \u00e9quip\u00e9s d&rsquo;un syst\u00e8me de contr\u00f4le et de mesure conforme \u00e0 la norme ATEX et r\u00e9pondent aux exigences douani\u00e8res [&hellip;]?\" \/>\n<meta property=\"og:url\" content=\"https:\/\/cgh.com.pl\/fr\/actualites\/reservoirs-de-stockage-dethanol\" \/>\n<meta property=\"og:site_name\" content=\"CGH Group Sp. z o.o.\" \/>\n<meta property=\"article:modified_time\" content=\"2023-12-19T10:11:36+00:00\" \/>\n<meta property=\"og:image\" content=\"https:\/\/cgh.com.pl\/fr\/wp-content\/uploads\/2021\/06\/Tanks_for_ethanol_storage.jpg\" \/>\n<meta name=\"twitter:card\" content=\"summary_large_image\" \/>\n<meta name=\"twitter:label1\" content=\"Dur\u00e9e de lecture estim\u00e9e\" \/>\n\t<meta name=\"twitter:data1\" content=\"2 minutes\" \/>\n<script type=\"application\/ld+json\" class=\"yoast-schema-graph\">{\"@context\":\"https:\/\/schema.org\",\"@graph\":[{\"@type\":\"WebPage\",\"@id\":\"https:\/\/cgh.com.pl\/fr\/actualites\/reservoirs-de-stockage-dethanol\",\"url\":\"https:\/\/cgh.com.pl\/fr\/actualites\/reservoirs-de-stockage-dethanol\",\"name\":\"R\u00e9servoirs de stockage d'\u00e9thanol - CGH Group Sp. z o.o.\",\"isPartOf\":{\"@id\":\"https:\/\/cgh.com.pl\/fr\/#website\"},\"primaryImageOfPage\":{\"@id\":\"https:\/\/cgh.com.pl\/fr\/actualites\/reservoirs-de-stockage-dethanol#primaryimage\"},\"image\":{\"@id\":\"https:\/\/cgh.com.pl\/fr\/actualites\/reservoirs-de-stockage-dethanol#primaryimage\"},\"thumbnailUrl\":\"https:\/\/cgh.com.pl\/fr\/wp-content\/uploads\/2021\/06\/Tanks_for_ethanol_storage.jpg\",\"datePublished\":\"2020-12-29T07:16:36+00:00\",\"dateModified\":\"2023-12-19T10:11:36+00:00\",\"breadcrumb\":{\"@id\":\"https:\/\/cgh.com.pl\/fr\/actualites\/reservoirs-de-stockage-dethanol#breadcrumb\"},\"inLanguage\":\"fr-FR\",\"potentialAction\":[{\"@type\":\"ReadAction\",\"target\":[\"https:\/\/cgh.com.pl\/fr\/actualites\/reservoirs-de-stockage-dethanol\"]}]},{\"@type\":\"ImageObject\",\"inLanguage\":\"fr-FR\",\"@id\":\"https:\/\/cgh.com.pl\/fr\/actualites\/reservoirs-de-stockage-dethanol#primaryimage\",\"url\":\"https:\/\/cgh.com.pl\/fr\/wp-content\/uploads\/2021\/06\/Tanks_for_ethanol_storage.jpg\",\"contentUrl\":\"https:\/\/cgh.com.pl\/fr\/wp-content\/uploads\/2021\/06\/Tanks_for_ethanol_storage.jpg\",\"width\":600,\"height\":400,\"caption\":\"Tanks for ethanol storage\"},{\"@type\":\"BreadcrumbList\",\"@id\":\"https:\/\/cgh.com.pl\/fr\/actualites\/reservoirs-de-stockage-dethanol#breadcrumb\",\"itemListElement\":[{\"@type\":\"ListItem\",\"position\":1,\"name\":\"Strona g\u0142\u00f3wna\",\"item\":\"https:\/\/cgh.com.pl\/fr\/\"},{\"@type\":\"ListItem\",\"position\":2,\"name\":\"Actualit\u00e9s\",\"item\":\"https:\/\/cgh.com.pl\/fr\/actualites\"},{\"@type\":\"ListItem\",\"position\":3,\"name\":\"R\u00e9servoirs de stockage d&#8217;\u00e9thanol\"}]},{\"@type\":\"WebSite\",\"@id\":\"https:\/\/cgh.com.pl\/fr\/#website\",\"url\":\"https:\/\/cgh.com.pl\/fr\/\",\"name\":\"CGH Group Sp. z o.o.\",\"description\":\"\",\"publisher\":{\"@id\":\"https:\/\/cgh.com.pl\/fr\/#organization\"},\"potentialAction\":[{\"@type\":\"SearchAction\",\"target\":{\"@type\":\"EntryPoint\",\"urlTemplate\":\"https:\/\/cgh.com.pl\/fr\/?s={search_term_string}\"},\"query-input\":{\"@type\":\"PropertyValueSpecification\",\"valueRequired\":true,\"valueName\":\"search_term_string\"}}],\"inLanguage\":\"fr-FR\"},{\"@type\":\"Organization\",\"@id\":\"https:\/\/cgh.com.pl\/fr\/#organization\",\"name\":\"CGH Group Sp. z o.o.\",\"url\":\"https:\/\/cgh.com.pl\/fr\/\",\"logo\":{\"@type\":\"ImageObject\",\"inLanguage\":\"fr-FR\",\"@id\":\"https:\/\/cgh.com.pl\/fr\/#\/schema\/logo\/image\/\",\"url\":\"https:\/\/cgh.com.pl\/fr\/wp-content\/uploads\/2023\/05\/logoCGH.png\",\"contentUrl\":\"https:\/\/cgh.com.pl\/fr\/wp-content\/uploads\/2023\/05\/logoCGH.png\",\"width\":449,\"height\":162,\"caption\":\"CGH Group Sp. z o.o.\"},\"image\":{\"@id\":\"https:\/\/cgh.com.pl\/fr\/#\/schema\/logo\/image\/\"}}]}<\/script>\n<!-- \/ Yoast SEO plugin. -->","yoast_head_json":{"title":"R\u00e9servoirs de stockage d'\u00e9thanol - CGH Group Sp. z o.o.","robots":{"index":"index","follow":"follow","max-snippet":"max-snippet:-1","max-image-preview":"max-image-preview:large","max-video-preview":"max-video-preview:-1"},"canonical":"https:\/\/cgh.com.pl\/fr\/actualites\/reservoirs-de-stockage-dethanol","og_locale":"fr_FR","og_type":"article","og_title":"R\u00e9servoirs de stockage d'\u00e9thanol - CGH Group Sp. z o.o.","og_description":"04.2020 Nous avons fourni \u00e0 la plus importante usine d&rsquo;\u00e9thanol cinq r\u00e9servoirs souterrains \u00e0 double paroi, d&rsquo;une capacit\u00e9 de 200 m3, d&rsquo;un diam\u00e8tre de 3 400 mm et d&rsquo;une longueur de 23 m. Les r\u00e9servoirs ont \u00e9t\u00e9 \u00e9quip\u00e9s d&rsquo;un syst\u00e8me de contr\u00f4le et de mesure conforme \u00e0 la norme ATEX et r\u00e9pondent aux exigences douani\u00e8res [&hellip;]?","og_url":"https:\/\/cgh.com.pl\/fr\/actualites\/reservoirs-de-stockage-dethanol","og_site_name":"CGH Group Sp. z o.o.","article_modified_time":"2023-12-19T10:11:36+00:00","og_image":[{"url":"https:\/\/cgh.com.pl\/fr\/wp-content\/uploads\/2021\/06\/Tanks_for_ethanol_storage.jpg","type":"","width":"","height":""}],"twitter_card":"summary_large_image","twitter_misc":{"Dur\u00e9e de lecture estim\u00e9e":"2 minutes"},"schema":{"@context":"https:\/\/schema.org","@graph":[{"@type":"WebPage","@id":"https:\/\/cgh.com.pl\/fr\/actualites\/reservoirs-de-stockage-dethanol","url":"https:\/\/cgh.com.pl\/fr\/actualites\/reservoirs-de-stockage-dethanol","name":"R\u00e9servoirs de stockage d'\u00e9thanol - CGH Group Sp. z o.o.","isPartOf":{"@id":"https:\/\/cgh.com.pl\/fr\/#website"},"primaryImageOfPage":{"@id":"https:\/\/cgh.com.pl\/fr\/actualites\/reservoirs-de-stockage-dethanol#primaryimage"},"image":{"@id":"https:\/\/cgh.com.pl\/fr\/actualites\/reservoirs-de-stockage-dethanol#primaryimage"},"thumbnailUrl":"https:\/\/cgh.com.pl\/fr\/wp-content\/uploads\/2021\/06\/Tanks_for_ethanol_storage.jpg","datePublished":"2020-12-29T07:16:36+00:00","dateModified":"2023-12-19T10:11:36+00:00","breadcrumb":{"@id":"https:\/\/cgh.com.pl\/fr\/actualites\/reservoirs-de-stockage-dethanol#breadcrumb"},"inLanguage":"fr-FR","potentialAction":[{"@type":"ReadAction","target":["https:\/\/cgh.com.pl\/fr\/actualites\/reservoirs-de-stockage-dethanol"]}]},{"@type":"ImageObject","inLanguage":"fr-FR","@id":"https:\/\/cgh.com.pl\/fr\/actualites\/reservoirs-de-stockage-dethanol#primaryimage","url":"https:\/\/cgh.com.pl\/fr\/wp-content\/uploads\/2021\/06\/Tanks_for_ethanol_storage.jpg","contentUrl":"https:\/\/cgh.com.pl\/fr\/wp-content\/uploads\/2021\/06\/Tanks_for_ethanol_storage.jpg","width":600,"height":400,"caption":"Tanks for ethanol storage"},{"@type":"BreadcrumbList","@id":"https:\/\/cgh.com.pl\/fr\/actualites\/reservoirs-de-stockage-dethanol#breadcrumb","itemListElement":[{"@type":"ListItem","position":1,"name":"Strona g\u0142\u00f3wna","item":"https:\/\/cgh.com.pl\/fr\/"},{"@type":"ListItem","position":2,"name":"Actualit\u00e9s","item":"https:\/\/cgh.com.pl\/fr\/actualites"},{"@type":"ListItem","position":3,"name":"R\u00e9servoirs de stockage d&#8217;\u00e9thanol"}]},{"@type":"WebSite","@id":"https:\/\/cgh.com.pl\/fr\/#website","url":"https:\/\/cgh.com.pl\/fr\/","name":"CGH Group Sp. z o.o.","description":"","publisher":{"@id":"https:\/\/cgh.com.pl\/fr\/#organization"},"potentialAction":[{"@type":"SearchAction","target":{"@type":"EntryPoint","urlTemplate":"https:\/\/cgh.com.pl\/fr\/?s={search_term_string}"},"query-input":{"@type":"PropertyValueSpecification","valueRequired":true,"valueName":"search_term_string"}}],"inLanguage":"fr-FR"},{"@type":"Organization","@id":"https:\/\/cgh.com.pl\/fr\/#organization","name":"CGH Group Sp. z o.o.","url":"https:\/\/cgh.com.pl\/fr\/","logo":{"@type":"ImageObject","inLanguage":"fr-FR","@id":"https:\/\/cgh.com.pl\/fr\/#\/schema\/logo\/image\/","url":"https:\/\/cgh.com.pl\/fr\/wp-content\/uploads\/2023\/05\/logoCGH.png","contentUrl":"https:\/\/cgh.com.pl\/fr\/wp-content\/uploads\/2023\/05\/logoCGH.png","width":449,"height":162,"caption":"CGH Group Sp. z o.o."},"image":{"@id":"https:\/\/cgh.com.pl\/fr\/#\/schema\/logo\/image\/"}}]}},"_links":{"self":[{"href":"https:\/\/cgh.com.pl\/fr\/wp-json\/wp\/v2\/pages\/937","targetHints":{"allow":["GET"]}}],"collection":[{"href":"https:\/\/cgh.com.pl\/fr\/wp-json\/wp\/v2\/pages"}],"about":[{"href":"https:\/\/cgh.com.pl\/fr\/wp-json\/wp\/v2\/types\/page"}],"author":[{"embeddable":true,"href":"https:\/\/cgh.com.pl\/fr\/wp-json\/wp\/v2\/users\/1"}],"replies":[{"embeddable":true,"href":"https:\/\/cgh.com.pl\/fr\/wp-json\/wp\/v2\/comments?post=937"}],"version-history":[{"count":3,"href":"https:\/\/cgh.com.pl\/fr\/wp-json\/wp\/v2\/pages\/937\/revisions"}],"predecessor-version":[{"id":5044,"href":"https:\/\/cgh.com.pl\/fr\/wp-json\/wp\/v2\/pages\/937\/revisions\/5044"}],"up":[{"embeddable":true,"href":"https:\/\/cgh.com.pl\/fr\/wp-json\/wp\/v2\/pages\/329"}],"wp:attachment":[{"href":"https:\/\/cgh.com.pl\/fr\/wp-json\/wp\/v2\/media?parent=937"}],"curies":[{"name":"wp","href":"https:\/\/api.w.org\/{rel}","templated":true}]}}