{"id":940,"date":"2020-12-29T08:22:04","date_gmt":"2020-12-29T07:22:04","guid":{"rendered":"https:\/\/cgh.com.pl\/fr\/?page_id=940"},"modified":"2023-12-19T11:11:18","modified_gmt":"2023-12-19T10:11:18","slug":"pont-pour-un-client-allemand","status":"publish","type":"page","link":"https:\/\/cgh.com.pl\/fr\/actualites\/pont-pour-un-client-allemand","title":{"rendered":"Pont pour un client allemand"},"content":{"rendered":"\n<p>04.2020<\/p>\n\n\n\n<p>C&rsquo;est la troisi\u00e8me fois dans notre histoire que nous cr\u00e9ons et livrons un projet de pont fini.<\/p>\n\n\n\n<p>Notre client allemand poss\u00e8de une usine situ\u00e9e sur les rives d&rsquo;une petite rivi\u00e8re et le seul parking disponible pour ses employ\u00e9s se trouve de l&rsquo;autre c\u00f4t\u00e9. Pour la commodit\u00e9 de ses employ\u00e9s, l&rsquo;entreprise a donc d\u00e9cid\u00e9 de relier les deux rives de la rivi\u00e8re. Le pont est exclusivement r\u00e9serv\u00e9 aux pi\u00e9tons et permet d&rsquo;acc\u00e9der rapidement et en toute s\u00e9curit\u00e9 au lieu de travail. Sa longueur totale est de plus de 20 m ; le pont et les garde-corps sont en acier au carbone et les mains courantes sont en acier inoxydable. La structure a \u00e9t\u00e9 peinte avec un rev\u00eatement sp\u00e9cial r\u00e9sistant aux intemp\u00e9ries (classe de corrosion C5 H) et un rev\u00eatement antid\u00e9rapant aux endroits o\u00f9 les pi\u00e9tons peuvent marcher.<\/p>\n\n\n\n<p>Le pont a \u00e9t\u00e9 livr\u00e9 par transport en vrac et plac\u00e9 sans probl\u00e8me \u00e0 l&rsquo;endroit donn\u00e9 sur la rivi\u00e8re.<\/p>\n\n\n\n<div class=\"photos large\">\n<div class=\"first-zoom-photo\">\n<p style=\"text-align: center; font-size: 10px; margin-bottom:0;\"><img decoding=\"async\" data-src=\"https:\/\/cgh.com.pl\/fr\/wp-content\/uploads\/2021\/06\/Bridge_for_German_customer.jpg\" alt=\"Pont pour un client allemand\" src=\"data:image\/svg+xml;base64,PHN2ZyB3aWR0aD0iMSIgaGVpZ2h0PSIxIiB4bWxucz0iaHR0cDovL3d3dy53My5vcmcvMjAwMC9zdmciPjwvc3ZnPg==\" class=\"lazyload\" style=\"--smush-placeholder-width: 600px; --smush-placeholder-aspect-ratio: 600\/400;\"><\/p>\n\n<div><\/div>\n<\/div>\n<div>\n<p style=\"text-align: center; font-size: 10px; margin-bottom:0;\"><img decoding=\"async\" data-src=\"https:\/\/cgh.com.pl\/fr\/wp-content\/uploads\/2022\/02\/Bridge-for-German-customer2.jpg\" alt=\"Pont pour un client allemand\" src=\"data:image\/svg+xml;base64,PHN2ZyB3aWR0aD0iMSIgaGVpZ2h0PSIxIiB4bWxucz0iaHR0cDovL3d3dy53My5vcmcvMjAwMC9zdmciPjwvc3ZnPg==\" class=\"lazyload\" style=\"--smush-placeholder-width: 600px; --smush-placeholder-aspect-ratio: 600\/400;\"><\/p>\n\n<div><\/div>\n<\/div>\n\n<div class=\"pair\">\n\n\n<div><\/div>\n<div><\/div>\n<\/div>\n<\/div>\n","protected":false},"excerpt":{"rendered":"<p>04.2020 C&rsquo;est la troisi\u00e8me fois dans notre histoire que nous cr\u00e9ons et livrons un projet de pont fini. Notre client allemand poss\u00e8de une usine situ\u00e9e sur les rives d&rsquo;une petite rivi\u00e8re et le seul parking disponible pour ses employ\u00e9s se trouve de l&rsquo;autre c\u00f4t\u00e9. Pour la commodit\u00e9 de ses employ\u00e9s, l&rsquo;entreprise a donc d\u00e9cid\u00e9 de [&hellip;]?<\/p>\n","protected":false},"author":1,"featured_media":0,"parent":329,"menu_order":0,"comment_status":"closed","ping_status":"closed","template":"page-products.php","meta":{"_acf_changed":false,"footnotes":""},"class_list":["post-940","page","type-page","status-publish","hentry"],"acf":[],"yoast_head":"<!-- This site is optimized with the Yoast SEO plugin v26.1.1 - https:\/\/yoast.com\/wordpress\/plugins\/seo\/ -->\n<title>Pont pour un client allemand - CGH Group Sp. z o.o.<\/title>\n<meta name=\"robots\" content=\"index, follow, max-snippet:-1, max-image-preview:large, max-video-preview:-1\" \/>\n<link rel=\"canonical\" href=\"https:\/\/cgh.com.pl\/fr\/actualites\/pont-pour-un-client-allemand\" \/>\n<meta property=\"og:locale\" content=\"fr_FR\" \/>\n<meta property=\"og:type\" content=\"article\" \/>\n<meta property=\"og:title\" content=\"Pont pour un client allemand - CGH Group Sp. z o.o.\" \/>\n<meta property=\"og:description\" content=\"04.2020 C&rsquo;est la troisi\u00e8me fois dans notre histoire que nous cr\u00e9ons et livrons un projet de pont fini. Notre client allemand poss\u00e8de une usine situ\u00e9e sur les rives d&rsquo;une petite rivi\u00e8re et le seul parking disponible pour ses employ\u00e9s se trouve de l&rsquo;autre c\u00f4t\u00e9. Pour la commodit\u00e9 de ses employ\u00e9s, l&rsquo;entreprise a donc d\u00e9cid\u00e9 de [&hellip;]?\" \/>\n<meta property=\"og:url\" content=\"https:\/\/cgh.com.pl\/fr\/actualites\/pont-pour-un-client-allemand\" \/>\n<meta property=\"og:site_name\" content=\"CGH Group Sp. z o.o.\" \/>\n<meta property=\"article:modified_time\" content=\"2023-12-19T10:11:18+00:00\" \/>\n<meta property=\"og:image\" content=\"https:\/\/cgh.com.pl\/fr\/wp-content\/uploads\/2021\/06\/Bridge_for_German_customer.jpg\" \/>\n<meta name=\"twitter:card\" content=\"summary_large_image\" \/>\n<meta name=\"twitter:label1\" content=\"Dur\u00e9e de lecture estim\u00e9e\" \/>\n\t<meta name=\"twitter:data1\" content=\"2 minutes\" \/>\n<script type=\"application\/ld+json\" class=\"yoast-schema-graph\">{\"@context\":\"https:\/\/schema.org\",\"@graph\":[{\"@type\":\"WebPage\",\"@id\":\"https:\/\/cgh.com.pl\/fr\/actualites\/pont-pour-un-client-allemand\",\"url\":\"https:\/\/cgh.com.pl\/fr\/actualites\/pont-pour-un-client-allemand\",\"name\":\"Pont pour un client allemand - CGH Group Sp. z o.o.\",\"isPartOf\":{\"@id\":\"https:\/\/cgh.com.pl\/fr\/#website\"},\"primaryImageOfPage\":{\"@id\":\"https:\/\/cgh.com.pl\/fr\/actualites\/pont-pour-un-client-allemand#primaryimage\"},\"image\":{\"@id\":\"https:\/\/cgh.com.pl\/fr\/actualites\/pont-pour-un-client-allemand#primaryimage\"},\"thumbnailUrl\":\"https:\/\/cgh.com.pl\/fr\/wp-content\/uploads\/2021\/06\/Bridge_for_German_customer.jpg\",\"datePublished\":\"2020-12-29T07:22:04+00:00\",\"dateModified\":\"2023-12-19T10:11:18+00:00\",\"breadcrumb\":{\"@id\":\"https:\/\/cgh.com.pl\/fr\/actualites\/pont-pour-un-client-allemand#breadcrumb\"},\"inLanguage\":\"fr-FR\",\"potentialAction\":[{\"@type\":\"ReadAction\",\"target\":[\"https:\/\/cgh.com.pl\/fr\/actualites\/pont-pour-un-client-allemand\"]}]},{\"@type\":\"ImageObject\",\"inLanguage\":\"fr-FR\",\"@id\":\"https:\/\/cgh.com.pl\/fr\/actualites\/pont-pour-un-client-allemand#primaryimage\",\"url\":\"https:\/\/cgh.com.pl\/fr\/wp-content\/uploads\/2021\/06\/Bridge_for_German_customer.jpg\",\"contentUrl\":\"https:\/\/cgh.com.pl\/fr\/wp-content\/uploads\/2021\/06\/Bridge_for_German_customer.jpg\",\"width\":600,\"height\":400,\"caption\":\"Bridge for German customer\"},{\"@type\":\"BreadcrumbList\",\"@id\":\"https:\/\/cgh.com.pl\/fr\/actualites\/pont-pour-un-client-allemand#breadcrumb\",\"itemListElement\":[{\"@type\":\"ListItem\",\"position\":1,\"name\":\"Strona g\u0142\u00f3wna\",\"item\":\"https:\/\/cgh.com.pl\/fr\/\"},{\"@type\":\"ListItem\",\"position\":2,\"name\":\"Actualit\u00e9s\",\"item\":\"https:\/\/cgh.com.pl\/fr\/actualites\"},{\"@type\":\"ListItem\",\"position\":3,\"name\":\"Pont pour un client allemand\"}]},{\"@type\":\"WebSite\",\"@id\":\"https:\/\/cgh.com.pl\/fr\/#website\",\"url\":\"https:\/\/cgh.com.pl\/fr\/\",\"name\":\"CGH Group Sp. z o.o.\",\"description\":\"\",\"publisher\":{\"@id\":\"https:\/\/cgh.com.pl\/fr\/#organization\"},\"potentialAction\":[{\"@type\":\"SearchAction\",\"target\":{\"@type\":\"EntryPoint\",\"urlTemplate\":\"https:\/\/cgh.com.pl\/fr\/?s={search_term_string}\"},\"query-input\":{\"@type\":\"PropertyValueSpecification\",\"valueRequired\":true,\"valueName\":\"search_term_string\"}}],\"inLanguage\":\"fr-FR\"},{\"@type\":\"Organization\",\"@id\":\"https:\/\/cgh.com.pl\/fr\/#organization\",\"name\":\"CGH Group Sp. z o.o.\",\"url\":\"https:\/\/cgh.com.pl\/fr\/\",\"logo\":{\"@type\":\"ImageObject\",\"inLanguage\":\"fr-FR\",\"@id\":\"https:\/\/cgh.com.pl\/fr\/#\/schema\/logo\/image\/\",\"url\":\"https:\/\/cgh.com.pl\/fr\/wp-content\/uploads\/2023\/05\/logoCGH.png\",\"contentUrl\":\"https:\/\/cgh.com.pl\/fr\/wp-content\/uploads\/2023\/05\/logoCGH.png\",\"width\":449,\"height\":162,\"caption\":\"CGH Group Sp. z o.o.\"},\"image\":{\"@id\":\"https:\/\/cgh.com.pl\/fr\/#\/schema\/logo\/image\/\"}}]}<\/script>\n<!-- \/ Yoast SEO plugin. -->","yoast_head_json":{"title":"Pont pour un client allemand - CGH Group Sp. z o.o.","robots":{"index":"index","follow":"follow","max-snippet":"max-snippet:-1","max-image-preview":"max-image-preview:large","max-video-preview":"max-video-preview:-1"},"canonical":"https:\/\/cgh.com.pl\/fr\/actualites\/pont-pour-un-client-allemand","og_locale":"fr_FR","og_type":"article","og_title":"Pont pour un client allemand - CGH Group Sp. z o.o.","og_description":"04.2020 C&rsquo;est la troisi\u00e8me fois dans notre histoire que nous cr\u00e9ons et livrons un projet de pont fini. Notre client allemand poss\u00e8de une usine situ\u00e9e sur les rives d&rsquo;une petite rivi\u00e8re et le seul parking disponible pour ses employ\u00e9s se trouve de l&rsquo;autre c\u00f4t\u00e9. Pour la commodit\u00e9 de ses employ\u00e9s, l&rsquo;entreprise a donc d\u00e9cid\u00e9 de [&hellip;]?","og_url":"https:\/\/cgh.com.pl\/fr\/actualites\/pont-pour-un-client-allemand","og_site_name":"CGH Group Sp. z o.o.","article_modified_time":"2023-12-19T10:11:18+00:00","og_image":[{"url":"https:\/\/cgh.com.pl\/fr\/wp-content\/uploads\/2021\/06\/Bridge_for_German_customer.jpg","type":"","width":"","height":""}],"twitter_card":"summary_large_image","twitter_misc":{"Dur\u00e9e de lecture estim\u00e9e":"2 minutes"},"schema":{"@context":"https:\/\/schema.org","@graph":[{"@type":"WebPage","@id":"https:\/\/cgh.com.pl\/fr\/actualites\/pont-pour-un-client-allemand","url":"https:\/\/cgh.com.pl\/fr\/actualites\/pont-pour-un-client-allemand","name":"Pont pour un client allemand - CGH Group Sp. z o.o.","isPartOf":{"@id":"https:\/\/cgh.com.pl\/fr\/#website"},"primaryImageOfPage":{"@id":"https:\/\/cgh.com.pl\/fr\/actualites\/pont-pour-un-client-allemand#primaryimage"},"image":{"@id":"https:\/\/cgh.com.pl\/fr\/actualites\/pont-pour-un-client-allemand#primaryimage"},"thumbnailUrl":"https:\/\/cgh.com.pl\/fr\/wp-content\/uploads\/2021\/06\/Bridge_for_German_customer.jpg","datePublished":"2020-12-29T07:22:04+00:00","dateModified":"2023-12-19T10:11:18+00:00","breadcrumb":{"@id":"https:\/\/cgh.com.pl\/fr\/actualites\/pont-pour-un-client-allemand#breadcrumb"},"inLanguage":"fr-FR","potentialAction":[{"@type":"ReadAction","target":["https:\/\/cgh.com.pl\/fr\/actualites\/pont-pour-un-client-allemand"]}]},{"@type":"ImageObject","inLanguage":"fr-FR","@id":"https:\/\/cgh.com.pl\/fr\/actualites\/pont-pour-un-client-allemand#primaryimage","url":"https:\/\/cgh.com.pl\/fr\/wp-content\/uploads\/2021\/06\/Bridge_for_German_customer.jpg","contentUrl":"https:\/\/cgh.com.pl\/fr\/wp-content\/uploads\/2021\/06\/Bridge_for_German_customer.jpg","width":600,"height":400,"caption":"Bridge for German customer"},{"@type":"BreadcrumbList","@id":"https:\/\/cgh.com.pl\/fr\/actualites\/pont-pour-un-client-allemand#breadcrumb","itemListElement":[{"@type":"ListItem","position":1,"name":"Strona g\u0142\u00f3wna","item":"https:\/\/cgh.com.pl\/fr\/"},{"@type":"ListItem","position":2,"name":"Actualit\u00e9s","item":"https:\/\/cgh.com.pl\/fr\/actualites"},{"@type":"ListItem","position":3,"name":"Pont pour un client allemand"}]},{"@type":"WebSite","@id":"https:\/\/cgh.com.pl\/fr\/#website","url":"https:\/\/cgh.com.pl\/fr\/","name":"CGH Group Sp. z o.o.","description":"","publisher":{"@id":"https:\/\/cgh.com.pl\/fr\/#organization"},"potentialAction":[{"@type":"SearchAction","target":{"@type":"EntryPoint","urlTemplate":"https:\/\/cgh.com.pl\/fr\/?s={search_term_string}"},"query-input":{"@type":"PropertyValueSpecification","valueRequired":true,"valueName":"search_term_string"}}],"inLanguage":"fr-FR"},{"@type":"Organization","@id":"https:\/\/cgh.com.pl\/fr\/#organization","name":"CGH Group Sp. z o.o.","url":"https:\/\/cgh.com.pl\/fr\/","logo":{"@type":"ImageObject","inLanguage":"fr-FR","@id":"https:\/\/cgh.com.pl\/fr\/#\/schema\/logo\/image\/","url":"https:\/\/cgh.com.pl\/fr\/wp-content\/uploads\/2023\/05\/logoCGH.png","contentUrl":"https:\/\/cgh.com.pl\/fr\/wp-content\/uploads\/2023\/05\/logoCGH.png","width":449,"height":162,"caption":"CGH Group Sp. z o.o."},"image":{"@id":"https:\/\/cgh.com.pl\/fr\/#\/schema\/logo\/image\/"}}]}},"_links":{"self":[{"href":"https:\/\/cgh.com.pl\/fr\/wp-json\/wp\/v2\/pages\/940","targetHints":{"allow":["GET"]}}],"collection":[{"href":"https:\/\/cgh.com.pl\/fr\/wp-json\/wp\/v2\/pages"}],"about":[{"href":"https:\/\/cgh.com.pl\/fr\/wp-json\/wp\/v2\/types\/page"}],"author":[{"embeddable":true,"href":"https:\/\/cgh.com.pl\/fr\/wp-json\/wp\/v2\/users\/1"}],"replies":[{"embeddable":true,"href":"https:\/\/cgh.com.pl\/fr\/wp-json\/wp\/v2\/comments?post=940"}],"version-history":[{"count":3,"href":"https:\/\/cgh.com.pl\/fr\/wp-json\/wp\/v2\/pages\/940\/revisions"}],"predecessor-version":[{"id":5045,"href":"https:\/\/cgh.com.pl\/fr\/wp-json\/wp\/v2\/pages\/940\/revisions\/5045"}],"up":[{"embeddable":true,"href":"https:\/\/cgh.com.pl\/fr\/wp-json\/wp\/v2\/pages\/329"}],"wp:attachment":[{"href":"https:\/\/cgh.com.pl\/fr\/wp-json\/wp\/v2\/media?parent=940"}],"curies":[{"name":"wp","href":"https:\/\/api.w.org\/{rel}","templated":true}]}}