{"id":944,"date":"2020-12-29T08:23:57","date_gmt":"2020-12-29T07:23:57","guid":{"rendered":"https:\/\/cgh.com.pl\/fr\/?page_id=944"},"modified":"2023-12-19T11:15:15","modified_gmt":"2023-12-19T10:15:15","slug":"cgh-poland-leader-de-la-securite","status":"publish","type":"page","link":"https:\/\/cgh.com.pl\/fr\/actualites\/cgh-poland-leader-de-la-securite","title":{"rendered":"CGH Poland &#8211; Leader de la s\u00e9curit\u00e9"},"content":{"rendered":"\n<p>09.2019<\/p>\n\n\n\n<p>Nous avons le plaisir d&rsquo;annoncer que CGH Polska s&rsquo;est vu d\u00e9cerner le titre de leader de la s\u00e9curit\u00e9 technique de l&rsquo;UDT.<\/p>\n\n\n\n<p>L&rsquo;objectif principal du classement \u201eLeader de la s\u00e9curit\u00e9 technique\u00a0\u00bb est de promouvoir le fonctionnement s\u00fbr des \u00e9quipements techniques. L&rsquo;UDT souhaite honorer les entreprises et les institutions qui accordent une attention particuli\u00e8re \u00e0 la s\u00e9curit\u00e9 de fonctionnement des \u00e9quipements, \u00e0 la s\u00e9curit\u00e9 environnementale et \u00e0 la s\u00e9curit\u00e9 humaine en mati\u00e8re d&rsquo;\u00e9quipements et de syst\u00e8mes techniques. Les entreprises qui assurent le plus haut niveau de s\u00e9curit\u00e9 technique sont r\u00e9compens\u00e9es et peuvent servir de mod\u00e8les \u00e0 l&rsquo;\u00e9chelle nationale.<\/p>\n\n\n\n<p>Au total, plus de 140 entreprises et institutions ont \u00e9t\u00e9 class\u00e9es dans quatre cat\u00e9gories,<\/p>\n\n\n\n<p>Cat\u00e9gorie I &#8211; Op\u00e9rateurs d&rsquo;\u00e9quipements techniques<\/p>\n\n\n\n<p>Cat\u00e9gorie II &#8211; Fabricants d&rsquo;\u00e9quipements techniques<\/p>\n\n\n\n<p>Cat\u00e9gorie III &#8211; Laboratoires reconnus par l&rsquo;UDT<\/p>\n\n\n\n<p>Cat\u00e9gorie IV &#8211; Entreprises innovantes dans le domaine de la s\u00e9curit\u00e9 technique<\/p>\n\n\n\n<p>CGH Polska est arriv\u00e9 deuxi\u00e8me dans la cat\u00e9gorie II et la c\u00e9r\u00e9monie officielle \u00e0 Varsovie a \u00e9t\u00e9 une excellente occasion de mettre en \u00e9vidence la position de leader de notre entreprise sur le march\u00e9.<\/p>\n\n\n\n<div class=\"photos large\">\n<div class=\"first-zoom-photo\">\n<p style=\"text-align: center; font-size: 10px; margin-bottom:0;\"><img decoding=\"async\" data-src=\"https:\/\/cgh.com.pl\/fr\/wp-content\/uploads\/2022\/02\/Leader-of-Technical_Security.jpg\" alt=\"CGH Poland - Leader de la s\u00e9curit\u00e9\" src=\"data:image\/svg+xml;base64,PHN2ZyB3aWR0aD0iMSIgaGVpZ2h0PSIxIiB4bWxucz0iaHR0cDovL3d3dy53My5vcmcvMjAwMC9zdmciPjwvc3ZnPg==\" class=\"lazyload\" style=\"--smush-placeholder-width: 600px; --smush-placeholder-aspect-ratio: 600\/400;\"><\/p>\n\n<div><\/div>\n<\/div>\n<div>\n<p style=\"text-align: center; font-size: 10px; margin-bottom:0;\"><img decoding=\"async\" data-src=\"https:\/\/cgh.com.pl\/fr\/wp-content\/uploads\/2022\/02\/Leader-of-Technical-Security2.jpg\" alt=\"CGH Poland - Leader de la s\u00e9curit\u00e9\" src=\"data:image\/svg+xml;base64,PHN2ZyB3aWR0aD0iMSIgaGVpZ2h0PSIxIiB4bWxucz0iaHR0cDovL3d3dy53My5vcmcvMjAwMC9zdmciPjwvc3ZnPg==\" class=\"lazyload\" style=\"--smush-placeholder-width: 600px; --smush-placeholder-aspect-ratio: 600\/400;\"><\/p>\n\n<div><\/div>\n<\/div>\n\n<div class=\"pair\">\n<p style=\"text-align: center; font-size: 10px; margin-bottom:0;\"><img decoding=\"async\" data-src=\"https:\/\/cgh.com.pl\/fr\/wp-content\/uploads\/2022\/02\/Leader-of-Technical-Security3.jpg\" alt=\"CGH Poland - Leader de la s\u00e9curit\u00e9\" src=\"data:image\/svg+xml;base64,PHN2ZyB3aWR0aD0iMSIgaGVpZ2h0PSIxIiB4bWxucz0iaHR0cDovL3d3dy53My5vcmcvMjAwMC9zdmciPjwvc3ZnPg==\" class=\"lazyload\" style=\"--smush-placeholder-width: 600px; --smush-placeholder-aspect-ratio: 600\/400;\"><\/p>\n\n<div><\/div>\n<div><\/div>\n<\/div>\n<\/div>\n","protected":false},"excerpt":{"rendered":"<p>09.2019 Nous avons le plaisir d&rsquo;annoncer que CGH Polska s&rsquo;est vu d\u00e9cerner le titre de leader de la s\u00e9curit\u00e9 technique de l&rsquo;UDT. L&rsquo;objectif principal du classement \u201eLeader de la s\u00e9curit\u00e9 technique\u00a0\u00bb est de promouvoir le fonctionnement s\u00fbr des \u00e9quipements techniques. L&rsquo;UDT souhaite honorer les entreprises et les institutions qui accordent une attention particuli\u00e8re \u00e0 la [&hellip;]?<\/p>\n","protected":false},"author":1,"featured_media":0,"parent":329,"menu_order":0,"comment_status":"closed","ping_status":"closed","template":"page-products.php","meta":{"_acf_changed":false,"footnotes":""},"class_list":["post-944","page","type-page","status-publish","hentry"],"acf":[],"yoast_head":"<!-- This site is optimized with the Yoast SEO plugin v26.1.1 - https:\/\/yoast.com\/wordpress\/plugins\/seo\/ -->\n<title>CGH Poland - Leader de la s\u00e9curit\u00e9 - CGH Group Sp. z o.o.<\/title>\n<meta name=\"robots\" content=\"index, follow, max-snippet:-1, max-image-preview:large, max-video-preview:-1\" \/>\n<link rel=\"canonical\" href=\"https:\/\/cgh.com.pl\/fr\/actualites\/cgh-poland-leader-de-la-securite\" \/>\n<meta property=\"og:locale\" content=\"fr_FR\" \/>\n<meta property=\"og:type\" content=\"article\" \/>\n<meta property=\"og:title\" content=\"CGH Poland - Leader de la s\u00e9curit\u00e9 - CGH Group Sp. z o.o.\" \/>\n<meta property=\"og:description\" content=\"09.2019 Nous avons le plaisir d&rsquo;annoncer que CGH Polska s&rsquo;est vu d\u00e9cerner le titre de leader de la s\u00e9curit\u00e9 technique de l&rsquo;UDT. L&rsquo;objectif principal du classement \u201eLeader de la s\u00e9curit\u00e9 technique\u00a0\u00bb est de promouvoir le fonctionnement s\u00fbr des \u00e9quipements techniques. L&rsquo;UDT souhaite honorer les entreprises et les institutions qui accordent une attention particuli\u00e8re \u00e0 la [&hellip;]?\" \/>\n<meta property=\"og:url\" content=\"https:\/\/cgh.com.pl\/fr\/actualites\/cgh-poland-leader-de-la-securite\" \/>\n<meta property=\"og:site_name\" content=\"CGH Group Sp. z o.o.\" \/>\n<meta property=\"article:modified_time\" content=\"2023-12-19T10:15:15+00:00\" \/>\n<meta property=\"og:image\" content=\"https:\/\/cgh.com.pl\/fr\/wp-content\/uploads\/2022\/02\/Leader-of-Technical_Security.jpg\" \/>\n<meta name=\"twitter:card\" content=\"summary_large_image\" \/>\n<meta name=\"twitter:label1\" content=\"Dur\u00e9e de lecture estim\u00e9e\" \/>\n\t<meta name=\"twitter:data1\" content=\"2 minutes\" \/>\n<script type=\"application\/ld+json\" class=\"yoast-schema-graph\">{\"@context\":\"https:\/\/schema.org\",\"@graph\":[{\"@type\":\"WebPage\",\"@id\":\"https:\/\/cgh.com.pl\/fr\/actualites\/cgh-poland-leader-de-la-securite\",\"url\":\"https:\/\/cgh.com.pl\/fr\/actualites\/cgh-poland-leader-de-la-securite\",\"name\":\"CGH Poland - Leader de la s\u00e9curit\u00e9 - CGH Group Sp. z o.o.\",\"isPartOf\":{\"@id\":\"https:\/\/cgh.com.pl\/fr\/#website\"},\"primaryImageOfPage\":{\"@id\":\"https:\/\/cgh.com.pl\/fr\/actualites\/cgh-poland-leader-de-la-securite#primaryimage\"},\"image\":{\"@id\":\"https:\/\/cgh.com.pl\/fr\/actualites\/cgh-poland-leader-de-la-securite#primaryimage\"},\"thumbnailUrl\":\"https:\/\/cgh.com.pl\/fr\/wp-content\/uploads\/2022\/02\/Leader-of-Technical_Security.jpg\",\"datePublished\":\"2020-12-29T07:23:57+00:00\",\"dateModified\":\"2023-12-19T10:15:15+00:00\",\"breadcrumb\":{\"@id\":\"https:\/\/cgh.com.pl\/fr\/actualites\/cgh-poland-leader-de-la-securite#breadcrumb\"},\"inLanguage\":\"fr-FR\",\"potentialAction\":[{\"@type\":\"ReadAction\",\"target\":[\"https:\/\/cgh.com.pl\/fr\/actualites\/cgh-poland-leader-de-la-securite\"]}]},{\"@type\":\"ImageObject\",\"inLanguage\":\"fr-FR\",\"@id\":\"https:\/\/cgh.com.pl\/fr\/actualites\/cgh-poland-leader-de-la-securite#primaryimage\",\"url\":\"https:\/\/cgh.com.pl\/fr\/wp-content\/uploads\/2022\/02\/Leader-of-Technical_Security.jpg\",\"contentUrl\":\"https:\/\/cgh.com.pl\/fr\/wp-content\/uploads\/2022\/02\/Leader-of-Technical_Security.jpg\",\"width\":600,\"height\":400,\"caption\":\"Leader of Technical Security\"},{\"@type\":\"BreadcrumbList\",\"@id\":\"https:\/\/cgh.com.pl\/fr\/actualites\/cgh-poland-leader-de-la-securite#breadcrumb\",\"itemListElement\":[{\"@type\":\"ListItem\",\"position\":1,\"name\":\"Strona g\u0142\u00f3wna\",\"item\":\"https:\/\/cgh.com.pl\/fr\/\"},{\"@type\":\"ListItem\",\"position\":2,\"name\":\"Actualit\u00e9s\",\"item\":\"https:\/\/cgh.com.pl\/fr\/actualites\"},{\"@type\":\"ListItem\",\"position\":3,\"name\":\"CGH Poland &#8211; Leader de la s\u00e9curit\u00e9\"}]},{\"@type\":\"WebSite\",\"@id\":\"https:\/\/cgh.com.pl\/fr\/#website\",\"url\":\"https:\/\/cgh.com.pl\/fr\/\",\"name\":\"CGH Group Sp. z o.o.\",\"description\":\"\",\"publisher\":{\"@id\":\"https:\/\/cgh.com.pl\/fr\/#organization\"},\"potentialAction\":[{\"@type\":\"SearchAction\",\"target\":{\"@type\":\"EntryPoint\",\"urlTemplate\":\"https:\/\/cgh.com.pl\/fr\/?s={search_term_string}\"},\"query-input\":{\"@type\":\"PropertyValueSpecification\",\"valueRequired\":true,\"valueName\":\"search_term_string\"}}],\"inLanguage\":\"fr-FR\"},{\"@type\":\"Organization\",\"@id\":\"https:\/\/cgh.com.pl\/fr\/#organization\",\"name\":\"CGH Group Sp. z o.o.\",\"url\":\"https:\/\/cgh.com.pl\/fr\/\",\"logo\":{\"@type\":\"ImageObject\",\"inLanguage\":\"fr-FR\",\"@id\":\"https:\/\/cgh.com.pl\/fr\/#\/schema\/logo\/image\/\",\"url\":\"https:\/\/cgh.com.pl\/fr\/wp-content\/uploads\/2023\/05\/logoCGH.png\",\"contentUrl\":\"https:\/\/cgh.com.pl\/fr\/wp-content\/uploads\/2023\/05\/logoCGH.png\",\"width\":449,\"height\":162,\"caption\":\"CGH Group Sp. z o.o.\"},\"image\":{\"@id\":\"https:\/\/cgh.com.pl\/fr\/#\/schema\/logo\/image\/\"}}]}<\/script>\n<!-- \/ Yoast SEO plugin. -->","yoast_head_json":{"title":"CGH Poland - Leader de la s\u00e9curit\u00e9 - CGH Group Sp. z o.o.","robots":{"index":"index","follow":"follow","max-snippet":"max-snippet:-1","max-image-preview":"max-image-preview:large","max-video-preview":"max-video-preview:-1"},"canonical":"https:\/\/cgh.com.pl\/fr\/actualites\/cgh-poland-leader-de-la-securite","og_locale":"fr_FR","og_type":"article","og_title":"CGH Poland - Leader de la s\u00e9curit\u00e9 - CGH Group Sp. z o.o.","og_description":"09.2019 Nous avons le plaisir d&rsquo;annoncer que CGH Polska s&rsquo;est vu d\u00e9cerner le titre de leader de la s\u00e9curit\u00e9 technique de l&rsquo;UDT. L&rsquo;objectif principal du classement \u201eLeader de la s\u00e9curit\u00e9 technique\u00a0\u00bb est de promouvoir le fonctionnement s\u00fbr des \u00e9quipements techniques. L&rsquo;UDT souhaite honorer les entreprises et les institutions qui accordent une attention particuli\u00e8re \u00e0 la [&hellip;]?","og_url":"https:\/\/cgh.com.pl\/fr\/actualites\/cgh-poland-leader-de-la-securite","og_site_name":"CGH Group Sp. z o.o.","article_modified_time":"2023-12-19T10:15:15+00:00","og_image":[{"url":"https:\/\/cgh.com.pl\/fr\/wp-content\/uploads\/2022\/02\/Leader-of-Technical_Security.jpg","type":"","width":"","height":""}],"twitter_card":"summary_large_image","twitter_misc":{"Dur\u00e9e de lecture estim\u00e9e":"2 minutes"},"schema":{"@context":"https:\/\/schema.org","@graph":[{"@type":"WebPage","@id":"https:\/\/cgh.com.pl\/fr\/actualites\/cgh-poland-leader-de-la-securite","url":"https:\/\/cgh.com.pl\/fr\/actualites\/cgh-poland-leader-de-la-securite","name":"CGH Poland - Leader de la s\u00e9curit\u00e9 - CGH Group Sp. z o.o.","isPartOf":{"@id":"https:\/\/cgh.com.pl\/fr\/#website"},"primaryImageOfPage":{"@id":"https:\/\/cgh.com.pl\/fr\/actualites\/cgh-poland-leader-de-la-securite#primaryimage"},"image":{"@id":"https:\/\/cgh.com.pl\/fr\/actualites\/cgh-poland-leader-de-la-securite#primaryimage"},"thumbnailUrl":"https:\/\/cgh.com.pl\/fr\/wp-content\/uploads\/2022\/02\/Leader-of-Technical_Security.jpg","datePublished":"2020-12-29T07:23:57+00:00","dateModified":"2023-12-19T10:15:15+00:00","breadcrumb":{"@id":"https:\/\/cgh.com.pl\/fr\/actualites\/cgh-poland-leader-de-la-securite#breadcrumb"},"inLanguage":"fr-FR","potentialAction":[{"@type":"ReadAction","target":["https:\/\/cgh.com.pl\/fr\/actualites\/cgh-poland-leader-de-la-securite"]}]},{"@type":"ImageObject","inLanguage":"fr-FR","@id":"https:\/\/cgh.com.pl\/fr\/actualites\/cgh-poland-leader-de-la-securite#primaryimage","url":"https:\/\/cgh.com.pl\/fr\/wp-content\/uploads\/2022\/02\/Leader-of-Technical_Security.jpg","contentUrl":"https:\/\/cgh.com.pl\/fr\/wp-content\/uploads\/2022\/02\/Leader-of-Technical_Security.jpg","width":600,"height":400,"caption":"Leader of Technical Security"},{"@type":"BreadcrumbList","@id":"https:\/\/cgh.com.pl\/fr\/actualites\/cgh-poland-leader-de-la-securite#breadcrumb","itemListElement":[{"@type":"ListItem","position":1,"name":"Strona g\u0142\u00f3wna","item":"https:\/\/cgh.com.pl\/fr\/"},{"@type":"ListItem","position":2,"name":"Actualit\u00e9s","item":"https:\/\/cgh.com.pl\/fr\/actualites"},{"@type":"ListItem","position":3,"name":"CGH Poland &#8211; Leader de la s\u00e9curit\u00e9"}]},{"@type":"WebSite","@id":"https:\/\/cgh.com.pl\/fr\/#website","url":"https:\/\/cgh.com.pl\/fr\/","name":"CGH Group Sp. z o.o.","description":"","publisher":{"@id":"https:\/\/cgh.com.pl\/fr\/#organization"},"potentialAction":[{"@type":"SearchAction","target":{"@type":"EntryPoint","urlTemplate":"https:\/\/cgh.com.pl\/fr\/?s={search_term_string}"},"query-input":{"@type":"PropertyValueSpecification","valueRequired":true,"valueName":"search_term_string"}}],"inLanguage":"fr-FR"},{"@type":"Organization","@id":"https:\/\/cgh.com.pl\/fr\/#organization","name":"CGH Group Sp. z o.o.","url":"https:\/\/cgh.com.pl\/fr\/","logo":{"@type":"ImageObject","inLanguage":"fr-FR","@id":"https:\/\/cgh.com.pl\/fr\/#\/schema\/logo\/image\/","url":"https:\/\/cgh.com.pl\/fr\/wp-content\/uploads\/2023\/05\/logoCGH.png","contentUrl":"https:\/\/cgh.com.pl\/fr\/wp-content\/uploads\/2023\/05\/logoCGH.png","width":449,"height":162,"caption":"CGH Group Sp. z o.o."},"image":{"@id":"https:\/\/cgh.com.pl\/fr\/#\/schema\/logo\/image\/"}}]}},"_links":{"self":[{"href":"https:\/\/cgh.com.pl\/fr\/wp-json\/wp\/v2\/pages\/944","targetHints":{"allow":["GET"]}}],"collection":[{"href":"https:\/\/cgh.com.pl\/fr\/wp-json\/wp\/v2\/pages"}],"about":[{"href":"https:\/\/cgh.com.pl\/fr\/wp-json\/wp\/v2\/types\/page"}],"author":[{"embeddable":true,"href":"https:\/\/cgh.com.pl\/fr\/wp-json\/wp\/v2\/users\/1"}],"replies":[{"embeddable":true,"href":"https:\/\/cgh.com.pl\/fr\/wp-json\/wp\/v2\/comments?post=944"}],"version-history":[{"count":2,"href":"https:\/\/cgh.com.pl\/fr\/wp-json\/wp\/v2\/pages\/944\/revisions"}],"predecessor-version":[{"id":5047,"href":"https:\/\/cgh.com.pl\/fr\/wp-json\/wp\/v2\/pages\/944\/revisions\/5047"}],"up":[{"embeddable":true,"href":"https:\/\/cgh.com.pl\/fr\/wp-json\/wp\/v2\/pages\/329"}],"wp:attachment":[{"href":"https:\/\/cgh.com.pl\/fr\/wp-json\/wp\/v2\/media?parent=944"}],"curies":[{"name":"wp","href":"https:\/\/api.w.org\/{rel}","templated":true}]}}