{"id":947,"date":"2020-12-29T08:26:46","date_gmt":"2020-12-29T07:26:46","guid":{"rendered":"https:\/\/cgh.com.pl\/fr\/?page_id=947"},"modified":"2023-12-19T11:16:42","modified_gmt":"2023-12-19T10:16:42","slug":"reservoirs-de-stockage-pour-les-systemes-de-chauffage-bioenergetiques","status":"publish","type":"page","link":"https:\/\/cgh.com.pl\/fr\/actualites\/reservoirs-de-stockage-pour-les-systemes-de-chauffage-bioenergetiques","title":{"rendered":"R\u00e9servoirs de stockage pour les syst\u00e8mes de chauffage bio\u00e9nerg\u00e9tiques"},"content":{"rendered":"\n<p>09.2019<\/p>\n\n\n\n<p>CGH Nordic a vendu et livr\u00e9 2 r\u00e9servoirs sous pression verticaux d&rsquo;une capacit\u00e9 de 100 m\u00b3 pour le stockage d&rsquo;eau chaude (temp\u00e9rature de 110\u00b0C et pression de 3 bars). Les r\u00e9servoirs sont isol\u00e9s avec une isolation de 250 mm d&rsquo;\u00e9paisseur.<\/p>\n\n\n\n<p>Notre client est une entreprise qui fabrique et fournit des syst\u00e8mes de chauffage bio\u00e9nerg\u00e9tique \u00e0 usage industriel dans les pays nordiques.<\/p>\n\n\n\n<p>Ce projet particulier concernait une centrale de chauffage pour une entreprise foresti\u00e8re. Les sept serres chauff\u00e9es par cette centrale thermique sont utilis\u00e9es pour la culture de plantes destin\u00e9es \u00e0 la reconstitution des for\u00eats. La chaleur produite permet \u00e9galement de chauffer les bureaux et les ateliers.<\/p>\n\n\n\n<p>L&rsquo;usine \u00e9tant situ\u00e9e dans le nord de la Su\u00e8de, o\u00f9 les temp\u00e9ratures peuvent descendre jusqu&rsquo;\u00e0 -30\u00b0C en hiver, une installation de chauffage \u00e0 haut rendement \u00e9tait vraiment n\u00e9cessaire. Il s&rsquo;agit d&rsquo;une chaudi\u00e8re \u00e0 copeaux de bois de 3,2 MW et d&rsquo;un pr\u00e9cipitateur \u00e9lectrostatique (ESP).<\/p>\n\n\n\n<p>Nos r\u00e9servoirs sont un \u00e9l\u00e9ment important de cette installation.<\/p>\n\n\n\n<div class=\"photos large\">\n<div class=\"first-zoom-photo\">\n<p style=\"text-align: center; font-size: 10px; margin-bottom:0;\"><img decoding=\"async\" data-src=\"https:\/\/cgh.com.pl\/fr\/wp-content\/uploads\/2022\/02\/Tanks-for-bioenergy-heating-systems.jpg\" alt=\"Tanks for bioenergy heating systems\" src=\"data:image\/svg+xml;base64,PHN2ZyB3aWR0aD0iMSIgaGVpZ2h0PSIxIiB4bWxucz0iaHR0cDovL3d3dy53My5vcmcvMjAwMC9zdmciPjwvc3ZnPg==\" class=\"lazyload\" style=\"--smush-placeholder-width: 543px; --smush-placeholder-aspect-ratio: 543\/736;\"><\/p>\n\n<div><\/div>\n<\/div>\n<div>\n<p style=\"text-align: center; font-size: 10px; margin-bottom:0;\"><img decoding=\"async\" data-src=\"https:\/\/cgh.com.pl\/fr\/wp-content\/uploads\/2022\/02\/Tanks-for-bioenergy-heating-systems2.jpg\" alt=\"Tanks for bioenergy heating systems\" src=\"data:image\/svg+xml;base64,PHN2ZyB3aWR0aD0iMSIgaGVpZ2h0PSIxIiB4bWxucz0iaHR0cDovL3d3dy53My5vcmcvMjAwMC9zdmciPjwvc3ZnPg==\" class=\"lazyload\" style=\"--smush-placeholder-width: 543px; --smush-placeholder-aspect-ratio: 543\/736;\"><\/p>\n\n<div><\/div>\n<\/div>\n\n<div class=\"pair\">\n\n\n<div><\/div>\n<div><\/div>\n<\/div>\n<\/div>\n","protected":false},"excerpt":{"rendered":"<p>09.2019 CGH Nordic a vendu et livr\u00e9 2 r\u00e9servoirs sous pression verticaux d&rsquo;une capacit\u00e9 de 100 m\u00b3 pour le stockage d&rsquo;eau chaude (temp\u00e9rature de 110\u00b0C et pression de 3 bars). Les r\u00e9servoirs sont isol\u00e9s avec une isolation de 250 mm d&rsquo;\u00e9paisseur. Notre client est une entreprise qui fabrique et fournit des syst\u00e8mes de chauffage bio\u00e9nerg\u00e9tique [&hellip;]?<\/p>\n","protected":false},"author":1,"featured_media":0,"parent":329,"menu_order":0,"comment_status":"closed","ping_status":"closed","template":"page-products.php","meta":{"_acf_changed":false,"footnotes":""},"class_list":["post-947","page","type-page","status-publish","hentry"],"acf":[],"yoast_head":"<!-- This site is optimized with the Yoast SEO plugin v26.1.1 - https:\/\/yoast.com\/wordpress\/plugins\/seo\/ -->\n<title>R\u00e9servoirs de stockage pour les syst\u00e8mes de chauffage bio\u00e9nerg\u00e9tiques - CGH Group Sp. z o.o.<\/title>\n<meta name=\"robots\" content=\"index, follow, max-snippet:-1, max-image-preview:large, max-video-preview:-1\" \/>\n<link rel=\"canonical\" href=\"https:\/\/cgh.com.pl\/fr\/actualites\/reservoirs-de-stockage-pour-les-systemes-de-chauffage-bioenergetiques\" \/>\n<meta property=\"og:locale\" content=\"fr_FR\" \/>\n<meta property=\"og:type\" content=\"article\" \/>\n<meta property=\"og:title\" content=\"R\u00e9servoirs de stockage pour les syst\u00e8mes de chauffage bio\u00e9nerg\u00e9tiques - CGH Group Sp. z o.o.\" \/>\n<meta property=\"og:description\" content=\"09.2019 CGH Nordic a vendu et livr\u00e9 2 r\u00e9servoirs sous pression verticaux d&rsquo;une capacit\u00e9 de 100 m\u00b3 pour le stockage d&rsquo;eau chaude (temp\u00e9rature de 110\u00b0C et pression de 3 bars). Les r\u00e9servoirs sont isol\u00e9s avec une isolation de 250 mm d&rsquo;\u00e9paisseur. Notre client est une entreprise qui fabrique et fournit des syst\u00e8mes de chauffage bio\u00e9nerg\u00e9tique [&hellip;]?\" \/>\n<meta property=\"og:url\" content=\"https:\/\/cgh.com.pl\/fr\/actualites\/reservoirs-de-stockage-pour-les-systemes-de-chauffage-bioenergetiques\" \/>\n<meta property=\"og:site_name\" content=\"CGH Group Sp. z o.o.\" \/>\n<meta property=\"article:modified_time\" content=\"2023-12-19T10:16:42+00:00\" \/>\n<meta property=\"og:image\" content=\"https:\/\/cgh.com.pl\/fr\/wp-content\/uploads\/2022\/02\/Tanks-for-bioenergy-heating-systems.jpg\" \/>\n<meta name=\"twitter:card\" content=\"summary_large_image\" \/>\n<meta name=\"twitter:label1\" content=\"Dur\u00e9e de lecture estim\u00e9e\" \/>\n\t<meta name=\"twitter:data1\" content=\"2 minutes\" \/>\n<script type=\"application\/ld+json\" class=\"yoast-schema-graph\">{\"@context\":\"https:\/\/schema.org\",\"@graph\":[{\"@type\":\"WebPage\",\"@id\":\"https:\/\/cgh.com.pl\/fr\/actualites\/reservoirs-de-stockage-pour-les-systemes-de-chauffage-bioenergetiques\",\"url\":\"https:\/\/cgh.com.pl\/fr\/actualites\/reservoirs-de-stockage-pour-les-systemes-de-chauffage-bioenergetiques\",\"name\":\"R\u00e9servoirs de stockage pour les syst\u00e8mes de chauffage bio\u00e9nerg\u00e9tiques - CGH Group Sp. z o.o.\",\"isPartOf\":{\"@id\":\"https:\/\/cgh.com.pl\/fr\/#website\"},\"primaryImageOfPage\":{\"@id\":\"https:\/\/cgh.com.pl\/fr\/actualites\/reservoirs-de-stockage-pour-les-systemes-de-chauffage-bioenergetiques#primaryimage\"},\"image\":{\"@id\":\"https:\/\/cgh.com.pl\/fr\/actualites\/reservoirs-de-stockage-pour-les-systemes-de-chauffage-bioenergetiques#primaryimage\"},\"thumbnailUrl\":\"https:\/\/cgh.com.pl\/fr\/wp-content\/uploads\/2022\/02\/Tanks-for-bioenergy-heating-systems.jpg\",\"datePublished\":\"2020-12-29T07:26:46+00:00\",\"dateModified\":\"2023-12-19T10:16:42+00:00\",\"breadcrumb\":{\"@id\":\"https:\/\/cgh.com.pl\/fr\/actualites\/reservoirs-de-stockage-pour-les-systemes-de-chauffage-bioenergetiques#breadcrumb\"},\"inLanguage\":\"fr-FR\",\"potentialAction\":[{\"@type\":\"ReadAction\",\"target\":[\"https:\/\/cgh.com.pl\/fr\/actualites\/reservoirs-de-stockage-pour-les-systemes-de-chauffage-bioenergetiques\"]}]},{\"@type\":\"ImageObject\",\"inLanguage\":\"fr-FR\",\"@id\":\"https:\/\/cgh.com.pl\/fr\/actualites\/reservoirs-de-stockage-pour-les-systemes-de-chauffage-bioenergetiques#primaryimage\",\"url\":\"https:\/\/cgh.com.pl\/fr\/wp-content\/uploads\/2022\/02\/Tanks-for-bioenergy-heating-systems.jpg\",\"contentUrl\":\"https:\/\/cgh.com.pl\/fr\/wp-content\/uploads\/2022\/02\/Tanks-for-bioenergy-heating-systems.jpg\",\"width\":543,\"height\":736,\"caption\":\"Tanks for bioenergy heating systems\"},{\"@type\":\"BreadcrumbList\",\"@id\":\"https:\/\/cgh.com.pl\/fr\/actualites\/reservoirs-de-stockage-pour-les-systemes-de-chauffage-bioenergetiques#breadcrumb\",\"itemListElement\":[{\"@type\":\"ListItem\",\"position\":1,\"name\":\"Strona g\u0142\u00f3wna\",\"item\":\"https:\/\/cgh.com.pl\/fr\/\"},{\"@type\":\"ListItem\",\"position\":2,\"name\":\"Actualit\u00e9s\",\"item\":\"https:\/\/cgh.com.pl\/fr\/actualites\"},{\"@type\":\"ListItem\",\"position\":3,\"name\":\"R\u00e9servoirs de stockage pour les syst\u00e8mes de chauffage bio\u00e9nerg\u00e9tiques\"}]},{\"@type\":\"WebSite\",\"@id\":\"https:\/\/cgh.com.pl\/fr\/#website\",\"url\":\"https:\/\/cgh.com.pl\/fr\/\",\"name\":\"CGH Group Sp. z o.o.\",\"description\":\"\",\"publisher\":{\"@id\":\"https:\/\/cgh.com.pl\/fr\/#organization\"},\"potentialAction\":[{\"@type\":\"SearchAction\",\"target\":{\"@type\":\"EntryPoint\",\"urlTemplate\":\"https:\/\/cgh.com.pl\/fr\/?s={search_term_string}\"},\"query-input\":{\"@type\":\"PropertyValueSpecification\",\"valueRequired\":true,\"valueName\":\"search_term_string\"}}],\"inLanguage\":\"fr-FR\"},{\"@type\":\"Organization\",\"@id\":\"https:\/\/cgh.com.pl\/fr\/#organization\",\"name\":\"CGH Group Sp. z o.o.\",\"url\":\"https:\/\/cgh.com.pl\/fr\/\",\"logo\":{\"@type\":\"ImageObject\",\"inLanguage\":\"fr-FR\",\"@id\":\"https:\/\/cgh.com.pl\/fr\/#\/schema\/logo\/image\/\",\"url\":\"https:\/\/cgh.com.pl\/fr\/wp-content\/uploads\/2023\/05\/logoCGH.png\",\"contentUrl\":\"https:\/\/cgh.com.pl\/fr\/wp-content\/uploads\/2023\/05\/logoCGH.png\",\"width\":449,\"height\":162,\"caption\":\"CGH Group Sp. z o.o.\"},\"image\":{\"@id\":\"https:\/\/cgh.com.pl\/fr\/#\/schema\/logo\/image\/\"}}]}<\/script>\n<!-- \/ Yoast SEO plugin. -->","yoast_head_json":{"title":"R\u00e9servoirs de stockage pour les syst\u00e8mes de chauffage bio\u00e9nerg\u00e9tiques - CGH Group Sp. z o.o.","robots":{"index":"index","follow":"follow","max-snippet":"max-snippet:-1","max-image-preview":"max-image-preview:large","max-video-preview":"max-video-preview:-1"},"canonical":"https:\/\/cgh.com.pl\/fr\/actualites\/reservoirs-de-stockage-pour-les-systemes-de-chauffage-bioenergetiques","og_locale":"fr_FR","og_type":"article","og_title":"R\u00e9servoirs de stockage pour les syst\u00e8mes de chauffage bio\u00e9nerg\u00e9tiques - CGH Group Sp. z o.o.","og_description":"09.2019 CGH Nordic a vendu et livr\u00e9 2 r\u00e9servoirs sous pression verticaux d&rsquo;une capacit\u00e9 de 100 m\u00b3 pour le stockage d&rsquo;eau chaude (temp\u00e9rature de 110\u00b0C et pression de 3 bars). Les r\u00e9servoirs sont isol\u00e9s avec une isolation de 250 mm d&rsquo;\u00e9paisseur. Notre client est une entreprise qui fabrique et fournit des syst\u00e8mes de chauffage bio\u00e9nerg\u00e9tique [&hellip;]?","og_url":"https:\/\/cgh.com.pl\/fr\/actualites\/reservoirs-de-stockage-pour-les-systemes-de-chauffage-bioenergetiques","og_site_name":"CGH Group Sp. z o.o.","article_modified_time":"2023-12-19T10:16:42+00:00","og_image":[{"url":"https:\/\/cgh.com.pl\/fr\/wp-content\/uploads\/2022\/02\/Tanks-for-bioenergy-heating-systems.jpg","type":"","width":"","height":""}],"twitter_card":"summary_large_image","twitter_misc":{"Dur\u00e9e de lecture estim\u00e9e":"2 minutes"},"schema":{"@context":"https:\/\/schema.org","@graph":[{"@type":"WebPage","@id":"https:\/\/cgh.com.pl\/fr\/actualites\/reservoirs-de-stockage-pour-les-systemes-de-chauffage-bioenergetiques","url":"https:\/\/cgh.com.pl\/fr\/actualites\/reservoirs-de-stockage-pour-les-systemes-de-chauffage-bioenergetiques","name":"R\u00e9servoirs de stockage pour les syst\u00e8mes de chauffage bio\u00e9nerg\u00e9tiques - CGH Group Sp. z o.o.","isPartOf":{"@id":"https:\/\/cgh.com.pl\/fr\/#website"},"primaryImageOfPage":{"@id":"https:\/\/cgh.com.pl\/fr\/actualites\/reservoirs-de-stockage-pour-les-systemes-de-chauffage-bioenergetiques#primaryimage"},"image":{"@id":"https:\/\/cgh.com.pl\/fr\/actualites\/reservoirs-de-stockage-pour-les-systemes-de-chauffage-bioenergetiques#primaryimage"},"thumbnailUrl":"https:\/\/cgh.com.pl\/fr\/wp-content\/uploads\/2022\/02\/Tanks-for-bioenergy-heating-systems.jpg","datePublished":"2020-12-29T07:26:46+00:00","dateModified":"2023-12-19T10:16:42+00:00","breadcrumb":{"@id":"https:\/\/cgh.com.pl\/fr\/actualites\/reservoirs-de-stockage-pour-les-systemes-de-chauffage-bioenergetiques#breadcrumb"},"inLanguage":"fr-FR","potentialAction":[{"@type":"ReadAction","target":["https:\/\/cgh.com.pl\/fr\/actualites\/reservoirs-de-stockage-pour-les-systemes-de-chauffage-bioenergetiques"]}]},{"@type":"ImageObject","inLanguage":"fr-FR","@id":"https:\/\/cgh.com.pl\/fr\/actualites\/reservoirs-de-stockage-pour-les-systemes-de-chauffage-bioenergetiques#primaryimage","url":"https:\/\/cgh.com.pl\/fr\/wp-content\/uploads\/2022\/02\/Tanks-for-bioenergy-heating-systems.jpg","contentUrl":"https:\/\/cgh.com.pl\/fr\/wp-content\/uploads\/2022\/02\/Tanks-for-bioenergy-heating-systems.jpg","width":543,"height":736,"caption":"Tanks for bioenergy heating systems"},{"@type":"BreadcrumbList","@id":"https:\/\/cgh.com.pl\/fr\/actualites\/reservoirs-de-stockage-pour-les-systemes-de-chauffage-bioenergetiques#breadcrumb","itemListElement":[{"@type":"ListItem","position":1,"name":"Strona g\u0142\u00f3wna","item":"https:\/\/cgh.com.pl\/fr\/"},{"@type":"ListItem","position":2,"name":"Actualit\u00e9s","item":"https:\/\/cgh.com.pl\/fr\/actualites"},{"@type":"ListItem","position":3,"name":"R\u00e9servoirs de stockage pour les syst\u00e8mes de chauffage bio\u00e9nerg\u00e9tiques"}]},{"@type":"WebSite","@id":"https:\/\/cgh.com.pl\/fr\/#website","url":"https:\/\/cgh.com.pl\/fr\/","name":"CGH Group Sp. z o.o.","description":"","publisher":{"@id":"https:\/\/cgh.com.pl\/fr\/#organization"},"potentialAction":[{"@type":"SearchAction","target":{"@type":"EntryPoint","urlTemplate":"https:\/\/cgh.com.pl\/fr\/?s={search_term_string}"},"query-input":{"@type":"PropertyValueSpecification","valueRequired":true,"valueName":"search_term_string"}}],"inLanguage":"fr-FR"},{"@type":"Organization","@id":"https:\/\/cgh.com.pl\/fr\/#organization","name":"CGH Group Sp. z o.o.","url":"https:\/\/cgh.com.pl\/fr\/","logo":{"@type":"ImageObject","inLanguage":"fr-FR","@id":"https:\/\/cgh.com.pl\/fr\/#\/schema\/logo\/image\/","url":"https:\/\/cgh.com.pl\/fr\/wp-content\/uploads\/2023\/05\/logoCGH.png","contentUrl":"https:\/\/cgh.com.pl\/fr\/wp-content\/uploads\/2023\/05\/logoCGH.png","width":449,"height":162,"caption":"CGH Group Sp. z o.o."},"image":{"@id":"https:\/\/cgh.com.pl\/fr\/#\/schema\/logo\/image\/"}}]}},"_links":{"self":[{"href":"https:\/\/cgh.com.pl\/fr\/wp-json\/wp\/v2\/pages\/947","targetHints":{"allow":["GET"]}}],"collection":[{"href":"https:\/\/cgh.com.pl\/fr\/wp-json\/wp\/v2\/pages"}],"about":[{"href":"https:\/\/cgh.com.pl\/fr\/wp-json\/wp\/v2\/types\/page"}],"author":[{"embeddable":true,"href":"https:\/\/cgh.com.pl\/fr\/wp-json\/wp\/v2\/users\/1"}],"replies":[{"embeddable":true,"href":"https:\/\/cgh.com.pl\/fr\/wp-json\/wp\/v2\/comments?post=947"}],"version-history":[{"count":3,"href":"https:\/\/cgh.com.pl\/fr\/wp-json\/wp\/v2\/pages\/947\/revisions"}],"predecessor-version":[{"id":5049,"href":"https:\/\/cgh.com.pl\/fr\/wp-json\/wp\/v2\/pages\/947\/revisions\/5049"}],"up":[{"embeddable":true,"href":"https:\/\/cgh.com.pl\/fr\/wp-json\/wp\/v2\/pages\/329"}],"wp:attachment":[{"href":"https:\/\/cgh.com.pl\/fr\/wp-json\/wp\/v2\/media?parent=947"}],"curies":[{"name":"wp","href":"https:\/\/api.w.org\/{rel}","templated":true}]}}