{"id":950,"date":"2020-12-29T08:30:04","date_gmt":"2020-12-29T07:30:04","guid":{"rendered":"https:\/\/cgh.com.pl\/fr\/?page_id=950"},"modified":"2023-12-19T11:24:55","modified_gmt":"2023-12-19T10:24:55","slug":"le-groupe-cgh-se-concentre-sur-les-stations-hors-sol-pour-camions","status":"publish","type":"page","link":"https:\/\/cgh.com.pl\/fr\/actualites\/le-groupe-cgh-se-concentre-sur-les-stations-hors-sol-pour-camions","title":{"rendered":"Le groupe CGH se concentre sur les stations hors sol pour camions"},"content":{"rendered":"\n<p>04.2019<\/p>\n\n\n\n<p>L&rsquo;industrie du ravitaillement en carburant met de plus en plus l&rsquo;accent sur la flexibilit\u00e9 et la mobilit\u00e9. C&rsquo;est pourquoi CGH fournit de plus en plus de r\u00e9servoirs hors sol et de solutions cl\u00e9s en main pour les stations de ravitaillement en carburant pour camions.<\/p>\n\n\n\n<p>L&rsquo;avantage d&rsquo;une citerne hors sol est qu&rsquo;elle est plus facile \u00e0 d\u00e9placer vers un nouvel emplacement. C&rsquo;est pourquoi la plupart des r\u00e9servoirs que nous fournissons pour les stations-service sont des r\u00e9servoirs \u00ab\u00a0portables et pr\u00eats \u00e0 l&#8217;emploi\u00a0\u00bb, ce qui permet de les installer facilement, de les mettre en service et \u00e9ventuellement de les d\u00e9placer vers un autre endroit.<\/p>\n\n\n\n<p>Il est important de souligner que CGH offre \u00e0 ses clients un ensemble complet de solutions compl\u00e9mentaires: plateformes de dosage, toits de protection des unit\u00e9s de dosage, armoires de remplissage, armoires \u00e9lectriques, barri\u00e8res de s\u00e9curit\u00e9, unit\u00e9s Adblue avec chauffage, collecteurs de trop-plein, etc. Nous sommes toujours pr\u00eats \u00e0 d\u00e9velopper de nouvelles solutions en fonction de vos besoins.<\/p>\n\n\n\n<p>Nous sommes conscients qu&rsquo;il est essentiel pour nos clients de minimiser leurs co\u00fbts d&rsquo;investissement en r\u00e9duisant les temps d&rsquo;installation et de configuration et en limitant les temps d&rsquo;arr\u00eat \u00e0 un minimum absolu.<\/p>\n\n\n\n<p>Nous sommes fiers et heureux de voir nos solutions mises en \u0153uvre avec succ\u00e8s chez le client.<\/p>\n\n\n\n<div class=\"photos large\">\n<div class=\"first-zoom-photo\">\n<p style=\"text-align: center; font-size: 10px; margin-bottom:0;\"><img decoding=\"async\" data-src=\"https:\/\/cgh.com.pl\/fr\/wp-content\/uploads\/2022\/02\/CGH-Group-focused-on-aboveground-truck-stations.jpg\" alt=\"Le groupe CGH se concentre sur les stations hors sol pour camions\" src=\"data:image\/svg+xml;base64,PHN2ZyB3aWR0aD0iMSIgaGVpZ2h0PSIxIiB4bWxucz0iaHR0cDovL3d3dy53My5vcmcvMjAwMC9zdmciPjwvc3ZnPg==\" class=\"lazyload\" style=\"--smush-placeholder-width: 600px; --smush-placeholder-aspect-ratio: 600\/400;\"><\/p>\n\n<div><\/div>\n<\/div>\n<div>\n<p style=\"text-align: center; font-size: 10px; margin-bottom:0;\"><img decoding=\"async\" data-src=\"https:\/\/cgh.com.pl\/fr\/wp-content\/uploads\/2022\/02\/stacje-naziemne-przeznaczone-dla-samochodow-ciezarowych-2.jpg\" alt=\"Le groupe CGH se concentre sur les stations hors sol pour camions\" src=\"data:image\/svg+xml;base64,PHN2ZyB3aWR0aD0iMSIgaGVpZ2h0PSIxIiB4bWxucz0iaHR0cDovL3d3dy53My5vcmcvMjAwMC9zdmciPjwvc3ZnPg==\" class=\"lazyload\" style=\"--smush-placeholder-width: 600px; --smush-placeholder-aspect-ratio: 600\/400;\"><\/p>\n\n<div><\/div>\n<\/div>\n\n<div class=\"pair\">\n\n\n<div><\/div>\n<div><\/div>\n<\/div>\n<\/div>\n","protected":false},"excerpt":{"rendered":"<p>04.2019 L&rsquo;industrie du ravitaillement en carburant met de plus en plus l&rsquo;accent sur la flexibilit\u00e9 et la mobilit\u00e9. C&rsquo;est pourquoi CGH fournit de plus en plus de r\u00e9servoirs hors sol et de solutions cl\u00e9s en main pour les stations de ravitaillement en carburant pour camions. L&rsquo;avantage d&rsquo;une citerne hors sol est qu&rsquo;elle est plus facile [&hellip;]?<\/p>\n","protected":false},"author":1,"featured_media":0,"parent":329,"menu_order":0,"comment_status":"closed","ping_status":"closed","template":"page-products.php","meta":{"_acf_changed":false,"footnotes":""},"class_list":["post-950","page","type-page","status-publish","hentry"],"acf":[],"yoast_head":"<!-- This site is optimized with the Yoast SEO plugin v26.1.1 - https:\/\/yoast.com\/wordpress\/plugins\/seo\/ -->\n<title>Le groupe CGH se concentre sur les stations hors sol pour camions - CGH Group Sp. z o.o.<\/title>\n<meta name=\"robots\" content=\"index, follow, max-snippet:-1, max-image-preview:large, max-video-preview:-1\" \/>\n<link rel=\"canonical\" href=\"https:\/\/cgh.com.pl\/fr\/actualites\/le-groupe-cgh-se-concentre-sur-les-stations-hors-sol-pour-camions\" \/>\n<meta property=\"og:locale\" content=\"fr_FR\" \/>\n<meta property=\"og:type\" content=\"article\" \/>\n<meta property=\"og:title\" content=\"Le groupe CGH se concentre sur les stations hors sol pour camions - CGH Group Sp. z o.o.\" \/>\n<meta property=\"og:description\" content=\"04.2019 L&rsquo;industrie du ravitaillement en carburant met de plus en plus l&rsquo;accent sur la flexibilit\u00e9 et la mobilit\u00e9. C&rsquo;est pourquoi CGH fournit de plus en plus de r\u00e9servoirs hors sol et de solutions cl\u00e9s en main pour les stations de ravitaillement en carburant pour camions. L&rsquo;avantage d&rsquo;une citerne hors sol est qu&rsquo;elle est plus facile [&hellip;]?\" \/>\n<meta property=\"og:url\" content=\"https:\/\/cgh.com.pl\/fr\/actualites\/le-groupe-cgh-se-concentre-sur-les-stations-hors-sol-pour-camions\" \/>\n<meta property=\"og:site_name\" content=\"CGH Group Sp. z o.o.\" \/>\n<meta property=\"article:modified_time\" content=\"2023-12-19T10:24:55+00:00\" \/>\n<meta property=\"og:image\" content=\"https:\/\/cgh.com.pl\/fr\/wp-content\/uploads\/2022\/02\/CGH-Group-focused-on-aboveground-truck-stations.jpg\" \/>\n<meta name=\"twitter:card\" content=\"summary_large_image\" \/>\n<meta name=\"twitter:label1\" content=\"Dur\u00e9e de lecture estim\u00e9e\" \/>\n\t<meta name=\"twitter:data1\" content=\"2 minutes\" \/>\n<script type=\"application\/ld+json\" class=\"yoast-schema-graph\">{\"@context\":\"https:\/\/schema.org\",\"@graph\":[{\"@type\":\"WebPage\",\"@id\":\"https:\/\/cgh.com.pl\/fr\/actualites\/le-groupe-cgh-se-concentre-sur-les-stations-hors-sol-pour-camions\",\"url\":\"https:\/\/cgh.com.pl\/fr\/actualites\/le-groupe-cgh-se-concentre-sur-les-stations-hors-sol-pour-camions\",\"name\":\"Le groupe CGH se concentre sur les stations hors sol pour camions - CGH Group Sp. z o.o.\",\"isPartOf\":{\"@id\":\"https:\/\/cgh.com.pl\/fr\/#website\"},\"primaryImageOfPage\":{\"@id\":\"https:\/\/cgh.com.pl\/fr\/actualites\/le-groupe-cgh-se-concentre-sur-les-stations-hors-sol-pour-camions#primaryimage\"},\"image\":{\"@id\":\"https:\/\/cgh.com.pl\/fr\/actualites\/le-groupe-cgh-se-concentre-sur-les-stations-hors-sol-pour-camions#primaryimage\"},\"thumbnailUrl\":\"https:\/\/cgh.com.pl\/fr\/wp-content\/uploads\/2022\/02\/CGH-Group-focused-on-aboveground-truck-stations.jpg\",\"datePublished\":\"2020-12-29T07:30:04+00:00\",\"dateModified\":\"2023-12-19T10:24:55+00:00\",\"breadcrumb\":{\"@id\":\"https:\/\/cgh.com.pl\/fr\/actualites\/le-groupe-cgh-se-concentre-sur-les-stations-hors-sol-pour-camions#breadcrumb\"},\"inLanguage\":\"fr-FR\",\"potentialAction\":[{\"@type\":\"ReadAction\",\"target\":[\"https:\/\/cgh.com.pl\/fr\/actualites\/le-groupe-cgh-se-concentre-sur-les-stations-hors-sol-pour-camions\"]}]},{\"@type\":\"ImageObject\",\"inLanguage\":\"fr-FR\",\"@id\":\"https:\/\/cgh.com.pl\/fr\/actualites\/le-groupe-cgh-se-concentre-sur-les-stations-hors-sol-pour-camions#primaryimage\",\"url\":\"https:\/\/cgh.com.pl\/fr\/wp-content\/uploads\/2022\/02\/CGH-Group-focused-on-aboveground-truck-stations.jpg\",\"contentUrl\":\"https:\/\/cgh.com.pl\/fr\/wp-content\/uploads\/2022\/02\/CGH-Group-focused-on-aboveground-truck-stations.jpg\",\"width\":600,\"height\":400,\"caption\":\"CGH Group focused on aboveground truck stations\"},{\"@type\":\"BreadcrumbList\",\"@id\":\"https:\/\/cgh.com.pl\/fr\/actualites\/le-groupe-cgh-se-concentre-sur-les-stations-hors-sol-pour-camions#breadcrumb\",\"itemListElement\":[{\"@type\":\"ListItem\",\"position\":1,\"name\":\"Strona g\u0142\u00f3wna\",\"item\":\"https:\/\/cgh.com.pl\/fr\/\"},{\"@type\":\"ListItem\",\"position\":2,\"name\":\"Actualit\u00e9s\",\"item\":\"https:\/\/cgh.com.pl\/fr\/actualites\"},{\"@type\":\"ListItem\",\"position\":3,\"name\":\"Le groupe CGH se concentre sur les stations hors sol pour camions\"}]},{\"@type\":\"WebSite\",\"@id\":\"https:\/\/cgh.com.pl\/fr\/#website\",\"url\":\"https:\/\/cgh.com.pl\/fr\/\",\"name\":\"CGH Group Sp. z o.o.\",\"description\":\"\",\"publisher\":{\"@id\":\"https:\/\/cgh.com.pl\/fr\/#organization\"},\"potentialAction\":[{\"@type\":\"SearchAction\",\"target\":{\"@type\":\"EntryPoint\",\"urlTemplate\":\"https:\/\/cgh.com.pl\/fr\/?s={search_term_string}\"},\"query-input\":{\"@type\":\"PropertyValueSpecification\",\"valueRequired\":true,\"valueName\":\"search_term_string\"}}],\"inLanguage\":\"fr-FR\"},{\"@type\":\"Organization\",\"@id\":\"https:\/\/cgh.com.pl\/fr\/#organization\",\"name\":\"CGH Group Sp. z o.o.\",\"url\":\"https:\/\/cgh.com.pl\/fr\/\",\"logo\":{\"@type\":\"ImageObject\",\"inLanguage\":\"fr-FR\",\"@id\":\"https:\/\/cgh.com.pl\/fr\/#\/schema\/logo\/image\/\",\"url\":\"https:\/\/cgh.com.pl\/fr\/wp-content\/uploads\/2023\/05\/logoCGH.png\",\"contentUrl\":\"https:\/\/cgh.com.pl\/fr\/wp-content\/uploads\/2023\/05\/logoCGH.png\",\"width\":449,\"height\":162,\"caption\":\"CGH Group Sp. z o.o.\"},\"image\":{\"@id\":\"https:\/\/cgh.com.pl\/fr\/#\/schema\/logo\/image\/\"}}]}<\/script>\n<!-- \/ Yoast SEO plugin. -->","yoast_head_json":{"title":"Le groupe CGH se concentre sur les stations hors sol pour camions - CGH Group Sp. z o.o.","robots":{"index":"index","follow":"follow","max-snippet":"max-snippet:-1","max-image-preview":"max-image-preview:large","max-video-preview":"max-video-preview:-1"},"canonical":"https:\/\/cgh.com.pl\/fr\/actualites\/le-groupe-cgh-se-concentre-sur-les-stations-hors-sol-pour-camions","og_locale":"fr_FR","og_type":"article","og_title":"Le groupe CGH se concentre sur les stations hors sol pour camions - CGH Group Sp. z o.o.","og_description":"04.2019 L&rsquo;industrie du ravitaillement en carburant met de plus en plus l&rsquo;accent sur la flexibilit\u00e9 et la mobilit\u00e9. C&rsquo;est pourquoi CGH fournit de plus en plus de r\u00e9servoirs hors sol et de solutions cl\u00e9s en main pour les stations de ravitaillement en carburant pour camions. L&rsquo;avantage d&rsquo;une citerne hors sol est qu&rsquo;elle est plus facile [&hellip;]?","og_url":"https:\/\/cgh.com.pl\/fr\/actualites\/le-groupe-cgh-se-concentre-sur-les-stations-hors-sol-pour-camions","og_site_name":"CGH Group Sp. z o.o.","article_modified_time":"2023-12-19T10:24:55+00:00","og_image":[{"url":"https:\/\/cgh.com.pl\/fr\/wp-content\/uploads\/2022\/02\/CGH-Group-focused-on-aboveground-truck-stations.jpg","type":"","width":"","height":""}],"twitter_card":"summary_large_image","twitter_misc":{"Dur\u00e9e de lecture estim\u00e9e":"2 minutes"},"schema":{"@context":"https:\/\/schema.org","@graph":[{"@type":"WebPage","@id":"https:\/\/cgh.com.pl\/fr\/actualites\/le-groupe-cgh-se-concentre-sur-les-stations-hors-sol-pour-camions","url":"https:\/\/cgh.com.pl\/fr\/actualites\/le-groupe-cgh-se-concentre-sur-les-stations-hors-sol-pour-camions","name":"Le groupe CGH se concentre sur les stations hors sol pour camions - CGH Group Sp. z o.o.","isPartOf":{"@id":"https:\/\/cgh.com.pl\/fr\/#website"},"primaryImageOfPage":{"@id":"https:\/\/cgh.com.pl\/fr\/actualites\/le-groupe-cgh-se-concentre-sur-les-stations-hors-sol-pour-camions#primaryimage"},"image":{"@id":"https:\/\/cgh.com.pl\/fr\/actualites\/le-groupe-cgh-se-concentre-sur-les-stations-hors-sol-pour-camions#primaryimage"},"thumbnailUrl":"https:\/\/cgh.com.pl\/fr\/wp-content\/uploads\/2022\/02\/CGH-Group-focused-on-aboveground-truck-stations.jpg","datePublished":"2020-12-29T07:30:04+00:00","dateModified":"2023-12-19T10:24:55+00:00","breadcrumb":{"@id":"https:\/\/cgh.com.pl\/fr\/actualites\/le-groupe-cgh-se-concentre-sur-les-stations-hors-sol-pour-camions#breadcrumb"},"inLanguage":"fr-FR","potentialAction":[{"@type":"ReadAction","target":["https:\/\/cgh.com.pl\/fr\/actualites\/le-groupe-cgh-se-concentre-sur-les-stations-hors-sol-pour-camions"]}]},{"@type":"ImageObject","inLanguage":"fr-FR","@id":"https:\/\/cgh.com.pl\/fr\/actualites\/le-groupe-cgh-se-concentre-sur-les-stations-hors-sol-pour-camions#primaryimage","url":"https:\/\/cgh.com.pl\/fr\/wp-content\/uploads\/2022\/02\/CGH-Group-focused-on-aboveground-truck-stations.jpg","contentUrl":"https:\/\/cgh.com.pl\/fr\/wp-content\/uploads\/2022\/02\/CGH-Group-focused-on-aboveground-truck-stations.jpg","width":600,"height":400,"caption":"CGH Group focused on aboveground truck stations"},{"@type":"BreadcrumbList","@id":"https:\/\/cgh.com.pl\/fr\/actualites\/le-groupe-cgh-se-concentre-sur-les-stations-hors-sol-pour-camions#breadcrumb","itemListElement":[{"@type":"ListItem","position":1,"name":"Strona g\u0142\u00f3wna","item":"https:\/\/cgh.com.pl\/fr\/"},{"@type":"ListItem","position":2,"name":"Actualit\u00e9s","item":"https:\/\/cgh.com.pl\/fr\/actualites"},{"@type":"ListItem","position":3,"name":"Le groupe CGH se concentre sur les stations hors sol pour camions"}]},{"@type":"WebSite","@id":"https:\/\/cgh.com.pl\/fr\/#website","url":"https:\/\/cgh.com.pl\/fr\/","name":"CGH Group Sp. z o.o.","description":"","publisher":{"@id":"https:\/\/cgh.com.pl\/fr\/#organization"},"potentialAction":[{"@type":"SearchAction","target":{"@type":"EntryPoint","urlTemplate":"https:\/\/cgh.com.pl\/fr\/?s={search_term_string}"},"query-input":{"@type":"PropertyValueSpecification","valueRequired":true,"valueName":"search_term_string"}}],"inLanguage":"fr-FR"},{"@type":"Organization","@id":"https:\/\/cgh.com.pl\/fr\/#organization","name":"CGH Group Sp. z o.o.","url":"https:\/\/cgh.com.pl\/fr\/","logo":{"@type":"ImageObject","inLanguage":"fr-FR","@id":"https:\/\/cgh.com.pl\/fr\/#\/schema\/logo\/image\/","url":"https:\/\/cgh.com.pl\/fr\/wp-content\/uploads\/2023\/05\/logoCGH.png","contentUrl":"https:\/\/cgh.com.pl\/fr\/wp-content\/uploads\/2023\/05\/logoCGH.png","width":449,"height":162,"caption":"CGH Group Sp. z o.o."},"image":{"@id":"https:\/\/cgh.com.pl\/fr\/#\/schema\/logo\/image\/"}}]}},"_links":{"self":[{"href":"https:\/\/cgh.com.pl\/fr\/wp-json\/wp\/v2\/pages\/950","targetHints":{"allow":["GET"]}}],"collection":[{"href":"https:\/\/cgh.com.pl\/fr\/wp-json\/wp\/v2\/pages"}],"about":[{"href":"https:\/\/cgh.com.pl\/fr\/wp-json\/wp\/v2\/types\/page"}],"author":[{"embeddable":true,"href":"https:\/\/cgh.com.pl\/fr\/wp-json\/wp\/v2\/users\/1"}],"replies":[{"embeddable":true,"href":"https:\/\/cgh.com.pl\/fr\/wp-json\/wp\/v2\/comments?post=950"}],"version-history":[{"count":3,"href":"https:\/\/cgh.com.pl\/fr\/wp-json\/wp\/v2\/pages\/950\/revisions"}],"predecessor-version":[{"id":5053,"href":"https:\/\/cgh.com.pl\/fr\/wp-json\/wp\/v2\/pages\/950\/revisions\/5053"}],"up":[{"embeddable":true,"href":"https:\/\/cgh.com.pl\/fr\/wp-json\/wp\/v2\/pages\/329"}],"wp:attachment":[{"href":"https:\/\/cgh.com.pl\/fr\/wp-json\/wp\/v2\/media?parent=950"}],"curies":[{"name":"wp","href":"https:\/\/api.w.org\/{rel}","templated":true}]}}