{"id":953,"date":"2020-12-29T08:38:43","date_gmt":"2020-12-29T07:38:43","guid":{"rendered":"https:\/\/cgh.com.pl\/fr\/?page_id=953"},"modified":"2023-12-19T11:28:49","modified_gmt":"2023-12-19T10:28:49","slug":"reservoirs-pour-producteurs-dhuiles-lubrifiantes","status":"publish","type":"page","link":"https:\/\/cgh.com.pl\/fr\/actualites\/reservoirs-pour-producteurs-dhuiles-lubrifiantes","title":{"rendered":"R\u00e9servoirs pour producteurs d&rsquo;huiles lubrifiantes"},"content":{"rendered":"\n<p>04.2019<\/p>\n\n\n\n<p>CGH Nordic A\/S a livr\u00e9 le premier lot de r\u00e9servoirs (sur un total de 49 unit\u00e9s) \u00e0 une soci\u00e9t\u00e9 qui construit une nouvelle usine de m\u00e9lange d&rsquo;huiles lubrifiantes. Ces r\u00e9servoirs sont de conception verticale et de volume variable (de 15 m<sup>3<\/sup> \u00e0 60 m<sup>3<\/sup>). La livraison comprend \u00e9galement des structures m\u00e9talliques compl\u00e8tes avec mains courantes, \u00e9chelles, plates-formes et escaliers menant aux r\u00e9servoirs. La documentation compl\u00e8te &#8211; dessins des r\u00e9servoirs et des plates-formes &#8211; a \u00e9t\u00e9 pr\u00e9par\u00e9e en 3D.<\/p>\n\n\n\n<p>Notre client est un groupe mondial d&rsquo;origine allemande qui d\u00e9veloppe, fabrique et vend des lubrifiants et des produits connexes depuis plus de 85 ans. Avec 58 filiales et plus de 5 000 employ\u00e9s dans le monde, il est un fournisseur ind\u00e9pendant de lubrifiants de premier plan.<\/p>\n\n\n\n<p>L&rsquo;entreprise construit actuellement une nouvelle usine de m\u00e9lange ultramoderne. La production sera transf\u00e9r\u00e9e de l&rsquo;ancienne usine d\u00e8s que celle-ci sera pr\u00eate.<\/p>\n\n\n\n<p>La nouvelle usine sera encore plus efficace et plus avanc\u00e9e que l&rsquo;installation existante et produira des lubrifiants pour les march\u00e9s su\u00e9dois, norv\u00e9gien, danois et finlandais. Cette nouvelle installation comprendra le stockage des produits finis et des installations pour le contr\u00f4le de la qualit\u00e9 et la recherche et le d\u00e9veloppement.<\/p>\n\n\n\n<p>Nous sommes fiers d&rsquo;avoir \u00e9t\u00e9 s\u00e9lectionn\u00e9s comme fournisseur pour ce projet. Il est tr\u00e8s gratifiant de travailler avec un tel magnat des affaires.<\/p>\n\n\n\n<div class=\"photos large\">\n<div class=\"first-zoom-photo\">\n<p style=\"text-align: center; font-size: 10px; margin-bottom:0;\"><img decoding=\"async\" data-src=\"https:\/\/cgh.com.pl\/fr\/wp-content\/uploads\/2021\/06\/Series-of-tanks-for_producer_of_lubricant-oils.jpg\" alt=\"R\u00e9servoirs pour producteurs d'huiles lubrifiantes\" src=\"data:image\/svg+xml;base64,PHN2ZyB3aWR0aD0iMSIgaGVpZ2h0PSIxIiB4bWxucz0iaHR0cDovL3d3dy53My5vcmcvMjAwMC9zdmciPjwvc3ZnPg==\" class=\"lazyload\" style=\"--smush-placeholder-width: 600px; --smush-placeholder-aspect-ratio: 600\/400;\"><\/p>\n\n<div><\/div>\n<\/div>\n<div>\n\n\n<div><\/div>\n<\/div>\n\n<div class=\"pair\">\n\n\n<div><\/div>\n<div><\/div>\n<\/div>\n<\/div>\n","protected":false},"excerpt":{"rendered":"<p>04.2019 CGH Nordic A\/S a livr\u00e9 le premier lot de r\u00e9servoirs (sur un total de 49 unit\u00e9s) \u00e0 une soci\u00e9t\u00e9 qui construit une nouvelle usine de m\u00e9lange d&rsquo;huiles lubrifiantes. Ces r\u00e9servoirs sont de conception verticale et de volume variable (de 15 m3 \u00e0 60 m3). La livraison comprend \u00e9galement des structures m\u00e9talliques compl\u00e8tes avec mains [&hellip;]?<\/p>\n","protected":false},"author":1,"featured_media":0,"parent":329,"menu_order":0,"comment_status":"closed","ping_status":"closed","template":"page-products.php","meta":{"_acf_changed":false,"footnotes":""},"class_list":["post-953","page","type-page","status-publish","hentry"],"acf":[],"yoast_head":"<!-- This site is optimized with the Yoast SEO plugin v26.1.1 - https:\/\/yoast.com\/wordpress\/plugins\/seo\/ -->\n<title>R\u00e9servoirs pour producteurs d&#039;huiles lubrifiantes - CGH Group Sp. z o.o.<\/title>\n<meta name=\"robots\" content=\"index, follow, max-snippet:-1, max-image-preview:large, max-video-preview:-1\" \/>\n<link rel=\"canonical\" href=\"https:\/\/cgh.com.pl\/fr\/actualites\/reservoirs-pour-producteurs-dhuiles-lubrifiantes\" \/>\n<meta property=\"og:locale\" content=\"fr_FR\" \/>\n<meta property=\"og:type\" content=\"article\" \/>\n<meta property=\"og:title\" content=\"R\u00e9servoirs pour producteurs d&#039;huiles lubrifiantes - CGH Group Sp. z o.o.\" \/>\n<meta property=\"og:description\" content=\"04.2019 CGH Nordic A\/S a livr\u00e9 le premier lot de r\u00e9servoirs (sur un total de 49 unit\u00e9s) \u00e0 une soci\u00e9t\u00e9 qui construit une nouvelle usine de m\u00e9lange d&rsquo;huiles lubrifiantes. Ces r\u00e9servoirs sont de conception verticale et de volume variable (de 15 m3 \u00e0 60 m3). La livraison comprend \u00e9galement des structures m\u00e9talliques compl\u00e8tes avec mains [&hellip;]?\" \/>\n<meta property=\"og:url\" content=\"https:\/\/cgh.com.pl\/fr\/actualites\/reservoirs-pour-producteurs-dhuiles-lubrifiantes\" \/>\n<meta property=\"og:site_name\" content=\"CGH Group Sp. z o.o.\" \/>\n<meta property=\"article:modified_time\" content=\"2023-12-19T10:28:49+00:00\" \/>\n<meta property=\"og:image\" content=\"https:\/\/cgh.com.pl\/fr\/wp-content\/uploads\/2021\/06\/Series-of-tanks-for_producer_of_lubricant-oils.jpg\" \/>\n<meta name=\"twitter:card\" content=\"summary_large_image\" \/>\n<meta name=\"twitter:label1\" content=\"Dur\u00e9e de lecture estim\u00e9e\" \/>\n\t<meta name=\"twitter:data1\" content=\"2 minutes\" \/>\n<script type=\"application\/ld+json\" class=\"yoast-schema-graph\">{\"@context\":\"https:\/\/schema.org\",\"@graph\":[{\"@type\":\"WebPage\",\"@id\":\"https:\/\/cgh.com.pl\/fr\/actualites\/reservoirs-pour-producteurs-dhuiles-lubrifiantes\",\"url\":\"https:\/\/cgh.com.pl\/fr\/actualites\/reservoirs-pour-producteurs-dhuiles-lubrifiantes\",\"name\":\"R\u00e9servoirs pour producteurs d'huiles lubrifiantes - CGH Group Sp. z o.o.\",\"isPartOf\":{\"@id\":\"https:\/\/cgh.com.pl\/fr\/#website\"},\"primaryImageOfPage\":{\"@id\":\"https:\/\/cgh.com.pl\/fr\/actualites\/reservoirs-pour-producteurs-dhuiles-lubrifiantes#primaryimage\"},\"image\":{\"@id\":\"https:\/\/cgh.com.pl\/fr\/actualites\/reservoirs-pour-producteurs-dhuiles-lubrifiantes#primaryimage\"},\"thumbnailUrl\":\"https:\/\/cgh.com.pl\/fr\/wp-content\/uploads\/2021\/06\/Series-of-tanks-for_producer_of_lubricant-oils.jpg\",\"datePublished\":\"2020-12-29T07:38:43+00:00\",\"dateModified\":\"2023-12-19T10:28:49+00:00\",\"breadcrumb\":{\"@id\":\"https:\/\/cgh.com.pl\/fr\/actualites\/reservoirs-pour-producteurs-dhuiles-lubrifiantes#breadcrumb\"},\"inLanguage\":\"fr-FR\",\"potentialAction\":[{\"@type\":\"ReadAction\",\"target\":[\"https:\/\/cgh.com.pl\/fr\/actualites\/reservoirs-pour-producteurs-dhuiles-lubrifiantes\"]}]},{\"@type\":\"ImageObject\",\"inLanguage\":\"fr-FR\",\"@id\":\"https:\/\/cgh.com.pl\/fr\/actualites\/reservoirs-pour-producteurs-dhuiles-lubrifiantes#primaryimage\",\"url\":\"https:\/\/cgh.com.pl\/fr\/wp-content\/uploads\/2021\/06\/Series-of-tanks-for_producer_of_lubricant-oils.jpg\",\"contentUrl\":\"https:\/\/cgh.com.pl\/fr\/wp-content\/uploads\/2021\/06\/Series-of-tanks-for_producer_of_lubricant-oils.jpg\",\"width\":600,\"height\":400,\"caption\":\"Series of tanks for producer of lubricant oils\"},{\"@type\":\"BreadcrumbList\",\"@id\":\"https:\/\/cgh.com.pl\/fr\/actualites\/reservoirs-pour-producteurs-dhuiles-lubrifiantes#breadcrumb\",\"itemListElement\":[{\"@type\":\"ListItem\",\"position\":1,\"name\":\"Strona g\u0142\u00f3wna\",\"item\":\"https:\/\/cgh.com.pl\/fr\/\"},{\"@type\":\"ListItem\",\"position\":2,\"name\":\"Actualit\u00e9s\",\"item\":\"https:\/\/cgh.com.pl\/fr\/actualites\"},{\"@type\":\"ListItem\",\"position\":3,\"name\":\"R\u00e9servoirs pour producteurs d&#8217;huiles lubrifiantes\"}]},{\"@type\":\"WebSite\",\"@id\":\"https:\/\/cgh.com.pl\/fr\/#website\",\"url\":\"https:\/\/cgh.com.pl\/fr\/\",\"name\":\"CGH Group Sp. z o.o.\",\"description\":\"\",\"publisher\":{\"@id\":\"https:\/\/cgh.com.pl\/fr\/#organization\"},\"potentialAction\":[{\"@type\":\"SearchAction\",\"target\":{\"@type\":\"EntryPoint\",\"urlTemplate\":\"https:\/\/cgh.com.pl\/fr\/?s={search_term_string}\"},\"query-input\":{\"@type\":\"PropertyValueSpecification\",\"valueRequired\":true,\"valueName\":\"search_term_string\"}}],\"inLanguage\":\"fr-FR\"},{\"@type\":\"Organization\",\"@id\":\"https:\/\/cgh.com.pl\/fr\/#organization\",\"name\":\"CGH Group Sp. z o.o.\",\"url\":\"https:\/\/cgh.com.pl\/fr\/\",\"logo\":{\"@type\":\"ImageObject\",\"inLanguage\":\"fr-FR\",\"@id\":\"https:\/\/cgh.com.pl\/fr\/#\/schema\/logo\/image\/\",\"url\":\"https:\/\/cgh.com.pl\/fr\/wp-content\/uploads\/2023\/05\/logoCGH.png\",\"contentUrl\":\"https:\/\/cgh.com.pl\/fr\/wp-content\/uploads\/2023\/05\/logoCGH.png\",\"width\":449,\"height\":162,\"caption\":\"CGH Group Sp. z o.o.\"},\"image\":{\"@id\":\"https:\/\/cgh.com.pl\/fr\/#\/schema\/logo\/image\/\"}}]}<\/script>\n<!-- \/ Yoast SEO plugin. -->","yoast_head_json":{"title":"R\u00e9servoirs pour producteurs d'huiles lubrifiantes - CGH Group Sp. z o.o.","robots":{"index":"index","follow":"follow","max-snippet":"max-snippet:-1","max-image-preview":"max-image-preview:large","max-video-preview":"max-video-preview:-1"},"canonical":"https:\/\/cgh.com.pl\/fr\/actualites\/reservoirs-pour-producteurs-dhuiles-lubrifiantes","og_locale":"fr_FR","og_type":"article","og_title":"R\u00e9servoirs pour producteurs d'huiles lubrifiantes - CGH Group Sp. z o.o.","og_description":"04.2019 CGH Nordic A\/S a livr\u00e9 le premier lot de r\u00e9servoirs (sur un total de 49 unit\u00e9s) \u00e0 une soci\u00e9t\u00e9 qui construit une nouvelle usine de m\u00e9lange d&rsquo;huiles lubrifiantes. Ces r\u00e9servoirs sont de conception verticale et de volume variable (de 15 m3 \u00e0 60 m3). La livraison comprend \u00e9galement des structures m\u00e9talliques compl\u00e8tes avec mains [&hellip;]?","og_url":"https:\/\/cgh.com.pl\/fr\/actualites\/reservoirs-pour-producteurs-dhuiles-lubrifiantes","og_site_name":"CGH Group Sp. z o.o.","article_modified_time":"2023-12-19T10:28:49+00:00","og_image":[{"url":"https:\/\/cgh.com.pl\/fr\/wp-content\/uploads\/2021\/06\/Series-of-tanks-for_producer_of_lubricant-oils.jpg","type":"","width":"","height":""}],"twitter_card":"summary_large_image","twitter_misc":{"Dur\u00e9e de lecture estim\u00e9e":"2 minutes"},"schema":{"@context":"https:\/\/schema.org","@graph":[{"@type":"WebPage","@id":"https:\/\/cgh.com.pl\/fr\/actualites\/reservoirs-pour-producteurs-dhuiles-lubrifiantes","url":"https:\/\/cgh.com.pl\/fr\/actualites\/reservoirs-pour-producteurs-dhuiles-lubrifiantes","name":"R\u00e9servoirs pour producteurs d'huiles lubrifiantes - CGH Group Sp. z o.o.","isPartOf":{"@id":"https:\/\/cgh.com.pl\/fr\/#website"},"primaryImageOfPage":{"@id":"https:\/\/cgh.com.pl\/fr\/actualites\/reservoirs-pour-producteurs-dhuiles-lubrifiantes#primaryimage"},"image":{"@id":"https:\/\/cgh.com.pl\/fr\/actualites\/reservoirs-pour-producteurs-dhuiles-lubrifiantes#primaryimage"},"thumbnailUrl":"https:\/\/cgh.com.pl\/fr\/wp-content\/uploads\/2021\/06\/Series-of-tanks-for_producer_of_lubricant-oils.jpg","datePublished":"2020-12-29T07:38:43+00:00","dateModified":"2023-12-19T10:28:49+00:00","breadcrumb":{"@id":"https:\/\/cgh.com.pl\/fr\/actualites\/reservoirs-pour-producteurs-dhuiles-lubrifiantes#breadcrumb"},"inLanguage":"fr-FR","potentialAction":[{"@type":"ReadAction","target":["https:\/\/cgh.com.pl\/fr\/actualites\/reservoirs-pour-producteurs-dhuiles-lubrifiantes"]}]},{"@type":"ImageObject","inLanguage":"fr-FR","@id":"https:\/\/cgh.com.pl\/fr\/actualites\/reservoirs-pour-producteurs-dhuiles-lubrifiantes#primaryimage","url":"https:\/\/cgh.com.pl\/fr\/wp-content\/uploads\/2021\/06\/Series-of-tanks-for_producer_of_lubricant-oils.jpg","contentUrl":"https:\/\/cgh.com.pl\/fr\/wp-content\/uploads\/2021\/06\/Series-of-tanks-for_producer_of_lubricant-oils.jpg","width":600,"height":400,"caption":"Series of tanks for producer of lubricant oils"},{"@type":"BreadcrumbList","@id":"https:\/\/cgh.com.pl\/fr\/actualites\/reservoirs-pour-producteurs-dhuiles-lubrifiantes#breadcrumb","itemListElement":[{"@type":"ListItem","position":1,"name":"Strona g\u0142\u00f3wna","item":"https:\/\/cgh.com.pl\/fr\/"},{"@type":"ListItem","position":2,"name":"Actualit\u00e9s","item":"https:\/\/cgh.com.pl\/fr\/actualites"},{"@type":"ListItem","position":3,"name":"R\u00e9servoirs pour producteurs d&#8217;huiles lubrifiantes"}]},{"@type":"WebSite","@id":"https:\/\/cgh.com.pl\/fr\/#website","url":"https:\/\/cgh.com.pl\/fr\/","name":"CGH Group Sp. z o.o.","description":"","publisher":{"@id":"https:\/\/cgh.com.pl\/fr\/#organization"},"potentialAction":[{"@type":"SearchAction","target":{"@type":"EntryPoint","urlTemplate":"https:\/\/cgh.com.pl\/fr\/?s={search_term_string}"},"query-input":{"@type":"PropertyValueSpecification","valueRequired":true,"valueName":"search_term_string"}}],"inLanguage":"fr-FR"},{"@type":"Organization","@id":"https:\/\/cgh.com.pl\/fr\/#organization","name":"CGH Group Sp. z o.o.","url":"https:\/\/cgh.com.pl\/fr\/","logo":{"@type":"ImageObject","inLanguage":"fr-FR","@id":"https:\/\/cgh.com.pl\/fr\/#\/schema\/logo\/image\/","url":"https:\/\/cgh.com.pl\/fr\/wp-content\/uploads\/2023\/05\/logoCGH.png","contentUrl":"https:\/\/cgh.com.pl\/fr\/wp-content\/uploads\/2023\/05\/logoCGH.png","width":449,"height":162,"caption":"CGH Group Sp. z o.o."},"image":{"@id":"https:\/\/cgh.com.pl\/fr\/#\/schema\/logo\/image\/"}}]}},"_links":{"self":[{"href":"https:\/\/cgh.com.pl\/fr\/wp-json\/wp\/v2\/pages\/953","targetHints":{"allow":["GET"]}}],"collection":[{"href":"https:\/\/cgh.com.pl\/fr\/wp-json\/wp\/v2\/pages"}],"about":[{"href":"https:\/\/cgh.com.pl\/fr\/wp-json\/wp\/v2\/types\/page"}],"author":[{"embeddable":true,"href":"https:\/\/cgh.com.pl\/fr\/wp-json\/wp\/v2\/users\/1"}],"replies":[{"embeddable":true,"href":"https:\/\/cgh.com.pl\/fr\/wp-json\/wp\/v2\/comments?post=953"}],"version-history":[{"count":3,"href":"https:\/\/cgh.com.pl\/fr\/wp-json\/wp\/v2\/pages\/953\/revisions"}],"predecessor-version":[{"id":5054,"href":"https:\/\/cgh.com.pl\/fr\/wp-json\/wp\/v2\/pages\/953\/revisions\/5054"}],"up":[{"embeddable":true,"href":"https:\/\/cgh.com.pl\/fr\/wp-json\/wp\/v2\/pages\/329"}],"wp:attachment":[{"href":"https:\/\/cgh.com.pl\/fr\/wp-json\/wp\/v2\/media?parent=953"}],"curies":[{"name":"wp","href":"https:\/\/api.w.org\/{rel}","templated":true}]}}